{"id":1148,"date":"2025-09-26T14:57:37","date_gmt":"2025-09-26T12:57:37","guid":{"rendered":"https:\/\/iml.solutions\/ueber-uns\/"},"modified":"2026-02-27T11:29:05","modified_gmt":"2026-02-27T10:29:05","slug":"ueber-uns","status":"publish","type":"page","link":"https:\/\/iml.solutions\/de\/ueber-uns\/","title":{"rendered":"\u00dcber uns"},"content":{"rendered":"\t\t<div data-elementor-type=\"wp-page\" data-elementor-id=\"1148\" class=\"elementor elementor-1148 elementor-236\" data-elementor-post-type=\"page\">\n\t\t\t\t<div class=\"elementor-element elementor-element-cf4acd3 e-con-full e-flex e-con e-parent\" data-id=\"cf4acd3\" data-element_type=\"container\" data-e-type=\"container\">\n\t\t\t\t<div class=\"elementor-element elementor-element-eb5747a elementor--h-position-center elementor--v-position-middle elementor-arrows-position-inside elementor-pagination-position-inside elementor-widget elementor-widget-slides\" data-id=\"eb5747a\" data-element_type=\"widget\" data-e-type=\"widget\" data-settings=\"{&quot;navigation&quot;:&quot;both&quot;,&quot;autoplay&quot;:&quot;yes&quot;,&quot;pause_on_hover&quot;:&quot;yes&quot;,&quot;pause_on_interaction&quot;:&quot;yes&quot;,&quot;autoplay_speed&quot;:5000,&quot;infinite&quot;:&quot;yes&quot;,&quot;transition&quot;:&quot;slide&quot;,&quot;transition_speed&quot;:500}\" data-widget_type=\"slides.default\">\n\t\t\t\t\t\t\t\t\t\t<div class=\"elementor-slides-wrapper elementor-main-swiper swiper\" role=\"region\" aria-roledescription=\"carousel\" aria-label=\"Slides\" dir=\"ltr\" data-animation=\"fadeInUp\">\n\t\t\t\t<div class=\"swiper-wrapper elementor-slides\">\n\t\t\t\t\t\t\t\t\t\t<div class=\"elementor-repeater-item-96a874e swiper-slide\" role=\"group\" aria-roledescription=\"slide\"><div class=\"swiper-slide-bg elementor-ken-burns elementor-ken-burns--out\" role=\"img\" aria-label=\"\u00dcber uns\"><\/div><div class=\"swiper-slide-inner\" ><div class=\"swiper-slide-contents\"><\/div><\/div><\/div>\t\t\t\t<\/div>\n\t\t\t\t\t\t\t<\/div>\n\t\t\t\t\t\t\t\t<\/div>\n\t\t\t\t<\/div>\n\t\t<div class=\"elementor-element elementor-element-45db7d3 e-flex e-con-boxed e-con e-parent\" data-id=\"45db7d3\" data-element_type=\"container\" data-e-type=\"container\">\n\t\t\t\t\t<div class=\"e-con-inner\">\n\t\t\t\t<div class=\"elementor-element elementor-element-bcea4b2 elementor-widget elementor-widget-heading\" data-id=\"bcea4b2\" data-element_type=\"widget\" data-e-type=\"widget\" data-widget_type=\"heading.default\">\n\t\t\t\t\t<h2 class=\"elementor-heading-title elementor-size-default\">Unsere Leidenschaft ist Ihre Sicherheit<\/h2>\t\t\t\t<\/div>\n\t\t\t\t<div class=\"elementor-element elementor-element-b3b1927 elementor-widget elementor-widget-spacer\" data-id=\"b3b1927\" data-element_type=\"widget\" data-e-type=\"widget\" data-widget_type=\"spacer.default\">\n\t\t\t\t\t\t\t<div class=\"elementor-spacer\">\n\t\t\t<div class=\"elementor-spacer-inner\"><\/div>\n\t\t<\/div>\n\t\t\t\t\t\t<\/div>\n\t\t\t\t<div class=\"elementor-element elementor-element-67a2313 elementor-widget elementor-widget-text-editor\" data-id=\"67a2313\" data-element_type=\"widget\" data-e-type=\"widget\" data-widget_type=\"text-editor.default\">\n\t\t\t\t\t\t\t\t\t<p class=\"p1\"><span style=\"font-weight: 400;\">Bei IML net d.o.o. dreht sich alles um Sicherheit \u2013 Ihre Sicherheit. Wir entwickeln strapazierf\u00e4hige In-Mould-Etiketten (IML) von h\u00f6chster Qualit\u00e4t f\u00fcr anspruchsvolle Anwendungen.<\/span><\/p><p class=\"p1\"><span style=\"font-weight: 400;\"> Dank der IML-Technologie wird das Etikett direkt in die Kunststoffverpackung integriert \u2013 f\u00fcr maximale Langlebigkeit.<\/span><\/p>\t\t\t\t\t\t\t\t<\/div>\n\t\t\t\t\t<\/div>\n\t\t\t\t<\/div>\n\t\t<div class=\"elementor-element elementor-element-df63dc3 e-flex e-con-boxed e-con e-parent\" data-id=\"df63dc3\" data-element_type=\"container\" data-e-type=\"container\" data-settings=\"{&quot;background_background&quot;:&quot;classic&quot;}\">\n\t\t\t\t\t<div class=\"e-con-inner\">\n\t\t<div class=\"elementor-element elementor-element-605d2a8 e-con-full e-flex e-con e-child\" data-id=\"605d2a8\" data-element_type=\"container\" data-e-type=\"container\">\n\t\t\t\t<div class=\"elementor-element elementor-element-72da559 elementor-invisible elementor-widget elementor-widget-heading\" data-id=\"72da559\" data-element_type=\"widget\" data-e-type=\"widget\" data-settings=\"{&quot;_animation&quot;:&quot;fadeIn&quot;}\" data-widget_type=\"heading.default\">\n\t\t\t\t\t<h3 class=\"elementor-heading-title elementor-size-default\">Innovation und Widerstandskraft<\/h3>\t\t\t\t<\/div>\n\t\t\t\t<div class=\"elementor-element elementor-element-e69f19c elementor-widget-divider--view-line elementor-widget elementor-widget-divider\" data-id=\"e69f19c\" data-element_type=\"widget\" data-e-type=\"widget\" data-widget_type=\"divider.default\">\n\t\t\t\t\t\t\t<div class=\"elementor-divider\">\n\t\t\t<span class=\"elementor-divider-separator\">\n\t\t\t\t\t\t<\/span>\n\t\t<\/div>\n\t\t\t\t\t\t<\/div>\n\t\t\t\t<\/div>\n\t\t<div class=\"elementor-element elementor-element-d9e922c e-con-full e-flex e-con e-child\" data-id=\"d9e922c\" data-element_type=\"container\" data-e-type=\"container\">\n\t\t\t\t<div class=\"elementor-element elementor-element-6d40555 elementor-widget elementor-widget-text-editor\" data-id=\"6d40555\" data-element_type=\"widget\" data-e-type=\"widget\" data-widget_type=\"text-editor.default\">\n\t\t\t\t\t\t\t\t\t<p><span style=\"font-weight: 400;\">Wir haben mehrere Produktlinien mit unterschiedlichen Haltbarkeitsgraden entwickelt. Materialien, Farben und Klebstoffe w\u00e4hlen wir gezielt aus, um h\u00f6chste Standards zu erf\u00fcllen. Unsere Etiketten sind best\u00e4ndig gegen raue Handhabung, mechanische Besch\u00e4digung und langfristige Umwelteinfl\u00fcsse. Sie halten m\u00fchelos Sp\u00fclg\u00e4nge, extreme Temperaturen, S\u00e4uren, Laugen und Kratzer aus. Daher sind sie ideal f\u00fcr Verpackungen von Lebensmitteln (wie Milchprodukte oder Salate), Kosmetik und chemischen Produkten. Sie eignen sich auch hervorragend f\u00fcr verschiedene Kunststoffartikel, die eine dauerhafte und ansprechende L\u00f6sung erfordern \u2013 etwa Trinkbecher oder dekorative Objekte.<\/span><\/p>\t\t\t\t\t\t\t\t<\/div>\n\t\t\t\t<\/div>\n\t\t\t\t\t<\/div>\n\t\t\t\t<\/div>\n\t\t<div class=\"elementor-element elementor-element-1a6d767 e-con-full e-flex e-con e-parent\" data-id=\"1a6d767\" data-element_type=\"container\" data-e-type=\"container\">\n\t\t\t\t<div class=\"elementor-element elementor-element-9f7fe21 elementor-widget elementor-widget-image\" data-id=\"9f7fe21\" data-element_type=\"widget\" data-e-type=\"widget\" data-widget_type=\"image.default\">\n\t\t\t\t\t\t\t\t\t\t\t\t\t\t\t<img fetchpriority=\"high\" decoding=\"async\" width=\"2560\" height=\"395\" src=\"https:\/\/iml.solutions\/wp-content\/uploads\/2025\/09\/DSC_2298-products-scaled.jpg\" class=\"attachment-full size-full wp-image-1146\" alt=\"Products\" srcset=\"https:\/\/iml.solutions\/wp-content\/uploads\/2025\/09\/DSC_2298-products-scaled.jpg 2560w, https:\/\/iml.solutions\/wp-content\/uploads\/2025\/09\/DSC_2298-products-300x46.jpg 300w, https:\/\/iml.solutions\/wp-content\/uploads\/2025\/09\/DSC_2298-products-1024x158.jpg 1024w, https:\/\/iml.solutions\/wp-content\/uploads\/2025\/09\/DSC_2298-products-768x119.jpg 768w, https:\/\/iml.solutions\/wp-content\/uploads\/2025\/09\/DSC_2298-products-1536x237.jpg 1536w, https:\/\/iml.solutions\/wp-content\/uploads\/2025\/09\/DSC_2298-products-2048x316.jpg 2048w\" sizes=\"(max-width: 2560px) 100vw, 2560px\" \/>\t\t\t\t\t\t\t\t\t\t\t\t\t\t\t<\/div>\n\t\t\t\t<\/div>\n\t\t<div class=\"elementor-element elementor-element-1072bfb e-flex e-con-boxed e-con e-parent\" data-id=\"1072bfb\" data-element_type=\"container\" data-e-type=\"container\" data-settings=\"{&quot;background_background&quot;:&quot;classic&quot;}\">\n\t\t\t\t\t<div class=\"e-con-inner\">\n\t\t<div class=\"elementor-element elementor-element-cb633d5 e-con-full e-flex e-con e-child\" data-id=\"cb633d5\" data-element_type=\"container\" data-e-type=\"container\">\n\t\t\t\t<div class=\"elementor-element elementor-element-e9bf5e6 elementor-invisible elementor-widget elementor-widget-heading\" data-id=\"e9bf5e6\" data-element_type=\"widget\" data-e-type=\"widget\" data-settings=\"{&quot;_animation&quot;:&quot;fadeIn&quot;}\" data-widget_type=\"heading.default\">\n\t\t\t\t\t<h3 class=\"elementor-heading-title elementor-size-default\">Verpflichtung zu Qualit\u00e4t und Partnerschaft<\/h3>\t\t\t\t<\/div>\n\t\t\t\t<div class=\"elementor-element elementor-element-f23149a elementor-widget-divider--view-line elementor-widget elementor-widget-divider\" data-id=\"f23149a\" data-element_type=\"widget\" data-e-type=\"widget\" data-widget_type=\"divider.default\">\n\t\t\t\t\t\t\t<div class=\"elementor-divider\">\n\t\t\t<span class=\"elementor-divider-separator\">\n\t\t\t\t\t\t<\/span>\n\t\t<\/div>\n\t\t\t\t\t\t<\/div>\n\t\t\t\t<\/div>\n\t\t<div class=\"elementor-element elementor-element-0422f63 e-con-full e-flex e-con e-child\" data-id=\"0422f63\" data-element_type=\"container\" data-e-type=\"container\">\n\t\t\t\t<div class=\"elementor-element elementor-element-f5c4e80 elementor-widget elementor-widget-text-editor\" data-id=\"f5c4e80\" data-element_type=\"widget\" data-e-type=\"widget\" data-widget_type=\"text-editor.default\">\n\t\t\t\t\t\t\t\t\t<p>Unser Fokus auf technologisch anspruchsvolle IML-Etiketten macht uns einzigartig. Was andere als Zusatzprodukt betrachten, ist bei uns das Zentrum unseres Gesch\u00e4fts. Deshalb bieten wir nicht nur ein Produkt, sondern ein verl\u00e4ssliches, partnerschaftliches Verh\u00e4ltnis \u2013 mit ma\u00dfgeschneiderten Etikettenl\u00f6sungen, die h\u00f6chste Pr\u00e4zision und Zuverl\u00e4ssigkeit garantieren.<\/p><p>Bei IML net sind wir stolz auf das, was wir tun. Unser Expertenteam treibt eine Technologie voran, die unseren Kunden \u2013 Herstellern in ganz Europa und dar\u00fcber hinaus \u2013 L\u00f6sungen \u00fcber dem Branchendurchschnitt bietet.<\/p>\t\t\t\t\t\t\t\t<\/div>\n\t\t\t\t<\/div>\n\t\t\t\t\t<\/div>\n\t\t\t\t<\/div>\n\t\t<div class=\"elementor-element elementor-element-ffb6a26 e-con-full e-flex e-con e-parent\" data-id=\"ffb6a26\" data-element_type=\"container\" data-e-type=\"container\">\n\t\t<div class=\"elementor-element elementor-element-e29bc3b e-con-full e-flex e-con e-child\" data-id=\"e29bc3b\" data-element_type=\"container\" data-e-type=\"container\">\n\t\t\t\t<\/div>\n\t\t<div class=\"elementor-element elementor-element-4687abad e-con-full e-flex e-con e-child\" data-id=\"4687abad\" data-element_type=\"container\" data-e-type=\"container\">\n\t\t\t\t<div class=\"elementor-element elementor-element-38166031 elementor-widget elementor-widget-text-editor\" data-id=\"38166031\" data-element_type=\"widget\" data-e-type=\"widget\" data-widget_type=\"text-editor.default\">\n\t\t\t\t\t\t\t\t\t<p>Wir stehen f\u00fcr h\u00f6chste Qualit\u00e4t, Produktsicherheit und Umweltschutz. Dies belegen wir durch unsere Zertifizierungen nach internationalen Standards wie ISO 9001:2015, ISO 14001:2015 und HACCP. Unsere Produktion ist konform mit den europ\u00e4ischen REACH- und CLP-Verordnungen und wir befolgen freiwillig die EuPIA Exclusion Policy \u2013 als Zeichen unseres Engagements f\u00fcr Nachhaltigkeit.<\/p>\t\t\t\t\t\t\t\t<\/div>\n\t\t\t\t<div class=\"elementor-element elementor-element-117037a1 elementor-widget elementor-widget-text-editor\" data-id=\"117037a1\" data-element_type=\"widget\" data-e-type=\"widget\" data-widget_type=\"text-editor.default\">\n\t\t\t\t\t\t\t\t\t<p><span style=\"font-weight: 400;\">Dank unseres kompromisslosen Qualit\u00e4tsanspruchs liefern wir Produkte, die nicht nur den Standard erf\u00fcllen \u2013 sie \u00fcbertreffen ihn. Mit diesem Fundament sind wir bereit f\u00fcr die Expansion in neue internationale M\u00e4rkte.<\/span><\/p>\t\t\t\t\t\t\t\t<\/div>\n\t\t\t\t<div class=\"elementor-element elementor-element-74e0c93f elementor-widget elementor-widget-image\" data-id=\"74e0c93f\" data-element_type=\"widget\" data-e-type=\"widget\" data-widget_type=\"image.default\">\n\t\t\t\t\t\t\t\t\t\t\t\t\t\t\t<img decoding=\"async\" width=\"284\" height=\"284\" src=\"https:\/\/iml.solutions\/wp-content\/uploads\/2026\/02\/ISO-9001-ISO-14001_en_regular-RGB.png\" class=\"attachment-large size-large wp-image-2048\" alt=\"\" srcset=\"https:\/\/iml.solutions\/wp-content\/uploads\/2026\/02\/ISO-9001-ISO-14001_en_regular-RGB.png 284w, https:\/\/iml.solutions\/wp-content\/uploads\/2026\/02\/ISO-9001-ISO-14001_en_regular-RGB-150x150.png 150w\" sizes=\"(max-width: 284px) 100vw, 284px\" \/>\t\t\t\t\t\t\t\t\t\t\t\t\t\t\t<\/div>\n\t\t\t\t<\/div>\n\t\t\t\t<\/div>\n\t\t<div class=\"elementor-element elementor-element-2866484b e-flex e-con-boxed e-con e-parent\" data-id=\"2866484b\" data-element_type=\"container\" data-e-type=\"container\" data-settings=\"{&quot;background_background&quot;:&quot;classic&quot;}\">\n\t\t\t\t\t<div class=\"e-con-inner\">\n\t\t<div class=\"elementor-element elementor-element-753b185 e-con-full e-flex e-con e-child\" data-id=\"753b185\" data-element_type=\"container\" data-e-type=\"container\">\n\t\t\t\t<div class=\"elementor-element elementor-element-7a5d06c8 elementor-invisible elementor-widget elementor-widget-heading\" data-id=\"7a5d06c8\" data-element_type=\"widget\" data-e-type=\"widget\" data-settings=\"{&quot;_animation&quot;:&quot;fadeIn&quot;}\" data-widget_type=\"heading.default\">\n\t\t\t\t\t<h3 class=\"elementor-heading-title elementor-size-default\">Haben Sie Fragen zu unseren Produkten oder ben\u00f6tigen Unterst\u00fctzung bei der Bestellung?<\/h3>\t\t\t\t<\/div>\n\t\t\t\t<div class=\"elementor-element elementor-element-5f8a24d1 elementor-widget elementor-widget-text-editor\" data-id=\"5f8a24d1\" data-element_type=\"widget\" data-e-type=\"widget\" data-widget_type=\"text-editor.default\">\n\t\t\t\t\t\t\t\t\t<p>Kontaktieren Sie uns \u2013 wir beraten Sie gerne.<\/p>\t\t\t\t\t\t\t\t<\/div>\n\t\t\t\t<\/div>\n\t\t<div class=\"elementor-element elementor-element-2eb44b79 e-con-full e-flex e-con e-child\" data-id=\"2eb44b79\" data-element_type=\"container\" data-e-type=\"container\">\n\t\t\t\t<div class=\"elementor-element elementor-element-6de51916 elementor-mobile-align-center elementor-widget elementor-widget-button\" data-id=\"6de51916\" data-element_type=\"widget\" data-e-type=\"widget\" data-widget_type=\"button.default\">\n\t\t\t\t\t\t\t\t\t\t<a class=\"elementor-button elementor-button-link elementor-size-sm\" href=\"https:\/\/iml.solutions\/de\/kontakt\">\n\t\t\t\t\t\t<span class=\"elementor-button-content-wrapper\">\n\t\t\t\t\t\t\t\t\t<span class=\"elementor-button-text\">Jetzt kontaktieren<\/span>\n\t\t\t\t\t<\/span>\n\t\t\t\t\t<\/a>\n\t\t\t\t\t\t\t\t<\/div>\n\t\t\t\t<\/div>\n\t\t\t\t\t<\/div>\n\t\t\t\t<\/div>\n\t\t\t\t<\/div>\n\t\t","protected":false},"excerpt":{"rendered":"<p>Unsere Leidenschaft ist Ihre Sicherheit Bei IML net d.o.o. dreht sich alles um Sicherheit \u2013 Ihre Sicherheit. Wir entwickeln strapazierf\u00e4hige [&hellip;]<\/p>\n","protected":false},"author":1,"featured_media":0,"parent":0,"menu_order":0,"comment_status":"closed","ping_status":"closed","template":"","meta":{"site-sidebar-layout":"no-sidebar","site-content-layout":"","ast-site-content-layout":"full-width-container","site-content-style":"default","site-sidebar-style":"default","ast-global-header-display":"","ast-banner-title-visibility":"","ast-main-header-display":"","ast-hfb-above-header-display":"","ast-hfb-below-header-display":"","ast-hfb-mobile-header-display":"","site-post-title":"disabled","ast-breadcrumbs-content":"","ast-featured-img":"disabled","footer-sml-layout":"","ast-disable-related-posts":"","theme-transparent-header-meta":"default","adv-header-id-meta":"","stick-header-meta":"default","header-above-stick-meta":"","header-main-stick-meta":"","header-below-stick-meta":"","astra-migrate-meta-layouts":"default","ast-page-background-enabled":"default","ast-page-background-meta":{"desktop":{"background-color":"var(--ast-global-color-5)","background-image":"","background-repeat":"repeat","background-position":"center center","background-size":"auto","background-attachment":"scroll","background-type":"","background-media":"","overlay-type":"","overlay-color":"","overlay-opacity":"","overlay-gradient":""},"tablet":{"background-color":"","background-image":"","background-repeat":"repeat","background-position":"center center","background-size":"auto","background-attachment":"scroll","background-type":"","background-media":"","overlay-type":"","overlay-color":"","overlay-opacity":"","overlay-gradient":""},"mobile":{"background-color":"","background-image":"","background-repeat":"repeat","background-position":"center center","background-size":"auto","background-attachment":"scroll","background-type":"","background-media":"","overlay-type":"","overlay-color":"","overlay-opacity":"","overlay-gradient":""}},"ast-content-background-meta":{"desktop":{"background-color":"var(--ast-global-color-4)","background-image":"","background-repeat":"repeat","background-position":"center center","background-size":"auto","background-attachment":"scroll","background-type":"","background-media":"","overlay-type":"","overlay-color":"","overlay-opacity":"","overlay-gradient":""},"tablet":{"background-color":"var(--ast-global-color-4)","background-image":"","background-repeat":"repeat","background-position":"center center","background-size":"auto","background-attachment":"scroll","background-type":"","background-media":"","overlay-type":"","overlay-color":"","overlay-opacity":"","overlay-gradient":""},"mobile":{"background-color":"var(--ast-global-color-4)","background-image":"","background-repeat":"repeat","background-position":"center center","background-size":"auto","background-attachment":"scroll","background-type":"","background-media":"","overlay-type":"","overlay-color":"","overlay-opacity":"","overlay-gradient":""}},"footnotes":""},"class_list":["post-1148","page","type-page","status-publish","hentry"],"yoast_head":"<!-- This site is optimized with the Yoast SEO plugin v27.3 - https:\/\/yoast.com\/product\/yoast-seo-wordpress\/ -->\n<title>\u00dcber uns - IML net d.o.o.<\/title>\n<meta name=\"description\" content=\"Dank der IML-Technologie wird das Etikett direkt in die Kunststoffverpackung integriert \u2013 f\u00fcr maximale Langlebigkeit.\" \/>\n<meta name=\"robots\" content=\"index, follow, max-snippet:-1, max-image-preview:large, max-video-preview:-1\" \/>\n<link rel=\"canonical\" href=\"https:\/\/iml.solutions\/de\/ueber-uns\/\" \/>\n<meta property=\"og:locale\" content=\"de_DE\" \/>\n<meta property=\"og:type\" content=\"article\" \/>\n<meta property=\"og:title\" content=\"\u00dcber uns - IML net d.o.o.\" \/>\n<meta property=\"og:description\" content=\"Dank der IML-Technologie wird das Etikett direkt in die Kunststoffverpackung integriert \u2013 f\u00fcr maximale Langlebigkeit.\" \/>\n<meta property=\"og:url\" content=\"https:\/\/iml.solutions\/de\/ueber-uns\/\" \/>\n<meta property=\"og:site_name\" content=\"IML net d.o.o.\" \/>\n<meta property=\"article:modified_time\" content=\"2026-02-27T10:29:05+00:00\" \/>\n<meta property=\"og:image\" content=\"https:\/\/iml.solutions\/wp-content\/uploads\/2025\/09\/DSC_2298-products-scaled.jpg\" \/>\n\t<meta property=\"og:image:width\" content=\"2560\" \/>\n\t<meta property=\"og:image:height\" content=\"395\" \/>\n\t<meta property=\"og:image:type\" content=\"image\/jpeg\" \/>\n<script type=\"application\/ld+json\" class=\"yoast-schema-graph\">{\"@context\":\"https:\\\/\\\/schema.org\",\"@graph\":[{\"@type\":\"WebPage\",\"@id\":\"https:\\\/\\\/iml.solutions\\\/de\\\/ueber-uns\\\/\",\"url\":\"https:\\\/\\\/iml.solutions\\\/de\\\/ueber-uns\\\/\",\"name\":\"\u00dcber uns - IML net d.o.o.\",\"isPartOf\":{\"@id\":\"https:\\\/\\\/iml.solutions\\\/de\\\/#website\"},\"primaryImageOfPage\":{\"@id\":\"https:\\\/\\\/iml.solutions\\\/de\\\/ueber-uns\\\/#primaryimage\"},\"image\":{\"@id\":\"https:\\\/\\\/iml.solutions\\\/de\\\/ueber-uns\\\/#primaryimage\"},\"thumbnailUrl\":\"https:\\\/\\\/iml.solutions\\\/wp-content\\\/uploads\\\/2025\\\/09\\\/DSC_2298-products-scaled.jpg\",\"datePublished\":\"2025-09-26T12:57:37+00:00\",\"dateModified\":\"2026-02-27T10:29:05+00:00\",\"description\":\"Dank der IML-Technologie wird das Etikett direkt in die Kunststoffverpackung integriert \u2013 f\u00fcr maximale Langlebigkeit.\",\"breadcrumb\":{\"@id\":\"https:\\\/\\\/iml.solutions\\\/de\\\/ueber-uns\\\/#breadcrumb\"},\"inLanguage\":\"de\",\"potentialAction\":[{\"@type\":\"ReadAction\",\"target\":[\"https:\\\/\\\/iml.solutions\\\/de\\\/ueber-uns\\\/\"]}]},{\"@type\":\"ImageObject\",\"inLanguage\":\"de\",\"@id\":\"https:\\\/\\\/iml.solutions\\\/de\\\/ueber-uns\\\/#primaryimage\",\"url\":\"https:\\\/\\\/iml.solutions\\\/wp-content\\\/uploads\\\/2025\\\/09\\\/DSC_2298-products-scaled.jpg\",\"contentUrl\":\"https:\\\/\\\/iml.solutions\\\/wp-content\\\/uploads\\\/2025\\\/09\\\/DSC_2298-products-scaled.jpg\"},{\"@type\":\"BreadcrumbList\",\"@id\":\"https:\\\/\\\/iml.solutions\\\/de\\\/ueber-uns\\\/#breadcrumb\",\"itemListElement\":[{\"@type\":\"ListItem\",\"position\":1,\"name\":\"Home\",\"item\":\"https:\\\/\\\/iml.solutions\\\/de\\\/\"},{\"@type\":\"ListItem\",\"position\":2,\"name\":\"\u00dcber uns\"}]},{\"@type\":\"WebSite\",\"@id\":\"https:\\\/\\\/iml.solutions\\\/de\\\/#website\",\"url\":\"https:\\\/\\\/iml.solutions\\\/de\\\/\",\"name\":\"https:\\\/\\\/iml.solutions\\\/\",\"description\":\"\",\"publisher\":{\"@id\":\"https:\\\/\\\/iml.solutions\\\/de\\\/#organization\"},\"potentialAction\":[{\"@type\":\"SearchAction\",\"target\":{\"@type\":\"EntryPoint\",\"urlTemplate\":\"https:\\\/\\\/iml.solutions\\\/de\\\/?s={search_term_string}\"},\"query-input\":{\"@type\":\"PropertyValueSpecification\",\"valueRequired\":true,\"valueName\":\"search_term_string\"}}],\"inLanguage\":\"de\"},{\"@type\":\"Organization\",\"@id\":\"https:\\\/\\\/iml.solutions\\\/de\\\/#organization\",\"name\":\"IML net d.o.o.\",\"alternateName\":\"IML solutions\",\"url\":\"https:\\\/\\\/iml.solutions\\\/de\\\/\",\"logo\":{\"@type\":\"ImageObject\",\"inLanguage\":\"de\",\"@id\":\"https:\\\/\\\/iml.solutions\\\/de\\\/#\\\/schema\\\/logo\\\/image\\\/\",\"url\":\"https:\\\/\\\/iml.solutions\\\/wp-content\\\/uploads\\\/2025\\\/09\\\/Logo-iml.png\",\"contentUrl\":\"https:\\\/\\\/iml.solutions\\\/wp-content\\\/uploads\\\/2025\\\/09\\\/Logo-iml.png\",\"width\":1435,\"height\":408,\"caption\":\"IML net d.o.o.\"},\"image\":{\"@id\":\"https:\\\/\\\/iml.solutions\\\/de\\\/#\\\/schema\\\/logo\\\/image\\\/\"}}]}<\/script>\n<!-- \/ Yoast SEO plugin. -->","yoast_head_json":{"title":"\u00dcber uns - IML net d.o.o.","description":"Dank der IML-Technologie wird das Etikett direkt in die Kunststoffverpackung integriert \u2013 f\u00fcr maximale Langlebigkeit.","robots":{"index":"index","follow":"follow","max-snippet":"max-snippet:-1","max-image-preview":"max-image-preview:large","max-video-preview":"max-video-preview:-1"},"canonical":"https:\/\/iml.solutions\/de\/ueber-uns\/","og_locale":"de_DE","og_type":"article","og_title":"\u00dcber uns - IML net d.o.o.","og_description":"Dank der IML-Technologie wird das Etikett direkt in die Kunststoffverpackung integriert \u2013 f\u00fcr maximale Langlebigkeit.","og_url":"https:\/\/iml.solutions\/de\/ueber-uns\/","og_site_name":"IML net d.o.o.","article_modified_time":"2026-02-27T10:29:05+00:00","og_image":[{"width":2560,"height":395,"url":"https:\/\/iml.solutions\/wp-content\/uploads\/2025\/09\/DSC_2298-products-scaled.jpg","type":"image\/jpeg"}],"schema":{"@context":"https:\/\/schema.org","@graph":[{"@type":"WebPage","@id":"https:\/\/iml.solutions\/de\/ueber-uns\/","url":"https:\/\/iml.solutions\/de\/ueber-uns\/","name":"\u00dcber uns - IML net d.o.o.","isPartOf":{"@id":"https:\/\/iml.solutions\/de\/#website"},"primaryImageOfPage":{"@id":"https:\/\/iml.solutions\/de\/ueber-uns\/#primaryimage"},"image":{"@id":"https:\/\/iml.solutions\/de\/ueber-uns\/#primaryimage"},"thumbnailUrl":"https:\/\/iml.solutions\/wp-content\/uploads\/2025\/09\/DSC_2298-products-scaled.jpg","datePublished":"2025-09-26T12:57:37+00:00","dateModified":"2026-02-27T10:29:05+00:00","description":"Dank der IML-Technologie wird das Etikett direkt in die Kunststoffverpackung integriert \u2013 f\u00fcr maximale Langlebigkeit.","breadcrumb":{"@id":"https:\/\/iml.solutions\/de\/ueber-uns\/#breadcrumb"},"inLanguage":"de","potentialAction":[{"@type":"ReadAction","target":["https:\/\/iml.solutions\/de\/ueber-uns\/"]}]},{"@type":"ImageObject","inLanguage":"de","@id":"https:\/\/iml.solutions\/de\/ueber-uns\/#primaryimage","url":"https:\/\/iml.solutions\/wp-content\/uploads\/2025\/09\/DSC_2298-products-scaled.jpg","contentUrl":"https:\/\/iml.solutions\/wp-content\/uploads\/2025\/09\/DSC_2298-products-scaled.jpg"},{"@type":"BreadcrumbList","@id":"https:\/\/iml.solutions\/de\/ueber-uns\/#breadcrumb","itemListElement":[{"@type":"ListItem","position":1,"name":"Home","item":"https:\/\/iml.solutions\/de\/"},{"@type":"ListItem","position":2,"name":"\u00dcber uns"}]},{"@type":"WebSite","@id":"https:\/\/iml.solutions\/de\/#website","url":"https:\/\/iml.solutions\/de\/","name":"https:\/\/iml.solutions\/","description":"","publisher":{"@id":"https:\/\/iml.solutions\/de\/#organization"},"potentialAction":[{"@type":"SearchAction","target":{"@type":"EntryPoint","urlTemplate":"https:\/\/iml.solutions\/de\/?s={search_term_string}"},"query-input":{"@type":"PropertyValueSpecification","valueRequired":true,"valueName":"search_term_string"}}],"inLanguage":"de"},{"@type":"Organization","@id":"https:\/\/iml.solutions\/de\/#organization","name":"IML net d.o.o.","alternateName":"IML solutions","url":"https:\/\/iml.solutions\/de\/","logo":{"@type":"ImageObject","inLanguage":"de","@id":"https:\/\/iml.solutions\/de\/#\/schema\/logo\/image\/","url":"https:\/\/iml.solutions\/wp-content\/uploads\/2025\/09\/Logo-iml.png","contentUrl":"https:\/\/iml.solutions\/wp-content\/uploads\/2025\/09\/Logo-iml.png","width":1435,"height":408,"caption":"IML net d.o.o."},"image":{"@id":"https:\/\/iml.solutions\/de\/#\/schema\/logo\/image\/"}}]}},"_links":{"self":[{"href":"https:\/\/iml.solutions\/de\/wp-json\/wp\/v2\/pages\/1148","targetHints":{"allow":["GET"]}}],"collection":[{"href":"https:\/\/iml.solutions\/de\/wp-json\/wp\/v2\/pages"}],"about":[{"href":"https:\/\/iml.solutions\/de\/wp-json\/wp\/v2\/types\/page"}],"author":[{"embeddable":true,"href":"https:\/\/iml.solutions\/de\/wp-json\/wp\/v2\/users\/1"}],"replies":[{"embeddable":true,"href":"https:\/\/iml.solutions\/de\/wp-json\/wp\/v2\/comments?post=1148"}],"version-history":[{"count":10,"href":"https:\/\/iml.solutions\/de\/wp-json\/wp\/v2\/pages\/1148\/revisions"}],"predecessor-version":[{"id":2078,"href":"https:\/\/iml.solutions\/de\/wp-json\/wp\/v2\/pages\/1148\/revisions\/2078"}],"wp:attachment":[{"href":"https:\/\/iml.solutions\/de\/wp-json\/wp\/v2\/media?parent=1148"}],"curies":[{"name":"wp","href":"https:\/\/api.w.org\/{rel}","templated":true}]}}