{"id":1162,"date":"2025-09-30T19:42:18","date_gmt":"2025-09-30T17:42:18","guid":{"rendered":"https:\/\/iml.solutions\/produkte\/"},"modified":"2025-10-16T23:41:55","modified_gmt":"2025-10-16T21:41:55","slug":"produkte","status":"publish","type":"page","link":"https:\/\/iml.solutions\/de\/produkte\/","title":{"rendered":"Produkte"},"content":{"rendered":"\t\t<div data-elementor-type=\"wp-page\" data-elementor-id=\"1162\" class=\"elementor elementor-1162 elementor-476\" data-elementor-post-type=\"page\">\n\t\t\t\t<div class=\"elementor-element elementor-element-cf4acd3 e-con-full e-flex e-con e-parent\" data-id=\"cf4acd3\" data-element_type=\"container\" data-e-type=\"container\">\n\t\t\t\t<div class=\"elementor-element elementor-element-eb5747a elementor--v-position-top elementor--h-position-center elementor-widget elementor-widget-slides\" data-id=\"eb5747a\" data-element_type=\"widget\" data-e-type=\"widget\" data-settings=\"{&quot;navigation&quot;:&quot;none&quot;,&quot;transition&quot;:&quot;slide&quot;,&quot;transition_speed&quot;:500}\" data-widget_type=\"slides.default\">\n\t\t\t\t\t\t\t\t\t\t<div class=\"elementor-slides-wrapper elementor-main-swiper swiper\" role=\"region\" aria-roledescription=\"carousel\" aria-label=\"Slides\" dir=\"ltr\" data-animation=\"\">\n\t\t\t\t<div class=\"swiper-wrapper elementor-slides\">\n\t\t\t\t\t\t\t\t\t\t<div class=\"elementor-repeater-item-96a874e swiper-slide\" role=\"group\" aria-roledescription=\"slide\"><div class=\"swiper-slide-bg elementor-ken-burns elementor-ken-burns--out\" role=\"img\" aria-label=\"Zuschnitt\"><\/div><div class=\"swiper-slide-inner\" ><div class=\"swiper-slide-contents\"><\/div><\/div><\/div>\t\t\t\t<\/div>\n\t\t\t\t\t\t\t<\/div>\n\t\t\t\t\t\t\t\t<\/div>\n\t\t\t\t<\/div>\n\t\t<div class=\"elementor-element elementor-element-d8bba72 e-flex e-con-boxed e-con e-parent\" data-id=\"d8bba72\" data-element_type=\"container\" data-e-type=\"container\">\n\t\t\t\t\t<div class=\"e-con-inner\">\n\t\t\t\t<div class=\"elementor-element elementor-element-a71cafd elementor-widget elementor-widget-heading\" data-id=\"a71cafd\" data-element_type=\"widget\" data-e-type=\"widget\" data-widget_type=\"heading.default\">\n\t\t\t\t\t<h2 class=\"elementor-heading-title elementor-size-default\">Flexibilit\u00e4t, die Wachstum f\u00f6rdert<\/h2>\t\t\t\t<\/div>\n\t\t\t\t<div class=\"elementor-element elementor-element-14be470 elementor-widget elementor-widget-text-editor\" data-id=\"14be470\" data-element_type=\"widget\" data-e-type=\"widget\" data-widget_type=\"text-editor.default\">\n\t\t\t\t\t\t\t\t\t<p style=\"text-align: center;\">Wir behandeln jeden Kunden individuell \u2013 denn jedes Produkt hat seine eigenen Anforderungen. Deshalb bieten wir IML-Etiketten in verschiedenen Haltbarkeitsstufen an:<br>Von kosteng\u00fcnstigen L\u00f6sungen f\u00fcr Einwegprodukte bis hin zu extrem langlebigen Premium-Etiketten f\u00fcr anspruchsvollste Anwendungen. Dieser differenzierte Ansatz erm\u00f6glicht Ihnen eine optimale Kostenkontrolle \u2013 ohne Kompromisse bei der Qualit\u00e4t.<\/p>\t\t\t\t\t\t\t\t<\/div>\n\t\t\t\t<div class=\"elementor-element elementor-element-68cdfcb elementor-widget__width-initial elementor-widget-divider--view-line elementor-widget elementor-widget-divider\" data-id=\"68cdfcb\" data-element_type=\"widget\" data-e-type=\"widget\" data-widget_type=\"divider.default\">\n\t\t\t\t\t\t\t<div class=\"elementor-divider\">\n\t\t\t<span class=\"elementor-divider-separator\">\n\t\t\t\t\t\t<\/span>\n\t\t<\/div>\n\t\t\t\t\t\t<\/div>\n\t\t\t\t\t<\/div>\n\t\t\t\t<\/div>\n\t\t<div class=\"elementor-element elementor-element-d7454d6 e-flex e-con-boxed e-con e-parent\" data-id=\"d7454d6\" data-element_type=\"container\" data-e-type=\"container\">\n\t\t\t\t\t<div class=\"e-con-inner\">\n\t\t<div class=\"elementor-element elementor-element-fecfcea e-con-full e-flex e-con e-child\" data-id=\"fecfcea\" data-element_type=\"container\" data-e-type=\"container\">\n\t\t\t\t<div class=\"elementor-element elementor-element-a359c91 elementor-widget elementor-widget-image\" data-id=\"a359c91\" data-element_type=\"widget\" data-e-type=\"widget\" data-widget_type=\"image.default\">\n\t\t\t\t\t\t\t\t\t\t\t\t\t\t\t<img fetchpriority=\"high\" decoding=\"async\" width=\"825\" height=\"1024\" src=\"https:\/\/iml.solutions\/wp-content\/uploads\/2025\/09\/icon-labels_v1-825x1024.png\" class=\"attachment-large size-large wp-image-1137\" alt=\"\" srcset=\"https:\/\/iml.solutions\/wp-content\/uploads\/2025\/09\/icon-labels_v1-825x1024.png 825w, https:\/\/iml.solutions\/wp-content\/uploads\/2025\/09\/icon-labels_v1-242x300.png 242w, https:\/\/iml.solutions\/wp-content\/uploads\/2025\/09\/icon-labels_v1-768x953.png 768w, https:\/\/iml.solutions\/wp-content\/uploads\/2025\/09\/icon-labels_v1.png 942w\" sizes=\"(max-width: 825px) 100vw, 825px\" \/>\t\t\t\t\t\t\t\t\t\t\t\t\t\t\t<\/div>\n\t\t\t\t<div class=\"elementor-element elementor-element-462edc3 elementor-widget elementor-widget-text-editor\" data-id=\"462edc3\" data-element_type=\"widget\" data-e-type=\"widget\" data-widget_type=\"text-editor.default\">\n\t\t\t\t\t\t\t\t\t<p>Unsere ECONOMIC Etiketten mit kurzer Haltbarkeit sind die wirtschaftliche L\u00f6sung f\u00fcr Einwegprodukte. Sie zeichnen sich durch ihre markante \u201eOrangenhaut\u201c-Oberfl\u00e4che aus und werden h\u00e4ufig f\u00fcr Verpackungen von Speiseeis, Butter oder Frischk\u00e4se eingesetzt. Auch wenn sie Teil unseres umfassenden Sortiments sind, bieten wir sie gezielt an, um sicherzustellen, dass jeder Kunde eine passende L\u00f6sung findet.<\/p>\t\t\t\t\t\t\t\t<\/div>\n\t\t\t\t<div class=\"elementor-element elementor-element-b6cd2ee elementor-widget elementor-widget-spacer\" data-id=\"b6cd2ee\" data-element_type=\"widget\" data-e-type=\"widget\" data-widget_type=\"spacer.default\">\n\t\t\t\t\t\t\t<div class=\"elementor-spacer\">\n\t\t\t<div class=\"elementor-spacer-inner\"><\/div>\n\t\t<\/div>\n\t\t\t\t\t\t<\/div>\n\t\t\t\t<\/div>\n\t\t<div class=\"elementor-element elementor-element-5d36357 e-con-full e-flex e-con e-child\" data-id=\"5d36357\" data-element_type=\"container\" data-e-type=\"container\">\n\t\t\t\t<div class=\"elementor-element elementor-element-7418f2d elementor-widget elementor-widget-image\" data-id=\"7418f2d\" data-element_type=\"widget\" data-e-type=\"widget\" data-widget_type=\"image.default\">\n\t\t\t\t\t\t\t\t\t\t\t\t\t\t\t<img decoding=\"async\" width=\"825\" height=\"1024\" src=\"https:\/\/iml.solutions\/wp-content\/uploads\/2025\/09\/icon-labels_v2-825x1024.png\" class=\"attachment-large size-large wp-image-1128\" alt=\"\" srcset=\"https:\/\/iml.solutions\/wp-content\/uploads\/2025\/09\/icon-labels_v2-825x1024.png 825w, https:\/\/iml.solutions\/wp-content\/uploads\/2025\/09\/icon-labels_v2-242x300.png 242w, https:\/\/iml.solutions\/wp-content\/uploads\/2025\/09\/icon-labels_v2-768x953.png 768w, https:\/\/iml.solutions\/wp-content\/uploads\/2025\/09\/icon-labels_v2.png 942w\" sizes=\"(max-width: 825px) 100vw, 825px\" \/>\t\t\t\t\t\t\t\t\t\t\t\t\t\t\t<\/div>\n\t\t\t\t<div class=\"elementor-element elementor-element-764c00b elementor-widget elementor-widget-text-editor\" data-id=\"764c00b\" data-element_type=\"widget\" data-e-type=\"widget\" data-widget_type=\"text-editor.default\">\n\t\t\t\t\t\t\t\t\t<p>Diese Etiketten bieten mehr als nur eine Basisl\u00f6sung. Lackiert und kratzfest, sorgen sie f\u00fcr langanhaltende Farbbrillanz. Sie sind ideal f\u00fcr Produkte, die robustere Etiketten ben\u00f6tigen und gleichzeitig wirtschaftlich bleiben sollen \u2013 etwa Kinderspielzeug, Strandaccessoires oder Haushaltsartikel.<br>Dank ihrer Widerstandsf\u00e4higkeit bleibt das Design auch bei intensiver Nutzung unversehrt.<\/p>\t\t\t\t\t\t\t\t<\/div>\n\t\t\t\t<div class=\"elementor-element elementor-element-99c3398 elementor-widget elementor-widget-spacer\" data-id=\"99c3398\" data-element_type=\"widget\" data-e-type=\"widget\" data-widget_type=\"spacer.default\">\n\t\t\t\t\t\t\t<div class=\"elementor-spacer\">\n\t\t\t<div class=\"elementor-spacer-inner\"><\/div>\n\t\t<\/div>\n\t\t\t\t\t\t<\/div>\n\t\t\t\t<\/div>\n\t\t\t\t\t<\/div>\n\t\t\t\t<\/div>\n\t\t<div class=\"elementor-element elementor-element-9615464 e-flex e-con-boxed e-con e-parent\" data-id=\"9615464\" data-element_type=\"container\" data-e-type=\"container\">\n\t\t\t\t\t<div class=\"e-con-inner\">\n\t\t<div class=\"elementor-element elementor-element-177dc81 e-con-full e-flex e-con e-child\" data-id=\"177dc81\" data-element_type=\"container\" data-e-type=\"container\">\n\t\t\t\t<div class=\"elementor-element elementor-element-eb7b76d elementor-widget elementor-widget-image\" data-id=\"eb7b76d\" data-element_type=\"widget\" data-e-type=\"widget\" data-widget_type=\"image.default\">\n\t\t\t\t\t\t\t\t\t\t\t\t\t\t\t<img decoding=\"async\" width=\"825\" height=\"1024\" src=\"https:\/\/iml.solutions\/wp-content\/uploads\/2025\/09\/icon-labels_v3-825x1024.png\" class=\"attachment-large size-large wp-image-1129\" alt=\"\" srcset=\"https:\/\/iml.solutions\/wp-content\/uploads\/2025\/09\/icon-labels_v3-825x1024.png 825w, https:\/\/iml.solutions\/wp-content\/uploads\/2025\/09\/icon-labels_v3-242x300.png 242w, https:\/\/iml.solutions\/wp-content\/uploads\/2025\/09\/icon-labels_v3-768x953.png 768w, https:\/\/iml.solutions\/wp-content\/uploads\/2025\/09\/icon-labels_v3.png 942w\" sizes=\"(max-width: 825px) 100vw, 825px\" \/>\t\t\t\t\t\t\t\t\t\t\t\t\t\t\t<\/div>\n\t\t\t\t<div class=\"elementor-element elementor-element-3951e8e elementor-widget elementor-widget-text-editor\" data-id=\"3951e8e\" data-element_type=\"widget\" data-e-type=\"widget\" data-widget_type=\"text-editor.default\">\n\t\t\t\t\t\t\t\t\t<p><span style=\"font-weight: 400;\">Die ideale Wahl f\u00fcr Produkte, die zur Markenpr\u00e4sentation und -werbung dienen. Im Laufe der Jahre haben wir die Herstellung laminierter Etiketten perfektioniert, um au\u00dfergew\u00f6hnliche Widerstandsf\u00e4higkeit und Zuverl\u00e4ssigkeit bei Artikeln zu gew\u00e4hrleisten, die h\u00e4ufig genutzt werden \u2013 wie Haushaltsartikel, Souvenirs, Eventbecher oder diverse Gadgets. Laminierte Etiketten sind die erste Wahl, wenn Premiumqualit\u00e4t im Vordergrund steht.<\/span><\/p>\t\t\t\t\t\t\t\t<\/div>\n\t\t\t\t<div class=\"elementor-element elementor-element-fdc6fed elementor-widget elementor-widget-spacer\" data-id=\"fdc6fed\" data-element_type=\"widget\" data-e-type=\"widget\" data-widget_type=\"spacer.default\">\n\t\t\t\t\t\t\t<div class=\"elementor-spacer\">\n\t\t\t<div class=\"elementor-spacer-inner\"><\/div>\n\t\t<\/div>\n\t\t\t\t\t\t<\/div>\n\t\t\t\t<\/div>\n\t\t<div class=\"elementor-element elementor-element-8ed531b e-con-full e-flex e-con e-child\" data-id=\"8ed531b\" data-element_type=\"container\" data-e-type=\"container\">\n\t\t\t\t<div class=\"elementor-element elementor-element-71b80d8 elementor-widget elementor-widget-image\" data-id=\"71b80d8\" data-element_type=\"widget\" data-e-type=\"widget\" data-widget_type=\"image.default\">\n\t\t\t\t\t\t\t\t\t\t\t\t\t\t\t<img loading=\"lazy\" decoding=\"async\" width=\"825\" height=\"1024\" src=\"https:\/\/iml.solutions\/wp-content\/uploads\/2025\/09\/icon-labels_v4-825x1024.png\" class=\"attachment-large size-large wp-image-1130\" alt=\"\" srcset=\"https:\/\/iml.solutions\/wp-content\/uploads\/2025\/09\/icon-labels_v4-825x1024.png 825w, https:\/\/iml.solutions\/wp-content\/uploads\/2025\/09\/icon-labels_v4-242x300.png 242w, https:\/\/iml.solutions\/wp-content\/uploads\/2025\/09\/icon-labels_v4-768x953.png 768w, https:\/\/iml.solutions\/wp-content\/uploads\/2025\/09\/icon-labels_v4.png 942w\" sizes=\"(max-width: 825px) 100vw, 825px\" \/>\t\t\t\t\t\t\t\t\t\t\t\t\t\t\t<\/div>\n\t\t\t\t<div class=\"elementor-element elementor-element-c423c22 elementor-widget elementor-widget-text-editor\" data-id=\"c423c22\" data-element_type=\"widget\" data-e-type=\"widget\" data-widget_type=\"text-editor.default\">\n\t\t\t\t\t\t\t\t\t<p>Konzipiert f\u00fcr extreme Bedingungen \u2013 gefertigt aus dickeren, besonders robusten Materialien. Je nach Produktanforderung k\u00f6nnen wir die Etikettenstruktur zus\u00e4tzlich mit UV-Schutz ausstatten. Das garantiert satte, leuchtende Farben \u2013 selbst bei langfristiger Sonneneinstrahlung. Perfekt geeignet f\u00fcr Bierkisten, Bodenfliesen oder andere Anwendungen, bei denen maximale Best\u00e4ndigkeit gefragt ist.<\/p>\t\t\t\t\t\t\t\t<\/div>\n\t\t\t\t<div class=\"elementor-element elementor-element-05ef76e elementor-widget elementor-widget-spacer\" data-id=\"05ef76e\" data-element_type=\"widget\" data-e-type=\"widget\" data-widget_type=\"spacer.default\">\n\t\t\t\t\t\t\t<div class=\"elementor-spacer\">\n\t\t\t<div class=\"elementor-spacer-inner\"><\/div>\n\t\t<\/div>\n\t\t\t\t\t\t<\/div>\n\t\t\t\t<\/div>\n\t\t\t\t\t<\/div>\n\t\t\t\t<\/div>\n\t\t<div class=\"elementor-element elementor-element-26d270c1 e-flex e-con-boxed e-con e-parent\" data-id=\"26d270c1\" data-element_type=\"container\" data-e-type=\"container\" data-settings=\"{&quot;background_background&quot;:&quot;classic&quot;}\">\n\t\t\t\t\t<div class=\"e-con-inner\">\n\t\t<div class=\"elementor-element elementor-element-691d13c8 e-con-full e-flex e-con e-child\" data-id=\"691d13c8\" data-element_type=\"container\" data-e-type=\"container\">\n\t\t\t\t<div class=\"elementor-element elementor-element-1dec2b2e elementor-invisible elementor-widget elementor-widget-heading\" data-id=\"1dec2b2e\" data-element_type=\"widget\" data-e-type=\"widget\" data-settings=\"{&quot;_animation&quot;:&quot;fadeIn&quot;}\" data-widget_type=\"heading.default\">\n\t\t\t\t\t<h3 class=\"elementor-heading-title elementor-size-default\">Haben Sie Fragen zu unseren Produkten oder ben\u00f6tigen Unterst\u00fctzung bei der Bestellung?<\/h3>\t\t\t\t<\/div>\n\t\t\t\t<div class=\"elementor-element elementor-element-38c3fa8c elementor-widget elementor-widget-text-editor\" data-id=\"38c3fa8c\" data-element_type=\"widget\" data-e-type=\"widget\" data-widget_type=\"text-editor.default\">\n\t\t\t\t\t\t\t\t\t<p>Kontaktieren Sie uns \u2013 wir beraten Sie gerne.<\/p>\t\t\t\t\t\t\t\t<\/div>\n\t\t\t\t<\/div>\n\t\t<div class=\"elementor-element elementor-element-f7ee182 e-con-full e-flex e-con e-child\" data-id=\"f7ee182\" data-element_type=\"container\" data-e-type=\"container\">\n\t\t\t\t<div class=\"elementor-element elementor-element-6249393 elementor-mobile-align-center elementor-widget elementor-widget-button\" data-id=\"6249393\" data-element_type=\"widget\" data-e-type=\"widget\" data-widget_type=\"button.default\">\n\t\t\t\t\t\t\t\t\t\t<a class=\"elementor-button elementor-button-link elementor-size-sm\" href=\"https:\/\/iml.solutions\/de\/kontakt\">\n\t\t\t\t\t\t<span class=\"elementor-button-content-wrapper\">\n\t\t\t\t\t\t\t\t\t<span class=\"elementor-button-text\">Jetzt kontaktieren<\/span>\n\t\t\t\t\t<\/span>\n\t\t\t\t\t<\/a>\n\t\t\t\t\t\t\t\t<\/div>\n\t\t\t\t<\/div>\n\t\t\t\t\t<\/div>\n\t\t\t\t<\/div>\n\t\t\t\t<\/div>\n\t\t","protected":false},"excerpt":{"rendered":"<p>Flexibilit\u00e4t, die Wachstum f\u00f6rdert Wir behandeln jeden Kunden individuell \u2013 denn jedes Produkt hat seine eigenen Anforderungen. Deshalb bieten wir [&hellip;]<\/p>\n","protected":false},"author":1,"featured_media":0,"parent":0,"menu_order":0,"comment_status":"closed","ping_status":"closed","template":"","meta":{"site-sidebar-layout":"no-sidebar","site-content-layout":"","ast-site-content-layout":"full-width-container","site-content-style":"default","site-sidebar-style":"default","ast-global-header-display":"","ast-banner-title-visibility":"","ast-main-header-display":"","ast-hfb-above-header-display":"","ast-hfb-below-header-display":"","ast-hfb-mobile-header-display":"","site-post-title":"disabled","ast-breadcrumbs-content":"","ast-featured-img":"disabled","footer-sml-layout":"","ast-disable-related-posts":"","theme-transparent-header-meta":"default","adv-header-id-meta":"","stick-header-meta":"default","header-above-stick-meta":"","header-main-stick-meta":"","header-below-stick-meta":"","astra-migrate-meta-layouts":"default","ast-page-background-enabled":"default","ast-page-background-meta":{"desktop":{"background-color":"var(--ast-global-color-5)","background-image":"","background-repeat":"repeat","background-position":"center center","background-size":"auto","background-attachment":"scroll","background-type":"","background-media":"","overlay-type":"","overlay-color":"","overlay-opacity":"","overlay-gradient":""},"tablet":{"background-color":"","background-image":"","background-repeat":"repeat","background-position":"center center","background-size":"auto","background-attachment":"scroll","background-type":"","background-media":"","overlay-type":"","overlay-color":"","overlay-opacity":"","overlay-gradient":""},"mobile":{"background-color":"","background-image":"","background-repeat":"repeat","background-position":"center center","background-size":"auto","background-attachment":"scroll","background-type":"","background-media":"","overlay-type":"","overlay-color":"","overlay-opacity":"","overlay-gradient":""}},"ast-content-background-meta":{"desktop":{"background-color":"var(--ast-global-color-4)","background-image":"","background-repeat":"repeat","background-position":"center center","background-size":"auto","background-attachment":"scroll","background-type":"","background-media":"","overlay-type":"","overlay-color":"","overlay-opacity":"","overlay-gradient":""},"tablet":{"background-color":"var(--ast-global-color-4)","background-image":"","background-repeat":"repeat","background-position":"center center","background-size":"auto","background-attachment":"scroll","background-type":"","background-media":"","overlay-type":"","overlay-color":"","overlay-opacity":"","overlay-gradient":""},"mobile":{"background-color":"var(--ast-global-color-4)","background-image":"","background-repeat":"repeat","background-position":"center center","background-size":"auto","background-attachment":"scroll","background-type":"","background-media":"","overlay-type":"","overlay-color":"","overlay-opacity":"","overlay-gradient":""}},"footnotes":""},"class_list":["post-1162","page","type-page","status-publish","hentry"],"yoast_head":"<!-- This site is optimized with the Yoast SEO plugin v27.3 - https:\/\/yoast.com\/product\/yoast-seo-wordpress\/ -->\n<title>Produkte - IML net d.o.o.<\/title>\n<meta name=\"description\" content=\"Jeder Kunde erh\u00e4lt einen ma\u00dfgeschneiderten Ansatz, da jedes Produkt einzigartige Anforderungen hat.\" \/>\n<meta name=\"robots\" content=\"index, follow, max-snippet:-1, max-image-preview:large, max-video-preview:-1\" \/>\n<link rel=\"canonical\" href=\"https:\/\/iml.solutions\/de\/produkte\/\" \/>\n<meta property=\"og:locale\" content=\"de_DE\" \/>\n<meta property=\"og:type\" content=\"article\" \/>\n<meta property=\"og:title\" content=\"Produkte - IML net d.o.o.\" \/>\n<meta property=\"og:description\" content=\"Jeder Kunde erh\u00e4lt einen ma\u00dfgeschneiderten Ansatz, da jedes Produkt einzigartige Anforderungen hat.\" \/>\n<meta property=\"og:url\" content=\"https:\/\/iml.solutions\/de\/produkte\/\" \/>\n<meta property=\"og:site_name\" content=\"IML net d.o.o.\" \/>\n<meta property=\"article:modified_time\" content=\"2025-10-16T21:41:55+00:00\" \/>\n<meta property=\"og:image\" content=\"https:\/\/iml.solutions\/wp-content\/uploads\/2025\/09\/icon-labels_v1.png\" \/>\n\t<meta property=\"og:image:width\" content=\"942\" \/>\n\t<meta property=\"og:image:height\" content=\"1169\" \/>\n\t<meta property=\"og:image:type\" content=\"image\/png\" \/>\n<script type=\"application\/ld+json\" class=\"yoast-schema-graph\">{\"@context\":\"https:\\\/\\\/schema.org\",\"@graph\":[{\"@type\":\"WebPage\",\"@id\":\"https:\\\/\\\/iml.solutions\\\/de\\\/produkte\\\/\",\"url\":\"https:\\\/\\\/iml.solutions\\\/de\\\/produkte\\\/\",\"name\":\"Produkte - IML net d.o.o.\",\"isPartOf\":{\"@id\":\"https:\\\/\\\/iml.solutions\\\/de\\\/#website\"},\"primaryImageOfPage\":{\"@id\":\"https:\\\/\\\/iml.solutions\\\/de\\\/produkte\\\/#primaryimage\"},\"image\":{\"@id\":\"https:\\\/\\\/iml.solutions\\\/de\\\/produkte\\\/#primaryimage\"},\"thumbnailUrl\":\"https:\\\/\\\/iml.solutions\\\/wp-content\\\/uploads\\\/2025\\\/09\\\/icon-labels_v1-825x1024.png\",\"datePublished\":\"2025-09-30T17:42:18+00:00\",\"dateModified\":\"2025-10-16T21:41:55+00:00\",\"description\":\"Jeder Kunde erh\u00e4lt einen ma\u00dfgeschneiderten Ansatz, da jedes Produkt einzigartige Anforderungen hat.\",\"breadcrumb\":{\"@id\":\"https:\\\/\\\/iml.solutions\\\/de\\\/produkte\\\/#breadcrumb\"},\"inLanguage\":\"de\",\"potentialAction\":[{\"@type\":\"ReadAction\",\"target\":[\"https:\\\/\\\/iml.solutions\\\/de\\\/produkte\\\/\"]}]},{\"@type\":\"ImageObject\",\"inLanguage\":\"de\",\"@id\":\"https:\\\/\\\/iml.solutions\\\/de\\\/produkte\\\/#primaryimage\",\"url\":\"https:\\\/\\\/iml.solutions\\\/wp-content\\\/uploads\\\/2025\\\/09\\\/icon-labels_v1-825x1024.png\",\"contentUrl\":\"https:\\\/\\\/iml.solutions\\\/wp-content\\\/uploads\\\/2025\\\/09\\\/icon-labels_v1-825x1024.png\"},{\"@type\":\"BreadcrumbList\",\"@id\":\"https:\\\/\\\/iml.solutions\\\/de\\\/produkte\\\/#breadcrumb\",\"itemListElement\":[{\"@type\":\"ListItem\",\"position\":1,\"name\":\"Home\",\"item\":\"https:\\\/\\\/iml.solutions\\\/de\\\/\"},{\"@type\":\"ListItem\",\"position\":2,\"name\":\"Produkte\"}]},{\"@type\":\"WebSite\",\"@id\":\"https:\\\/\\\/iml.solutions\\\/de\\\/#website\",\"url\":\"https:\\\/\\\/iml.solutions\\\/de\\\/\",\"name\":\"https:\\\/\\\/iml.solutions\\\/\",\"description\":\"\",\"publisher\":{\"@id\":\"https:\\\/\\\/iml.solutions\\\/de\\\/#organization\"},\"potentialAction\":[{\"@type\":\"SearchAction\",\"target\":{\"@type\":\"EntryPoint\",\"urlTemplate\":\"https:\\\/\\\/iml.solutions\\\/de\\\/?s={search_term_string}\"},\"query-input\":{\"@type\":\"PropertyValueSpecification\",\"valueRequired\":true,\"valueName\":\"search_term_string\"}}],\"inLanguage\":\"de\"},{\"@type\":\"Organization\",\"@id\":\"https:\\\/\\\/iml.solutions\\\/de\\\/#organization\",\"name\":\"IML net d.o.o.\",\"alternateName\":\"IML solutions\",\"url\":\"https:\\\/\\\/iml.solutions\\\/de\\\/\",\"logo\":{\"@type\":\"ImageObject\",\"inLanguage\":\"de\",\"@id\":\"https:\\\/\\\/iml.solutions\\\/de\\\/#\\\/schema\\\/logo\\\/image\\\/\",\"url\":\"https:\\\/\\\/iml.solutions\\\/wp-content\\\/uploads\\\/2025\\\/09\\\/Logo-iml.png\",\"contentUrl\":\"https:\\\/\\\/iml.solutions\\\/wp-content\\\/uploads\\\/2025\\\/09\\\/Logo-iml.png\",\"width\":1435,\"height\":408,\"caption\":\"IML net d.o.o.\"},\"image\":{\"@id\":\"https:\\\/\\\/iml.solutions\\\/de\\\/#\\\/schema\\\/logo\\\/image\\\/\"}}]}<\/script>\n<!-- \/ Yoast SEO plugin. -->","yoast_head_json":{"title":"Produkte - IML net d.o.o.","description":"Jeder Kunde erh\u00e4lt einen ma\u00dfgeschneiderten Ansatz, da jedes Produkt einzigartige Anforderungen hat.","robots":{"index":"index","follow":"follow","max-snippet":"max-snippet:-1","max-image-preview":"max-image-preview:large","max-video-preview":"max-video-preview:-1"},"canonical":"https:\/\/iml.solutions\/de\/produkte\/","og_locale":"de_DE","og_type":"article","og_title":"Produkte - IML net d.o.o.","og_description":"Jeder Kunde erh\u00e4lt einen ma\u00dfgeschneiderten Ansatz, da jedes Produkt einzigartige Anforderungen hat.","og_url":"https:\/\/iml.solutions\/de\/produkte\/","og_site_name":"IML net d.o.o.","article_modified_time":"2025-10-16T21:41:55+00:00","og_image":[{"width":942,"height":1169,"url":"https:\/\/iml.solutions\/wp-content\/uploads\/2025\/09\/icon-labels_v1.png","type":"image\/png"}],"schema":{"@context":"https:\/\/schema.org","@graph":[{"@type":"WebPage","@id":"https:\/\/iml.solutions\/de\/produkte\/","url":"https:\/\/iml.solutions\/de\/produkte\/","name":"Produkte - IML net d.o.o.","isPartOf":{"@id":"https:\/\/iml.solutions\/de\/#website"},"primaryImageOfPage":{"@id":"https:\/\/iml.solutions\/de\/produkte\/#primaryimage"},"image":{"@id":"https:\/\/iml.solutions\/de\/produkte\/#primaryimage"},"thumbnailUrl":"https:\/\/iml.solutions\/wp-content\/uploads\/2025\/09\/icon-labels_v1-825x1024.png","datePublished":"2025-09-30T17:42:18+00:00","dateModified":"2025-10-16T21:41:55+00:00","description":"Jeder Kunde erh\u00e4lt einen ma\u00dfgeschneiderten Ansatz, da jedes Produkt einzigartige Anforderungen hat.","breadcrumb":{"@id":"https:\/\/iml.solutions\/de\/produkte\/#breadcrumb"},"inLanguage":"de","potentialAction":[{"@type":"ReadAction","target":["https:\/\/iml.solutions\/de\/produkte\/"]}]},{"@type":"ImageObject","inLanguage":"de","@id":"https:\/\/iml.solutions\/de\/produkte\/#primaryimage","url":"https:\/\/iml.solutions\/wp-content\/uploads\/2025\/09\/icon-labels_v1-825x1024.png","contentUrl":"https:\/\/iml.solutions\/wp-content\/uploads\/2025\/09\/icon-labels_v1-825x1024.png"},{"@type":"BreadcrumbList","@id":"https:\/\/iml.solutions\/de\/produkte\/#breadcrumb","itemListElement":[{"@type":"ListItem","position":1,"name":"Home","item":"https:\/\/iml.solutions\/de\/"},{"@type":"ListItem","position":2,"name":"Produkte"}]},{"@type":"WebSite","@id":"https:\/\/iml.solutions\/de\/#website","url":"https:\/\/iml.solutions\/de\/","name":"https:\/\/iml.solutions\/","description":"","publisher":{"@id":"https:\/\/iml.solutions\/de\/#organization"},"potentialAction":[{"@type":"SearchAction","target":{"@type":"EntryPoint","urlTemplate":"https:\/\/iml.solutions\/de\/?s={search_term_string}"},"query-input":{"@type":"PropertyValueSpecification","valueRequired":true,"valueName":"search_term_string"}}],"inLanguage":"de"},{"@type":"Organization","@id":"https:\/\/iml.solutions\/de\/#organization","name":"IML net d.o.o.","alternateName":"IML solutions","url":"https:\/\/iml.solutions\/de\/","logo":{"@type":"ImageObject","inLanguage":"de","@id":"https:\/\/iml.solutions\/de\/#\/schema\/logo\/image\/","url":"https:\/\/iml.solutions\/wp-content\/uploads\/2025\/09\/Logo-iml.png","contentUrl":"https:\/\/iml.solutions\/wp-content\/uploads\/2025\/09\/Logo-iml.png","width":1435,"height":408,"caption":"IML net d.o.o."},"image":{"@id":"https:\/\/iml.solutions\/de\/#\/schema\/logo\/image\/"}}]}},"_links":{"self":[{"href":"https:\/\/iml.solutions\/de\/wp-json\/wp\/v2\/pages\/1162","targetHints":{"allow":["GET"]}}],"collection":[{"href":"https:\/\/iml.solutions\/de\/wp-json\/wp\/v2\/pages"}],"about":[{"href":"https:\/\/iml.solutions\/de\/wp-json\/wp\/v2\/types\/page"}],"author":[{"embeddable":true,"href":"https:\/\/iml.solutions\/de\/wp-json\/wp\/v2\/users\/1"}],"replies":[{"embeddable":true,"href":"https:\/\/iml.solutions\/de\/wp-json\/wp\/v2\/comments?post=1162"}],"version-history":[{"count":3,"href":"https:\/\/iml.solutions\/de\/wp-json\/wp\/v2\/pages\/1162\/revisions"}],"predecessor-version":[{"id":1194,"href":"https:\/\/iml.solutions\/de\/wp-json\/wp\/v2\/pages\/1162\/revisions\/1194"}],"wp:attachment":[{"href":"https:\/\/iml.solutions\/de\/wp-json\/wp\/v2\/media?parent=1162"}],"curies":[{"name":"wp","href":"https:\/\/api.w.org\/{rel}","templated":true}]}}