{"id":1203,"date":"2025-10-02T15:29:14","date_gmt":"2025-10-02T13:29:14","guid":{"rendered":"https:\/\/iml.solutions\/werbeetiketten\/"},"modified":"2025-10-17T00:02:12","modified_gmt":"2025-10-16T22:02:12","slug":"werbeetiketten","status":"publish","type":"page","link":"https:\/\/iml.solutions\/de\/werbeetiketten\/","title":{"rendered":"Werbeetiketten"},"content":{"rendered":"\t\t<div data-elementor-type=\"wp-page\" data-elementor-id=\"1203\" class=\"elementor elementor-1203 elementor-867\" data-elementor-post-type=\"page\">\n\t\t\t\t<div class=\"elementor-element elementor-element-cf4acd3 e-con-full e-flex e-con e-parent\" data-id=\"cf4acd3\" data-element_type=\"container\" data-e-type=\"container\">\n\t\t\t\t<div class=\"elementor-element elementor-element-eb5747a elementor--h-position-center elementor--v-position-middle elementor-arrows-position-inside elementor-pagination-position-inside elementor-widget elementor-widget-slides\" data-id=\"eb5747a\" data-element_type=\"widget\" data-e-type=\"widget\" data-settings=\"{&quot;navigation&quot;:&quot;both&quot;,&quot;autoplay&quot;:&quot;yes&quot;,&quot;pause_on_hover&quot;:&quot;yes&quot;,&quot;pause_on_interaction&quot;:&quot;yes&quot;,&quot;autoplay_speed&quot;:5000,&quot;infinite&quot;:&quot;yes&quot;,&quot;transition&quot;:&quot;slide&quot;,&quot;transition_speed&quot;:500}\" data-widget_type=\"slides.default\">\n\t\t\t\t\t\t\t\t\t\t<div class=\"elementor-slides-wrapper elementor-main-swiper swiper\" role=\"region\" aria-roledescription=\"carousel\" aria-label=\"Slides\" dir=\"ltr\" data-animation=\"fadeInUp\">\n\t\t\t\t<div class=\"swiper-wrapper elementor-slides\">\n\t\t\t\t\t\t\t\t\t\t<div class=\"elementor-repeater-item-96a874e swiper-slide\" role=\"group\" aria-roledescription=\"slide\"><div class=\"swiper-slide-bg\" role=\"img\" aria-label=\"baner promotional\"><\/div><div class=\"swiper-slide-inner\" ><div class=\"swiper-slide-contents\"><\/div><\/div><\/div>\t\t\t\t<\/div>\n\t\t\t\t\t\t\t<\/div>\n\t\t\t\t\t\t\t\t<\/div>\n\t\t\t\t<\/div>\n\t\t<div class=\"elementor-element elementor-element-73131eea e-flex e-con-boxed e-con e-parent\" data-id=\"73131eea\" data-element_type=\"container\" data-e-type=\"container\">\n\t\t\t\t\t<div class=\"e-con-inner\">\n\t\t\t\t<div class=\"elementor-element elementor-element-4aa4a2d elementor-widget elementor-widget-heading\" data-id=\"4aa4a2d\" data-element_type=\"widget\" data-e-type=\"widget\" data-widget_type=\"heading.default\">\n\t\t\t\t\t<h2 class=\"elementor-heading-title elementor-size-default\">Werbeetiketten, die dem Zahn der Zeit standhalten<\/h2>\t\t\t\t<\/div>\n\t\t\t\t\t<\/div>\n\t\t\t\t<\/div>\n\t\t<div class=\"elementor-element elementor-element-45db7d3 e-flex e-con-boxed e-con e-parent\" data-id=\"45db7d3\" data-element_type=\"container\" data-e-type=\"container\">\n\t\t\t\t\t<div class=\"e-con-inner\">\n\t\t\t\t<div class=\"elementor-element elementor-element-67a2313 elementor-widget elementor-widget-text-editor\" data-id=\"67a2313\" data-element_type=\"widget\" data-e-type=\"widget\" data-widget_type=\"text-editor.default\">\n\t\t\t\t\t\t\t\t\t<p><span style=\"font-weight: 400;\">Werbeartikel sind mehr als nur ein Geschenk \u2013 sie sind ein physischer Erinnerungsanker an Ihre Marke. Damit sie ihre Aufgabe erf\u00fcllen k\u00f6nnen, m\u00fcssen sie langlebig, attraktiv und alltagstauglich sein. Bei IML net d.o.o. wissen wir, wie wichtig Best\u00e4ndigkeit im Werbebereich ist. <\/span><\/p><p><span style=\"font-weight: 400;\">Deshalb haben wir die Herstellung von laminierten Premium-Etiketten mit mittlerer Haltbarkeit perfektioniert \u2013 damit Ihre Marke stets sichtbar und pr\u00e4sent bleibt.<br><\/span><\/p>\t\t\t\t\t\t\t\t<\/div>\n\t\t\t\t\t<\/div>\n\t\t\t\t<\/div>\n\t\t<div class=\"elementor-element elementor-element-df63dc3 e-flex e-con-boxed e-con e-parent\" data-id=\"df63dc3\" data-element_type=\"container\" data-e-type=\"container\" data-settings=\"{&quot;background_background&quot;:&quot;classic&quot;}\">\n\t\t\t\t\t<div class=\"e-con-inner\">\n\t\t<div class=\"elementor-element elementor-element-d9e922c e-flex e-con-boxed e-con e-child\" data-id=\"d9e922c\" data-element_type=\"container\" data-e-type=\"container\">\n\t\t\t\t\t<div class=\"e-con-inner\">\n\t\t\t\t<div class=\"elementor-element elementor-element-fd41266 elementor-widget elementor-widget-heading\" data-id=\"fd41266\" data-element_type=\"widget\" data-e-type=\"widget\" data-widget_type=\"heading.default\">\n\t\t\t\t\t<h2 class=\"elementor-heading-title elementor-size-default\">IML-Technologie im Dienst Ihrer Marke<\/h2>\t\t\t\t<\/div>\n\t\t\t\t<div class=\"elementor-element elementor-element-6d40555 elementor-widget elementor-widget-text-editor\" data-id=\"6d40555\" data-element_type=\"widget\" data-e-type=\"widget\" data-widget_type=\"text-editor.default\">\n\t\t\t\t\t\t\t\t\t<p style=\"text-align: center;\">Stellen Sie sich vor, Sie sitzen in einem Caf\u00e9 an einem gebrandeten Tisch. Das Etikett ist kratzfest, pflegeleicht \u2013 und sieht noch immer wie neu aus. Das ist die St\u00e4rke der IML-Technologie (In-Mould Labelling): Das Etikett wird direkt w\u00e4hrend der Herstellung in das Produkt integriert, was ein Abl\u00f6sen oder Absplittern unm\u00f6glich macht.<\/p><p><span style=\"font-weight: 400;\">Unsere Etiketten f\u00fcr Werbeprodukte sind laminiert, was sie besonders widerstandsf\u00e4hig macht und gleichzeitig Produktionsabf\u00e4lle reduziert. Das Ergebnis ist ein Produkt, dessen Etikett so langlebig ist wie das Produkt selbst. So wird Ihre Investition in hochwertige Etiketten zu einem langfristigen Markenbotschafter \u2013 egal, wo der Artikel eingesetzt wird.<br><\/span><\/p>\t\t\t\t\t\t\t\t<\/div>\n\t\t\t\t\t<\/div>\n\t\t\t\t<\/div>\n\t\t\t\t\t<\/div>\n\t\t\t\t<\/div>\n\t\t<div class=\"elementor-element elementor-element-7dee031 e-flex e-con-boxed e-con e-parent\" data-id=\"7dee031\" data-element_type=\"container\" data-e-type=\"container\">\n\t\t\t\t\t<div class=\"e-con-inner\">\n\t\t\t\t<div class=\"elementor-element elementor-element-fba1613 elementor-widget elementor-widget-text-editor\" data-id=\"fba1613\" data-element_type=\"widget\" data-e-type=\"widget\" data-widget_type=\"text-editor.default\">\n\t\t\t\t\t\t\t\t\t<p><span style=\"font-weight: 400;\">IML bietet vielf\u00e4ltige Anwendungsm\u00f6glichkeiten bei Werbeartikeln \u2013 von gr\u00f6\u00dferen Objekten wie Kunststoffm\u00f6beln f\u00fcr Au\u00dfenbereiche bis hin zu kleineren Artikeln, die Kund:innen mitnehmen. Ob gebrandetes Messe-Mobiliar oder Giveaways wie Tassen und Schl\u00fcsselanh\u00e4nger \u2013 IML sorgt daf\u00fcr, dass Ihre Botschaft erhalten bleibt.<br><\/span><\/p>\t\t\t\t\t\t\t\t<\/div>\n\t\t\t\t\t<\/div>\n\t\t\t\t<\/div>\n\t\t<div class=\"elementor-element elementor-element-77996dd e-flex e-con-boxed e-con e-parent\" data-id=\"77996dd\" data-element_type=\"container\" data-e-type=\"container\" data-settings=\"{&quot;background_background&quot;:&quot;classic&quot;}\">\n\t\t\t\t\t<div class=\"e-con-inner\">\n\t\t\t\t<div class=\"elementor-element elementor-element-86ddf5f elementor-widget elementor-widget-heading\" data-id=\"86ddf5f\" data-element_type=\"widget\" data-e-type=\"widget\" data-widget_type=\"heading.default\">\n\t\t\t\t\t<h6 class=\"elementor-heading-title elementor-size-default\">Wissenswertes zu Etiketten f\u00fcr Getr\u00e4nkekisten (Q&amp;A)<\/h6>\t\t\t\t<\/div>\n\t\t\t\t<div class=\"elementor-element elementor-element-466e844 uael-faq-box-layout-yes align-at-left elementor-widget elementor-widget-uael-faq\" data-id=\"466e844\" data-element_type=\"widget\" data-e-type=\"widget\" data-widget_type=\"uael-faq.default\">\n\t\t\t\t<div class=\"elementor-widget-container\">\n\t\t\t\t\t\n\t\t\t<div id='uael-faq-wrapper-738' class=\"uael-faq-wrapper\">\n\t\t\t\t<div class=\"uael-faq-container uael-faq-layout-accordion\" data-layout=\"toggle\" >\n\t\t\t\t\t\t\t\t\t\t\t\t<div id=\"uael-accordion-2a83f30\" class=\"uael-faq-accordion\" role=\"tablist\">\n\t\t\t\t\t\t\t\t<div class= \"uael-accordion-title\" aria-expanded=\"false\" role=\"tab\">\n\t\t\t\t\t\t\t\t\t<span class=\"uael-accordion-icon uael-accordion-icon-left\">\n\t\t\t\t\t\t\t\t\t\t<span class=\"uael-accordion-icon-closed\"><\/span>\n\t\t\t\t\t\t\t\t\t\t<span class=\"uael-accordion-icon-opened\"><\/span>\n\t\t\t\t\t\t\t\t\t<\/span>\n\t\t\t\t\t\t\t\t\t<h4 class=\"uael-question-2a83f30 uael-question-span\" tabindex=\"0\" id=\"uael-faq-1-69ef835371870\">Nutzen sich Etiketten bei h\u00e4ufiger Verwendung ab?<\/h4>\n\t\t\t\t\t\t\t\t<\/div>\n\t\t\t\t\t\t\t\t<div class=\"uael-accordion-content\" role=\"tabpanel\">\n\t\t\t\t\t\t\t\t\t<span>\n\t\t\t\t\t\t\t\t\t<span><p><span style=\"font-weight: 400;\">Nein. Unsere laminierten Premium-Etiketten mit mittlerer Haltbarkeit sind resistent gegen Kratzer und Absplittern. Die Laminierung bietet zus\u00e4tzlichen Schutz \u2013 auch bei t\u00e4glichem Gebrauch bleibt das Etikett unversehrt.<br><\/span><\/p><\/span>\t\t\t\t\t\t\t\t\t<\/span>\n\t\t\t\t\t\t\t\t<\/div>\n\t\t\t\t\t\t\t<\/div>\n\t\t\t\t\t\t\t\t\t\t\t\t\t\t<div id=\"uael-accordion-9e671de\" class=\"uael-faq-accordion\" role=\"tablist\">\n\t\t\t\t\t\t\t\t<div class= \"uael-accordion-title\" aria-expanded=\"false\" role=\"tab\">\n\t\t\t\t\t\t\t\t\t<span class=\"uael-accordion-icon uael-accordion-icon-left\">\n\t\t\t\t\t\t\t\t\t\t<span class=\"uael-accordion-icon-closed\"><\/span>\n\t\t\t\t\t\t\t\t\t\t<span class=\"uael-accordion-icon-opened\"><\/span>\n\t\t\t\t\t\t\t\t\t<\/span>\n\t\t\t\t\t\t\t\t\t<h4 class=\"uael-question-9e671de uael-question-span\" tabindex=\"0\" id=\"uael-faq-2-69ef8353718a0\">Sind IML-Werbeprodukte waschbar?<\/h4>\n\t\t\t\t\t\t\t\t<\/div>\n\t\t\t\t\t\t\t\t<div class=\"uael-accordion-content\" role=\"tabpanel\">\n\t\t\t\t\t\t\t\t\t<span>\n\t\t\t\t\t\t\t\t\t<span><p><span style=\"font-weight: 400;\">Ja, absolut. IML-Etiketten sind wasserresistent und lassen sich problemlos reinigen \u2013 ohne Risiko f\u00fcr die Druckqualit\u00e4t.<\/span><\/p><\/span>\t\t\t\t\t\t\t\t\t<\/span>\n\t\t\t\t\t\t\t\t<\/div>\n\t\t\t\t\t\t\t<\/div>\n\t\t\t\t\t\t\t\t\t\t\t\t\t\t<div id=\"uael-accordion-45a123e\" class=\"uael-faq-accordion\" role=\"tablist\">\n\t\t\t\t\t\t\t\t<div class= \"uael-accordion-title\" aria-expanded=\"false\" role=\"tab\">\n\t\t\t\t\t\t\t\t\t<span class=\"uael-accordion-icon uael-accordion-icon-left\">\n\t\t\t\t\t\t\t\t\t\t<span class=\"uael-accordion-icon-closed\"><\/span>\n\t\t\t\t\t\t\t\t\t\t<span class=\"uael-accordion-icon-opened\"><\/span>\n\t\t\t\t\t\t\t\t\t<\/span>\n\t\t\t\t\t\t\t\t\t<h4 class=\"uael-question-45a123e uael-question-span\" tabindex=\"0\" id=\"uael-faq-3-69ef8353718b7\">Warum werden IML-Etiketten f\u00fcr Werbeartikel laminiert?<\/h4>\n\t\t\t\t\t\t\t\t<\/div>\n\t\t\t\t\t\t\t\t<div class=\"uael-accordion-content\" role=\"tabpanel\">\n\t\t\t\t\t\t\t\t\t<span>\n\t\t\t\t\t\t\t\t\t<span><p><span style=\"font-weight: 400;\">Die Laminierung ist entscheidend f\u00fcr die Erh\u00f6hung der Haltbarkeit und Widerstandsf\u00e4higkeit von IML-Etiketten. Sie bildet eine Schutzschicht, die das Etikett vor Kratzern, UV-Strahlung und Feuchtigkeit bewahrt \u2013 ein besonders wichtiger Faktor bei Werbeartikeln. Diese zus\u00e4tzliche Schicht sorgt daf\u00fcr, dass die Farben lange erhalten bleiben und das Etikett stets hochwertig aussieht. So wird das Risiko von Besch\u00e4digungen und Produktionsabfall deutlich reduziert. Das Endergebnis ist ein \u00e4u\u00dferst langlebiges und visuell ansprechendes Produkt, das seine Qualit\u00e4t \u00fcber einen langen Zeitraum hinweg bewahrt.<br><\/span><\/p><\/span>\t\t\t\t\t\t\t\t\t<\/span>\n\t\t\t\t\t\t\t\t<\/div>\n\t\t\t\t\t\t\t<\/div>\n\t\t\t\t\t\t\t\t\t\t\t<\/div>\n\t\t\t<\/div>\n\t\t\t\t\t\t\t<\/div>\n\t\t\t\t<\/div>\n\t\t\t\t\t<\/div>\n\t\t\t\t<\/div>\n\t\t<div class=\"elementor-element elementor-element-2866484b e-flex e-con-boxed e-con e-parent\" data-id=\"2866484b\" data-element_type=\"container\" data-e-type=\"container\" data-settings=\"{&quot;background_background&quot;:&quot;classic&quot;}\">\n\t\t\t\t\t<div class=\"e-con-inner\">\n\t\t<div class=\"elementor-element elementor-element-753b185 e-con-full e-flex e-con e-child\" data-id=\"753b185\" data-element_type=\"container\" data-e-type=\"container\">\n\t\t\t\t<div class=\"elementor-element elementor-element-7a5d06c8 elementor-invisible elementor-widget elementor-widget-heading\" data-id=\"7a5d06c8\" data-element_type=\"widget\" data-e-type=\"widget\" data-settings=\"{&quot;_animation&quot;:&quot;fadeIn&quot;}\" data-widget_type=\"heading.default\">\n\t\t\t\t\t<h3 class=\"elementor-heading-title elementor-size-default\">M\u00f6chten Sie, dass Ihre Markenartikel l\u00e4nger halten? Kontaktieren Sie uns \u2013 wir beraten Sie gerne zu L\u00f6sungen f\u00fcr Ihre Werbeprodukte.<br><\/h3>\t\t\t\t<\/div>\n\t\t\t\t<\/div>\n\t\t<div class=\"elementor-element elementor-element-2eb44b79 e-con-full e-flex e-con e-child\" data-id=\"2eb44b79\" data-element_type=\"container\" data-e-type=\"container\">\n\t\t\t\t<div class=\"elementor-element elementor-element-6de51916 elementor-mobile-align-center elementor-widget elementor-widget-button\" data-id=\"6de51916\" data-element_type=\"widget\" data-e-type=\"widget\" data-widget_type=\"button.default\">\n\t\t\t\t\t\t\t\t\t\t<a class=\"elementor-button elementor-button-link elementor-size-sm\" href=\"https:\/\/iml.solutions\/de\/kontakt\">\n\t\t\t\t\t\t<span class=\"elementor-button-content-wrapper\">\n\t\t\t\t\t\t\t\t\t<span class=\"elementor-button-text\">Jetzt kontaktieren<\/span>\n\t\t\t\t\t<\/span>\n\t\t\t\t\t<\/a>\n\t\t\t\t\t\t\t\t<\/div>\n\t\t\t\t<\/div>\n\t\t\t\t\t<\/div>\n\t\t\t\t<\/div>\n\t\t\t\t<\/div>\n\t\t","protected":false},"excerpt":{"rendered":"<p>Werbeetiketten, die dem Zahn der Zeit standhalten Werbeartikel sind mehr als nur ein Geschenk \u2013 sie sind ein physischer Erinnerungsanker [&hellip;]<\/p>\n","protected":false},"author":1,"featured_media":0,"parent":0,"menu_order":0,"comment_status":"closed","ping_status":"closed","template":"","meta":{"site-sidebar-layout":"no-sidebar","site-content-layout":"","ast-site-content-layout":"full-width-container","site-content-style":"default","site-sidebar-style":"default","ast-global-header-display":"","ast-banner-title-visibility":"","ast-main-header-display":"","ast-hfb-above-header-display":"","ast-hfb-below-header-display":"","ast-hfb-mobile-header-display":"","site-post-title":"disabled","ast-breadcrumbs-content":"","ast-featured-img":"disabled","footer-sml-layout":"","ast-disable-related-posts":"","theme-transparent-header-meta":"default","adv-header-id-meta":"","stick-header-meta":"default","header-above-stick-meta":"","header-main-stick-meta":"","header-below-stick-meta":"","astra-migrate-meta-layouts":"default","ast-page-background-enabled":"default","ast-page-background-meta":{"desktop":{"background-color":"var(--ast-global-color-5)","background-image":"","background-repeat":"repeat","background-position":"center center","background-size":"auto","background-attachment":"scroll","background-type":"","background-media":"","overlay-type":"","overlay-color":"","overlay-opacity":"","overlay-gradient":""},"tablet":{"background-color":"","background-image":"","background-repeat":"repeat","background-position":"center center","background-size":"auto","background-attachment":"scroll","background-type":"","background-media":"","overlay-type":"","overlay-color":"","overlay-opacity":"","overlay-gradient":""},"mobile":{"background-color":"","background-image":"","background-repeat":"repeat","background-position":"center center","background-size":"auto","background-attachment":"scroll","background-type":"","background-media":"","overlay-type":"","overlay-color":"","overlay-opacity":"","overlay-gradient":""}},"ast-content-background-meta":{"desktop":{"background-color":"var(--ast-global-color-4)","background-image":"","background-repeat":"repeat","background-position":"center center","background-size":"auto","background-attachment":"scroll","background-type":"","background-media":"","overlay-type":"","overlay-color":"","overlay-opacity":"","overlay-gradient":""},"tablet":{"background-color":"var(--ast-global-color-4)","background-image":"","background-repeat":"repeat","background-position":"center center","background-size":"auto","background-attachment":"scroll","background-type":"","background-media":"","overlay-type":"","overlay-color":"","overlay-opacity":"","overlay-gradient":""},"mobile":{"background-color":"var(--ast-global-color-4)","background-image":"","background-repeat":"repeat","background-position":"center center","background-size":"auto","background-attachment":"scroll","background-type":"","background-media":"","overlay-type":"","overlay-color":"","overlay-opacity":"","overlay-gradient":""}},"footnotes":""},"class_list":["post-1203","page","type-page","status-publish","hentry"],"yoast_head":"<!-- This site is optimized with the Yoast SEO plugin v27.3 - https:\/\/yoast.com\/product\/yoast-seo-wordpress\/ -->\n<title>Werbeetiketten - IML net d.o.o.<\/title>\n<meta name=\"description\" content=\"Werbeartikel sind mehr als nur ein Geschenk \u2013 sie sind ein physischer Erinnerungsanker an Ihre Marke.\" \/>\n<meta name=\"robots\" content=\"index, follow, max-snippet:-1, max-image-preview:large, max-video-preview:-1\" \/>\n<link rel=\"canonical\" href=\"https:\/\/iml.solutions\/de\/werbeetiketten\/\" \/>\n<meta property=\"og:locale\" content=\"de_DE\" \/>\n<meta property=\"og:type\" content=\"article\" \/>\n<meta property=\"og:title\" content=\"Werbeetiketten - IML net d.o.o.\" \/>\n<meta property=\"og:description\" content=\"Werbeartikel sind mehr als nur ein Geschenk \u2013 sie sind ein physischer Erinnerungsanker an Ihre Marke.\" \/>\n<meta property=\"og:url\" content=\"https:\/\/iml.solutions\/de\/werbeetiketten\/\" \/>\n<meta property=\"og:site_name\" content=\"IML net d.o.o.\" \/>\n<meta property=\"article:modified_time\" content=\"2025-10-16T22:02:12+00:00\" \/>\n<script type=\"application\/ld+json\" class=\"yoast-schema-graph\">{\"@context\":\"https:\\\/\\\/schema.org\",\"@graph\":[{\"@type\":\"WebPage\",\"@id\":\"https:\\\/\\\/iml.solutions\\\/de\\\/werbeetiketten\\\/\",\"url\":\"https:\\\/\\\/iml.solutions\\\/de\\\/werbeetiketten\\\/\",\"name\":\"Werbeetiketten - IML net d.o.o.\",\"isPartOf\":{\"@id\":\"https:\\\/\\\/iml.solutions\\\/de\\\/#website\"},\"datePublished\":\"2025-10-02T13:29:14+00:00\",\"dateModified\":\"2025-10-16T22:02:12+00:00\",\"description\":\"Werbeartikel sind mehr als nur ein Geschenk \u2013 sie sind ein physischer Erinnerungsanker an Ihre Marke.\",\"breadcrumb\":{\"@id\":\"https:\\\/\\\/iml.solutions\\\/de\\\/werbeetiketten\\\/#breadcrumb\"},\"inLanguage\":\"de\",\"potentialAction\":[{\"@type\":\"ReadAction\",\"target\":[\"https:\\\/\\\/iml.solutions\\\/de\\\/werbeetiketten\\\/\"]}]},{\"@type\":\"BreadcrumbList\",\"@id\":\"https:\\\/\\\/iml.solutions\\\/de\\\/werbeetiketten\\\/#breadcrumb\",\"itemListElement\":[{\"@type\":\"ListItem\",\"position\":1,\"name\":\"Home\",\"item\":\"https:\\\/\\\/iml.solutions\\\/de\\\/\"},{\"@type\":\"ListItem\",\"position\":2,\"name\":\"Werbeetiketten\"}]},{\"@type\":\"WebSite\",\"@id\":\"https:\\\/\\\/iml.solutions\\\/de\\\/#website\",\"url\":\"https:\\\/\\\/iml.solutions\\\/de\\\/\",\"name\":\"https:\\\/\\\/iml.solutions\\\/\",\"description\":\"\",\"publisher\":{\"@id\":\"https:\\\/\\\/iml.solutions\\\/de\\\/#organization\"},\"potentialAction\":[{\"@type\":\"SearchAction\",\"target\":{\"@type\":\"EntryPoint\",\"urlTemplate\":\"https:\\\/\\\/iml.solutions\\\/de\\\/?s={search_term_string}\"},\"query-input\":{\"@type\":\"PropertyValueSpecification\",\"valueRequired\":true,\"valueName\":\"search_term_string\"}}],\"inLanguage\":\"de\"},{\"@type\":\"Organization\",\"@id\":\"https:\\\/\\\/iml.solutions\\\/de\\\/#organization\",\"name\":\"IML net d.o.o.\",\"alternateName\":\"IML solutions\",\"url\":\"https:\\\/\\\/iml.solutions\\\/de\\\/\",\"logo\":{\"@type\":\"ImageObject\",\"inLanguage\":\"de\",\"@id\":\"https:\\\/\\\/iml.solutions\\\/de\\\/#\\\/schema\\\/logo\\\/image\\\/\",\"url\":\"https:\\\/\\\/iml.solutions\\\/wp-content\\\/uploads\\\/2025\\\/09\\\/Logo-iml.png\",\"contentUrl\":\"https:\\\/\\\/iml.solutions\\\/wp-content\\\/uploads\\\/2025\\\/09\\\/Logo-iml.png\",\"width\":1435,\"height\":408,\"caption\":\"IML net d.o.o.\"},\"image\":{\"@id\":\"https:\\\/\\\/iml.solutions\\\/de\\\/#\\\/schema\\\/logo\\\/image\\\/\"}}]}<\/script>\n<!-- \/ Yoast SEO plugin. -->","yoast_head_json":{"title":"Werbeetiketten - IML net d.o.o.","description":"Werbeartikel sind mehr als nur ein Geschenk \u2013 sie sind ein physischer Erinnerungsanker an Ihre Marke.","robots":{"index":"index","follow":"follow","max-snippet":"max-snippet:-1","max-image-preview":"max-image-preview:large","max-video-preview":"max-video-preview:-1"},"canonical":"https:\/\/iml.solutions\/de\/werbeetiketten\/","og_locale":"de_DE","og_type":"article","og_title":"Werbeetiketten - IML net d.o.o.","og_description":"Werbeartikel sind mehr als nur ein Geschenk \u2013 sie sind ein physischer Erinnerungsanker an Ihre Marke.","og_url":"https:\/\/iml.solutions\/de\/werbeetiketten\/","og_site_name":"IML net d.o.o.","article_modified_time":"2025-10-16T22:02:12+00:00","schema":{"@context":"https:\/\/schema.org","@graph":[{"@type":"WebPage","@id":"https:\/\/iml.solutions\/de\/werbeetiketten\/","url":"https:\/\/iml.solutions\/de\/werbeetiketten\/","name":"Werbeetiketten - IML net d.o.o.","isPartOf":{"@id":"https:\/\/iml.solutions\/de\/#website"},"datePublished":"2025-10-02T13:29:14+00:00","dateModified":"2025-10-16T22:02:12+00:00","description":"Werbeartikel sind mehr als nur ein Geschenk \u2013 sie sind ein physischer Erinnerungsanker an Ihre Marke.","breadcrumb":{"@id":"https:\/\/iml.solutions\/de\/werbeetiketten\/#breadcrumb"},"inLanguage":"de","potentialAction":[{"@type":"ReadAction","target":["https:\/\/iml.solutions\/de\/werbeetiketten\/"]}]},{"@type":"BreadcrumbList","@id":"https:\/\/iml.solutions\/de\/werbeetiketten\/#breadcrumb","itemListElement":[{"@type":"ListItem","position":1,"name":"Home","item":"https:\/\/iml.solutions\/de\/"},{"@type":"ListItem","position":2,"name":"Werbeetiketten"}]},{"@type":"WebSite","@id":"https:\/\/iml.solutions\/de\/#website","url":"https:\/\/iml.solutions\/de\/","name":"https:\/\/iml.solutions\/","description":"","publisher":{"@id":"https:\/\/iml.solutions\/de\/#organization"},"potentialAction":[{"@type":"SearchAction","target":{"@type":"EntryPoint","urlTemplate":"https:\/\/iml.solutions\/de\/?s={search_term_string}"},"query-input":{"@type":"PropertyValueSpecification","valueRequired":true,"valueName":"search_term_string"}}],"inLanguage":"de"},{"@type":"Organization","@id":"https:\/\/iml.solutions\/de\/#organization","name":"IML net d.o.o.","alternateName":"IML solutions","url":"https:\/\/iml.solutions\/de\/","logo":{"@type":"ImageObject","inLanguage":"de","@id":"https:\/\/iml.solutions\/de\/#\/schema\/logo\/image\/","url":"https:\/\/iml.solutions\/wp-content\/uploads\/2025\/09\/Logo-iml.png","contentUrl":"https:\/\/iml.solutions\/wp-content\/uploads\/2025\/09\/Logo-iml.png","width":1435,"height":408,"caption":"IML net d.o.o."},"image":{"@id":"https:\/\/iml.solutions\/de\/#\/schema\/logo\/image\/"}}]}},"_links":{"self":[{"href":"https:\/\/iml.solutions\/de\/wp-json\/wp\/v2\/pages\/1203","targetHints":{"allow":["GET"]}}],"collection":[{"href":"https:\/\/iml.solutions\/de\/wp-json\/wp\/v2\/pages"}],"about":[{"href":"https:\/\/iml.solutions\/de\/wp-json\/wp\/v2\/types\/page"}],"author":[{"embeddable":true,"href":"https:\/\/iml.solutions\/de\/wp-json\/wp\/v2\/users\/1"}],"replies":[{"embeddable":true,"href":"https:\/\/iml.solutions\/de\/wp-json\/wp\/v2\/comments?post=1203"}],"version-history":[{"count":1,"href":"https:\/\/iml.solutions\/de\/wp-json\/wp\/v2\/pages\/1203\/revisions"}],"predecessor-version":[{"id":1205,"href":"https:\/\/iml.solutions\/de\/wp-json\/wp\/v2\/pages\/1203\/revisions\/1205"}],"wp:attachment":[{"href":"https:\/\/iml.solutions\/de\/wp-json\/wp\/v2\/media?parent=1203"}],"curies":[{"name":"wp","href":"https:\/\/api.w.org\/{rel}","templated":true}]}}