{"id":1212,"date":"2025-10-06T20:58:22","date_gmt":"2025-10-06T18:58:22","guid":{"rendered":"https:\/\/iml.solutions\/cookie-policy\/"},"modified":"2025-10-17T00:37:40","modified_gmt":"2025-10-16T22:37:40","slug":"cookie-policy","status":"publish","type":"page","link":"https:\/\/iml.solutions\/de\/cookie-policy\/","title":{"rendered":"Cookie-Richtlinie"},"content":{"rendered":"\t\t<div data-elementor-type=\"wp-page\" data-elementor-id=\"1212\" class=\"elementor elementor-1212 elementor-1101\" data-elementor-post-type=\"page\">\n\t\t\t\t<div class=\"elementor-element elementor-element-32948f1 e-flex e-con-boxed e-con e-parent\" data-id=\"32948f1\" data-element_type=\"container\" data-e-type=\"container\">\n\t\t\t\t\t<div class=\"e-con-inner\">\n\t\t\t\t<div class=\"elementor-element elementor-element-586a14d elementor-widget elementor-widget-text-editor\" data-id=\"586a14d\" data-element_type=\"widget\" data-e-type=\"widget\" data-widget_type=\"text-editor.default\">\n\t\t\t\t\t\t\t\t\t<p data-start=\"0\" data-end=\"19\"><strong>Was sind Cookies?<\/strong><\/p><p data-start=\"21\" data-end=\"673\">Cookies sind kleine Dateien, die Ihr Browser auf Ihrem Computer oder mobilen Ger\u00e4t speichert, wenn Sie unsere Website besuchen. Sie erm\u00f6glichen der Website, Ihren Computer zu erkennen, Ihre Besuche auf verschiedenen Seiten der Website zu verkn\u00fcpfen und Sie m\u00f6glicherweise beim n\u00e4chsten Besuch wiederzuerkennen. Die Cookies auf unserer Website dienen nicht dazu, den Nutzer auszuspionieren, verfolgen nicht alle Aktivit\u00e4ten des Nutzers und sind kein sch\u00e4dlicher Code oder Virus. Informationen wie Ihr Name oder Ihre E-Mail-Adresse werden nicht gespeichert \u2013 die Website kann nicht auf Ihre pers\u00f6nlichen Daten oder Dateien auf Ihrem Computer zugreifen.<\/p><p data-start=\"675\" data-end=\"700\"><strong>Cookies nach Herkunft<\/strong><\/p><p data-start=\"702\" data-end=\"950\"><strong data-start=\"702\" data-end=\"728\">a) First-Party-Cookies<\/strong><br data-start=\"728\" data-end=\"731\" \/>First-Party-Cookies stammen von der Website, die Sie gerade besuchen, und k\u00f6nnen dauerhaft oder tempor\u00e4r sein. Mit diesen Cookies kann die Website Daten speichern, die bei Ihrem n\u00e4chsten Besuch wiederverwendet werden.<\/p><p data-start=\"952\" data-end=\"1245\"><strong data-start=\"952\" data-end=\"978\">b) Third-Party-Cookies<\/strong><br data-start=\"978\" data-end=\"981\" \/>Third-Party-Cookies stammen von anderen Websites oder Diensten und werden auf der von Ihnen besuchten Website platziert. Diese Cookies erm\u00f6glichen es anderen Websites oder Diensten, Ihre Internetnutzung auf der besuchten Website zu Marketingzwecken zu verfolgen.<\/p><p data-start=\"1247\" data-end=\"1272\"><strong>Cookies nach Funktion<\/strong><\/p><p data-start=\"1274\" data-end=\"1967\"><strong data-start=\"1274\" data-end=\"1299\">a) Notwendige Cookies<\/strong><br data-start=\"1299\" data-end=\"1302\" \/>(immer aktiv) \u2013 Diese Cookies sind f\u00fcr die Funktionalit\u00e4t unserer Website erforderlich und k\u00f6nnen nicht deaktiviert werden. Sie gew\u00e4hrleisten beispielsweise, dass Einstellungen f\u00fcr den Benutzer (Sprache, W\u00e4hrung, Akzeptanz von Cookies, Wunschliste, Warenkorb usw.) \u00fcber alle Sitzungen hinweg gespeichert bleiben. Au\u00dferdem tragen diese Cookies oder \u00e4hnliche Technologien zur sicheren und korrekten Nutzung unserer Dienste bei. Sie k\u00f6nnen Ihren Browser so einstellen, dass diese Cookies blockiert werden oder Sie \u00fcber diese Cookies benachrichtigt werden, aber in diesem Fall funktioniert die Website nicht richtig und das Einkaufen im Online-Shop ist nicht m\u00f6glich.<\/p><p data-start=\"1969\" data-end=\"2165\"><strong data-start=\"1969\" data-end=\"1995\">b) Analytische Cookies<\/strong><br data-start=\"1995\" data-end=\"1998\" \/>(k\u00f6nnen abgelehnt oder deaktiviert werden) \u2013 Erm\u00f6glichen die Aufzeichnung von Besuchen und Verkehrsquellen zur Messung und Verbesserung der Effektivit\u00e4t der Website.<\/p><p data-start=\"2167\" data-end=\"2327\"><strong data-start=\"2167\" data-end=\"2191\">c) Marketing-Cookies<\/strong><br data-start=\"2191\" data-end=\"2194\" \/>(k\u00f6nnen abgelehnt oder deaktiviert werden) \u2013 Dienen dazu, Nutzer \u00fcber Websites hinweg zu verfolgen und gezielte Werbung anzuzeigen.<\/p><p data-start=\"2329\" data-end=\"2359\"><strong>Cookies auf dieser Website<\/strong><\/p><p data-start=\"2361\" data-end=\"2499\">Diese Website verwendet notwendige, analytische und Marketing-Cookies. Analytische und Marketing-Cookies m\u00fcssen nicht akzeptiert werden.<\/p><p data-start=\"2501\" data-end=\"2546\"><strong>Verwaltung der Cookies auf dieser Website<\/strong><\/p><p data-start=\"2548\" data-end=\"2749\">Am unteren Rand dieser Website befindet sich ein Link \u201eCookies konfigurieren\u201c. \u00dcber diesen Link k\u00f6nnen Sie jederzeit Ihre Auswahl der Cookies \u00e4ndern, die auf Ihrem Computer gespeichert werden sollen.<\/p><p data-start=\"2751\" data-end=\"2790\"><strong>L\u00f6schen von Cookies auf Ihrem Ger\u00e4t<\/strong><\/p><p data-start=\"2792\" data-end=\"2968\">Wenn Sie den Browserverlauf l\u00f6schen, werden alle auf Ihrem Ger\u00e4t gespeicherten Cookies entfernt. Auf diese Weise k\u00f6nnen Sie alle Cookies von allen besuchten Websites l\u00f6schen.<\/p><p data-start=\"2970\" data-end=\"3130\">Beachten Sie jedoch, dass dadurch auch einige gespeicherte Daten verloren gehen k\u00f6nnen (z.\u202fB. gespeicherte Login-Daten, pers\u00f6nliche Seiteneinstellungen usw.).<\/p><p data-start=\"3132\" data-end=\"3175\"><strong>Verwaltung von Cookies einzelner Seiten<\/strong><\/p><p data-start=\"3177\" data-end=\"3306\">F\u00fcr eine bessere Kontrolle der Cookies einzelner Websites pr\u00fcfen Sie die Datenschutzeinstellungen f\u00fcr Cookies in Ihrem Browser.<\/p><p data-start=\"3308\" data-end=\"3334\"><strong>Blockieren von Cookies<\/strong><\/p><p data-start=\"3336\" data-end=\"3689\" data-is-last-node=\"\" data-is-only-node=\"\">Die meisten modernen Browser k\u00f6nnen so eingestellt werden, dass das Setzen von Cookies auf Ihrem Ger\u00e4t blockiert wird. In diesem Fall m\u00fcssen jedoch m\u00f6glicherweise pers\u00f6nliche Einstellungen bei jedem Besuch manuell angepasst werden. Au\u00dferdem k\u00f6nnen einige Dienste und Funktionen nicht richtig funktionieren (z.\u202fB. Anmeldung \u00fcber ein Social-Media-Profil).<\/p>\t\t\t\t\t\t\t\t<\/div>\n\t\t\t\t\t<\/div>\n\t\t\t\t<\/div>\n\t\t\t\t<\/div>\n\t\t","protected":false},"excerpt":{"rendered":"<p>Was sind Cookies? Cookies sind kleine Dateien, die Ihr Browser auf Ihrem Computer oder mobilen Ger\u00e4t speichert, wenn Sie unsere [&hellip;]<\/p>\n","protected":false},"author":1,"featured_media":0,"parent":0,"menu_order":0,"comment_status":"closed","ping_status":"closed","template":"","meta":{"site-sidebar-layout":"no-sidebar","site-content-layout":"","ast-site-content-layout":"full-width-container","site-content-style":"default","site-sidebar-style":"default","ast-global-header-display":"","ast-banner-title-visibility":"","ast-main-header-display":"","ast-hfb-above-header-display":"","ast-hfb-below-header-display":"","ast-hfb-mobile-header-display":"","site-post-title":"disabled","ast-breadcrumbs-content":"","ast-featured-img":"disabled","footer-sml-layout":"","ast-disable-related-posts":"","theme-transparent-header-meta":"default","adv-header-id-meta":"","stick-header-meta":"default","header-above-stick-meta":"","header-main-stick-meta":"","header-below-stick-meta":"","astra-migrate-meta-layouts":"set","ast-page-background-enabled":"default","ast-page-background-meta":{"desktop":{"background-color":"var(--ast-global-color-5)","background-image":"","background-repeat":"repeat","background-position":"center center","background-size":"auto","background-attachment":"scroll","background-type":"","background-media":"","overlay-type":"","overlay-color":"","overlay-opacity":"","overlay-gradient":""},"tablet":{"background-color":"","background-image":"","background-repeat":"repeat","background-position":"center center","background-size":"auto","background-attachment":"scroll","background-type":"","background-media":"","overlay-type":"","overlay-color":"","overlay-opacity":"","overlay-gradient":""},"mobile":{"background-color":"","background-image":"","background-repeat":"repeat","background-position":"center center","background-size":"auto","background-attachment":"scroll","background-type":"","background-media":"","overlay-type":"","overlay-color":"","overlay-opacity":"","overlay-gradient":""}},"ast-content-background-meta":{"desktop":{"background-color":"var(--ast-global-color-4)","background-image":"","background-repeat":"repeat","background-position":"center center","background-size":"auto","background-attachment":"scroll","background-type":"","background-media":"","overlay-type":"","overlay-color":"","overlay-opacity":"","overlay-gradient":""},"tablet":{"background-color":"var(--ast-global-color-4)","background-image":"","background-repeat":"repeat","background-position":"center center","background-size":"auto","background-attachment":"scroll","background-type":"","background-media":"","overlay-type":"","overlay-color":"","overlay-opacity":"","overlay-gradient":""},"mobile":{"background-color":"var(--ast-global-color-4)","background-image":"","background-repeat":"repeat","background-position":"center center","background-size":"auto","background-attachment":"scroll","background-type":"","background-media":"","overlay-type":"","overlay-color":"","overlay-opacity":"","overlay-gradient":""}},"footnotes":""},"class_list":["post-1212","page","type-page","status-publish","hentry"],"yoast_head":"<!-- This site is optimized with the Yoast SEO plugin v27.3 - https:\/\/yoast.com\/product\/yoast-seo-wordpress\/ -->\n<title>Cookie-Richtlinie - IML net d.o.o.<\/title>\n<meta name=\"robots\" content=\"index, follow, max-snippet:-1, max-image-preview:large, max-video-preview:-1\" \/>\n<link rel=\"canonical\" href=\"https:\/\/iml.solutions\/de\/cookie-policy\/\" \/>\n<meta property=\"og:locale\" content=\"de_DE\" \/>\n<meta property=\"og:type\" content=\"article\" \/>\n<meta property=\"og:title\" content=\"Cookie-Richtlinie - IML net d.o.o.\" \/>\n<meta property=\"og:description\" content=\"Was sind Cookies? Cookies sind kleine Dateien, die Ihr Browser auf Ihrem Computer oder mobilen Ger\u00e4t speichert, wenn Sie unsere [&hellip;]\" \/>\n<meta property=\"og:url\" content=\"https:\/\/iml.solutions\/de\/cookie-policy\/\" \/>\n<meta property=\"og:site_name\" content=\"IML net d.o.o.\" \/>\n<meta property=\"article:modified_time\" content=\"2025-10-16T22:37:40+00:00\" \/>\n<script type=\"application\/ld+json\" class=\"yoast-schema-graph\">{\"@context\":\"https:\\\/\\\/schema.org\",\"@graph\":[{\"@type\":\"WebPage\",\"@id\":\"https:\\\/\\\/iml.solutions\\\/de\\\/cookie-policy\\\/\",\"url\":\"https:\\\/\\\/iml.solutions\\\/de\\\/cookie-policy\\\/\",\"name\":\"Cookie-Richtlinie - IML net d.o.o.\",\"isPartOf\":{\"@id\":\"https:\\\/\\\/iml.solutions\\\/de\\\/#website\"},\"datePublished\":\"2025-10-06T18:58:22+00:00\",\"dateModified\":\"2025-10-16T22:37:40+00:00\",\"breadcrumb\":{\"@id\":\"https:\\\/\\\/iml.solutions\\\/de\\\/cookie-policy\\\/#breadcrumb\"},\"inLanguage\":\"de\",\"potentialAction\":[{\"@type\":\"ReadAction\",\"target\":[\"https:\\\/\\\/iml.solutions\\\/de\\\/cookie-policy\\\/\"]}]},{\"@type\":\"BreadcrumbList\",\"@id\":\"https:\\\/\\\/iml.solutions\\\/de\\\/cookie-policy\\\/#breadcrumb\",\"itemListElement\":[{\"@type\":\"ListItem\",\"position\":1,\"name\":\"Home\",\"item\":\"https:\\\/\\\/iml.solutions\\\/de\\\/\"},{\"@type\":\"ListItem\",\"position\":2,\"name\":\"Cookie-Richtlinie\"}]},{\"@type\":\"WebSite\",\"@id\":\"https:\\\/\\\/iml.solutions\\\/de\\\/#website\",\"url\":\"https:\\\/\\\/iml.solutions\\\/de\\\/\",\"name\":\"https:\\\/\\\/iml.solutions\\\/\",\"description\":\"\",\"publisher\":{\"@id\":\"https:\\\/\\\/iml.solutions\\\/de\\\/#organization\"},\"potentialAction\":[{\"@type\":\"SearchAction\",\"target\":{\"@type\":\"EntryPoint\",\"urlTemplate\":\"https:\\\/\\\/iml.solutions\\\/de\\\/?s={search_term_string}\"},\"query-input\":{\"@type\":\"PropertyValueSpecification\",\"valueRequired\":true,\"valueName\":\"search_term_string\"}}],\"inLanguage\":\"de\"},{\"@type\":\"Organization\",\"@id\":\"https:\\\/\\\/iml.solutions\\\/de\\\/#organization\",\"name\":\"IML net d.o.o.\",\"alternateName\":\"IML solutions\",\"url\":\"https:\\\/\\\/iml.solutions\\\/de\\\/\",\"logo\":{\"@type\":\"ImageObject\",\"inLanguage\":\"de\",\"@id\":\"https:\\\/\\\/iml.solutions\\\/de\\\/#\\\/schema\\\/logo\\\/image\\\/\",\"url\":\"https:\\\/\\\/iml.solutions\\\/wp-content\\\/uploads\\\/2025\\\/09\\\/Logo-iml.png\",\"contentUrl\":\"https:\\\/\\\/iml.solutions\\\/wp-content\\\/uploads\\\/2025\\\/09\\\/Logo-iml.png\",\"width\":1435,\"height\":408,\"caption\":\"IML net d.o.o.\"},\"image\":{\"@id\":\"https:\\\/\\\/iml.solutions\\\/de\\\/#\\\/schema\\\/logo\\\/image\\\/\"}}]}<\/script>\n<!-- \/ Yoast SEO plugin. -->","yoast_head_json":{"title":"Cookie-Richtlinie - IML net d.o.o.","robots":{"index":"index","follow":"follow","max-snippet":"max-snippet:-1","max-image-preview":"max-image-preview:large","max-video-preview":"max-video-preview:-1"},"canonical":"https:\/\/iml.solutions\/de\/cookie-policy\/","og_locale":"de_DE","og_type":"article","og_title":"Cookie-Richtlinie - IML net d.o.o.","og_description":"Was sind Cookies? Cookies sind kleine Dateien, die Ihr Browser auf Ihrem Computer oder mobilen Ger\u00e4t speichert, wenn Sie unsere [&hellip;]","og_url":"https:\/\/iml.solutions\/de\/cookie-policy\/","og_site_name":"IML net d.o.o.","article_modified_time":"2025-10-16T22:37:40+00:00","schema":{"@context":"https:\/\/schema.org","@graph":[{"@type":"WebPage","@id":"https:\/\/iml.solutions\/de\/cookie-policy\/","url":"https:\/\/iml.solutions\/de\/cookie-policy\/","name":"Cookie-Richtlinie - IML net d.o.o.","isPartOf":{"@id":"https:\/\/iml.solutions\/de\/#website"},"datePublished":"2025-10-06T18:58:22+00:00","dateModified":"2025-10-16T22:37:40+00:00","breadcrumb":{"@id":"https:\/\/iml.solutions\/de\/cookie-policy\/#breadcrumb"},"inLanguage":"de","potentialAction":[{"@type":"ReadAction","target":["https:\/\/iml.solutions\/de\/cookie-policy\/"]}]},{"@type":"BreadcrumbList","@id":"https:\/\/iml.solutions\/de\/cookie-policy\/#breadcrumb","itemListElement":[{"@type":"ListItem","position":1,"name":"Home","item":"https:\/\/iml.solutions\/de\/"},{"@type":"ListItem","position":2,"name":"Cookie-Richtlinie"}]},{"@type":"WebSite","@id":"https:\/\/iml.solutions\/de\/#website","url":"https:\/\/iml.solutions\/de\/","name":"https:\/\/iml.solutions\/","description":"","publisher":{"@id":"https:\/\/iml.solutions\/de\/#organization"},"potentialAction":[{"@type":"SearchAction","target":{"@type":"EntryPoint","urlTemplate":"https:\/\/iml.solutions\/de\/?s={search_term_string}"},"query-input":{"@type":"PropertyValueSpecification","valueRequired":true,"valueName":"search_term_string"}}],"inLanguage":"de"},{"@type":"Organization","@id":"https:\/\/iml.solutions\/de\/#organization","name":"IML net d.o.o.","alternateName":"IML solutions","url":"https:\/\/iml.solutions\/de\/","logo":{"@type":"ImageObject","inLanguage":"de","@id":"https:\/\/iml.solutions\/de\/#\/schema\/logo\/image\/","url":"https:\/\/iml.solutions\/wp-content\/uploads\/2025\/09\/Logo-iml.png","contentUrl":"https:\/\/iml.solutions\/wp-content\/uploads\/2025\/09\/Logo-iml.png","width":1435,"height":408,"caption":"IML net d.o.o."},"image":{"@id":"https:\/\/iml.solutions\/de\/#\/schema\/logo\/image\/"}}]}},"_links":{"self":[{"href":"https:\/\/iml.solutions\/de\/wp-json\/wp\/v2\/pages\/1212","targetHints":{"allow":["GET"]}}],"collection":[{"href":"https:\/\/iml.solutions\/de\/wp-json\/wp\/v2\/pages"}],"about":[{"href":"https:\/\/iml.solutions\/de\/wp-json\/wp\/v2\/types\/page"}],"author":[{"embeddable":true,"href":"https:\/\/iml.solutions\/de\/wp-json\/wp\/v2\/users\/1"}],"replies":[{"embeddable":true,"href":"https:\/\/iml.solutions\/de\/wp-json\/wp\/v2\/comments?post=1212"}],"version-history":[{"count":5,"href":"https:\/\/iml.solutions\/de\/wp-json\/wp\/v2\/pages\/1212\/revisions"}],"predecessor-version":[{"id":1257,"href":"https:\/\/iml.solutions\/de\/wp-json\/wp\/v2\/pages\/1212\/revisions\/1257"}],"wp:attachment":[{"href":"https:\/\/iml.solutions\/de\/wp-json\/wp\/v2\/media?parent=1212"}],"curies":[{"name":"wp","href":"https:\/\/api.w.org\/{rel}","templated":true}]}}