{"id":1218,"date":"2025-09-22T15:40:25","date_gmt":"2025-09-22T13:40:25","guid":{"rendered":"https:\/\/iml.solutions\/privacy-policy\/"},"modified":"2025-10-21T10:36:32","modified_gmt":"2025-10-21T08:36:32","slug":"privacy-policy","status":"publish","type":"page","link":"https:\/\/iml.solutions\/de\/privacy-policy\/","title":{"rendered":"Datenschutzerkl\u00e4rung"},"content":{"rendered":"\t\t<div data-elementor-type=\"wp-page\" data-elementor-id=\"1218\" class=\"elementor elementor-1218 elementor-3\" data-elementor-post-type=\"page\">\n\t\t\t\t<div class=\"elementor-element elementor-element-32948f1 e-flex e-con-boxed e-con e-parent\" data-id=\"32948f1\" data-element_type=\"container\" data-e-type=\"container\">\n\t\t\t\t\t<div class=\"e-con-inner\">\n\t\t\t\t<div class=\"elementor-element elementor-element-586a14d elementor-widget elementor-widget-text-editor\" data-id=\"586a14d\" data-element_type=\"widget\" data-e-type=\"widget\" data-widget_type=\"text-editor.default\">\n\t\t\t\t\t\t\t\t\t<p data-start=\"0\" data-end=\"26\"><strong data-start=\"0\" data-end=\"24\">Datenschutzerkl\u00e4rung<\/strong><\/p>\n<p data-start=\"28\" data-end=\"801\">IML net d.o.o. verpflichtet sich, den Schutz der personenbezogenen Daten der Kunden zu gew\u00e4hrleisten, indem nur notwendige Grunddaten der Kunden\/Nutzer erhoben werden, die zur Erf\u00fcllung unserer Verpflichtungen erforderlich sind; die Kunden \u00fcber die Verwendung der erhobenen Daten informiert werden; den Kunden regelm\u00e4\u00dfig die Wahlm\u00f6glichkeiten zur Nutzung ihrer Daten gegeben werden, einschlie\u00dflich der M\u00f6glichkeit zu entscheiden, ob ihr Name aus Listen f\u00fcr Marketingkampagnen entfernt werden soll oder nicht. Alle Nutzerdaten werden streng vertraulich behandelt und stehen nur Mitarbeitern zur Verf\u00fcgung, die diese Daten f\u00fcr ihre Arbeit ben\u00f6tigen. Alle Mitarbeiter von IML net d.o.o.&nbsp;sowie Gesch\u00e4ftspartner sind verpflichtet, die Grunds\u00e4tze des Datenschutzes einzuhalten.<\/p>\n<hr data-start=\"803\" data-end=\"806\">\n<p data-start=\"808\" data-end=\"846\">Umgang mit personenbezogenen Daten<\/p>\n<p data-start=\"848\" data-end=\"1150\">Die Erhebung, Verarbeitung und Nutzung dieser Daten unterliegt grunds\u00e4tzlich gesetzlichen Regelungen. Wir erheben Ihre Daten entsprechend dem Zweck, f\u00fcr den Sie uns diese auf Basis Ihrer Einwilligung oder eines Vertrags zur Verf\u00fcgung gestellt haben. Eine anderweitige Nutzung der Daten erfolgt nicht.<\/p>\n<p data-start=\"1152\" data-end=\"1385\">Nach der Datenschutz-Grundverordnung (DSGVO) haben Sie das Recht auf Auskunft \u00fcber Ihre Daten, das Recht auf Berichtigung, das Recht auf Einschr\u00e4nkung der Verarbeitung, das Recht auf L\u00f6schung und das Recht auf Daten\u00fcbertragbarkeit.<\/p>\n<p data-start=\"1387\" data-end=\"1716\">Wenn Sie uns \u00fcber das Formular auf der Website oder per E-Mail kontaktieren, werden Ihre Kontaktdaten gespeichert, um Ihre Anfrage zu bearbeiten und f\u00fcr den Fall von Folgefragen. Diese Informationen werden ohne Ihre Einwilligung nicht weitergegeben. Anfragen k\u00f6nnen an die E-Mail-Adresse <strong data-start=\"1675\" data-end=\"1697\"><a class=\"decorated-link cursor-pointer\" rel=\"noopener\" data-start=\"1677\" data-end=\"1695\">info@iml.solutions<\/a><\/strong> gesendet werden.<\/p>\n<hr data-start=\"1718\" data-end=\"1721\">\n<p data-start=\"1723\" data-end=\"1769\">Aufbewahrungsdauer personenbezogener Daten<\/p>\n<p data-start=\"1771\" data-end=\"2125\">Einzelne personenbezogene Daten, die auf Basis einer Einwilligung erhoben werden, k\u00f6nnen verarbeitet und gespeichert werden, bis der Zweck erf\u00fcllt ist oder die Einwilligung widerrufen wird. Wir bewahren personenbezogene Daten, die Sie uns bei der Buchung von Touren oder beim Anmelden zum Newsletter gegeben haben, auf, bis Sie Ihr Abonnement k\u00fcndigen.<\/p>\n<p data-start=\"2127\" data-end=\"2518\">Der Schutz personenbezogener Daten ist uns sehr wichtig. Daher verarbeiten wir Ihre Daten ausschlie\u00dflich auf Basis gesetzlicher Vorschriften. Alle weiteren personenbezogenen Daten im Rahmen vertraglicher Zusammenarbeit m\u00fcssen gem\u00e4\u00df geltendem Recht aufbewahrt werden. In dieser Datenschutzerkl\u00e4rung informieren wir Sie \u00fcber die wichtigsten Aspekte der Datenverarbeitung auf unserer Website.<\/p>\n<p data-start=\"2520\" data-end=\"2785\">Sie k\u00f6nnen die L\u00f6schung oder Sperrung Ihrer Daten beantragen, wenn deren Erhebung, Verarbeitung oder Nutzung nachweislich unzul\u00e4ssig ist oder nicht mehr erforderlich ist. Zur Aus\u00fcbung dieser Rechte nutzen Sie bitte die auf dieser Website angegebenen Kontaktdaten.<\/p>\n<hr data-start=\"2787\" data-end=\"2790\">\n<p data-start=\"2792\" data-end=\"2830\">Verwendung personenbezogener Daten<\/p>\n<p data-start=\"2832\" data-end=\"3321\">Personenbezogene Daten, die auf der Website von IML net d.o.o. erhoben werden, werden f\u00fcr den Betrieb der Website selbst und zur Durchf\u00fchrung der vom Nutzer angeforderten oder genehmigten Dienstleistungen oder Transaktionen verwendet. Zu diesen Zwecken k\u00f6nnen personenbezogene Daten genutzt werden, um dem Nutzer effizientere Dienstleistungen anzubieten oder die Website zu verbessern, um die Nutzung zu erleichtern, indem die Notwendigkeit entf\u00e4llt, dieselben Daten mehrfach einzugeben.<\/p>\n<p data-start=\"3323\" data-end=\"4104\">Wir k\u00f6nnen Ihre personenbezogenen Daten verwenden, um Ihnen wichtige Informationen \u00fcber die von Ihnen genutzten Dienste zukommen zu lassen, einschlie\u00dflich wichtiger Updates und Benachrichtigungen. Dar\u00fcber hinaus k\u00f6nnen wir Nutzern mit deren Zustimmung Informationen \u00fcber andere Dienste senden. Wenn Nutzer sich f\u00fcr den Erhalt von Werbe-E-Mails anmelden oder zustimmen, kann die Website benutzerdefinierte Links oder \u00e4hnliche Technologien verwenden, um die angeklickten E-Mail-Links zu verfolgen. Auf diese Weise k\u00f6nnen wir die gesammelten Informationen mit den pers\u00f6nlichen Daten des Nutzers verkn\u00fcpfen, um eine bessere E-Mail-Kommunikation oder Kaufinformationen anzubieten. Jede E-Mail enth\u00e4lt einen Link, \u00fcber den der Nutzer den Erhalt dieser Art von Nachrichten stoppen kann.<\/p>\n<hr data-start=\"4106\" data-end=\"4109\">\n<p data-start=\"4111\" data-end=\"4163\">Kontrolle und Sicherheit personenbezogener Daten<\/p>\n<p data-start=\"4165\" data-end=\"4647\">Die Website kann periodisch E-Mails senden, um Nutzer \u00fcber technische oder sicherheitsrelevante Probleme in Bezug auf die angeforderten Dienstleistungen\/Produkte oder die Best\u00e4tigung der angeforderten Dienstleistung zu informieren. Bei einigen Diensten ist die Kontaktaufnahme mit den Nutzern ein wesentlicher Bestandteil des Services. Nutzer k\u00f6nnen das Versenden dieser Benachrichtigungen nicht verhindern, da sie als zentraler Teil der gew\u00e4hlten Dienstleistung angesehen werden.<\/p>\n<p data-start=\"4649\" data-end=\"5054\">Die zwischen Ihnen und uns \u00fcber unsere Website ausgetauschten personenbezogenen Daten werden \u00fcber moderne Verbindungen \u00fcbertragen. Alle eingesetzten IT-Systeme sind gegen unbefugten Zugriff gesch\u00fctzt, und die Mitarbeiter sind zur Vertraulichkeit verpflichtet. IML net d.o.o. hat jedoch keinen Einfluss auf die Daten\u00fcbertragung \u00fcber das Internet und kann einen Missbrauch durch Dritte nicht ausschlie\u00dfen.<\/p>\n<p data-start=\"5056\" data-end=\"5471\">Die \u00fcbermittelten Daten werden zur weiteren Verarbeitung gespeichert. Die Website kann bestimmte Daten \u00fcber den Besuch des Nutzers sammeln, z.\u202fB. Name des Internetdienstanbieters, IP-Adresse, Datum und Uhrzeit des Zugriffs sowie die Internetadresse der Website, von der der Nutzer direkt auf unsere Website gelangt ist. Diese Daten dienen zur Verbesserung und Verwaltung der Website, Analyse von Trends und Daten.<\/p>\n<hr data-start=\"5473\" data-end=\"5476\">\n<p data-start=\"5478\" data-end=\"5521\">Aktualisierung der Datenschutzerkl\u00e4rung<\/p>\n<p data-start=\"5523\" data-end=\"6116\" data-is-last-node=\"\" data-is-only-node=\"\">Wir behalten uns das Recht vor, diese Datenschutzerkl\u00e4rung von Zeit zu Zeit zu aktualisieren. Bei \u00c4nderungen wird das Datum der letzten Aktualisierung am Ende der Datenschutzerkl\u00e4rung angepasst. Nutzer werden \u00fcber wesentliche \u00c4nderungen durch einen gut sichtbaren Hinweis auf der Website informiert. Wir empfehlen den Nutzern, diese Datenschutzerkl\u00e4rung regelm\u00e4\u00dfig zu \u00fcberpr\u00fcfen, um informiert zu bleiben, wie die Website ihre personenbezogenen Daten sch\u00fctzt. Die weitere Nutzung der Website stellt die Zustimmung der Nutzer zu dieser Datenschutzerkl\u00e4rung und eventuellen Aktualisierungen dar.<\/p>\t\t\t\t\t\t\t\t<\/div>\n\t\t\t\t\t<\/div>\n\t\t\t\t<\/div>\n\t\t\t\t<\/div>\n\t\t","protected":false},"excerpt":{"rendered":"<p>Datenschutzerkl\u00e4rung IML net d.o.o. verpflichtet sich, den Schutz der personenbezogenen Daten der Kunden zu gew\u00e4hrleisten, indem nur notwendige Grunddaten der [&hellip;]<\/p>\n","protected":false},"author":1,"featured_media":0,"parent":0,"menu_order":0,"comment_status":"closed","ping_status":"closed","template":"","meta":{"site-sidebar-layout":"no-sidebar","site-content-layout":"","ast-site-content-layout":"full-width-container","site-content-style":"default","site-sidebar-style":"default","ast-global-header-display":"","ast-banner-title-visibility":"","ast-main-header-display":"","ast-hfb-above-header-display":"","ast-hfb-below-header-display":"","ast-hfb-mobile-header-display":"","site-post-title":"disabled","ast-breadcrumbs-content":"","ast-featured-img":"disabled","footer-sml-layout":"","ast-disable-related-posts":"","theme-transparent-header-meta":"default","adv-header-id-meta":"","stick-header-meta":"default","header-above-stick-meta":"","header-main-stick-meta":"","header-below-stick-meta":"","astra-migrate-meta-layouts":"set","ast-page-background-enabled":"default","ast-page-background-meta":{"desktop":{"background-color":"var(--ast-global-color-5)","background-image":"","background-repeat":"repeat","background-position":"center center","background-size":"auto","background-attachment":"scroll","background-type":"","background-media":"","overlay-type":"","overlay-color":"","overlay-opacity":"","overlay-gradient":""},"tablet":{"background-color":"","background-image":"","background-repeat":"repeat","background-position":"center center","background-size":"auto","background-attachment":"scroll","background-type":"","background-media":"","overlay-type":"","overlay-color":"","overlay-opacity":"","overlay-gradient":""},"mobile":{"background-color":"","background-image":"","background-repeat":"repeat","background-position":"center center","background-size":"auto","background-attachment":"scroll","background-type":"","background-media":"","overlay-type":"","overlay-color":"","overlay-opacity":"","overlay-gradient":""}},"ast-content-background-meta":{"desktop":{"background-color":"var(--ast-global-color-4)","background-image":"","background-repeat":"repeat","background-position":"center center","background-size":"auto","background-attachment":"scroll","background-type":"","background-media":"","overlay-type":"","overlay-color":"","overlay-opacity":"","overlay-gradient":""},"tablet":{"background-color":"var(--ast-global-color-4)","background-image":"","background-repeat":"repeat","background-position":"center center","background-size":"auto","background-attachment":"scroll","background-type":"","background-media":"","overlay-type":"","overlay-color":"","overlay-opacity":"","overlay-gradient":""},"mobile":{"background-color":"var(--ast-global-color-4)","background-image":"","background-repeat":"repeat","background-position":"center center","background-size":"auto","background-attachment":"scroll","background-type":"","background-media":"","overlay-type":"","overlay-color":"","overlay-opacity":"","overlay-gradient":""}},"footnotes":""},"class_list":["post-1218","page","type-page","status-publish","hentry"],"yoast_head":"<!-- This site is optimized with the Yoast SEO plugin v27.3 - https:\/\/yoast.com\/product\/yoast-seo-wordpress\/ -->\n<title>Datenschutzerkl\u00e4rung - IML net d.o.o.<\/title>\n<meta name=\"robots\" content=\"index, follow, max-snippet:-1, max-image-preview:large, max-video-preview:-1\" \/>\n<link rel=\"canonical\" href=\"https:\/\/iml.solutions\/de\/privacy-policy\/\" \/>\n<meta property=\"og:locale\" content=\"de_DE\" \/>\n<meta property=\"og:type\" content=\"article\" \/>\n<meta property=\"og:title\" content=\"Datenschutzerkl\u00e4rung - IML net d.o.o.\" \/>\n<meta property=\"og:description\" content=\"Datenschutzerkl\u00e4rung IML net d.o.o. verpflichtet sich, den Schutz der personenbezogenen Daten der Kunden zu gew\u00e4hrleisten, indem nur notwendige Grunddaten der [&hellip;]\" \/>\n<meta property=\"og:url\" content=\"https:\/\/iml.solutions\/de\/privacy-policy\/\" \/>\n<meta property=\"og:site_name\" content=\"IML net d.o.o.\" \/>\n<meta property=\"article:modified_time\" content=\"2025-10-21T08:36:32+00:00\" \/>\n<script type=\"application\/ld+json\" class=\"yoast-schema-graph\">{\"@context\":\"https:\\\/\\\/schema.org\",\"@graph\":[{\"@type\":\"WebPage\",\"@id\":\"https:\\\/\\\/iml.solutions\\\/de\\\/privacy-policy\\\/\",\"url\":\"https:\\\/\\\/iml.solutions\\\/de\\\/privacy-policy\\\/\",\"name\":\"Datenschutzerkl\u00e4rung - IML net d.o.o.\",\"isPartOf\":{\"@id\":\"https:\\\/\\\/iml.solutions\\\/de\\\/#website\"},\"datePublished\":\"2025-09-22T13:40:25+00:00\",\"dateModified\":\"2025-10-21T08:36:32+00:00\",\"breadcrumb\":{\"@id\":\"https:\\\/\\\/iml.solutions\\\/de\\\/privacy-policy\\\/#breadcrumb\"},\"inLanguage\":\"de\",\"potentialAction\":[{\"@type\":\"ReadAction\",\"target\":[\"https:\\\/\\\/iml.solutions\\\/de\\\/privacy-policy\\\/\"]}]},{\"@type\":\"BreadcrumbList\",\"@id\":\"https:\\\/\\\/iml.solutions\\\/de\\\/privacy-policy\\\/#breadcrumb\",\"itemListElement\":[{\"@type\":\"ListItem\",\"position\":1,\"name\":\"Home\",\"item\":\"https:\\\/\\\/iml.solutions\\\/de\\\/\"},{\"@type\":\"ListItem\",\"position\":2,\"name\":\"Datenschutzerkl\u00e4rung\"}]},{\"@type\":\"WebSite\",\"@id\":\"https:\\\/\\\/iml.solutions\\\/de\\\/#website\",\"url\":\"https:\\\/\\\/iml.solutions\\\/de\\\/\",\"name\":\"https:\\\/\\\/iml.solutions\\\/\",\"description\":\"\",\"publisher\":{\"@id\":\"https:\\\/\\\/iml.solutions\\\/de\\\/#organization\"},\"potentialAction\":[{\"@type\":\"SearchAction\",\"target\":{\"@type\":\"EntryPoint\",\"urlTemplate\":\"https:\\\/\\\/iml.solutions\\\/de\\\/?s={search_term_string}\"},\"query-input\":{\"@type\":\"PropertyValueSpecification\",\"valueRequired\":true,\"valueName\":\"search_term_string\"}}],\"inLanguage\":\"de\"},{\"@type\":\"Organization\",\"@id\":\"https:\\\/\\\/iml.solutions\\\/de\\\/#organization\",\"name\":\"IML net d.o.o.\",\"alternateName\":\"IML solutions\",\"url\":\"https:\\\/\\\/iml.solutions\\\/de\\\/\",\"logo\":{\"@type\":\"ImageObject\",\"inLanguage\":\"de\",\"@id\":\"https:\\\/\\\/iml.solutions\\\/de\\\/#\\\/schema\\\/logo\\\/image\\\/\",\"url\":\"https:\\\/\\\/iml.solutions\\\/wp-content\\\/uploads\\\/2025\\\/09\\\/Logo-iml.png\",\"contentUrl\":\"https:\\\/\\\/iml.solutions\\\/wp-content\\\/uploads\\\/2025\\\/09\\\/Logo-iml.png\",\"width\":1435,\"height\":408,\"caption\":\"IML net d.o.o.\"},\"image\":{\"@id\":\"https:\\\/\\\/iml.solutions\\\/de\\\/#\\\/schema\\\/logo\\\/image\\\/\"}}]}<\/script>\n<!-- \/ Yoast SEO plugin. -->","yoast_head_json":{"title":"Datenschutzerkl\u00e4rung - IML net d.o.o.","robots":{"index":"index","follow":"follow","max-snippet":"max-snippet:-1","max-image-preview":"max-image-preview:large","max-video-preview":"max-video-preview:-1"},"canonical":"https:\/\/iml.solutions\/de\/privacy-policy\/","og_locale":"de_DE","og_type":"article","og_title":"Datenschutzerkl\u00e4rung - IML net d.o.o.","og_description":"Datenschutzerkl\u00e4rung IML net d.o.o. verpflichtet sich, den Schutz der personenbezogenen Daten der Kunden zu gew\u00e4hrleisten, indem nur notwendige Grunddaten der [&hellip;]","og_url":"https:\/\/iml.solutions\/de\/privacy-policy\/","og_site_name":"IML net d.o.o.","article_modified_time":"2025-10-21T08:36:32+00:00","schema":{"@context":"https:\/\/schema.org","@graph":[{"@type":"WebPage","@id":"https:\/\/iml.solutions\/de\/privacy-policy\/","url":"https:\/\/iml.solutions\/de\/privacy-policy\/","name":"Datenschutzerkl\u00e4rung - IML net d.o.o.","isPartOf":{"@id":"https:\/\/iml.solutions\/de\/#website"},"datePublished":"2025-09-22T13:40:25+00:00","dateModified":"2025-10-21T08:36:32+00:00","breadcrumb":{"@id":"https:\/\/iml.solutions\/de\/privacy-policy\/#breadcrumb"},"inLanguage":"de","potentialAction":[{"@type":"ReadAction","target":["https:\/\/iml.solutions\/de\/privacy-policy\/"]}]},{"@type":"BreadcrumbList","@id":"https:\/\/iml.solutions\/de\/privacy-policy\/#breadcrumb","itemListElement":[{"@type":"ListItem","position":1,"name":"Home","item":"https:\/\/iml.solutions\/de\/"},{"@type":"ListItem","position":2,"name":"Datenschutzerkl\u00e4rung"}]},{"@type":"WebSite","@id":"https:\/\/iml.solutions\/de\/#website","url":"https:\/\/iml.solutions\/de\/","name":"https:\/\/iml.solutions\/","description":"","publisher":{"@id":"https:\/\/iml.solutions\/de\/#organization"},"potentialAction":[{"@type":"SearchAction","target":{"@type":"EntryPoint","urlTemplate":"https:\/\/iml.solutions\/de\/?s={search_term_string}"},"query-input":{"@type":"PropertyValueSpecification","valueRequired":true,"valueName":"search_term_string"}}],"inLanguage":"de"},{"@type":"Organization","@id":"https:\/\/iml.solutions\/de\/#organization","name":"IML net d.o.o.","alternateName":"IML solutions","url":"https:\/\/iml.solutions\/de\/","logo":{"@type":"ImageObject","inLanguage":"de","@id":"https:\/\/iml.solutions\/de\/#\/schema\/logo\/image\/","url":"https:\/\/iml.solutions\/wp-content\/uploads\/2025\/09\/Logo-iml.png","contentUrl":"https:\/\/iml.solutions\/wp-content\/uploads\/2025\/09\/Logo-iml.png","width":1435,"height":408,"caption":"IML net d.o.o."},"image":{"@id":"https:\/\/iml.solutions\/de\/#\/schema\/logo\/image\/"}}]}},"_links":{"self":[{"href":"https:\/\/iml.solutions\/de\/wp-json\/wp\/v2\/pages\/1218","targetHints":{"allow":["GET"]}}],"collection":[{"href":"https:\/\/iml.solutions\/de\/wp-json\/wp\/v2\/pages"}],"about":[{"href":"https:\/\/iml.solutions\/de\/wp-json\/wp\/v2\/types\/page"}],"author":[{"embeddable":true,"href":"https:\/\/iml.solutions\/de\/wp-json\/wp\/v2\/users\/1"}],"replies":[{"embeddable":true,"href":"https:\/\/iml.solutions\/de\/wp-json\/wp\/v2\/comments?post=1218"}],"version-history":[{"count":8,"href":"https:\/\/iml.solutions\/de\/wp-json\/wp\/v2\/pages\/1218\/revisions"}],"predecessor-version":[{"id":1382,"href":"https:\/\/iml.solutions\/de\/wp-json\/wp\/v2\/pages\/1218\/revisions\/1382"}],"wp:attachment":[{"href":"https:\/\/iml.solutions\/de\/wp-json\/wp\/v2\/media?parent=1218"}],"curies":[{"name":"wp","href":"https:\/\/api.w.org\/{rel}","templated":true}]}}