{"id":1474,"date":"2025-09-26T14:57:37","date_gmt":"2025-09-26T12:57:37","guid":{"rendered":"https:\/\/iml.solutions\/sobre-nosotros\/"},"modified":"2026-02-27T11:30:26","modified_gmt":"2026-02-27T10:30:26","slug":"sobre-nosotros","status":"publish","type":"page","link":"https:\/\/iml.solutions\/es\/sobre-nosotros\/","title":{"rendered":"Sobre nosotros"},"content":{"rendered":"\t\t<div data-elementor-type=\"wp-page\" data-elementor-id=\"1474\" class=\"elementor elementor-1474 elementor-236\" data-elementor-post-type=\"page\">\n\t\t\t\t<div class=\"elementor-element elementor-element-cf4acd3 e-con-full e-flex e-con e-parent\" data-id=\"cf4acd3\" data-element_type=\"container\" data-e-type=\"container\">\n\t\t\t\t<div class=\"elementor-element elementor-element-eb5747a elementor--h-position-center elementor--v-position-middle elementor-arrows-position-inside elementor-pagination-position-inside elementor-widget elementor-widget-slides\" data-id=\"eb5747a\" data-element_type=\"widget\" data-e-type=\"widget\" data-settings=\"{&quot;navigation&quot;:&quot;both&quot;,&quot;autoplay&quot;:&quot;yes&quot;,&quot;pause_on_hover&quot;:&quot;yes&quot;,&quot;pause_on_interaction&quot;:&quot;yes&quot;,&quot;autoplay_speed&quot;:5000,&quot;infinite&quot;:&quot;yes&quot;,&quot;transition&quot;:&quot;slide&quot;,&quot;transition_speed&quot;:500}\" data-widget_type=\"slides.default\">\n\t\t\t\t\t\t\t\t\t\t<div class=\"elementor-slides-wrapper elementor-main-swiper swiper\" role=\"region\" aria-roledescription=\"carousel\" aria-label=\"Slides\" dir=\"ltr\" data-animation=\"fadeInUp\">\n\t\t\t\t<div class=\"swiper-wrapper elementor-slides\">\n\t\t\t\t\t\t\t\t\t\t<div class=\"elementor-repeater-item-96a874e swiper-slide\" role=\"group\" aria-roledescription=\"slide\"><div class=\"swiper-slide-bg elementor-ken-burns elementor-ken-burns--out\" role=\"img\" aria-label=\"Sobre nosotros\"><\/div><div class=\"swiper-slide-inner\" ><div class=\"swiper-slide-contents\"><\/div><\/div><\/div>\t\t\t\t<\/div>\n\t\t\t\t\t\t\t<\/div>\n\t\t\t\t\t\t\t\t<\/div>\n\t\t\t\t<\/div>\n\t\t<div class=\"elementor-element elementor-element-45db7d3 e-flex e-con-boxed e-con e-parent\" data-id=\"45db7d3\" data-element_type=\"container\" data-e-type=\"container\">\n\t\t\t\t\t<div class=\"e-con-inner\">\n\t\t\t\t<div class=\"elementor-element elementor-element-bcea4b2 elementor-widget elementor-widget-heading\" data-id=\"bcea4b2\" data-element_type=\"widget\" data-e-type=\"widget\" data-widget_type=\"heading.default\">\n\t\t\t\t\t<h2 class=\"elementor-heading-title elementor-size-default\">Nuestra pasi\u00f3n es su seguridad<\/h2>\t\t\t\t<\/div>\n\t\t\t\t<div class=\"elementor-element elementor-element-b3b1927 elementor-widget elementor-widget-spacer\" data-id=\"b3b1927\" data-element_type=\"widget\" data-e-type=\"widget\" data-widget_type=\"spacer.default\">\n\t\t\t\t\t\t\t<div class=\"elementor-spacer\">\n\t\t\t<div class=\"elementor-spacer-inner\"><\/div>\n\t\t<\/div>\n\t\t\t\t\t\t<\/div>\n\t\t\t\t<div class=\"elementor-element elementor-element-67a2313 elementor-widget elementor-widget-text-editor\" data-id=\"67a2313\" data-element_type=\"widget\" data-e-type=\"widget\" data-widget_type=\"text-editor.default\">\n\t\t\t\t\t\t\t\t\t<p class=\"p1\"><span style=\"font-weight: 400;\">En IML net d.o.o., nuestra pasi\u00f3n es su seguridad. Creamos etiquetas en molde (IML) duraderas y de alta calidad, dise\u00f1adas para su uso en condiciones exigentes. <\/span><\/p><p class=\"p1\"><span style=\"font-weight: 400;\"> Utilizando la t\u00e9cnica IML, la etiqueta se integra directamente en el envase de pl\u00e1stico, lo que garantiza su excepcional durabilidad.<br><\/span><\/p>\t\t\t\t\t\t\t\t<\/div>\n\t\t\t\t\t<\/div>\n\t\t\t\t<\/div>\n\t\t<div class=\"elementor-element elementor-element-df63dc3 e-flex e-con-boxed e-con e-parent\" data-id=\"df63dc3\" data-element_type=\"container\" data-e-type=\"container\" data-settings=\"{&quot;background_background&quot;:&quot;classic&quot;}\">\n\t\t\t\t\t<div class=\"e-con-inner\">\n\t\t<div class=\"elementor-element elementor-element-605d2a8 e-con-full e-flex e-con e-child\" data-id=\"605d2a8\" data-element_type=\"container\" data-e-type=\"container\">\n\t\t\t\t<div class=\"elementor-element elementor-element-72da559 elementor-invisible elementor-widget elementor-widget-heading\" data-id=\"72da559\" data-element_type=\"widget\" data-e-type=\"widget\" data-settings=\"{&quot;_animation&quot;:&quot;fadeIn&quot;}\" data-widget_type=\"heading.default\">\n\t\t\t\t\t<h3 class=\"elementor-heading-title elementor-size-default\">Innovaci\u00f3n y resiliencia<\/h3>\t\t\t\t<\/div>\n\t\t\t\t<div class=\"elementor-element elementor-element-e69f19c elementor-widget-divider--view-line elementor-widget elementor-widget-divider\" data-id=\"e69f19c\" data-element_type=\"widget\" data-e-type=\"widget\" data-widget_type=\"divider.default\">\n\t\t\t\t\t\t\t<div class=\"elementor-divider\">\n\t\t\t<span class=\"elementor-divider-separator\">\n\t\t\t\t\t\t<\/span>\n\t\t<\/div>\n\t\t\t\t\t\t<\/div>\n\t\t\t\t<\/div>\n\t\t<div class=\"elementor-element elementor-element-d9e922c e-con-full e-flex e-con e-child\" data-id=\"d9e922c\" data-element_type=\"container\" data-e-type=\"container\">\n\t\t\t\t<div class=\"elementor-element elementor-element-6d40555 elementor-widget elementor-widget-text-editor\" data-id=\"6d40555\" data-element_type=\"widget\" data-e-type=\"widget\" data-widget_type=\"text-editor.default\">\n\t\t\t\t\t\t\t\t\t<p><span style=\"font-weight: 400;\">Hemos desarrollado varios tipos de productos con diferentes niveles de durabilidad. Elegimos cuidadosamente materiales, pinturas y pegamentos para cumplir con los m\u00e1s altos est\u00e1ndares. Nuestras etiquetas son resistentes a la manipulaci\u00f3n brusca, a los da\u00f1os mec\u00e1nicos y a la exposici\u00f3n prolongada a condiciones externas. Toleran f\u00e1cilmente el lavado en lavavajillas, temperaturas extremas, \u00e1cidos, sosa c\u00e1ustica y ara\u00f1azos. Gracias a estas propiedades, son ideales para envasar productos alimenticios (como l\u00e1cteos y ensaladas), cosm\u00e9ticos y productos qu\u00edmicos. Tambi\u00e9n se utilizan para diversos art\u00edculos de pl\u00e1stico que requieren una soluci\u00f3n duradera y visualmente atractiva, como vasos y art\u00edculos decorativos.     <\/span><\/p>\t\t\t\t\t\t\t\t<\/div>\n\t\t\t\t<\/div>\n\t\t\t\t\t<\/div>\n\t\t\t\t<\/div>\n\t\t<div class=\"elementor-element elementor-element-1a6d767 e-con-full e-flex e-con e-parent\" data-id=\"1a6d767\" data-element_type=\"container\" data-e-type=\"container\">\n\t\t\t\t<div class=\"elementor-element elementor-element-9f7fe21 elementor-widget elementor-widget-image\" data-id=\"9f7fe21\" data-element_type=\"widget\" data-e-type=\"widget\" data-widget_type=\"image.default\">\n\t\t\t\t\t\t\t\t\t\t\t\t\t\t\t<img fetchpriority=\"high\" decoding=\"async\" width=\"2560\" height=\"395\" src=\"https:\/\/iml.solutions\/wp-content\/uploads\/2025\/09\/DSC_2298-products-scaled.jpg\" class=\"attachment-full size-full wp-image-1472\" alt=\"Productos\" srcset=\"https:\/\/iml.solutions\/wp-content\/uploads\/2025\/09\/DSC_2298-products-scaled.jpg 2560w, https:\/\/iml.solutions\/wp-content\/uploads\/2025\/09\/DSC_2298-products-300x46.jpg 300w, https:\/\/iml.solutions\/wp-content\/uploads\/2025\/09\/DSC_2298-products-1024x158.jpg 1024w, https:\/\/iml.solutions\/wp-content\/uploads\/2025\/09\/DSC_2298-products-768x119.jpg 768w, https:\/\/iml.solutions\/wp-content\/uploads\/2025\/09\/DSC_2298-products-1536x237.jpg 1536w, https:\/\/iml.solutions\/wp-content\/uploads\/2025\/09\/DSC_2298-products-2048x316.jpg 2048w\" sizes=\"(max-width: 2560px) 100vw, 2560px\" \/>\t\t\t\t\t\t\t\t\t\t\t\t\t\t\t<\/div>\n\t\t\t\t<\/div>\n\t\t<div class=\"elementor-element elementor-element-1072bfb e-flex e-con-boxed e-con e-parent\" data-id=\"1072bfb\" data-element_type=\"container\" data-e-type=\"container\" data-settings=\"{&quot;background_background&quot;:&quot;classic&quot;}\">\n\t\t\t\t\t<div class=\"e-con-inner\">\n\t\t<div class=\"elementor-element elementor-element-cb633d5 e-con-full e-flex e-con e-child\" data-id=\"cb633d5\" data-element_type=\"container\" data-e-type=\"container\">\n\t\t\t\t<div class=\"elementor-element elementor-element-e9bf5e6 elementor-invisible elementor-widget elementor-widget-heading\" data-id=\"e9bf5e6\" data-element_type=\"widget\" data-e-type=\"widget\" data-settings=\"{&quot;_animation&quot;:&quot;fadeIn&quot;}\" data-widget_type=\"heading.default\">\n\t\t\t\t\t<h3 class=\"elementor-heading-title elementor-size-default\">Compromiso con la calidad y la sociedad<\/h3>\t\t\t\t<\/div>\n\t\t\t\t<div class=\"elementor-element elementor-element-f23149a elementor-widget-divider--view-line elementor-widget elementor-widget-divider\" data-id=\"f23149a\" data-element_type=\"widget\" data-e-type=\"widget\" data-widget_type=\"divider.default\">\n\t\t\t\t\t\t\t<div class=\"elementor-divider\">\n\t\t\t<span class=\"elementor-divider-separator\">\n\t\t\t\t\t\t<\/span>\n\t\t<\/div>\n\t\t\t\t\t\t<\/div>\n\t\t\t\t<\/div>\n\t\t<div class=\"elementor-element elementor-element-0422f63 e-con-full e-flex e-con e-child\" data-id=\"0422f63\" data-element_type=\"container\" data-e-type=\"container\">\n\t\t\t\t<div class=\"elementor-element elementor-element-f5c4e80 elementor-widget elementor-widget-text-editor\" data-id=\"f5c4e80\" data-element_type=\"widget\" data-e-type=\"widget\" data-widget_type=\"text-editor.default\">\n\t\t\t\t\t\t\t\t\t<p>El enfoque en las etiquetas IML tecnol\u00f3gicamente exigentes nos diferencia de la competencia. Si bien muchos fabricantes ven este producto como un complemento, nosotros lo hemos colocado en el centro de nuestro negocio. Por eso precisamente ofrecemos no solo un producto, sino tambi\u00e9n una sociedad en la que las etiquetas se entregan con alta precisi\u00f3n y fiabilidad, adaptadas a las necesidades espec\u00edficas de cada cliente.<\/p><p>En IML net, estamos orgullosos de lo que hacemos. Un equipo de expertos impulsa la tecnolog\u00eda que garantiza que nuestros clientes, fabricantes de toda Europa y el mundo, siempre reciban soluciones por encima de los est\u00e1ndares de la industria.<\/p>\t\t\t\t\t\t\t\t<\/div>\n\t\t\t\t<\/div>\n\t\t\t\t\t<\/div>\n\t\t\t\t<\/div>\n\t\t<div class=\"elementor-element elementor-element-4d91f924 e-con-full e-flex e-con e-parent\" data-id=\"4d91f924\" data-element_type=\"container\" data-e-type=\"container\">\n\t\t<div class=\"elementor-element elementor-element-7a9f0bdd e-con-full e-flex e-con e-child\" data-id=\"7a9f0bdd\" data-element_type=\"container\" data-e-type=\"container\">\n\t\t\t\t<\/div>\n\t\t<div class=\"elementor-element elementor-element-40c394f3 e-con-full e-flex e-con e-child\" data-id=\"40c394f3\" data-element_type=\"container\" data-e-type=\"container\">\n\t\t\t\t<div class=\"elementor-element elementor-element-77430d6c elementor-widget elementor-widget-text-editor\" data-id=\"77430d6c\" data-element_type=\"widget\" data-e-type=\"widget\" data-widget_type=\"text-editor.default\">\n\t\t\t\t\t\t\t\t\t<p>Estamos comprometidos con la m\u00e1xima calidad, la seguridad y la protecci\u00f3n del medio ambiente. Para demostrarlo, operamos de acuerdo con normas internacionales como ISO 9001:2015, ISO 14001:2015 y HACCP. Nuestra producci\u00f3n cumple con las normativas europeas REACH y CLP, y tambi\u00e9n seguimos voluntariamente la Pol\u00edtica de Exclusi\u00f3n de EuPIA, lo que subraya nuestro compromiso con la sostenibilidad.<\/p>\t\t\t\t\t\t\t\t<\/div>\n\t\t\t\t<div class=\"elementor-element elementor-element-8bb6b14 elementor-widget elementor-widget-text-editor\" data-id=\"8bb6b14\" data-element_type=\"widget\" data-e-type=\"widget\" data-widget_type=\"text-editor.default\">\n\t\t\t\t\t\t\t\t\t<p><span style=\"font-weight: 400;\">Con un compromiso con la calidad, nos aseguramos de que obtenga productos que no solo cumplan sino que tambi\u00e9n superen los est\u00e1ndares de la industria. Con tales fundamentos, estamos listos para expandirnos a nuevos mercados internacionales. <\/span><\/p>\t\t\t\t\t\t\t\t<\/div>\n\t\t\t\t<div class=\"elementor-element elementor-element-207f2b04 elementor-widget elementor-widget-image\" data-id=\"207f2b04\" data-element_type=\"widget\" data-e-type=\"widget\" data-widget_type=\"image.default\">\n\t\t\t\t\t\t\t\t\t\t\t\t\t\t\t<img decoding=\"async\" width=\"284\" height=\"284\" src=\"https:\/\/iml.solutions\/wp-content\/uploads\/2026\/02\/ISO-9001-ISO-14001_en_regular-RGB.png\" class=\"attachment-large size-large wp-image-2048\" alt=\"\" srcset=\"https:\/\/iml.solutions\/wp-content\/uploads\/2026\/02\/ISO-9001-ISO-14001_en_regular-RGB.png 284w, https:\/\/iml.solutions\/wp-content\/uploads\/2026\/02\/ISO-9001-ISO-14001_en_regular-RGB-150x150.png 150w\" sizes=\"(max-width: 284px) 100vw, 284px\" \/>\t\t\t\t\t\t\t\t\t\t\t\t\t\t\t<\/div>\n\t\t\t\t<\/div>\n\t\t\t\t<\/div>\n\t\t<div class=\"elementor-element elementor-element-2866484b e-flex e-con-boxed e-con e-parent\" data-id=\"2866484b\" data-element_type=\"container\" data-e-type=\"container\" data-settings=\"{&quot;background_background&quot;:&quot;classic&quot;}\">\n\t\t\t\t\t<div class=\"e-con-inner\">\n\t\t<div class=\"elementor-element elementor-element-753b185 e-con-full e-flex e-con e-child\" data-id=\"753b185\" data-element_type=\"container\" data-e-type=\"container\">\n\t\t\t\t<div class=\"elementor-element elementor-element-7a5d06c8 elementor-invisible elementor-widget elementor-widget-heading\" data-id=\"7a5d06c8\" data-element_type=\"widget\" data-e-type=\"widget\" data-settings=\"{&quot;_animation&quot;:&quot;fadeIn&quot;}\" data-widget_type=\"heading.default\">\n\t\t\t\t\t<h3 class=\"elementor-heading-title elementor-size-default\">Para cualquier duda sobre nuestros productos o ayuda con el pedido, estamos a tu disposici\u00f3n.<\/h3>\t\t\t\t<\/div>\n\t\t\t\t<div class=\"elementor-element elementor-element-5f8a24d1 elementor-widget elementor-widget-text-editor\" data-id=\"5f8a24d1\" data-element_type=\"widget\" data-e-type=\"widget\" data-widget_type=\"text-editor.default\">\n\t\t\t\t\t\t\t\t\t<p>Contacte con nosotros y estaremos encantados de ayudarlo.<\/p>\t\t\t\t\t\t\t\t<\/div>\n\t\t\t\t<\/div>\n\t\t<div class=\"elementor-element elementor-element-2eb44b79 e-con-full e-flex e-con e-child\" data-id=\"2eb44b79\" data-element_type=\"container\" data-e-type=\"container\">\n\t\t\t\t<div class=\"elementor-element elementor-element-6de51916 elementor-mobile-align-center elementor-widget elementor-widget-button\" data-id=\"6de51916\" data-element_type=\"widget\" data-e-type=\"widget\" data-widget_type=\"button.default\">\n\t\t\t\t\t\t\t\t\t\t<a class=\"elementor-button elementor-button-link elementor-size-sm\" href=\"https:\/\/iml.solutions\/es\/contacto\/\">\n\t\t\t\t\t\t<span class=\"elementor-button-content-wrapper\">\n\t\t\t\t\t\t\t\t\t<span class=\"elementor-button-text\">Cont\u00e1ctanos<\/span>\n\t\t\t\t\t<\/span>\n\t\t\t\t\t<\/a>\n\t\t\t\t\t\t\t\t<\/div>\n\t\t\t\t<\/div>\n\t\t\t\t\t<\/div>\n\t\t\t\t<\/div>\n\t\t\t\t<\/div>\n\t\t","protected":false},"excerpt":{"rendered":"<p>Nuestra pasi\u00f3n es su seguridad En IML net d.o.o., nuestra pasi\u00f3n es su seguridad. Creamos etiquetas en molde (IML) duraderas [&hellip;]<\/p>\n","protected":false},"author":1,"featured_media":0,"parent":0,"menu_order":0,"comment_status":"closed","ping_status":"closed","template":"","meta":{"site-sidebar-layout":"no-sidebar","site-content-layout":"","ast-site-content-layout":"full-width-container","site-content-style":"default","site-sidebar-style":"default","ast-global-header-display":"","ast-banner-title-visibility":"","ast-main-header-display":"","ast-hfb-above-header-display":"","ast-hfb-below-header-display":"","ast-hfb-mobile-header-display":"","site-post-title":"disabled","ast-breadcrumbs-content":"","ast-featured-img":"disabled","footer-sml-layout":"","ast-disable-related-posts":"","theme-transparent-header-meta":"default","adv-header-id-meta":"","stick-header-meta":"default","header-above-stick-meta":"","header-main-stick-meta":"","header-below-stick-meta":"","astra-migrate-meta-layouts":"default","ast-page-background-enabled":"default","ast-page-background-meta":{"desktop":{"background-color":"var(--ast-global-color-5)","background-image":"","background-repeat":"repeat","background-position":"center center","background-size":"auto","background-attachment":"scroll","background-type":"","background-media":"","overlay-type":"","overlay-color":"","overlay-opacity":"","overlay-gradient":""},"tablet":{"background-color":"","background-image":"","background-repeat":"repeat","background-position":"center center","background-size":"auto","background-attachment":"scroll","background-type":"","background-media":"","overlay-type":"","overlay-color":"","overlay-opacity":"","overlay-gradient":""},"mobile":{"background-color":"","background-image":"","background-repeat":"repeat","background-position":"center center","background-size":"auto","background-attachment":"scroll","background-type":"","background-media":"","overlay-type":"","overlay-color":"","overlay-opacity":"","overlay-gradient":""}},"ast-content-background-meta":{"desktop":{"background-color":"var(--ast-global-color-4)","background-image":"","background-repeat":"repeat","background-position":"center center","background-size":"auto","background-attachment":"scroll","background-type":"","background-media":"","overlay-type":"","overlay-color":"","overlay-opacity":"","overlay-gradient":""},"tablet":{"background-color":"var(--ast-global-color-4)","background-image":"","background-repeat":"repeat","background-position":"center center","background-size":"auto","background-attachment":"scroll","background-type":"","background-media":"","overlay-type":"","overlay-color":"","overlay-opacity":"","overlay-gradient":""},"mobile":{"background-color":"var(--ast-global-color-4)","background-image":"","background-repeat":"repeat","background-position":"center center","background-size":"auto","background-attachment":"scroll","background-type":"","background-media":"","overlay-type":"","overlay-color":"","overlay-opacity":"","overlay-gradient":""}},"footnotes":""},"class_list":["post-1474","page","type-page","status-publish","hentry"],"yoast_head":"<!-- This site is optimized with the Yoast SEO plugin v27.6 - https:\/\/yoast.com\/product\/yoast-seo-wordpress\/ -->\n<title>Sobre nosotros - IML net d.o.o.<\/title>\n<meta name=\"description\" content=\"Utilizando la t\u00e9cnica IML, la etiqueta se integra directamente en el envase de pl\u00e1stico, lo que garantiza su excepcional durabilidad.\" \/>\n<meta name=\"robots\" content=\"index, follow, max-snippet:-1, max-image-preview:large, max-video-preview:-1\" \/>\n<link rel=\"canonical\" href=\"https:\/\/iml.solutions\/es\/sobre-nosotros\/\" \/>\n<meta property=\"og:locale\" content=\"es_ES\" \/>\n<meta property=\"og:type\" content=\"article\" \/>\n<meta property=\"og:title\" content=\"Sobre nosotros - IML net d.o.o.\" \/>\n<meta property=\"og:description\" content=\"Utilizando la t\u00e9cnica IML, la etiqueta se integra directamente en el envase de pl\u00e1stico, lo que garantiza su excepcional durabilidad.\" \/>\n<meta property=\"og:url\" content=\"https:\/\/iml.solutions\/es\/sobre-nosotros\/\" \/>\n<meta property=\"og:site_name\" content=\"IML net d.o.o.\" \/>\n<meta property=\"article:modified_time\" content=\"2026-02-27T10:30:26+00:00\" \/>\n<meta property=\"og:image\" content=\"https:\/\/iml.solutions\/wp-content\/uploads\/2025\/09\/DSC_2298-products-scaled.jpg\" \/>\n\t<meta property=\"og:image:width\" content=\"2560\" \/>\n\t<meta property=\"og:image:height\" content=\"395\" \/>\n\t<meta property=\"og:image:type\" content=\"image\/jpeg\" \/>\n<script type=\"application\/ld+json\" class=\"yoast-schema-graph\">{\"@context\":\"https:\\\/\\\/schema.org\",\"@graph\":[{\"@type\":\"WebPage\",\"@id\":\"https:\\\/\\\/iml.solutions\\\/es\\\/sobre-nosotros\\\/\",\"url\":\"https:\\\/\\\/iml.solutions\\\/es\\\/sobre-nosotros\\\/\",\"name\":\"Sobre nosotros - IML net d.o.o.\",\"isPartOf\":{\"@id\":\"https:\\\/\\\/iml.solutions\\\/es\\\/#website\"},\"primaryImageOfPage\":{\"@id\":\"https:\\\/\\\/iml.solutions\\\/es\\\/sobre-nosotros\\\/#primaryimage\"},\"image\":{\"@id\":\"https:\\\/\\\/iml.solutions\\\/es\\\/sobre-nosotros\\\/#primaryimage\"},\"thumbnailUrl\":\"https:\\\/\\\/iml.solutions\\\/wp-content\\\/uploads\\\/2025\\\/09\\\/DSC_2298-products-scaled.jpg\",\"datePublished\":\"2025-09-26T12:57:37+00:00\",\"dateModified\":\"2026-02-27T10:30:26+00:00\",\"description\":\"Utilizando la t\u00e9cnica IML, la etiqueta se integra directamente en el envase de pl\u00e1stico, lo que garantiza su excepcional durabilidad.\",\"breadcrumb\":{\"@id\":\"https:\\\/\\\/iml.solutions\\\/es\\\/sobre-nosotros\\\/#breadcrumb\"},\"inLanguage\":\"es\",\"potentialAction\":[{\"@type\":\"ReadAction\",\"target\":[\"https:\\\/\\\/iml.solutions\\\/es\\\/sobre-nosotros\\\/\"]}]},{\"@type\":\"ImageObject\",\"inLanguage\":\"es\",\"@id\":\"https:\\\/\\\/iml.solutions\\\/es\\\/sobre-nosotros\\\/#primaryimage\",\"url\":\"https:\\\/\\\/iml.solutions\\\/wp-content\\\/uploads\\\/2025\\\/09\\\/DSC_2298-products-scaled.jpg\",\"contentUrl\":\"https:\\\/\\\/iml.solutions\\\/wp-content\\\/uploads\\\/2025\\\/09\\\/DSC_2298-products-scaled.jpg\"},{\"@type\":\"BreadcrumbList\",\"@id\":\"https:\\\/\\\/iml.solutions\\\/es\\\/sobre-nosotros\\\/#breadcrumb\",\"itemListElement\":[{\"@type\":\"ListItem\",\"position\":1,\"name\":\"Home\",\"item\":\"https:\\\/\\\/iml.solutions\\\/es\\\/\"},{\"@type\":\"ListItem\",\"position\":2,\"name\":\"Sobre nosotros\"}]},{\"@type\":\"WebSite\",\"@id\":\"https:\\\/\\\/iml.solutions\\\/es\\\/#website\",\"url\":\"https:\\\/\\\/iml.solutions\\\/es\\\/\",\"name\":\"https:\\\/\\\/iml.solutions\\\/\",\"description\":\"\",\"publisher\":{\"@id\":\"https:\\\/\\\/iml.solutions\\\/es\\\/#organization\"},\"potentialAction\":[{\"@type\":\"SearchAction\",\"target\":{\"@type\":\"EntryPoint\",\"urlTemplate\":\"https:\\\/\\\/iml.solutions\\\/es\\\/?s={search_term_string}\"},\"query-input\":{\"@type\":\"PropertyValueSpecification\",\"valueRequired\":true,\"valueName\":\"search_term_string\"}}],\"inLanguage\":\"es\"},{\"@type\":\"Organization\",\"@id\":\"https:\\\/\\\/iml.solutions\\\/es\\\/#organization\",\"name\":\"IML net d.o.o.\",\"alternateName\":\"IML solutions\",\"url\":\"https:\\\/\\\/iml.solutions\\\/es\\\/\",\"logo\":{\"@type\":\"ImageObject\",\"inLanguage\":\"es\",\"@id\":\"https:\\\/\\\/iml.solutions\\\/es\\\/#\\\/schema\\\/logo\\\/image\\\/\",\"url\":\"https:\\\/\\\/iml.solutions\\\/wp-content\\\/uploads\\\/2025\\\/09\\\/Logo-iml.png\",\"contentUrl\":\"https:\\\/\\\/iml.solutions\\\/wp-content\\\/uploads\\\/2025\\\/09\\\/Logo-iml.png\",\"width\":1435,\"height\":408,\"caption\":\"IML net d.o.o.\"},\"image\":{\"@id\":\"https:\\\/\\\/iml.solutions\\\/es\\\/#\\\/schema\\\/logo\\\/image\\\/\"}}]}<\/script>\n<!-- \/ Yoast SEO plugin. -->","yoast_head_json":{"title":"Sobre nosotros - IML net d.o.o.","description":"Utilizando la t\u00e9cnica IML, la etiqueta se integra directamente en el envase de pl\u00e1stico, lo que garantiza su excepcional durabilidad.","robots":{"index":"index","follow":"follow","max-snippet":"max-snippet:-1","max-image-preview":"max-image-preview:large","max-video-preview":"max-video-preview:-1"},"canonical":"https:\/\/iml.solutions\/es\/sobre-nosotros\/","og_locale":"es_ES","og_type":"article","og_title":"Sobre nosotros - IML net d.o.o.","og_description":"Utilizando la t\u00e9cnica IML, la etiqueta se integra directamente en el envase de pl\u00e1stico, lo que garantiza su excepcional durabilidad.","og_url":"https:\/\/iml.solutions\/es\/sobre-nosotros\/","og_site_name":"IML net d.o.o.","article_modified_time":"2026-02-27T10:30:26+00:00","og_image":[{"width":2560,"height":395,"url":"https:\/\/iml.solutions\/wp-content\/uploads\/2025\/09\/DSC_2298-products-scaled.jpg","type":"image\/jpeg"}],"schema":{"@context":"https:\/\/schema.org","@graph":[{"@type":"WebPage","@id":"https:\/\/iml.solutions\/es\/sobre-nosotros\/","url":"https:\/\/iml.solutions\/es\/sobre-nosotros\/","name":"Sobre nosotros - IML net d.o.o.","isPartOf":{"@id":"https:\/\/iml.solutions\/es\/#website"},"primaryImageOfPage":{"@id":"https:\/\/iml.solutions\/es\/sobre-nosotros\/#primaryimage"},"image":{"@id":"https:\/\/iml.solutions\/es\/sobre-nosotros\/#primaryimage"},"thumbnailUrl":"https:\/\/iml.solutions\/wp-content\/uploads\/2025\/09\/DSC_2298-products-scaled.jpg","datePublished":"2025-09-26T12:57:37+00:00","dateModified":"2026-02-27T10:30:26+00:00","description":"Utilizando la t\u00e9cnica IML, la etiqueta se integra directamente en el envase de pl\u00e1stico, lo que garantiza su excepcional durabilidad.","breadcrumb":{"@id":"https:\/\/iml.solutions\/es\/sobre-nosotros\/#breadcrumb"},"inLanguage":"es","potentialAction":[{"@type":"ReadAction","target":["https:\/\/iml.solutions\/es\/sobre-nosotros\/"]}]},{"@type":"ImageObject","inLanguage":"es","@id":"https:\/\/iml.solutions\/es\/sobre-nosotros\/#primaryimage","url":"https:\/\/iml.solutions\/wp-content\/uploads\/2025\/09\/DSC_2298-products-scaled.jpg","contentUrl":"https:\/\/iml.solutions\/wp-content\/uploads\/2025\/09\/DSC_2298-products-scaled.jpg"},{"@type":"BreadcrumbList","@id":"https:\/\/iml.solutions\/es\/sobre-nosotros\/#breadcrumb","itemListElement":[{"@type":"ListItem","position":1,"name":"Home","item":"https:\/\/iml.solutions\/es\/"},{"@type":"ListItem","position":2,"name":"Sobre nosotros"}]},{"@type":"WebSite","@id":"https:\/\/iml.solutions\/es\/#website","url":"https:\/\/iml.solutions\/es\/","name":"https:\/\/iml.solutions\/","description":"","publisher":{"@id":"https:\/\/iml.solutions\/es\/#organization"},"potentialAction":[{"@type":"SearchAction","target":{"@type":"EntryPoint","urlTemplate":"https:\/\/iml.solutions\/es\/?s={search_term_string}"},"query-input":{"@type":"PropertyValueSpecification","valueRequired":true,"valueName":"search_term_string"}}],"inLanguage":"es"},{"@type":"Organization","@id":"https:\/\/iml.solutions\/es\/#organization","name":"IML net d.o.o.","alternateName":"IML solutions","url":"https:\/\/iml.solutions\/es\/","logo":{"@type":"ImageObject","inLanguage":"es","@id":"https:\/\/iml.solutions\/es\/#\/schema\/logo\/image\/","url":"https:\/\/iml.solutions\/wp-content\/uploads\/2025\/09\/Logo-iml.png","contentUrl":"https:\/\/iml.solutions\/wp-content\/uploads\/2025\/09\/Logo-iml.png","width":1435,"height":408,"caption":"IML net d.o.o."},"image":{"@id":"https:\/\/iml.solutions\/es\/#\/schema\/logo\/image\/"}}]}},"_links":{"self":[{"href":"https:\/\/iml.solutions\/es\/wp-json\/wp\/v2\/pages\/1474","targetHints":{"allow":["GET"]}}],"collection":[{"href":"https:\/\/iml.solutions\/es\/wp-json\/wp\/v2\/pages"}],"about":[{"href":"https:\/\/iml.solutions\/es\/wp-json\/wp\/v2\/types\/page"}],"author":[{"embeddable":true,"href":"https:\/\/iml.solutions\/es\/wp-json\/wp\/v2\/users\/1"}],"replies":[{"embeddable":true,"href":"https:\/\/iml.solutions\/es\/wp-json\/wp\/v2\/comments?post=1474"}],"version-history":[{"count":10,"href":"https:\/\/iml.solutions\/es\/wp-json\/wp\/v2\/pages\/1474\/revisions"}],"predecessor-version":[{"id":2086,"href":"https:\/\/iml.solutions\/es\/wp-json\/wp\/v2\/pages\/1474\/revisions\/2086"}],"wp:attachment":[{"href":"https:\/\/iml.solutions\/es\/wp-json\/wp\/v2\/media?parent=1474"}],"curies":[{"name":"wp","href":"https:\/\/api.w.org\/{rel}","templated":true}]}}