{"id":1488,"date":"2025-09-30T19:42:18","date_gmt":"2025-09-30T17:42:18","guid":{"rendered":"https:\/\/iml.solutions\/productos\/"},"modified":"2025-10-21T22:45:05","modified_gmt":"2025-10-21T20:45:05","slug":"productos","status":"publish","type":"page","link":"https:\/\/iml.solutions\/es\/productos\/","title":{"rendered":"Productos"},"content":{"rendered":"\t\t<div data-elementor-type=\"wp-page\" data-elementor-id=\"1488\" class=\"elementor elementor-1488 elementor-476\" data-elementor-post-type=\"page\">\n\t\t\t\t<div class=\"elementor-element elementor-element-cf4acd3 e-con-full e-flex e-con e-parent\" data-id=\"cf4acd3\" data-element_type=\"container\" data-e-type=\"container\">\n\t\t\t\t<div class=\"elementor-element elementor-element-eb5747a elementor--v-position-top elementor--h-position-center elementor-widget elementor-widget-slides\" data-id=\"eb5747a\" data-element_type=\"widget\" data-e-type=\"widget\" data-settings=\"{&quot;navigation&quot;:&quot;none&quot;,&quot;transition&quot;:&quot;slide&quot;,&quot;transition_speed&quot;:500}\" data-widget_type=\"slides.default\">\n\t\t\t\t\t\t\t\t\t\t<div class=\"elementor-slides-wrapper elementor-main-swiper swiper\" role=\"region\" aria-roledescription=\"carousel\" aria-label=\"Slides\" dir=\"ltr\" data-animation=\"\">\n\t\t\t\t<div class=\"swiper-wrapper elementor-slides\">\n\t\t\t\t\t\t\t\t\t\t<div class=\"elementor-repeater-item-96a874e swiper-slide\" role=\"group\" aria-roledescription=\"slide\"><div class=\"swiper-slide-bg elementor-ken-burns elementor-ken-burns--out\" role=\"img\" aria-label=\"Cutting\"><\/div><div class=\"swiper-slide-inner\" ><div class=\"swiper-slide-contents\"><\/div><\/div><\/div>\t\t\t\t<\/div>\n\t\t\t\t\t\t\t<\/div>\n\t\t\t\t\t\t\t\t<\/div>\n\t\t\t\t<\/div>\n\t\t<div class=\"elementor-element elementor-element-d8bba72 e-flex e-con-boxed e-con e-parent\" data-id=\"d8bba72\" data-element_type=\"container\" data-e-type=\"container\">\n\t\t\t\t\t<div class=\"e-con-inner\">\n\t\t\t\t<div class=\"elementor-element elementor-element-a71cafd elementor-widget elementor-widget-heading\" data-id=\"a71cafd\" data-element_type=\"widget\" data-e-type=\"widget\" data-widget_type=\"heading.default\">\n\t\t\t\t\t<h2 class=\"elementor-heading-title elementor-size-default\">Flexibilidad que impulsa el crecimiento<\/h2>\t\t\t\t<\/div>\n\t\t\t\t<div class=\"elementor-element elementor-element-14be470 elementor-widget elementor-widget-text-editor\" data-id=\"14be470\" data-element_type=\"widget\" data-e-type=\"widget\" data-widget_type=\"text-editor.default\">\n\t\t\t\t\t\t\t\t\t<p style=\"text-align: center;\">Nos aproximamos a todos los clientes individualmente, porque cada producto tiene requisitos \u00fanicos. Por eso ofrecemos etiquetas IML con diferentes niveles de durabilidad: desde soluciones rentables para productos de un solo uso hasta etiquetas extremadamente duraderas y de primera calidad para las condiciones m\u00e1s exigentes. Este enfoque diverso le permite optimizar los costos sin comprometer la calidad.<\/p>\t\t\t\t\t\t\t\t<\/div>\n\t\t\t\t<div class=\"elementor-element elementor-element-68cdfcb elementor-widget__width-initial elementor-widget-divider--view-line elementor-widget elementor-widget-divider\" data-id=\"68cdfcb\" data-element_type=\"widget\" data-e-type=\"widget\" data-widget_type=\"divider.default\">\n\t\t\t\t\t\t\t<div class=\"elementor-divider\">\n\t\t\t<span class=\"elementor-divider-separator\">\n\t\t\t\t\t\t<\/span>\n\t\t<\/div>\n\t\t\t\t\t\t<\/div>\n\t\t\t\t\t<\/div>\n\t\t\t\t<\/div>\n\t\t<div class=\"elementor-element elementor-element-d7454d6 e-flex e-con-boxed e-con e-parent\" data-id=\"d7454d6\" data-element_type=\"container\" data-e-type=\"container\">\n\t\t\t\t\t<div class=\"e-con-inner\">\n\t\t<div class=\"elementor-element elementor-element-fecfcea e-con-full e-flex e-con e-child\" data-id=\"fecfcea\" data-element_type=\"container\" data-e-type=\"container\">\n\t\t\t\t<div class=\"elementor-element elementor-element-a359c91 elementor-widget elementor-widget-image\" data-id=\"a359c91\" data-element_type=\"widget\" data-e-type=\"widget\" data-widget_type=\"image.default\">\n\t\t\t\t\t\t\t\t\t\t\t\t\t\t\t<img fetchpriority=\"high\" decoding=\"async\" width=\"825\" height=\"1024\" src=\"https:\/\/iml.solutions\/wp-content\/uploads\/2025\/09\/icon-labels_v1-825x1024.png\" class=\"attachment-large size-large wp-image-1467\" alt=\"\" srcset=\"https:\/\/iml.solutions\/wp-content\/uploads\/2025\/09\/icon-labels_v1-825x1024.png 825w, https:\/\/iml.solutions\/wp-content\/uploads\/2025\/09\/icon-labels_v1-242x300.png 242w, https:\/\/iml.solutions\/wp-content\/uploads\/2025\/09\/icon-labels_v1-768x953.png 768w, https:\/\/iml.solutions\/wp-content\/uploads\/2025\/09\/icon-labels_v1.png 942w\" sizes=\"(max-width: 825px) 100vw, 825px\" \/>\t\t\t\t\t\t\t\t\t\t\t\t\t\t\t<\/div>\n\t\t\t\t<div class=\"elementor-element elementor-element-462edc3 elementor-widget elementor-widget-text-editor\" data-id=\"462edc3\" data-element_type=\"widget\" data-e-type=\"widget\" data-widget_type=\"text-editor.default\">\n\t\t\t\t\t\t\t\t\t<p>Las etiquetas ECONOMIC de durabilidad corta son una soluci\u00f3n econ\u00f3mica, ideal para productos destinados a un solo uso. Destacan por su reconocible efecto \u00abpiel de naranja\u00bb y se utilizan con mayor frecuencia en envases para helados, mantequilla y queso fresco. Aunque forman parte de nuestra amplia gama, las ofrecemos para garantizar que cada cliente encuentre una soluci\u00f3n adaptada a sus necesidades espec\u00edficas.<\/p>\t\t\t\t\t\t\t\t<\/div>\n\t\t\t\t<div class=\"elementor-element elementor-element-b6cd2ee elementor-widget elementor-widget-spacer\" data-id=\"b6cd2ee\" data-element_type=\"widget\" data-e-type=\"widget\" data-widget_type=\"spacer.default\">\n\t\t\t\t\t\t\t<div class=\"elementor-spacer\">\n\t\t\t<div class=\"elementor-spacer-inner\"><\/div>\n\t\t<\/div>\n\t\t\t\t\t\t<\/div>\n\t\t\t\t<\/div>\n\t\t<div class=\"elementor-element elementor-element-5d36357 e-con-full e-flex e-con e-child\" data-id=\"5d36357\" data-element_type=\"container\" data-e-type=\"container\">\n\t\t\t\t<div class=\"elementor-element elementor-element-7418f2d elementor-widget elementor-widget-image\" data-id=\"7418f2d\" data-element_type=\"widget\" data-e-type=\"widget\" data-widget_type=\"image.default\">\n\t\t\t\t\t\t\t\t\t\t\t\t\t\t\t<img decoding=\"async\" width=\"825\" height=\"1024\" src=\"https:\/\/iml.solutions\/wp-content\/uploads\/2025\/09\/icon-labels_v2-825x1024.png\" class=\"attachment-large size-large wp-image-1459\" alt=\"\" srcset=\"https:\/\/iml.solutions\/wp-content\/uploads\/2025\/09\/icon-labels_v2-825x1024.png 825w, https:\/\/iml.solutions\/wp-content\/uploads\/2025\/09\/icon-labels_v2-242x300.png 242w, https:\/\/iml.solutions\/wp-content\/uploads\/2025\/09\/icon-labels_v2-768x953.png 768w, https:\/\/iml.solutions\/wp-content\/uploads\/2025\/09\/icon-labels_v2.png 942w\" sizes=\"(max-width: 825px) 100vw, 825px\" \/>\t\t\t\t\t\t\t\t\t\t\t\t\t\t\t<\/div>\n\t\t\t\t<div class=\"elementor-element elementor-element-764c00b elementor-widget elementor-widget-text-editor\" data-id=\"764c00b\" data-element_type=\"widget\" data-e-type=\"widget\" data-widget_type=\"text-editor.default\">\n\t\t\t\t\t\t\t\t\t<p>Las etiquetas ECONOMIC de durabilidad media ofrecen algo m\u00e1s que una opci\u00f3n b\u00e1sica. Est\u00e1n lacadas y son resistentes a los ara\u00f1azos, con colores que duran mucho tiempo. Se han creado para productos que requieren una mayor durabilidad, pero siguen siendo asequibles. Desde juguetes para ni\u00f1os y accesorios de playa hasta una variedad de art\u00edculos para el hogar, estas etiquetas garantizan que el dise\u00f1o no se da\u00f1ar\u00e1, independientemente de la frecuencia con la que se use.<\/p>\t\t\t\t\t\t\t\t<\/div>\n\t\t\t\t<div class=\"elementor-element elementor-element-99c3398 elementor-widget elementor-widget-spacer\" data-id=\"99c3398\" data-element_type=\"widget\" data-e-type=\"widget\" data-widget_type=\"spacer.default\">\n\t\t\t\t\t\t\t<div class=\"elementor-spacer\">\n\t\t\t<div class=\"elementor-spacer-inner\"><\/div>\n\t\t<\/div>\n\t\t\t\t\t\t<\/div>\n\t\t\t\t<\/div>\n\t\t\t\t\t<\/div>\n\t\t\t\t<\/div>\n\t\t<div class=\"elementor-element elementor-element-9615464 e-flex e-con-boxed e-con e-parent\" data-id=\"9615464\" data-element_type=\"container\" data-e-type=\"container\">\n\t\t\t\t\t<div class=\"e-con-inner\">\n\t\t<div class=\"elementor-element elementor-element-177dc81 e-con-full e-flex e-con e-child\" data-id=\"177dc81\" data-element_type=\"container\" data-e-type=\"container\">\n\t\t\t\t<div class=\"elementor-element elementor-element-eb7b76d elementor-widget elementor-widget-image\" data-id=\"eb7b76d\" data-element_type=\"widget\" data-e-type=\"widget\" data-widget_type=\"image.default\">\n\t\t\t\t\t\t\t\t\t\t\t\t\t\t\t<img decoding=\"async\" width=\"825\" height=\"1024\" src=\"https:\/\/iml.solutions\/wp-content\/uploads\/2025\/09\/icon-labels_v3-825x1024.png\" class=\"attachment-large size-large wp-image-1460\" alt=\"\" srcset=\"https:\/\/iml.solutions\/wp-content\/uploads\/2025\/09\/icon-labels_v3-825x1024.png 825w, https:\/\/iml.solutions\/wp-content\/uploads\/2025\/09\/icon-labels_v3-242x300.png 242w, https:\/\/iml.solutions\/wp-content\/uploads\/2025\/09\/icon-labels_v3-768x953.png 768w, https:\/\/iml.solutions\/wp-content\/uploads\/2025\/09\/icon-labels_v3.png 942w\" sizes=\"(max-width: 825px) 100vw, 825px\" \/>\t\t\t\t\t\t\t\t\t\t\t\t\t\t\t<\/div>\n\t\t\t\t<div class=\"elementor-element elementor-element-3951e8e elementor-widget elementor-widget-text-editor\" data-id=\"3951e8e\" data-element_type=\"widget\" data-e-type=\"widget\" data-widget_type=\"text-editor.default\">\n\t\t\t\t\t\t\t\t\t<p><span style=\"font-weight: 400;\">Las etiquetas PREMIUM de durabilidad media son la elecci\u00f3n perfecta para productos que tienen la funci\u00f3n de promover y resaltar la identidad visual de la marca. A lo largo de los a\u00f1os, hemos perfeccionado la producci\u00f3n de etiquetas laminadas para garantizar una durabilidad y fiabilidad excepcionales en art\u00edculos expuestos a un uso frecuente, como art\u00edculos para el hogar, recuerdos, vasos de pl\u00e1stico para eventos o diversos gadgets. Las etiquetas laminadas se eligen cuando se hace hincapi\u00e9 en la calidad premium.  <\/span><\/p>\t\t\t\t\t\t\t\t<\/div>\n\t\t\t\t<div class=\"elementor-element elementor-element-fdc6fed elementor-widget elementor-widget-spacer\" data-id=\"fdc6fed\" data-element_type=\"widget\" data-e-type=\"widget\" data-widget_type=\"spacer.default\">\n\t\t\t\t\t\t\t<div class=\"elementor-spacer\">\n\t\t\t<div class=\"elementor-spacer-inner\"><\/div>\n\t\t<\/div>\n\t\t\t\t\t\t<\/div>\n\t\t\t\t<\/div>\n\t\t<div class=\"elementor-element elementor-element-8ed531b e-con-full e-flex e-con e-child\" data-id=\"8ed531b\" data-element_type=\"container\" data-e-type=\"container\">\n\t\t\t\t<div class=\"elementor-element elementor-element-71b80d8 elementor-widget elementor-widget-image\" data-id=\"71b80d8\" data-element_type=\"widget\" data-e-type=\"widget\" data-widget_type=\"image.default\">\n\t\t\t\t\t\t\t\t\t\t\t\t\t\t\t<img loading=\"lazy\" decoding=\"async\" width=\"825\" height=\"1024\" src=\"https:\/\/iml.solutions\/wp-content\/uploads\/2025\/09\/icon-labels_v4-825x1024.png\" class=\"attachment-large size-large wp-image-1461\" alt=\"\" srcset=\"https:\/\/iml.solutions\/wp-content\/uploads\/2025\/09\/icon-labels_v4-825x1024.png 825w, https:\/\/iml.solutions\/wp-content\/uploads\/2025\/09\/icon-labels_v4-242x300.png 242w, https:\/\/iml.solutions\/wp-content\/uploads\/2025\/09\/icon-labels_v4-768x953.png 768w, https:\/\/iml.solutions\/wp-content\/uploads\/2025\/09\/icon-labels_v4.png 942w\" sizes=\"(max-width: 825px) 100vw, 825px\" \/>\t\t\t\t\t\t\t\t\t\t\t\t\t\t\t<\/div>\n\t\t\t\t<div class=\"elementor-element elementor-element-c423c22 elementor-widget elementor-widget-text-editor\" data-id=\"c423c22\" data-element_type=\"widget\" data-e-type=\"widget\" data-widget_type=\"text-editor.default\">\n\t\t\t\t\t\t\t\t\t<p>Las etiquetas PREMIUM de larga durabilidad est\u00e1n creadas para soportar las condiciones m\u00e1s exigentes. Al fabricarlos, utilizamos materiales m\u00e1s gruesos y duraderos. De acuerdo con las necesidades de sus productos, tambi\u00e9n podemos incorporar protecci\u00f3n UV en la estructura de la etiqueta, lo que garantiza colores ricos y brillantes a pesar de la exposici\u00f3n prolongada al sol. Por lo tanto, estas etiquetas son ideales para cajas de cerveza, baldosas y todos los productos que requieren una durabilidad superior.<\/p>\t\t\t\t\t\t\t\t<\/div>\n\t\t\t\t<div class=\"elementor-element elementor-element-05ef76e elementor-widget elementor-widget-spacer\" data-id=\"05ef76e\" data-element_type=\"widget\" data-e-type=\"widget\" data-widget_type=\"spacer.default\">\n\t\t\t\t\t\t\t<div class=\"elementor-spacer\">\n\t\t\t<div class=\"elementor-spacer-inner\"><\/div>\n\t\t<\/div>\n\t\t\t\t\t\t<\/div>\n\t\t\t\t<\/div>\n\t\t\t\t\t<\/div>\n\t\t\t\t<\/div>\n\t\t<div class=\"elementor-element elementor-element-26d270c1 e-flex e-con-boxed e-con e-parent\" data-id=\"26d270c1\" data-element_type=\"container\" data-e-type=\"container\" data-settings=\"{&quot;background_background&quot;:&quot;classic&quot;}\">\n\t\t\t\t\t<div class=\"e-con-inner\">\n\t\t<div class=\"elementor-element elementor-element-691d13c8 e-con-full e-flex e-con e-child\" data-id=\"691d13c8\" data-element_type=\"container\" data-e-type=\"container\">\n\t\t\t\t<div class=\"elementor-element elementor-element-1dec2b2e elementor-invisible elementor-widget elementor-widget-heading\" data-id=\"1dec2b2e\" data-element_type=\"widget\" data-e-type=\"widget\" data-settings=\"{&quot;_animation&quot;:&quot;fadeIn&quot;}\" data-widget_type=\"heading.default\">\n\t\t\t\t\t<h3 class=\"elementor-heading-title elementor-size-default\">Para cualquier duda sobre nuestros productos o ayuda con el pedido, estamos a tu disposici\u00f3n.<\/h3>\t\t\t\t<\/div>\n\t\t\t\t<div class=\"elementor-element elementor-element-38c3fa8c elementor-widget elementor-widget-text-editor\" data-id=\"38c3fa8c\" data-element_type=\"widget\" data-e-type=\"widget\" data-widget_type=\"text-editor.default\">\n\t\t\t\t\t\t\t\t\t<p>Contacte con nosotros y estaremos encantados de ayudarlo.<\/p>\t\t\t\t\t\t\t\t<\/div>\n\t\t\t\t<\/div>\n\t\t<div class=\"elementor-element elementor-element-f7ee182 e-con-full e-flex e-con e-child\" data-id=\"f7ee182\" data-element_type=\"container\" data-e-type=\"container\">\n\t\t\t\t<div class=\"elementor-element elementor-element-6249393 elementor-mobile-align-center elementor-widget elementor-widget-button\" data-id=\"6249393\" data-element_type=\"widget\" data-e-type=\"widget\" data-widget_type=\"button.default\">\n\t\t\t\t\t\t\t\t\t\t<a class=\"elementor-button elementor-button-link elementor-size-sm\" href=\"https:\/\/iml.solutions\/es\/contacto\/\">\n\t\t\t\t\t\t<span class=\"elementor-button-content-wrapper\">\n\t\t\t\t\t\t\t\t\t<span class=\"elementor-button-text\">Cont\u00e1ctanos<\/span>\n\t\t\t\t\t<\/span>\n\t\t\t\t\t<\/a>\n\t\t\t\t\t\t\t\t<\/div>\n\t\t\t\t<\/div>\n\t\t\t\t\t<\/div>\n\t\t\t\t<\/div>\n\t\t\t\t<\/div>\n\t\t","protected":false},"excerpt":{"rendered":"<p>Flexibilidad que impulsa el crecimiento Nos aproximamos a todos los clientes individualmente, porque cada producto tiene requisitos \u00fanicos. Por eso [&hellip;]<\/p>\n","protected":false},"author":1,"featured_media":0,"parent":0,"menu_order":0,"comment_status":"closed","ping_status":"closed","template":"","meta":{"site-sidebar-layout":"no-sidebar","site-content-layout":"","ast-site-content-layout":"full-width-container","site-content-style":"default","site-sidebar-style":"default","ast-global-header-display":"","ast-banner-title-visibility":"","ast-main-header-display":"","ast-hfb-above-header-display":"","ast-hfb-below-header-display":"","ast-hfb-mobile-header-display":"","site-post-title":"disabled","ast-breadcrumbs-content":"","ast-featured-img":"disabled","footer-sml-layout":"","ast-disable-related-posts":"","theme-transparent-header-meta":"default","adv-header-id-meta":"","stick-header-meta":"default","header-above-stick-meta":"","header-main-stick-meta":"","header-below-stick-meta":"","astra-migrate-meta-layouts":"default","ast-page-background-enabled":"default","ast-page-background-meta":{"desktop":{"background-color":"var(--ast-global-color-5)","background-image":"","background-repeat":"repeat","background-position":"center center","background-size":"auto","background-attachment":"scroll","background-type":"","background-media":"","overlay-type":"","overlay-color":"","overlay-opacity":"","overlay-gradient":""},"tablet":{"background-color":"","background-image":"","background-repeat":"repeat","background-position":"center center","background-size":"auto","background-attachment":"scroll","background-type":"","background-media":"","overlay-type":"","overlay-color":"","overlay-opacity":"","overlay-gradient":""},"mobile":{"background-color":"","background-image":"","background-repeat":"repeat","background-position":"center center","background-size":"auto","background-attachment":"scroll","background-type":"","background-media":"","overlay-type":"","overlay-color":"","overlay-opacity":"","overlay-gradient":""}},"ast-content-background-meta":{"desktop":{"background-color":"var(--ast-global-color-4)","background-image":"","background-repeat":"repeat","background-position":"center center","background-size":"auto","background-attachment":"scroll","background-type":"","background-media":"","overlay-type":"","overlay-color":"","overlay-opacity":"","overlay-gradient":""},"tablet":{"background-color":"var(--ast-global-color-4)","background-image":"","background-repeat":"repeat","background-position":"center center","background-size":"auto","background-attachment":"scroll","background-type":"","background-media":"","overlay-type":"","overlay-color":"","overlay-opacity":"","overlay-gradient":""},"mobile":{"background-color":"var(--ast-global-color-4)","background-image":"","background-repeat":"repeat","background-position":"center center","background-size":"auto","background-attachment":"scroll","background-type":"","background-media":"","overlay-type":"","overlay-color":"","overlay-opacity":"","overlay-gradient":""}},"footnotes":""},"class_list":["post-1488","page","type-page","status-publish","hentry"],"yoast_head":"<!-- This site is optimized with the Yoast SEO plugin v27.3 - https:\/\/yoast.com\/product\/yoast-seo-wordpress\/ -->\n<title>Productos - IML net d.o.o.<\/title>\n<meta name=\"description\" content=\"Nos aproximamos a todos los clientes individualmente, porque cada producto tiene requisitos \u00fanicos.\" \/>\n<meta name=\"robots\" content=\"index, follow, max-snippet:-1, max-image-preview:large, max-video-preview:-1\" \/>\n<link rel=\"canonical\" href=\"https:\/\/iml.solutions\/es\/productos\/\" \/>\n<meta property=\"og:locale\" content=\"es_ES\" \/>\n<meta property=\"og:type\" content=\"article\" \/>\n<meta property=\"og:title\" content=\"Productos - IML net d.o.o.\" \/>\n<meta property=\"og:description\" content=\"Nos aproximamos a todos los clientes individualmente, porque cada producto tiene requisitos \u00fanicos.\" \/>\n<meta property=\"og:url\" content=\"https:\/\/iml.solutions\/es\/productos\/\" \/>\n<meta property=\"og:site_name\" content=\"IML net d.o.o.\" \/>\n<meta property=\"article:modified_time\" content=\"2025-10-21T20:45:05+00:00\" \/>\n<meta property=\"og:image\" content=\"https:\/\/iml.solutions\/wp-content\/uploads\/2025\/09\/icon-labels_v1.png\" \/>\n\t<meta property=\"og:image:width\" content=\"942\" \/>\n\t<meta property=\"og:image:height\" content=\"1169\" \/>\n\t<meta property=\"og:image:type\" content=\"image\/png\" \/>\n<script type=\"application\/ld+json\" class=\"yoast-schema-graph\">{\"@context\":\"https:\\\/\\\/schema.org\",\"@graph\":[{\"@type\":\"WebPage\",\"@id\":\"https:\\\/\\\/iml.solutions\\\/es\\\/productos\\\/\",\"url\":\"https:\\\/\\\/iml.solutions\\\/es\\\/productos\\\/\",\"name\":\"Productos - IML net d.o.o.\",\"isPartOf\":{\"@id\":\"https:\\\/\\\/iml.solutions\\\/es\\\/#website\"},\"primaryImageOfPage\":{\"@id\":\"https:\\\/\\\/iml.solutions\\\/es\\\/productos\\\/#primaryimage\"},\"image\":{\"@id\":\"https:\\\/\\\/iml.solutions\\\/es\\\/productos\\\/#primaryimage\"},\"thumbnailUrl\":\"https:\\\/\\\/iml.solutions\\\/wp-content\\\/uploads\\\/2025\\\/09\\\/icon-labels_v1-825x1024.png\",\"datePublished\":\"2025-09-30T17:42:18+00:00\",\"dateModified\":\"2025-10-21T20:45:05+00:00\",\"description\":\"Nos aproximamos a todos los clientes individualmente, porque cada producto tiene requisitos \u00fanicos.\",\"breadcrumb\":{\"@id\":\"https:\\\/\\\/iml.solutions\\\/es\\\/productos\\\/#breadcrumb\"},\"inLanguage\":\"es\",\"potentialAction\":[{\"@type\":\"ReadAction\",\"target\":[\"https:\\\/\\\/iml.solutions\\\/es\\\/productos\\\/\"]}]},{\"@type\":\"ImageObject\",\"inLanguage\":\"es\",\"@id\":\"https:\\\/\\\/iml.solutions\\\/es\\\/productos\\\/#primaryimage\",\"url\":\"https:\\\/\\\/iml.solutions\\\/wp-content\\\/uploads\\\/2025\\\/09\\\/icon-labels_v1-825x1024.png\",\"contentUrl\":\"https:\\\/\\\/iml.solutions\\\/wp-content\\\/uploads\\\/2025\\\/09\\\/icon-labels_v1-825x1024.png\"},{\"@type\":\"BreadcrumbList\",\"@id\":\"https:\\\/\\\/iml.solutions\\\/es\\\/productos\\\/#breadcrumb\",\"itemListElement\":[{\"@type\":\"ListItem\",\"position\":1,\"name\":\"Home\",\"item\":\"https:\\\/\\\/iml.solutions\\\/es\\\/\"},{\"@type\":\"ListItem\",\"position\":2,\"name\":\"Productos\"}]},{\"@type\":\"WebSite\",\"@id\":\"https:\\\/\\\/iml.solutions\\\/es\\\/#website\",\"url\":\"https:\\\/\\\/iml.solutions\\\/es\\\/\",\"name\":\"https:\\\/\\\/iml.solutions\\\/\",\"description\":\"\",\"publisher\":{\"@id\":\"https:\\\/\\\/iml.solutions\\\/es\\\/#organization\"},\"potentialAction\":[{\"@type\":\"SearchAction\",\"target\":{\"@type\":\"EntryPoint\",\"urlTemplate\":\"https:\\\/\\\/iml.solutions\\\/es\\\/?s={search_term_string}\"},\"query-input\":{\"@type\":\"PropertyValueSpecification\",\"valueRequired\":true,\"valueName\":\"search_term_string\"}}],\"inLanguage\":\"es\"},{\"@type\":\"Organization\",\"@id\":\"https:\\\/\\\/iml.solutions\\\/es\\\/#organization\",\"name\":\"IML net d.o.o.\",\"alternateName\":\"IML solutions\",\"url\":\"https:\\\/\\\/iml.solutions\\\/es\\\/\",\"logo\":{\"@type\":\"ImageObject\",\"inLanguage\":\"es\",\"@id\":\"https:\\\/\\\/iml.solutions\\\/es\\\/#\\\/schema\\\/logo\\\/image\\\/\",\"url\":\"https:\\\/\\\/iml.solutions\\\/wp-content\\\/uploads\\\/2025\\\/09\\\/Logo-iml.png\",\"contentUrl\":\"https:\\\/\\\/iml.solutions\\\/wp-content\\\/uploads\\\/2025\\\/09\\\/Logo-iml.png\",\"width\":1435,\"height\":408,\"caption\":\"IML net d.o.o.\"},\"image\":{\"@id\":\"https:\\\/\\\/iml.solutions\\\/es\\\/#\\\/schema\\\/logo\\\/image\\\/\"}}]}<\/script>\n<!-- \/ Yoast SEO plugin. -->","yoast_head_json":{"title":"Productos - IML net d.o.o.","description":"Nos aproximamos a todos los clientes individualmente, porque cada producto tiene requisitos \u00fanicos.","robots":{"index":"index","follow":"follow","max-snippet":"max-snippet:-1","max-image-preview":"max-image-preview:large","max-video-preview":"max-video-preview:-1"},"canonical":"https:\/\/iml.solutions\/es\/productos\/","og_locale":"es_ES","og_type":"article","og_title":"Productos - IML net d.o.o.","og_description":"Nos aproximamos a todos los clientes individualmente, porque cada producto tiene requisitos \u00fanicos.","og_url":"https:\/\/iml.solutions\/es\/productos\/","og_site_name":"IML net d.o.o.","article_modified_time":"2025-10-21T20:45:05+00:00","og_image":[{"width":942,"height":1169,"url":"https:\/\/iml.solutions\/wp-content\/uploads\/2025\/09\/icon-labels_v1.png","type":"image\/png"}],"schema":{"@context":"https:\/\/schema.org","@graph":[{"@type":"WebPage","@id":"https:\/\/iml.solutions\/es\/productos\/","url":"https:\/\/iml.solutions\/es\/productos\/","name":"Productos - IML net d.o.o.","isPartOf":{"@id":"https:\/\/iml.solutions\/es\/#website"},"primaryImageOfPage":{"@id":"https:\/\/iml.solutions\/es\/productos\/#primaryimage"},"image":{"@id":"https:\/\/iml.solutions\/es\/productos\/#primaryimage"},"thumbnailUrl":"https:\/\/iml.solutions\/wp-content\/uploads\/2025\/09\/icon-labels_v1-825x1024.png","datePublished":"2025-09-30T17:42:18+00:00","dateModified":"2025-10-21T20:45:05+00:00","description":"Nos aproximamos a todos los clientes individualmente, porque cada producto tiene requisitos \u00fanicos.","breadcrumb":{"@id":"https:\/\/iml.solutions\/es\/productos\/#breadcrumb"},"inLanguage":"es","potentialAction":[{"@type":"ReadAction","target":["https:\/\/iml.solutions\/es\/productos\/"]}]},{"@type":"ImageObject","inLanguage":"es","@id":"https:\/\/iml.solutions\/es\/productos\/#primaryimage","url":"https:\/\/iml.solutions\/wp-content\/uploads\/2025\/09\/icon-labels_v1-825x1024.png","contentUrl":"https:\/\/iml.solutions\/wp-content\/uploads\/2025\/09\/icon-labels_v1-825x1024.png"},{"@type":"BreadcrumbList","@id":"https:\/\/iml.solutions\/es\/productos\/#breadcrumb","itemListElement":[{"@type":"ListItem","position":1,"name":"Home","item":"https:\/\/iml.solutions\/es\/"},{"@type":"ListItem","position":2,"name":"Productos"}]},{"@type":"WebSite","@id":"https:\/\/iml.solutions\/es\/#website","url":"https:\/\/iml.solutions\/es\/","name":"https:\/\/iml.solutions\/","description":"","publisher":{"@id":"https:\/\/iml.solutions\/es\/#organization"},"potentialAction":[{"@type":"SearchAction","target":{"@type":"EntryPoint","urlTemplate":"https:\/\/iml.solutions\/es\/?s={search_term_string}"},"query-input":{"@type":"PropertyValueSpecification","valueRequired":true,"valueName":"search_term_string"}}],"inLanguage":"es"},{"@type":"Organization","@id":"https:\/\/iml.solutions\/es\/#organization","name":"IML net d.o.o.","alternateName":"IML solutions","url":"https:\/\/iml.solutions\/es\/","logo":{"@type":"ImageObject","inLanguage":"es","@id":"https:\/\/iml.solutions\/es\/#\/schema\/logo\/image\/","url":"https:\/\/iml.solutions\/wp-content\/uploads\/2025\/09\/Logo-iml.png","contentUrl":"https:\/\/iml.solutions\/wp-content\/uploads\/2025\/09\/Logo-iml.png","width":1435,"height":408,"caption":"IML net d.o.o."},"image":{"@id":"https:\/\/iml.solutions\/es\/#\/schema\/logo\/image\/"}}]}},"_links":{"self":[{"href":"https:\/\/iml.solutions\/es\/wp-json\/wp\/v2\/pages\/1488","targetHints":{"allow":["GET"]}}],"collection":[{"href":"https:\/\/iml.solutions\/es\/wp-json\/wp\/v2\/pages"}],"about":[{"href":"https:\/\/iml.solutions\/es\/wp-json\/wp\/v2\/types\/page"}],"author":[{"embeddable":true,"href":"https:\/\/iml.solutions\/es\/wp-json\/wp\/v2\/users\/1"}],"replies":[{"embeddable":true,"href":"https:\/\/iml.solutions\/es\/wp-json\/wp\/v2\/comments?post=1488"}],"version-history":[{"count":4,"href":"https:\/\/iml.solutions\/es\/wp-json\/wp\/v2\/pages\/1488\/revisions"}],"predecessor-version":[{"id":1570,"href":"https:\/\/iml.solutions\/es\/wp-json\/wp\/v2\/pages\/1488\/revisions\/1570"}],"wp:attachment":[{"href":"https:\/\/iml.solutions\/es\/wp-json\/wp\/v2\/media?parent=1488"}],"curies":[{"name":"wp","href":"https:\/\/api.w.org\/{rel}","templated":true}]}}