{"id":1516,"date":"2025-10-02T15:25:12","date_gmt":"2025-10-02T13:25:12","guid":{"rendered":"https:\/\/iml.solutions\/etiquetas-para-cajas-de-cerveza\/"},"modified":"2025-10-21T22:45:43","modified_gmt":"2025-10-21T20:45:43","slug":"etiquetas-para-cajas-de-cerveza","status":"publish","type":"page","link":"https:\/\/iml.solutions\/es\/etiquetas-para-cajas-de-cerveza\/","title":{"rendered":"Etiquetas para cajas de cerveza"},"content":{"rendered":"\t\t<div data-elementor-type=\"wp-page\" data-elementor-id=\"1516\" class=\"elementor elementor-1516 elementor-854\" data-elementor-post-type=\"page\">\n\t\t\t\t<div class=\"elementor-element elementor-element-cf4acd3 e-con-full e-flex e-con e-parent\" data-id=\"cf4acd3\" data-element_type=\"container\" data-e-type=\"container\">\n\t\t\t\t<div class=\"elementor-element elementor-element-eb5747a elementor--h-position-center elementor--v-position-middle elementor-arrows-position-inside elementor-pagination-position-inside elementor-widget elementor-widget-slides\" data-id=\"eb5747a\" data-element_type=\"widget\" data-e-type=\"widget\" data-settings=\"{&quot;navigation&quot;:&quot;both&quot;,&quot;autoplay&quot;:&quot;yes&quot;,&quot;pause_on_hover&quot;:&quot;yes&quot;,&quot;pause_on_interaction&quot;:&quot;yes&quot;,&quot;autoplay_speed&quot;:5000,&quot;infinite&quot;:&quot;yes&quot;,&quot;transition&quot;:&quot;slide&quot;,&quot;transition_speed&quot;:500}\" data-widget_type=\"slides.default\">\n\t\t\t\t\t\t\t\t\t\t<div class=\"elementor-slides-wrapper elementor-main-swiper swiper\" role=\"region\" aria-roledescription=\"carousel\" aria-label=\"Slides\" dir=\"ltr\" data-animation=\"fadeInUp\">\n\t\t\t\t<div class=\"swiper-wrapper elementor-slides\">\n\t\t\t\t\t\t\t\t\t\t<div class=\"elementor-repeater-item-96a874e swiper-slide\" role=\"group\" aria-roledescription=\"slide\"><div class=\"swiper-slide-bg\" role=\"img\" aria-label=\"baner bira\"><\/div><div class=\"swiper-slide-inner\" ><div class=\"swiper-slide-contents\"><\/div><\/div><\/div>\t\t\t\t<\/div>\n\t\t\t\t\t\t\t<\/div>\n\t\t\t\t\t\t\t\t<\/div>\n\t\t\t\t<\/div>\n\t\t<div class=\"elementor-element elementor-element-73131eea e-flex e-con-boxed e-con e-parent\" data-id=\"73131eea\" data-element_type=\"container\" data-e-type=\"container\">\n\t\t\t\t\t<div class=\"e-con-inner\">\n\t\t\t\t<div class=\"elementor-element elementor-element-4aa4a2d elementor-widget elementor-widget-heading\" data-id=\"4aa4a2d\" data-element_type=\"widget\" data-e-type=\"widget\" data-widget_type=\"heading.default\">\n\t\t\t\t\t<h2 class=\"elementor-heading-title elementor-size-default\">A prueba de golpes, resistentes al sol y a la intemperie <\/h2>\t\t\t\t<\/div>\n\t\t\t\t\t<\/div>\n\t\t\t\t<\/div>\n\t\t<div class=\"elementor-element elementor-element-45db7d3 e-flex e-con-boxed e-con e-parent\" data-id=\"45db7d3\" data-element_type=\"container\" data-e-type=\"container\">\n\t\t\t\t\t<div class=\"e-con-inner\">\n\t\t\t\t<div class=\"elementor-element elementor-element-67a2313 elementor-widget elementor-widget-text-editor\" data-id=\"67a2313\" data-element_type=\"widget\" data-e-type=\"widget\" data-widget_type=\"text-editor.default\">\n\t\t\t\t\t\t\t\t\t<p><span style=\"font-weight: 400;\">Las cajas para cerveza y otras bebidas est\u00e1n expuestas a las condiciones m\u00e1s duras: transporte constante, cambios de temperatura, golpes y luz solar. Por eso es extremadamente importante que las etiquetas sean duraderas y resistentes, para que la marca siga siendo reconocible. En IML net d.o.o., hemos desarrollado etiquetas premium de alta calidad y duraderas creadas para las condiciones m\u00e1s exigentes de la industria del transporte.  <\/span><\/p>\t\t\t\t\t\t\t\t<\/div>\n\t\t\t\t\t<\/div>\n\t\t\t\t<\/div>\n\t\t<div class=\"elementor-element elementor-element-df63dc3 e-flex e-con-boxed e-con e-parent\" data-id=\"df63dc3\" data-element_type=\"container\" data-e-type=\"container\" data-settings=\"{&quot;background_background&quot;:&quot;classic&quot;}\">\n\t\t\t\t\t<div class=\"e-con-inner\">\n\t\t<div class=\"elementor-element elementor-element-d9e922c e-flex e-con-boxed e-con e-child\" data-id=\"d9e922c\" data-element_type=\"container\" data-e-type=\"container\">\n\t\t\t\t\t<div class=\"e-con-inner\">\n\t\t\t\t<div class=\"elementor-element elementor-element-fd41266 elementor-widget elementor-widget-heading\" data-id=\"fd41266\" data-element_type=\"widget\" data-e-type=\"widget\" data-widget_type=\"heading.default\">\n\t\t\t\t\t<h2 class=\"elementor-heading-title elementor-size-default\">Etiquetado en molde: una etiqueta para cada desaf\u00edo<\/h2>\t\t\t\t<\/div>\n\t\t\t\t<div class=\"elementor-element elementor-element-6d40555 elementor-widget elementor-widget-text-editor\" data-id=\"6d40555\" data-element_type=\"widget\" data-e-type=\"widget\" data-widget_type=\"text-editor.default\">\n\t\t\t\t\t\t\t\t\t<p style=\"text-align: center;\">La tecnolog\u00eda IML (In-Mould Labelling) permite que la etiqueta se convierta en una parte integral de la caja durante el proceso de producci\u00f3n. En lugar de pegarse, el pl\u00e1stico fundido se fusiona con la etiqueta, lo que garantiza su resistencia a los ara\u00f1azos, al agrietamiento, a las altas temperaturas y a las condiciones externas.<\/p><p>Utilizamos materiales especialmente seleccionados para crear nuestras etiquetas premium de larga duraci\u00f3n, que garantizan su durabilidad excepcional. Cada etiqueta est\u00e1 laminada o protegida con un barniz resistente. Prestamos especial atenci\u00f3n a la protecci\u00f3n UV, que puede integrarse directamente en la estructura de la etiqueta y agregarse con un revestimiento superficial. De esta manera, nos aseguramos de que los colores permanezcan brillantes y duraderos, independientemente de la exposici\u00f3n prolongada al sol.<\/p>\t\t\t\t\t\t\t\t<\/div>\n\t\t\t\t\t<\/div>\n\t\t\t\t<\/div>\n\t\t\t\t\t<\/div>\n\t\t\t\t<\/div>\n\t\t<div class=\"elementor-element elementor-element-71551a45 e-flex e-con-boxed e-con e-parent\" data-id=\"71551a45\" data-element_type=\"container\" data-e-type=\"container\">\n\t\t\t\t\t<div class=\"e-con-inner\">\n\t\t\t\t<div class=\"elementor-element elementor-element-13b719f4 elementor-widget elementor-widget-text-editor\" data-id=\"13b719f4\" data-element_type=\"widget\" data-e-type=\"widget\" data-widget_type=\"text-editor.default\">\n\t\t\t\t\t\t\t\t\t<p>Nuestros productos est\u00e1n probados y cumplen con altos est\u00e1ndares de la industria, como STLB: 2010-11 y DIN EN ISO 4892-2, lo que confirma su calidad y durabilidad excepcionales.<\/p>\t\t\t\t\t\t\t\t<\/div>\n\t\t\t\t\t<\/div>\n\t\t\t\t<\/div>\n\t\t<div class=\"elementor-element elementor-element-77996dd e-flex e-con-boxed e-con e-parent\" data-id=\"77996dd\" data-element_type=\"container\" data-e-type=\"container\" data-settings=\"{&quot;background_background&quot;:&quot;classic&quot;}\">\n\t\t\t\t\t<div class=\"e-con-inner\">\n\t\t\t\t<div class=\"elementor-element elementor-element-86ddf5f elementor-widget elementor-widget-heading\" data-id=\"86ddf5f\" data-element_type=\"widget\" data-e-type=\"widget\" data-widget_type=\"heading.default\">\n\t\t\t\t\t<h6 class=\"elementor-heading-title elementor-size-default\">Todo lo que necesita saber sobre las etiquetas de las cajas (preguntas y respuestas)<\/h6>\t\t\t\t<\/div>\n\t\t\t\t<div class=\"elementor-element elementor-element-466e844 uael-faq-box-layout-yes align-at-left elementor-widget elementor-widget-uael-faq\" data-id=\"466e844\" data-element_type=\"widget\" data-e-type=\"widget\" data-widget_type=\"uael-faq.default\">\n\t\t\t\t<div class=\"elementor-widget-container\">\n\t\t\t\t\t\n\t\t\t<div id='uael-faq-wrapper-738' class=\"uael-faq-wrapper\">\n\t\t\t\t<div class=\"uael-faq-container uael-faq-layout-accordion\" data-layout=\"toggle\" >\n\t\t\t\t\t\t\t\t\t\t\t\t<div id=\"uael-accordion-2a83f30\" class=\"uael-faq-accordion\" role=\"tablist\">\n\t\t\t\t\t\t\t\t<div class= \"uael-accordion-title\" aria-expanded=\"false\" role=\"tab\">\n\t\t\t\t\t\t\t\t\t<span class=\"uael-accordion-icon uael-accordion-icon-left\">\n\t\t\t\t\t\t\t\t\t\t<span class=\"uael-accordion-icon-closed\"><\/span>\n\t\t\t\t\t\t\t\t\t\t<span class=\"uael-accordion-icon-opened\"><\/span>\n\t\t\t\t\t\t\t\t\t<\/span>\n\t\t\t\t\t\t\t\t\t<h4 class=\"uael-question-2a83f30 uael-question-span\" tabindex=\"0\" id=\"uael-faq-1-69ef8495e536b\">\u00bfC\u00f3mo resisten las etiquetas IML las condiciones extremas de transporte?<\/h4>\n\t\t\t\t\t\t\t\t<\/div>\n\t\t\t\t\t\t\t\t<div class=\"uael-accordion-content\" role=\"tabpanel\">\n\t\t\t\t\t\t\t\t\t<span>\n\t\t\t\t\t\t\t\t\t<span><p><span style=\"font-weight: 400;\">Las etiquetas de caja IML est\u00e1n dise\u00f1adas para ser extremadamente resistentes a los golpes, la abrasi\u00f3n, las altas y bajas temperaturas y la humedad. Debido a que est\u00e1n completamente integradas con el embalaje de pl\u00e1stico, no se pueden despegar. Sin embargo, al igual que la pintura de un coche puede soportar mucho, pero no es indestructible, la etiqueta tambi\u00e9n puede sufrir da\u00f1os menores bajo un estr\u00e9s f\u00edsico extremo. Sin embargo, su excepcional durabilidad garantiza que la marca siga siendo reconocible y visible durante todo el ciclo de vida de la caja.    <\/span><\/p><\/span>\t\t\t\t\t\t\t\t\t<\/span>\n\t\t\t\t\t\t\t\t<\/div>\n\t\t\t\t\t\t\t<\/div>\n\t\t\t\t\t\t\t\t\t\t\t\t\t\t<div id=\"uael-accordion-9e671de\" class=\"uael-faq-accordion\" role=\"tablist\">\n\t\t\t\t\t\t\t\t<div class= \"uael-accordion-title\" aria-expanded=\"false\" role=\"tab\">\n\t\t\t\t\t\t\t\t\t<span class=\"uael-accordion-icon uael-accordion-icon-left\">\n\t\t\t\t\t\t\t\t\t\t<span class=\"uael-accordion-icon-closed\"><\/span>\n\t\t\t\t\t\t\t\t\t\t<span class=\"uael-accordion-icon-opened\"><\/span>\n\t\t\t\t\t\t\t\t\t<\/span>\n\t\t\t\t\t\t\t\t\t<h4 class=\"uael-question-9e671de uael-question-span\" tabindex=\"0\" id=\"uael-faq-2-69ef8495e53a2\">\u00bfPor qu\u00e9 es importante la protecci\u00f3n UV para las etiquetas de las cajas?<\/h4>\n\t\t\t\t\t\t\t\t<\/div>\n\t\t\t\t\t\t\t\t<div class=\"uael-accordion-content\" role=\"tabpanel\">\n\t\t\t\t\t\t\t\t\t<span>\n\t\t\t\t\t\t\t\t\t<span><p><span style=\"font-weight: 400;\">Las cajas a menudo est\u00e1n expuestas al sol en cintas transportadoras, almacenes al aire libre o durante el reparto. La protecci\u00f3n UV garantiza que los colores de la etiqueta no se decoloren, lo cual es crucial para mantener la identidad visual de la marca. <\/span><\/p><\/span>\t\t\t\t\t\t\t\t\t<\/span>\n\t\t\t\t\t\t\t\t<\/div>\n\t\t\t\t\t\t\t<\/div>\n\t\t\t\t\t\t\t\t\t\t\t\t\t\t<div id=\"uael-accordion-45a123e\" class=\"uael-faq-accordion\" role=\"tablist\">\n\t\t\t\t\t\t\t\t<div class= \"uael-accordion-title\" aria-expanded=\"false\" role=\"tab\">\n\t\t\t\t\t\t\t\t\t<span class=\"uael-accordion-icon uael-accordion-icon-left\">\n\t\t\t\t\t\t\t\t\t\t<span class=\"uael-accordion-icon-closed\"><\/span>\n\t\t\t\t\t\t\t\t\t\t<span class=\"uael-accordion-icon-opened\"><\/span>\n\t\t\t\t\t\t\t\t\t<\/span>\n\t\t\t\t\t\t\t\t\t<h4 class=\"uael-question-45a123e uael-question-span\" tabindex=\"0\" id=\"uael-faq-3-69ef8495e53ba\">\u00bfSon las etiquetas IML una soluci\u00f3n rentable para las cajas?<\/h4>\n\t\t\t\t\t\t\t\t<\/div>\n\t\t\t\t\t\t\t\t<div class=\"uael-accordion-content\" role=\"tabpanel\">\n\t\t\t\t\t\t\t\t\t<span>\n\t\t\t\t\t\t\t\t\t<span><p><span style=\"font-weight: 400;\">S\u00ed, la tecnolog\u00eda IML es rentable, especialmente en la producci\u00f3n en masa. Al fusionar los procesos de moldeo y etiquetado, se reduce el costo total y se elimina la necesidad de etiquetado posterior y reparaci\u00f3n de etiquetas da\u00f1adas. <\/span><\/p><\/span>\t\t\t\t\t\t\t\t\t<\/span>\n\t\t\t\t\t\t\t\t<\/div>\n\t\t\t\t\t\t\t<\/div>\n\t\t\t\t\t\t\t\t\t\t\t<\/div>\n\t\t\t<\/div>\n\t\t\t\t\t\t\t<\/div>\n\t\t\t\t<\/div>\n\t\t\t\t\t<\/div>\n\t\t\t\t<\/div>\n\t\t<div class=\"elementor-element elementor-element-2866484b e-flex e-con-boxed e-con e-parent\" data-id=\"2866484b\" data-element_type=\"container\" data-e-type=\"container\" data-settings=\"{&quot;background_background&quot;:&quot;classic&quot;}\">\n\t\t\t\t\t<div class=\"e-con-inner\">\n\t\t<div class=\"elementor-element elementor-element-753b185 e-con-full e-flex e-con e-child\" data-id=\"753b185\" data-element_type=\"container\" data-e-type=\"container\">\n\t\t\t\t<div class=\"elementor-element elementor-element-7a5d06c8 elementor-invisible elementor-widget elementor-widget-heading\" data-id=\"7a5d06c8\" data-element_type=\"widget\" data-e-type=\"widget\" data-settings=\"{&quot;_animation&quot;:&quot;fadeIn&quot;}\" data-widget_type=\"heading.default\">\n\t\t\t\t\t<h3 class=\"elementor-heading-title elementor-size-default\">\u00bfDesea saber m\u00e1s sobre nuestras soluciones de etiquetas para cajas? Cont\u00e1ctenos con confianza. <\/h3>\t\t\t\t<\/div>\n\t\t\t\t<\/div>\n\t\t<div class=\"elementor-element elementor-element-2eb44b79 e-con-full e-flex e-con e-child\" data-id=\"2eb44b79\" data-element_type=\"container\" data-e-type=\"container\">\n\t\t\t\t<div class=\"elementor-element elementor-element-6de51916 elementor-mobile-align-center elementor-widget elementor-widget-button\" data-id=\"6de51916\" data-element_type=\"widget\" data-e-type=\"widget\" data-widget_type=\"button.default\">\n\t\t\t\t\t\t\t\t\t\t<a class=\"elementor-button elementor-button-link elementor-size-sm\" href=\"https:\/\/iml.solutions\/es\/contacto\/\">\n\t\t\t\t\t\t<span class=\"elementor-button-content-wrapper\">\n\t\t\t\t\t\t\t\t\t<span class=\"elementor-button-text\">Cont\u00e1ctanos<\/span>\n\t\t\t\t\t<\/span>\n\t\t\t\t\t<\/a>\n\t\t\t\t\t\t\t\t<\/div>\n\t\t\t\t<\/div>\n\t\t\t\t\t<\/div>\n\t\t\t\t<\/div>\n\t\t\t\t<\/div>\n\t\t","protected":false},"excerpt":{"rendered":"<p>A prueba de golpes, resistentes al sol y a la intemperie Las cajas para cerveza y otras bebidas est\u00e1n expuestas [&hellip;]<\/p>\n","protected":false},"author":1,"featured_media":0,"parent":0,"menu_order":0,"comment_status":"closed","ping_status":"closed","template":"","meta":{"site-sidebar-layout":"no-sidebar","site-content-layout":"","ast-site-content-layout":"full-width-container","site-content-style":"default","site-sidebar-style":"default","ast-global-header-display":"","ast-banner-title-visibility":"","ast-main-header-display":"","ast-hfb-above-header-display":"","ast-hfb-below-header-display":"","ast-hfb-mobile-header-display":"","site-post-title":"disabled","ast-breadcrumbs-content":"","ast-featured-img":"disabled","footer-sml-layout":"","ast-disable-related-posts":"","theme-transparent-header-meta":"default","adv-header-id-meta":"","stick-header-meta":"default","header-above-stick-meta":"","header-main-stick-meta":"","header-below-stick-meta":"","astra-migrate-meta-layouts":"default","ast-page-background-enabled":"default","ast-page-background-meta":{"desktop":{"background-color":"var(--ast-global-color-5)","background-image":"","background-repeat":"repeat","background-position":"center center","background-size":"auto","background-attachment":"scroll","background-type":"","background-media":"","overlay-type":"","overlay-color":"","overlay-opacity":"","overlay-gradient":""},"tablet":{"background-color":"","background-image":"","background-repeat":"repeat","background-position":"center center","background-size":"auto","background-attachment":"scroll","background-type":"","background-media":"","overlay-type":"","overlay-color":"","overlay-opacity":"","overlay-gradient":""},"mobile":{"background-color":"","background-image":"","background-repeat":"repeat","background-position":"center center","background-size":"auto","background-attachment":"scroll","background-type":"","background-media":"","overlay-type":"","overlay-color":"","overlay-opacity":"","overlay-gradient":""}},"ast-content-background-meta":{"desktop":{"background-color":"var(--ast-global-color-4)","background-image":"","background-repeat":"repeat","background-position":"center center","background-size":"auto","background-attachment":"scroll","background-type":"","background-media":"","overlay-type":"","overlay-color":"","overlay-opacity":"","overlay-gradient":""},"tablet":{"background-color":"var(--ast-global-color-4)","background-image":"","background-repeat":"repeat","background-position":"center center","background-size":"auto","background-attachment":"scroll","background-type":"","background-media":"","overlay-type":"","overlay-color":"","overlay-opacity":"","overlay-gradient":""},"mobile":{"background-color":"var(--ast-global-color-4)","background-image":"","background-repeat":"repeat","background-position":"center center","background-size":"auto","background-attachment":"scroll","background-type":"","background-media":"","overlay-type":"","overlay-color":"","overlay-opacity":"","overlay-gradient":""}},"footnotes":""},"class_list":["post-1516","page","type-page","status-publish","hentry"],"yoast_head":"<!-- This site is optimized with the Yoast SEO plugin v27.3 - https:\/\/yoast.com\/product\/yoast-seo-wordpress\/ -->\n<title>Etiquetas para cajas de cerveza - IML net d.o.o.<\/title>\n<meta name=\"description\" content=\"Las cajas para cerveza y otras bebidas est\u00e1n expuestas a las condiciones m\u00e1s duras: transporte constante, cambios de temperatura, golpes y luz solar.\" \/>\n<meta name=\"robots\" content=\"index, follow, max-snippet:-1, max-image-preview:large, max-video-preview:-1\" \/>\n<link rel=\"canonical\" href=\"https:\/\/iml.solutions\/es\/etiquetas-para-cajas-de-cerveza\/\" \/>\n<meta property=\"og:locale\" content=\"es_ES\" \/>\n<meta property=\"og:type\" content=\"article\" \/>\n<meta property=\"og:title\" content=\"Etiquetas para cajas de cerveza - IML net d.o.o.\" \/>\n<meta property=\"og:description\" content=\"Las cajas para cerveza y otras bebidas est\u00e1n expuestas a las condiciones m\u00e1s duras: transporte constante, cambios de temperatura, golpes y luz solar.\" \/>\n<meta property=\"og:url\" content=\"https:\/\/iml.solutions\/es\/etiquetas-para-cajas-de-cerveza\/\" \/>\n<meta property=\"og:site_name\" content=\"IML net d.o.o.\" \/>\n<meta property=\"article:modified_time\" content=\"2025-10-21T20:45:43+00:00\" \/>\n<script type=\"application\/ld+json\" class=\"yoast-schema-graph\">{\"@context\":\"https:\\\/\\\/schema.org\",\"@graph\":[{\"@type\":\"WebPage\",\"@id\":\"https:\\\/\\\/iml.solutions\\\/es\\\/etiquetas-para-cajas-de-cerveza\\\/\",\"url\":\"https:\\\/\\\/iml.solutions\\\/es\\\/etiquetas-para-cajas-de-cerveza\\\/\",\"name\":\"Etiquetas para cajas de cerveza - IML net d.o.o.\",\"isPartOf\":{\"@id\":\"https:\\\/\\\/iml.solutions\\\/es\\\/#website\"},\"datePublished\":\"2025-10-02T13:25:12+00:00\",\"dateModified\":\"2025-10-21T20:45:43+00:00\",\"description\":\"Las cajas para cerveza y otras bebidas est\u00e1n expuestas a las condiciones m\u00e1s duras: transporte constante, cambios de temperatura, golpes y luz solar.\",\"breadcrumb\":{\"@id\":\"https:\\\/\\\/iml.solutions\\\/es\\\/etiquetas-para-cajas-de-cerveza\\\/#breadcrumb\"},\"inLanguage\":\"es\",\"potentialAction\":[{\"@type\":\"ReadAction\",\"target\":[\"https:\\\/\\\/iml.solutions\\\/es\\\/etiquetas-para-cajas-de-cerveza\\\/\"]}]},{\"@type\":\"BreadcrumbList\",\"@id\":\"https:\\\/\\\/iml.solutions\\\/es\\\/etiquetas-para-cajas-de-cerveza\\\/#breadcrumb\",\"itemListElement\":[{\"@type\":\"ListItem\",\"position\":1,\"name\":\"Home\",\"item\":\"https:\\\/\\\/iml.solutions\\\/es\\\/\"},{\"@type\":\"ListItem\",\"position\":2,\"name\":\"Etiquetas para cajas de cerveza\"}]},{\"@type\":\"WebSite\",\"@id\":\"https:\\\/\\\/iml.solutions\\\/es\\\/#website\",\"url\":\"https:\\\/\\\/iml.solutions\\\/es\\\/\",\"name\":\"https:\\\/\\\/iml.solutions\\\/\",\"description\":\"\",\"publisher\":{\"@id\":\"https:\\\/\\\/iml.solutions\\\/es\\\/#organization\"},\"potentialAction\":[{\"@type\":\"SearchAction\",\"target\":{\"@type\":\"EntryPoint\",\"urlTemplate\":\"https:\\\/\\\/iml.solutions\\\/es\\\/?s={search_term_string}\"},\"query-input\":{\"@type\":\"PropertyValueSpecification\",\"valueRequired\":true,\"valueName\":\"search_term_string\"}}],\"inLanguage\":\"es\"},{\"@type\":\"Organization\",\"@id\":\"https:\\\/\\\/iml.solutions\\\/es\\\/#organization\",\"name\":\"IML net d.o.o.\",\"alternateName\":\"IML solutions\",\"url\":\"https:\\\/\\\/iml.solutions\\\/es\\\/\",\"logo\":{\"@type\":\"ImageObject\",\"inLanguage\":\"es\",\"@id\":\"https:\\\/\\\/iml.solutions\\\/es\\\/#\\\/schema\\\/logo\\\/image\\\/\",\"url\":\"https:\\\/\\\/iml.solutions\\\/wp-content\\\/uploads\\\/2025\\\/09\\\/Logo-iml.png\",\"contentUrl\":\"https:\\\/\\\/iml.solutions\\\/wp-content\\\/uploads\\\/2025\\\/09\\\/Logo-iml.png\",\"width\":1435,\"height\":408,\"caption\":\"IML net d.o.o.\"},\"image\":{\"@id\":\"https:\\\/\\\/iml.solutions\\\/es\\\/#\\\/schema\\\/logo\\\/image\\\/\"}}]}<\/script>\n<!-- \/ Yoast SEO plugin. -->","yoast_head_json":{"title":"Etiquetas para cajas de cerveza - IML net d.o.o.","description":"Las cajas para cerveza y otras bebidas est\u00e1n expuestas a las condiciones m\u00e1s duras: transporte constante, cambios de temperatura, golpes y luz solar.","robots":{"index":"index","follow":"follow","max-snippet":"max-snippet:-1","max-image-preview":"max-image-preview:large","max-video-preview":"max-video-preview:-1"},"canonical":"https:\/\/iml.solutions\/es\/etiquetas-para-cajas-de-cerveza\/","og_locale":"es_ES","og_type":"article","og_title":"Etiquetas para cajas de cerveza - IML net d.o.o.","og_description":"Las cajas para cerveza y otras bebidas est\u00e1n expuestas a las condiciones m\u00e1s duras: transporte constante, cambios de temperatura, golpes y luz solar.","og_url":"https:\/\/iml.solutions\/es\/etiquetas-para-cajas-de-cerveza\/","og_site_name":"IML net d.o.o.","article_modified_time":"2025-10-21T20:45:43+00:00","schema":{"@context":"https:\/\/schema.org","@graph":[{"@type":"WebPage","@id":"https:\/\/iml.solutions\/es\/etiquetas-para-cajas-de-cerveza\/","url":"https:\/\/iml.solutions\/es\/etiquetas-para-cajas-de-cerveza\/","name":"Etiquetas para cajas de cerveza - IML net d.o.o.","isPartOf":{"@id":"https:\/\/iml.solutions\/es\/#website"},"datePublished":"2025-10-02T13:25:12+00:00","dateModified":"2025-10-21T20:45:43+00:00","description":"Las cajas para cerveza y otras bebidas est\u00e1n expuestas a las condiciones m\u00e1s duras: transporte constante, cambios de temperatura, golpes y luz solar.","breadcrumb":{"@id":"https:\/\/iml.solutions\/es\/etiquetas-para-cajas-de-cerveza\/#breadcrumb"},"inLanguage":"es","potentialAction":[{"@type":"ReadAction","target":["https:\/\/iml.solutions\/es\/etiquetas-para-cajas-de-cerveza\/"]}]},{"@type":"BreadcrumbList","@id":"https:\/\/iml.solutions\/es\/etiquetas-para-cajas-de-cerveza\/#breadcrumb","itemListElement":[{"@type":"ListItem","position":1,"name":"Home","item":"https:\/\/iml.solutions\/es\/"},{"@type":"ListItem","position":2,"name":"Etiquetas para cajas de cerveza"}]},{"@type":"WebSite","@id":"https:\/\/iml.solutions\/es\/#website","url":"https:\/\/iml.solutions\/es\/","name":"https:\/\/iml.solutions\/","description":"","publisher":{"@id":"https:\/\/iml.solutions\/es\/#organization"},"potentialAction":[{"@type":"SearchAction","target":{"@type":"EntryPoint","urlTemplate":"https:\/\/iml.solutions\/es\/?s={search_term_string}"},"query-input":{"@type":"PropertyValueSpecification","valueRequired":true,"valueName":"search_term_string"}}],"inLanguage":"es"},{"@type":"Organization","@id":"https:\/\/iml.solutions\/es\/#organization","name":"IML net d.o.o.","alternateName":"IML solutions","url":"https:\/\/iml.solutions\/es\/","logo":{"@type":"ImageObject","inLanguage":"es","@id":"https:\/\/iml.solutions\/es\/#\/schema\/logo\/image\/","url":"https:\/\/iml.solutions\/wp-content\/uploads\/2025\/09\/Logo-iml.png","contentUrl":"https:\/\/iml.solutions\/wp-content\/uploads\/2025\/09\/Logo-iml.png","width":1435,"height":408,"caption":"IML net d.o.o."},"image":{"@id":"https:\/\/iml.solutions\/es\/#\/schema\/logo\/image\/"}}]}},"_links":{"self":[{"href":"https:\/\/iml.solutions\/es\/wp-json\/wp\/v2\/pages\/1516","targetHints":{"allow":["GET"]}}],"collection":[{"href":"https:\/\/iml.solutions\/es\/wp-json\/wp\/v2\/pages"}],"about":[{"href":"https:\/\/iml.solutions\/es\/wp-json\/wp\/v2\/types\/page"}],"author":[{"embeddable":true,"href":"https:\/\/iml.solutions\/es\/wp-json\/wp\/v2\/users\/1"}],"replies":[{"embeddable":true,"href":"https:\/\/iml.solutions\/es\/wp-json\/wp\/v2\/comments?post=1516"}],"version-history":[{"count":4,"href":"https:\/\/iml.solutions\/es\/wp-json\/wp\/v2\/pages\/1516\/revisions"}],"predecessor-version":[{"id":1579,"href":"https:\/\/iml.solutions\/es\/wp-json\/wp\/v2\/pages\/1516\/revisions\/1579"}],"wp:attachment":[{"href":"https:\/\/iml.solutions\/es\/wp-json\/wp\/v2\/media?parent=1516"}],"curies":[{"name":"wp","href":"https:\/\/api.w.org\/{rel}","templated":true}]}}