{"id":1519,"date":"2025-10-02T15:29:14","date_gmt":"2025-10-02T13:29:14","guid":{"rendered":"https:\/\/iml.solutions\/etiquetas-promocionales\/"},"modified":"2025-10-21T22:45:53","modified_gmt":"2025-10-21T20:45:53","slug":"etiquetas-promocionales","status":"publish","type":"page","link":"https:\/\/iml.solutions\/es\/etiquetas-promocionales\/","title":{"rendered":"Etiquetas promocionales"},"content":{"rendered":"\t\t<div data-elementor-type=\"wp-page\" data-elementor-id=\"1519\" class=\"elementor elementor-1519 elementor-867\" data-elementor-post-type=\"page\">\n\t\t\t\t<div class=\"elementor-element elementor-element-cf4acd3 e-con-full e-flex e-con e-parent\" data-id=\"cf4acd3\" data-element_type=\"container\" data-e-type=\"container\">\n\t\t\t\t<div class=\"elementor-element elementor-element-eb5747a elementor--h-position-center elementor--v-position-middle elementor-arrows-position-inside elementor-pagination-position-inside elementor-widget elementor-widget-slides\" data-id=\"eb5747a\" data-element_type=\"widget\" data-e-type=\"widget\" data-settings=\"{&quot;navigation&quot;:&quot;both&quot;,&quot;autoplay&quot;:&quot;yes&quot;,&quot;pause_on_hover&quot;:&quot;yes&quot;,&quot;pause_on_interaction&quot;:&quot;yes&quot;,&quot;autoplay_speed&quot;:5000,&quot;infinite&quot;:&quot;yes&quot;,&quot;transition&quot;:&quot;slide&quot;,&quot;transition_speed&quot;:500}\" data-widget_type=\"slides.default\">\n\t\t\t\t\t\t\t\t\t\t<div class=\"elementor-slides-wrapper elementor-main-swiper swiper\" role=\"region\" aria-roledescription=\"carousel\" aria-label=\"Slides\" dir=\"ltr\" data-animation=\"fadeInUp\">\n\t\t\t\t<div class=\"swiper-wrapper elementor-slides\">\n\t\t\t\t\t\t\t\t\t\t<div class=\"elementor-repeater-item-96a874e swiper-slide\" role=\"group\" aria-roledescription=\"slide\"><div class=\"swiper-slide-bg\" role=\"img\" aria-label=\"baner promotional\"><\/div><div class=\"swiper-slide-inner\" ><div class=\"swiper-slide-contents\"><\/div><\/div><\/div>\t\t\t\t<\/div>\n\t\t\t\t\t\t\t<\/div>\n\t\t\t\t\t\t\t\t<\/div>\n\t\t\t\t<\/div>\n\t\t<div class=\"elementor-element elementor-element-73131eea e-flex e-con-boxed e-con e-parent\" data-id=\"73131eea\" data-element_type=\"container\" data-e-type=\"container\">\n\t\t\t\t\t<div class=\"e-con-inner\">\n\t\t\t\t<div class=\"elementor-element elementor-element-4aa4a2d elementor-widget elementor-widget-heading\" data-id=\"4aa4a2d\" data-element_type=\"widget\" data-e-type=\"widget\" data-widget_type=\"heading.default\">\n\t\t\t\t\t<h2 class=\"elementor-heading-title elementor-size-default\">Etiquetas promocionales que resistir\u00e1n el paso del tiempo<\/h2>\t\t\t\t<\/div>\n\t\t\t\t\t<\/div>\n\t\t\t\t<\/div>\n\t\t<div class=\"elementor-element elementor-element-45db7d3 e-flex e-con-boxed e-con e-parent\" data-id=\"45db7d3\" data-element_type=\"container\" data-e-type=\"container\">\n\t\t\t\t\t<div class=\"e-con-inner\">\n\t\t\t\t<div class=\"elementor-element elementor-element-67a2313 elementor-widget elementor-widget-text-editor\" data-id=\"67a2313\" data-element_type=\"widget\" data-e-type=\"widget\" data-widget_type=\"text-editor.default\">\n\t\t\t\t\t\t\t\t\t<p><span style=\"font-weight: 400;\">Los productos promocionales son m\u00e1s que un simple regalo: son un recordatorio f\u00edsico de su marca. Para cumplir con \u00e9xito su funci\u00f3n, deben ser duraderos, atractivos y resistentes al uso diario. En IML net d.o.o., entendemos la importancia de la durabilidad en el mundo de la promoci\u00f3n. <\/span><\/p><p><span style=\"font-weight: 400;\">Por eso hemos perfeccionado la producci\u00f3n de etiquetas laminadas premium de durabilidad media que garantizan que su marca permanezca clara y visible, pase lo que pase.<br><\/span><\/p>\t\t\t\t\t\t\t\t<\/div>\n\t\t\t\t\t<\/div>\n\t\t\t\t<\/div>\n\t\t<div class=\"elementor-element elementor-element-df63dc3 e-flex e-con-boxed e-con e-parent\" data-id=\"df63dc3\" data-element_type=\"container\" data-e-type=\"container\" data-settings=\"{&quot;background_background&quot;:&quot;classic&quot;}\">\n\t\t\t\t\t<div class=\"e-con-inner\">\n\t\t<div class=\"elementor-element elementor-element-d9e922c e-flex e-con-boxed e-con e-child\" data-id=\"d9e922c\" data-element_type=\"container\" data-e-type=\"container\">\n\t\t\t\t\t<div class=\"e-con-inner\">\n\t\t\t\t<div class=\"elementor-element elementor-element-fd41266 elementor-widget elementor-widget-heading\" data-id=\"fd41266\" data-element_type=\"widget\" data-e-type=\"widget\" data-widget_type=\"heading.default\">\n\t\t\t\t\t<h2 class=\"elementor-heading-title elementor-size-default\">La tecnolog\u00eda IML al servicio de su marca<\/h2>\t\t\t\t<\/div>\n\t\t\t\t<div class=\"elementor-element elementor-element-6d40555 elementor-widget elementor-widget-text-editor\" data-id=\"6d40555\" data-element_type=\"widget\" data-e-type=\"widget\" data-widget_type=\"text-editor.default\">\n\t\t\t\t\t\t\t\t\t<p style=\"text-align: center;\">Imagine que est\u00e1 en un caf\u00e9, sentado en una mesa de marca. La etiqueta es resistente a los ara\u00f1azos y f\u00e1cil de mantener. \u00c9se es el poder de la tecnolog\u00eda IML (etiquetado en molde). La etiqueta se integra permanentemente en el producto durante el propio proceso de producci\u00f3n, evitando que se despegue o se agriete.<\/p><p><span style=\"font-weight: 400;\">Nuestras etiquetas para productos promocionales est\u00e1n laminadas, lo que las hace extremadamente resistentes y reduce el desperdicio en la producci\u00f3n. El resultado es un producto con una etiqueta que dura tanto como el propio producto. Esto le permite crear un recordatorio duradero de su empresa invirtiendo en una etiqueta de calidad, independientemente de d\u00f3nde se utilice el producto.<br><\/span><\/p>\t\t\t\t\t\t\t\t<\/div>\n\t\t\t\t\t<\/div>\n\t\t\t\t<\/div>\n\t\t\t\t\t<\/div>\n\t\t\t\t<\/div>\n\t\t<div class=\"elementor-element elementor-element-7dee031 e-flex e-con-boxed e-con e-parent\" data-id=\"7dee031\" data-element_type=\"container\" data-e-type=\"container\">\n\t\t\t\t\t<div class=\"e-con-inner\">\n\t\t\t\t<div class=\"elementor-element elementor-element-fba1613 elementor-widget elementor-widget-text-editor\" data-id=\"fba1613\" data-element_type=\"widget\" data-e-type=\"widget\" data-widget_type=\"text-editor.default\">\n\t\t\t\t\t\t\t\t\t<p><span style=\"font-weight: 400;\">La tecnolog\u00eda IML ofrece una amplia gama de aplicaciones en productos promocionales, desde art\u00edculos grandes como mesas de pl\u00e1stico y sillas de terraza, hasta art\u00edculos m\u00e1s peque\u00f1os que los clientes llevan consigo. Ya sea que se trate de muebles de feria comercial de marca o gadgets como tazas y llaveros, IML garantiza que su mensaje promocional resistir\u00e1 el paso del tiempo.<br><\/span><\/p>\t\t\t\t\t\t\t\t<\/div>\n\t\t\t\t\t<\/div>\n\t\t\t\t<\/div>\n\t\t<div class=\"elementor-element elementor-element-77996dd e-flex e-con-boxed e-con e-parent\" data-id=\"77996dd\" data-element_type=\"container\" data-e-type=\"container\" data-settings=\"{&quot;background_background&quot;:&quot;classic&quot;}\">\n\t\t\t\t\t<div class=\"e-con-inner\">\n\t\t\t\t<div class=\"elementor-element elementor-element-86ddf5f elementor-widget elementor-widget-heading\" data-id=\"86ddf5f\" data-element_type=\"widget\" data-e-type=\"widget\" data-widget_type=\"heading.default\">\n\t\t\t\t\t<h6 class=\"elementor-heading-title elementor-size-default\">Todo lo que necesita saber sobre las etiquetas promocionales de IML (preguntas y respuestas)<\/h6>\t\t\t\t<\/div>\n\t\t\t\t<div class=\"elementor-element elementor-element-466e844 uael-faq-box-layout-yes align-at-left elementor-widget elementor-widget-uael-faq\" data-id=\"466e844\" data-element_type=\"widget\" data-e-type=\"widget\" data-widget_type=\"uael-faq.default\">\n\t\t\t\t<div class=\"elementor-widget-container\">\n\t\t\t\t\t\n\t\t\t<div id='uael-faq-wrapper-738' class=\"uael-faq-wrapper\">\n\t\t\t\t<div class=\"uael-faq-container uael-faq-layout-accordion\" data-layout=\"toggle\" >\n\t\t\t\t\t\t\t\t\t\t\t\t<div id=\"uael-accordion-2a83f30\" class=\"uael-faq-accordion\" role=\"tablist\">\n\t\t\t\t\t\t\t\t<div class= \"uael-accordion-title\" aria-expanded=\"false\" role=\"tab\">\n\t\t\t\t\t\t\t\t\t<span class=\"uael-accordion-icon uael-accordion-icon-left\">\n\t\t\t\t\t\t\t\t\t\t<span class=\"uael-accordion-icon-closed\"><\/span>\n\t\t\t\t\t\t\t\t\t\t<span class=\"uael-accordion-icon-opened\"><\/span>\n\t\t\t\t\t\t\t\t\t<\/span>\n\t\t\t\t\t\t\t\t\t<h4 class=\"uael-question-2a83f30 uael-question-span\" tabindex=\"0\" id=\"uael-faq-1-69ef841c4e17a\">\u00bfSe da\u00f1ar\u00e1 la etiqueta por el uso frecuente?<\/h4>\n\t\t\t\t\t\t\t\t<\/div>\n\t\t\t\t\t\t\t\t<div class=\"uael-accordion-content\" role=\"tabpanel\">\n\t\t\t\t\t\t\t\t\t<span>\n\t\t\t\t\t\t\t\t\t<span><p><span style=\"font-weight: 400;\">No. Nuestras etiquetas laminadas premium de durabilidad media son resistentes a los ara\u00f1azos y las grietas. Gracias a la laminaci\u00f3n, proporcionan una protecci\u00f3n adicional y garantizan que la etiqueta permanezca intacta incluso con el uso diario.<br><\/span><\/p><\/span>\t\t\t\t\t\t\t\t\t<\/span>\n\t\t\t\t\t\t\t\t<\/div>\n\t\t\t\t\t\t\t<\/div>\n\t\t\t\t\t\t\t\t\t\t\t\t\t\t<div id=\"uael-accordion-9e671de\" class=\"uael-faq-accordion\" role=\"tablist\">\n\t\t\t\t\t\t\t\t<div class= \"uael-accordion-title\" aria-expanded=\"false\" role=\"tab\">\n\t\t\t\t\t\t\t\t\t<span class=\"uael-accordion-icon uael-accordion-icon-left\">\n\t\t\t\t\t\t\t\t\t\t<span class=\"uael-accordion-icon-closed\"><\/span>\n\t\t\t\t\t\t\t\t\t\t<span class=\"uael-accordion-icon-opened\"><\/span>\n\t\t\t\t\t\t\t\t\t<\/span>\n\t\t\t\t\t\t\t\t\t<h4 class=\"uael-question-9e671de uael-question-span\" tabindex=\"0\" id=\"uael-faq-2-69ef841c4e1d8\">\u00bfSe pueden lavar los productos promocionales de IML?<\/h4>\n\t\t\t\t\t\t\t\t<\/div>\n\t\t\t\t\t\t\t\t<div class=\"uael-accordion-content\" role=\"tabpanel\">\n\t\t\t\t\t\t\t\t\t<span>\n\t\t\t\t\t\t\t\t\t<span><p><span style=\"font-weight: 400;\">S\u00ed, absolutamente. Las etiquetas IML son resistentes al agua y se pueden limpiar f\u00e1cilmente, sin temor a da\u00f1os.<\/span><\/p><\/span>\t\t\t\t\t\t\t\t\t<\/span>\n\t\t\t\t\t\t\t\t<\/div>\n\t\t\t\t\t\t\t<\/div>\n\t\t\t\t\t\t\t\t\t\t\t\t\t\t<div id=\"uael-accordion-45a123e\" class=\"uael-faq-accordion\" role=\"tablist\">\n\t\t\t\t\t\t\t\t<div class= \"uael-accordion-title\" aria-expanded=\"false\" role=\"tab\">\n\t\t\t\t\t\t\t\t\t<span class=\"uael-accordion-icon uael-accordion-icon-left\">\n\t\t\t\t\t\t\t\t\t\t<span class=\"uael-accordion-icon-closed\"><\/span>\n\t\t\t\t\t\t\t\t\t\t<span class=\"uael-accordion-icon-opened\"><\/span>\n\t\t\t\t\t\t\t\t\t<\/span>\n\t\t\t\t\t\t\t\t\t<h4 class=\"uael-question-45a123e uael-question-span\" tabindex=\"0\" id=\"uael-faq-3-69ef841c4e1ed\">\u00bfPor qu\u00e9 se laminan las etiquetas IML para productos promocionales?<\/h4>\n\t\t\t\t\t\t\t\t<\/div>\n\t\t\t\t\t\t\t\t<div class=\"uael-accordion-content\" role=\"tabpanel\">\n\t\t\t\t\t\t\t\t\t<span>\n\t\t\t\t\t\t\t\t\t<span><p><span style=\"font-weight: 400;\">La laminaci\u00f3n es clave para aumentar la durabilidad y resistencia de las etiquetas IML. Crea una capa protectora que protege la etiqueta de ara\u00f1azos, radiaci\u00f3n UV y humedad, lo cual es especialmente importante para los productos promocionales. Esta capa adicional garantiza que los colores permanezcan estables y que la etiqueta tenga un aspecto de primera categor\u00eda, lo que reduce el riesgo de da\u00f1os y posibles residuos. El resultado final es un producto extremadamente duradero y visualmente atractivo que conserva su calidad durante un largo per\u00edodo.<br><\/span><\/p><\/span>\t\t\t\t\t\t\t\t\t<\/span>\n\t\t\t\t\t\t\t\t<\/div>\n\t\t\t\t\t\t\t<\/div>\n\t\t\t\t\t\t\t\t\t\t\t<\/div>\n\t\t\t<\/div>\n\t\t\t\t\t\t\t<\/div>\n\t\t\t\t<\/div>\n\t\t\t\t\t<\/div>\n\t\t\t\t<\/div>\n\t\t<div class=\"elementor-element elementor-element-2866484b e-flex e-con-boxed e-con e-parent\" data-id=\"2866484b\" data-element_type=\"container\" data-e-type=\"container\" data-settings=\"{&quot;background_background&quot;:&quot;classic&quot;}\">\n\t\t\t\t\t<div class=\"e-con-inner\">\n\t\t<div class=\"elementor-element elementor-element-753b185 e-con-full e-flex e-con e-child\" data-id=\"753b185\" data-element_type=\"container\" data-e-type=\"container\">\n\t\t\t\t<div class=\"elementor-element elementor-element-7a5d06c8 elementor-invisible elementor-widget elementor-widget-heading\" data-id=\"7a5d06c8\" data-element_type=\"widget\" data-e-type=\"widget\" data-settings=\"{&quot;_animation&quot;:&quot;fadeIn&quot;}\" data-widget_type=\"heading.default\">\n\t\t\t\t\t<h3 class=\"elementor-heading-title elementor-size-default\">\u00bfDesea que los productos de su marca duren m\u00e1s? Cont\u00e1ctenos y analicemos soluciones para sus productos promocionales.<br><\/h3>\t\t\t\t<\/div>\n\t\t\t\t<\/div>\n\t\t<div class=\"elementor-element elementor-element-2eb44b79 e-con-full e-flex e-con e-child\" data-id=\"2eb44b79\" data-element_type=\"container\" data-e-type=\"container\">\n\t\t\t\t<div class=\"elementor-element elementor-element-6de51916 elementor-mobile-align-center elementor-widget elementor-widget-button\" data-id=\"6de51916\" data-element_type=\"widget\" data-e-type=\"widget\" data-widget_type=\"button.default\">\n\t\t\t\t\t\t\t\t\t\t<a class=\"elementor-button elementor-button-link elementor-size-sm\" href=\"https:\/\/iml.solutions\/es\/contacto\/\">\n\t\t\t\t\t\t<span class=\"elementor-button-content-wrapper\">\n\t\t\t\t\t\t\t\t\t<span class=\"elementor-button-text\">Cont\u00e1ctanos<\/span>\n\t\t\t\t\t<\/span>\n\t\t\t\t\t<\/a>\n\t\t\t\t\t\t\t\t<\/div>\n\t\t\t\t<\/div>\n\t\t\t\t\t<\/div>\n\t\t\t\t<\/div>\n\t\t\t\t<\/div>\n\t\t","protected":false},"excerpt":{"rendered":"<p>Etiquetas promocionales que resistir\u00e1n el paso del tiempo Los productos promocionales son m\u00e1s que un simple regalo: son un recordatorio [&hellip;]<\/p>\n","protected":false},"author":1,"featured_media":0,"parent":0,"menu_order":0,"comment_status":"closed","ping_status":"closed","template":"","meta":{"site-sidebar-layout":"no-sidebar","site-content-layout":"","ast-site-content-layout":"full-width-container","site-content-style":"default","site-sidebar-style":"default","ast-global-header-display":"","ast-banner-title-visibility":"","ast-main-header-display":"","ast-hfb-above-header-display":"","ast-hfb-below-header-display":"","ast-hfb-mobile-header-display":"","site-post-title":"disabled","ast-breadcrumbs-content":"","ast-featured-img":"disabled","footer-sml-layout":"","ast-disable-related-posts":"","theme-transparent-header-meta":"default","adv-header-id-meta":"","stick-header-meta":"default","header-above-stick-meta":"","header-main-stick-meta":"","header-below-stick-meta":"","astra-migrate-meta-layouts":"default","ast-page-background-enabled":"default","ast-page-background-meta":{"desktop":{"background-color":"var(--ast-global-color-5)","background-image":"","background-repeat":"repeat","background-position":"center center","background-size":"auto","background-attachment":"scroll","background-type":"","background-media":"","overlay-type":"","overlay-color":"","overlay-opacity":"","overlay-gradient":""},"tablet":{"background-color":"","background-image":"","background-repeat":"repeat","background-position":"center center","background-size":"auto","background-attachment":"scroll","background-type":"","background-media":"","overlay-type":"","overlay-color":"","overlay-opacity":"","overlay-gradient":""},"mobile":{"background-color":"","background-image":"","background-repeat":"repeat","background-position":"center center","background-size":"auto","background-attachment":"scroll","background-type":"","background-media":"","overlay-type":"","overlay-color":"","overlay-opacity":"","overlay-gradient":""}},"ast-content-background-meta":{"desktop":{"background-color":"var(--ast-global-color-4)","background-image":"","background-repeat":"repeat","background-position":"center center","background-size":"auto","background-attachment":"scroll","background-type":"","background-media":"","overlay-type":"","overlay-color":"","overlay-opacity":"","overlay-gradient":""},"tablet":{"background-color":"var(--ast-global-color-4)","background-image":"","background-repeat":"repeat","background-position":"center center","background-size":"auto","background-attachment":"scroll","background-type":"","background-media":"","overlay-type":"","overlay-color":"","overlay-opacity":"","overlay-gradient":""},"mobile":{"background-color":"var(--ast-global-color-4)","background-image":"","background-repeat":"repeat","background-position":"center center","background-size":"auto","background-attachment":"scroll","background-type":"","background-media":"","overlay-type":"","overlay-color":"","overlay-opacity":"","overlay-gradient":""}},"footnotes":""},"class_list":["post-1519","page","type-page","status-publish","hentry"],"yoast_head":"<!-- This site is optimized with the Yoast SEO plugin v27.3 - https:\/\/yoast.com\/product\/yoast-seo-wordpress\/ -->\n<title>Etiquetas promocionales - IML net d.o.o.<\/title>\n<meta name=\"description\" content=\"Para cumplir con \u00e9xito su funci\u00f3n, deben ser duraderos, atractivos y resistentes al uso diario.\" \/>\n<meta name=\"robots\" content=\"index, follow, max-snippet:-1, max-image-preview:large, max-video-preview:-1\" \/>\n<link rel=\"canonical\" href=\"https:\/\/iml.solutions\/es\/etiquetas-promocionales\/\" \/>\n<meta property=\"og:locale\" content=\"es_ES\" \/>\n<meta property=\"og:type\" content=\"article\" \/>\n<meta property=\"og:title\" content=\"Etiquetas promocionales - IML net d.o.o.\" \/>\n<meta property=\"og:description\" content=\"Para cumplir con \u00e9xito su funci\u00f3n, deben ser duraderos, atractivos y resistentes al uso diario.\" \/>\n<meta property=\"og:url\" content=\"https:\/\/iml.solutions\/es\/etiquetas-promocionales\/\" \/>\n<meta property=\"og:site_name\" content=\"IML net d.o.o.\" \/>\n<meta property=\"article:modified_time\" content=\"2025-10-21T20:45:53+00:00\" \/>\n<script type=\"application\/ld+json\" class=\"yoast-schema-graph\">{\"@context\":\"https:\\\/\\\/schema.org\",\"@graph\":[{\"@type\":\"WebPage\",\"@id\":\"https:\\\/\\\/iml.solutions\\\/es\\\/etiquetas-promocionales\\\/\",\"url\":\"https:\\\/\\\/iml.solutions\\\/es\\\/etiquetas-promocionales\\\/\",\"name\":\"Etiquetas promocionales - IML net d.o.o.\",\"isPartOf\":{\"@id\":\"https:\\\/\\\/iml.solutions\\\/es\\\/#website\"},\"datePublished\":\"2025-10-02T13:29:14+00:00\",\"dateModified\":\"2025-10-21T20:45:53+00:00\",\"description\":\"Para cumplir con \u00e9xito su funci\u00f3n, deben ser duraderos, atractivos y resistentes al uso diario.\",\"breadcrumb\":{\"@id\":\"https:\\\/\\\/iml.solutions\\\/es\\\/etiquetas-promocionales\\\/#breadcrumb\"},\"inLanguage\":\"es\",\"potentialAction\":[{\"@type\":\"ReadAction\",\"target\":[\"https:\\\/\\\/iml.solutions\\\/es\\\/etiquetas-promocionales\\\/\"]}]},{\"@type\":\"BreadcrumbList\",\"@id\":\"https:\\\/\\\/iml.solutions\\\/es\\\/etiquetas-promocionales\\\/#breadcrumb\",\"itemListElement\":[{\"@type\":\"ListItem\",\"position\":1,\"name\":\"Home\",\"item\":\"https:\\\/\\\/iml.solutions\\\/es\\\/\"},{\"@type\":\"ListItem\",\"position\":2,\"name\":\"Etiquetas promocionales\"}]},{\"@type\":\"WebSite\",\"@id\":\"https:\\\/\\\/iml.solutions\\\/es\\\/#website\",\"url\":\"https:\\\/\\\/iml.solutions\\\/es\\\/\",\"name\":\"https:\\\/\\\/iml.solutions\\\/\",\"description\":\"\",\"publisher\":{\"@id\":\"https:\\\/\\\/iml.solutions\\\/es\\\/#organization\"},\"potentialAction\":[{\"@type\":\"SearchAction\",\"target\":{\"@type\":\"EntryPoint\",\"urlTemplate\":\"https:\\\/\\\/iml.solutions\\\/es\\\/?s={search_term_string}\"},\"query-input\":{\"@type\":\"PropertyValueSpecification\",\"valueRequired\":true,\"valueName\":\"search_term_string\"}}],\"inLanguage\":\"es\"},{\"@type\":\"Organization\",\"@id\":\"https:\\\/\\\/iml.solutions\\\/es\\\/#organization\",\"name\":\"IML net d.o.o.\",\"alternateName\":\"IML solutions\",\"url\":\"https:\\\/\\\/iml.solutions\\\/es\\\/\",\"logo\":{\"@type\":\"ImageObject\",\"inLanguage\":\"es\",\"@id\":\"https:\\\/\\\/iml.solutions\\\/es\\\/#\\\/schema\\\/logo\\\/image\\\/\",\"url\":\"https:\\\/\\\/iml.solutions\\\/wp-content\\\/uploads\\\/2025\\\/09\\\/Logo-iml.png\",\"contentUrl\":\"https:\\\/\\\/iml.solutions\\\/wp-content\\\/uploads\\\/2025\\\/09\\\/Logo-iml.png\",\"width\":1435,\"height\":408,\"caption\":\"IML net d.o.o.\"},\"image\":{\"@id\":\"https:\\\/\\\/iml.solutions\\\/es\\\/#\\\/schema\\\/logo\\\/image\\\/\"}}]}<\/script>\n<!-- \/ Yoast SEO plugin. -->","yoast_head_json":{"title":"Etiquetas promocionales - IML net d.o.o.","description":"Para cumplir con \u00e9xito su funci\u00f3n, deben ser duraderos, atractivos y resistentes al uso diario.","robots":{"index":"index","follow":"follow","max-snippet":"max-snippet:-1","max-image-preview":"max-image-preview:large","max-video-preview":"max-video-preview:-1"},"canonical":"https:\/\/iml.solutions\/es\/etiquetas-promocionales\/","og_locale":"es_ES","og_type":"article","og_title":"Etiquetas promocionales - IML net d.o.o.","og_description":"Para cumplir con \u00e9xito su funci\u00f3n, deben ser duraderos, atractivos y resistentes al uso diario.","og_url":"https:\/\/iml.solutions\/es\/etiquetas-promocionales\/","og_site_name":"IML net d.o.o.","article_modified_time":"2025-10-21T20:45:53+00:00","schema":{"@context":"https:\/\/schema.org","@graph":[{"@type":"WebPage","@id":"https:\/\/iml.solutions\/es\/etiquetas-promocionales\/","url":"https:\/\/iml.solutions\/es\/etiquetas-promocionales\/","name":"Etiquetas promocionales - IML net d.o.o.","isPartOf":{"@id":"https:\/\/iml.solutions\/es\/#website"},"datePublished":"2025-10-02T13:29:14+00:00","dateModified":"2025-10-21T20:45:53+00:00","description":"Para cumplir con \u00e9xito su funci\u00f3n, deben ser duraderos, atractivos y resistentes al uso diario.","breadcrumb":{"@id":"https:\/\/iml.solutions\/es\/etiquetas-promocionales\/#breadcrumb"},"inLanguage":"es","potentialAction":[{"@type":"ReadAction","target":["https:\/\/iml.solutions\/es\/etiquetas-promocionales\/"]}]},{"@type":"BreadcrumbList","@id":"https:\/\/iml.solutions\/es\/etiquetas-promocionales\/#breadcrumb","itemListElement":[{"@type":"ListItem","position":1,"name":"Home","item":"https:\/\/iml.solutions\/es\/"},{"@type":"ListItem","position":2,"name":"Etiquetas promocionales"}]},{"@type":"WebSite","@id":"https:\/\/iml.solutions\/es\/#website","url":"https:\/\/iml.solutions\/es\/","name":"https:\/\/iml.solutions\/","description":"","publisher":{"@id":"https:\/\/iml.solutions\/es\/#organization"},"potentialAction":[{"@type":"SearchAction","target":{"@type":"EntryPoint","urlTemplate":"https:\/\/iml.solutions\/es\/?s={search_term_string}"},"query-input":{"@type":"PropertyValueSpecification","valueRequired":true,"valueName":"search_term_string"}}],"inLanguage":"es"},{"@type":"Organization","@id":"https:\/\/iml.solutions\/es\/#organization","name":"IML net d.o.o.","alternateName":"IML solutions","url":"https:\/\/iml.solutions\/es\/","logo":{"@type":"ImageObject","inLanguage":"es","@id":"https:\/\/iml.solutions\/es\/#\/schema\/logo\/image\/","url":"https:\/\/iml.solutions\/wp-content\/uploads\/2025\/09\/Logo-iml.png","contentUrl":"https:\/\/iml.solutions\/wp-content\/uploads\/2025\/09\/Logo-iml.png","width":1435,"height":408,"caption":"IML net d.o.o."},"image":{"@id":"https:\/\/iml.solutions\/es\/#\/schema\/logo\/image\/"}}]}},"_links":{"self":[{"href":"https:\/\/iml.solutions\/es\/wp-json\/wp\/v2\/pages\/1519","targetHints":{"allow":["GET"]}}],"collection":[{"href":"https:\/\/iml.solutions\/es\/wp-json\/wp\/v2\/pages"}],"about":[{"href":"https:\/\/iml.solutions\/es\/wp-json\/wp\/v2\/types\/page"}],"author":[{"embeddable":true,"href":"https:\/\/iml.solutions\/es\/wp-json\/wp\/v2\/users\/1"}],"replies":[{"embeddable":true,"href":"https:\/\/iml.solutions\/es\/wp-json\/wp\/v2\/comments?post=1519"}],"version-history":[{"count":4,"href":"https:\/\/iml.solutions\/es\/wp-json\/wp\/v2\/pages\/1519\/revisions"}],"predecessor-version":[{"id":1582,"href":"https:\/\/iml.solutions\/es\/wp-json\/wp\/v2\/pages\/1519\/revisions\/1582"}],"wp:attachment":[{"href":"https:\/\/iml.solutions\/es\/wp-json\/wp\/v2\/media?parent=1519"}],"curies":[{"name":"wp","href":"https:\/\/api.w.org\/{rel}","templated":true}]}}