{"id":1533,"date":"2025-10-06T20:58:22","date_gmt":"2025-10-06T18:58:22","guid":{"rendered":"https:\/\/iml.solutions\/politica-de-cookies\/"},"modified":"2025-10-21T22:37:23","modified_gmt":"2025-10-21T20:37:23","slug":"politica-de-cookies","status":"publish","type":"page","link":"https:\/\/iml.solutions\/es\/politica-de-cookies\/","title":{"rendered":"Pol\u00edtica de cookies"},"content":{"rendered":"\t\t<div data-elementor-type=\"wp-page\" data-elementor-id=\"1533\" class=\"elementor elementor-1533 elementor-1101\" data-elementor-post-type=\"page\">\n\t\t\t\t<div class=\"elementor-element elementor-element-32948f1 e-flex e-con-boxed e-con e-parent\" data-id=\"32948f1\" data-element_type=\"container\" data-e-type=\"container\">\n\t\t\t\t\t<div class=\"e-con-inner\">\n\t\t\t\t<div class=\"elementor-element elementor-element-586a14d elementor-widget elementor-widget-text-editor\" data-id=\"586a14d\" data-element_type=\"widget\" data-e-type=\"widget\" data-widget_type=\"text-editor.default\">\n\t\t\t\t\t\t\t\t\t<h2 data-start=\"188\" data-end=\"216\"><strong data-start=\"191\" data-end=\"216\">\u00bfQu\u00e9 son las cookies?<\/strong><\/h2><p data-start=\"218\" data-end=\"508\">Las cookies son peque\u00f1os archivos que su navegador guarda en su ordenador o dispositivo m\u00f3vil cuando visita nuestro sitio web.<br data-start=\"344\" data-end=\"347\" \/>Esto permite que el sitio reconozca su ordenador y relacione sus visitas con diferentes p\u00e1ginas del sitio web, e incluso que lo reconozca en su pr\u00f3xima visita.<\/p><p data-start=\"510\" data-end=\"827\">Las cookies de nuestro sitio web no est\u00e1n destinadas a espiar al usuario, no siguen todas sus actividades y no contienen c\u00f3digo malicioso ni virus.<br data-start=\"657\" data-end=\"660\" \/>Informaci\u00f3n como su nombre o direcci\u00f3n de correo electr\u00f3nico no se guardar\u00e1: el sitio web no puede acceder a su informaci\u00f3n personal ni a los archivos de su ordenador.<\/p><hr data-start=\"829\" data-end=\"832\" \/><h2 data-start=\"834\" data-end=\"864\"><strong data-start=\"837\" data-end=\"864\">Cookies seg\u00fan su origen<\/strong><\/h2><p data-start=\"866\" data-end=\"1114\"><strong data-start=\"866\" data-end=\"910\">a) Cookies propias (first party cookies)<\/strong><br data-start=\"910\" data-end=\"913\" \/>Las cookies propias provienen del sitio web que est\u00e1 visitando y pueden ser permanentes o temporales.<br data-start=\"1014\" data-end=\"1017\" \/>Gracias a estas cookies, el sitio puede almacenar datos que se reutilizar\u00e1n en su pr\u00f3xima visita.<\/p><p data-start=\"1116\" data-end=\"1416\"><strong data-start=\"1116\" data-end=\"1164\">b) Cookies de terceros (third party cookies)<\/strong><br data-start=\"1164\" data-end=\"1167\" \/>Las cookies de terceros provienen de otros sitios web o servicios y se colocan en el sitio que est\u00e1 visitando.<br data-start=\"1277\" data-end=\"1280\" \/>Mediante estas cookies, otros sitios o servicios pueden seguir el uso de Internet en el sitio que est\u00e1 visitando con fines de marketing.<\/p><hr data-start=\"1418\" data-end=\"1421\" \/><h2 data-start=\"1423\" data-end=\"1454\"><strong data-start=\"1426\" data-end=\"1454\">Cookies seg\u00fan su funci\u00f3n<\/strong><\/h2><p data-start=\"1456\" data-end=\"1954\"><strong data-start=\"1456\" data-end=\"1481\">a) Cookies necesarias<\/strong><br data-start=\"1481\" data-end=\"1484\" \/>(siempre activas) \u2013 Estas cookies son indispensables para el funcionamiento de nuestro sitio web y no se pueden desactivar.<br data-start=\"1607\" data-end=\"1610\" \/>Por ejemplo, las cookies que garantizan que la configuraci\u00f3n relacionada con el usuario del sitio (idioma seleccionado, moneda, aceptaci\u00f3n de cookies, lista de deseos, carrito de compra, etc.) se mantenga durante todas las sesiones.<br data-start=\"1842\" data-end=\"1845\" \/>Adem\u00e1s, estas cookies o tecnolog\u00edas similares contribuyen a un uso seguro y correcto de nuestros servicios.<\/p><p data-start=\"1956\" data-end=\"2163\">Puede configurar su navegador para bloquear estas cookies o recibir notificaciones sobre ellas, pero en ese caso el sitio no funcionar\u00e1 correctamente y no ser\u00e1 posible realizar compras en la tienda en l\u00ednea.<\/p><p data-start=\"2165\" data-end=\"2346\"><strong data-start=\"2165\" data-end=\"2190\">b) Cookies anal\u00edticas<\/strong><br data-start=\"2190\" data-end=\"2193\" \/>(pueden ser rechazadas o desactivadas) \u2013 Permiten registrar las visitas y las fuentes de tr\u00e1fico con el fin de medir y mejorar la eficacia del sitio web.<\/p><p data-start=\"2348\" data-end=\"2514\"><strong data-start=\"2348\" data-end=\"2375\">c) Cookies de marketing<\/strong><br data-start=\"2375\" data-end=\"2378\" \/>(pueden ser rechazadas o desactivadas) \u2013 Sirven para rastrear a los usuarios en diferentes sitios web y mostrar anuncios personalizados.<\/p><hr data-start=\"2516\" data-end=\"2519\" \/><h2 data-start=\"2521\" data-end=\"2564\"><strong data-start=\"2524\" data-end=\"2564\">Cookies utilizadas en este sitio web<\/strong><\/h2><p data-start=\"2566\" data-end=\"2703\">Este sitio utiliza cookies necesarias, anal\u00edticas y de marketing.<br data-start=\"2631\" data-end=\"2634\" \/>No es obligatorio aceptar las cookies anal\u00edticas ni las de marketing.<\/p><hr data-start=\"2705\" data-end=\"2708\" \/><h2 data-start=\"2710\" data-end=\"2753\"><strong data-start=\"2713\" data-end=\"2753\">Gesti\u00f3n de las cookies de este sitio<\/strong><\/h2><p data-start=\"2755\" data-end=\"2974\">En la parte inferior de este sitio web encontrar\u00e1 un enlace titulado <strong data-start=\"2824\" data-end=\"2848\">\u201cConfigurar cookies\u201d<\/strong>.<br data-start=\"2849\" data-end=\"2852\" \/>A trav\u00e9s de este enlace puede modificar en cualquier momento su selecci\u00f3n de cookies que desea permitir en su dispositivo.<\/p><hr data-start=\"2976\" data-end=\"2979\" \/><h2 data-start=\"2981\" data-end=\"3026\"><strong data-start=\"2984\" data-end=\"3026\">Eliminaci\u00f3n de cookies del dispositivo<\/strong><\/h2><p data-start=\"3028\" data-end=\"3239\">Si elimina el historial de navegaci\u00f3n de su navegador, tambi\u00e9n eliminar\u00e1 todas las cookies guardadas en su dispositivo.<br data-start=\"3147\" data-end=\"3150\" \/>De esta manera, puede borrar todas las cookies de todos los sitios web que haya visitado.<\/p><p data-start=\"3241\" data-end=\"3396\">Sin embargo, tenga en cuenta que tambi\u00e9n puede perder algunos datos guardados (por ejemplo, datos de inicio de sesi\u00f3n o preferencias personales del sitio).<\/p><hr data-start=\"3398\" data-end=\"3401\" \/><h2 data-start=\"3403\" data-end=\"3442\"><strong data-start=\"3406\" data-end=\"3442\">Gesti\u00f3n de cookies por sitio web<\/strong><\/h2><p data-start=\"3444\" data-end=\"3589\">Para un mejor control de las cookies de cada sitio web, consulte la configuraci\u00f3n de privacidad de cookies en el navegador principal que utilice.<\/p><hr data-start=\"3591\" data-end=\"3594\" \/><h2 data-start=\"3596\" data-end=\"3621\"><strong data-start=\"3599\" data-end=\"3621\">Bloqueo de cookies<\/strong><\/h2><p data-start=\"3623\" data-end=\"3988\">Puede configurar la mayor\u00eda de los navegadores modernos para impedir que se guarden cookies en su dispositivo.<br data-start=\"3733\" data-end=\"3736\" \/>No obstante, es posible que deba ajustar manualmente algunas preferencias personales cada vez que visite un sitio web.<br data-start=\"3854\" data-end=\"3857\" \/>Adem\u00e1s, algunos servicios y funciones pueden no funcionar correctamente (por ejemplo, el inicio de sesi\u00f3n mediante una red social).<\/p>\t\t\t\t\t\t\t\t<\/div>\n\t\t\t\t\t<\/div>\n\t\t\t\t<\/div>\n\t\t\t\t<\/div>\n\t\t","protected":false},"excerpt":{"rendered":"<p>\u00bfQu\u00e9 son las cookies? Las cookies son peque\u00f1os archivos que su navegador guarda en su ordenador o dispositivo m\u00f3vil cuando [&hellip;]<\/p>\n","protected":false},"author":1,"featured_media":0,"parent":0,"menu_order":0,"comment_status":"closed","ping_status":"closed","template":"","meta":{"site-sidebar-layout":"no-sidebar","site-content-layout":"","ast-site-content-layout":"full-width-container","site-content-style":"default","site-sidebar-style":"default","ast-global-header-display":"","ast-banner-title-visibility":"","ast-main-header-display":"","ast-hfb-above-header-display":"","ast-hfb-below-header-display":"","ast-hfb-mobile-header-display":"","site-post-title":"disabled","ast-breadcrumbs-content":"","ast-featured-img":"disabled","footer-sml-layout":"","ast-disable-related-posts":"","theme-transparent-header-meta":"default","adv-header-id-meta":"","stick-header-meta":"default","header-above-stick-meta":"","header-main-stick-meta":"","header-below-stick-meta":"","astra-migrate-meta-layouts":"default","ast-page-background-enabled":"default","ast-page-background-meta":{"desktop":{"background-color":"var(--ast-global-color-5)","background-image":"","background-repeat":"repeat","background-position":"center center","background-size":"auto","background-attachment":"scroll","background-type":"","background-media":"","overlay-type":"","overlay-color":"","overlay-opacity":"","overlay-gradient":""},"tablet":{"background-color":"","background-image":"","background-repeat":"repeat","background-position":"center center","background-size":"auto","background-attachment":"scroll","background-type":"","background-media":"","overlay-type":"","overlay-color":"","overlay-opacity":"","overlay-gradient":""},"mobile":{"background-color":"","background-image":"","background-repeat":"repeat","background-position":"center center","background-size":"auto","background-attachment":"scroll","background-type":"","background-media":"","overlay-type":"","overlay-color":"","overlay-opacity":"","overlay-gradient":""}},"ast-content-background-meta":{"desktop":{"background-color":"var(--ast-global-color-4)","background-image":"","background-repeat":"repeat","background-position":"center center","background-size":"auto","background-attachment":"scroll","background-type":"","background-media":"","overlay-type":"","overlay-color":"","overlay-opacity":"","overlay-gradient":""},"tablet":{"background-color":"var(--ast-global-color-4)","background-image":"","background-repeat":"repeat","background-position":"center center","background-size":"auto","background-attachment":"scroll","background-type":"","background-media":"","overlay-type":"","overlay-color":"","overlay-opacity":"","overlay-gradient":""},"mobile":{"background-color":"var(--ast-global-color-4)","background-image":"","background-repeat":"repeat","background-position":"center center","background-size":"auto","background-attachment":"scroll","background-type":"","background-media":"","overlay-type":"","overlay-color":"","overlay-opacity":"","overlay-gradient":""}},"footnotes":""},"class_list":["post-1533","page","type-page","status-publish","hentry"],"yoast_head":"<!-- This site is optimized with the Yoast SEO plugin v27.3 - https:\/\/yoast.com\/product\/yoast-seo-wordpress\/ -->\n<title>Pol\u00edtica de cookies - IML net d.o.o.<\/title>\n<meta name=\"robots\" content=\"index, follow, max-snippet:-1, max-image-preview:large, max-video-preview:-1\" \/>\n<link rel=\"canonical\" href=\"https:\/\/iml.solutions\/es\/politica-de-cookies\/\" \/>\n<meta property=\"og:locale\" content=\"es_ES\" \/>\n<meta property=\"og:type\" content=\"article\" \/>\n<meta property=\"og:title\" content=\"Pol\u00edtica de cookies - IML net d.o.o.\" \/>\n<meta property=\"og:description\" content=\"\u00bfQu\u00e9 son las cookies? Las cookies son peque\u00f1os archivos que su navegador guarda en su ordenador o dispositivo m\u00f3vil cuando [&hellip;]\" \/>\n<meta property=\"og:url\" content=\"https:\/\/iml.solutions\/es\/politica-de-cookies\/\" \/>\n<meta property=\"og:site_name\" content=\"IML net d.o.o.\" \/>\n<meta property=\"article:modified_time\" content=\"2025-10-21T20:37:23+00:00\" \/>\n<script type=\"application\/ld+json\" class=\"yoast-schema-graph\">{\"@context\":\"https:\\\/\\\/schema.org\",\"@graph\":[{\"@type\":\"WebPage\",\"@id\":\"https:\\\/\\\/iml.solutions\\\/es\\\/politica-de-cookies\\\/\",\"url\":\"https:\\\/\\\/iml.solutions\\\/es\\\/politica-de-cookies\\\/\",\"name\":\"Pol\u00edtica de cookies - IML net d.o.o.\",\"isPartOf\":{\"@id\":\"https:\\\/\\\/iml.solutions\\\/es\\\/#website\"},\"datePublished\":\"2025-10-06T18:58:22+00:00\",\"dateModified\":\"2025-10-21T20:37:23+00:00\",\"breadcrumb\":{\"@id\":\"https:\\\/\\\/iml.solutions\\\/es\\\/politica-de-cookies\\\/#breadcrumb\"},\"inLanguage\":\"es\",\"potentialAction\":[{\"@type\":\"ReadAction\",\"target\":[\"https:\\\/\\\/iml.solutions\\\/es\\\/politica-de-cookies\\\/\"]}]},{\"@type\":\"BreadcrumbList\",\"@id\":\"https:\\\/\\\/iml.solutions\\\/es\\\/politica-de-cookies\\\/#breadcrumb\",\"itemListElement\":[{\"@type\":\"ListItem\",\"position\":1,\"name\":\"Home\",\"item\":\"https:\\\/\\\/iml.solutions\\\/es\\\/\"},{\"@type\":\"ListItem\",\"position\":2,\"name\":\"Pol\u00edtica de cookies\"}]},{\"@type\":\"WebSite\",\"@id\":\"https:\\\/\\\/iml.solutions\\\/es\\\/#website\",\"url\":\"https:\\\/\\\/iml.solutions\\\/es\\\/\",\"name\":\"https:\\\/\\\/iml.solutions\\\/\",\"description\":\"\",\"publisher\":{\"@id\":\"https:\\\/\\\/iml.solutions\\\/es\\\/#organization\"},\"potentialAction\":[{\"@type\":\"SearchAction\",\"target\":{\"@type\":\"EntryPoint\",\"urlTemplate\":\"https:\\\/\\\/iml.solutions\\\/es\\\/?s={search_term_string}\"},\"query-input\":{\"@type\":\"PropertyValueSpecification\",\"valueRequired\":true,\"valueName\":\"search_term_string\"}}],\"inLanguage\":\"es\"},{\"@type\":\"Organization\",\"@id\":\"https:\\\/\\\/iml.solutions\\\/es\\\/#organization\",\"name\":\"IML net d.o.o.\",\"alternateName\":\"IML solutions\",\"url\":\"https:\\\/\\\/iml.solutions\\\/es\\\/\",\"logo\":{\"@type\":\"ImageObject\",\"inLanguage\":\"es\",\"@id\":\"https:\\\/\\\/iml.solutions\\\/es\\\/#\\\/schema\\\/logo\\\/image\\\/\",\"url\":\"https:\\\/\\\/iml.solutions\\\/wp-content\\\/uploads\\\/2025\\\/09\\\/Logo-iml.png\",\"contentUrl\":\"https:\\\/\\\/iml.solutions\\\/wp-content\\\/uploads\\\/2025\\\/09\\\/Logo-iml.png\",\"width\":1435,\"height\":408,\"caption\":\"IML net d.o.o.\"},\"image\":{\"@id\":\"https:\\\/\\\/iml.solutions\\\/es\\\/#\\\/schema\\\/logo\\\/image\\\/\"}}]}<\/script>\n<!-- \/ Yoast SEO plugin. -->","yoast_head_json":{"title":"Pol\u00edtica de cookies - IML net d.o.o.","robots":{"index":"index","follow":"follow","max-snippet":"max-snippet:-1","max-image-preview":"max-image-preview:large","max-video-preview":"max-video-preview:-1"},"canonical":"https:\/\/iml.solutions\/es\/politica-de-cookies\/","og_locale":"es_ES","og_type":"article","og_title":"Pol\u00edtica de cookies - IML net d.o.o.","og_description":"\u00bfQu\u00e9 son las cookies? Las cookies son peque\u00f1os archivos que su navegador guarda en su ordenador o dispositivo m\u00f3vil cuando [&hellip;]","og_url":"https:\/\/iml.solutions\/es\/politica-de-cookies\/","og_site_name":"IML net d.o.o.","article_modified_time":"2025-10-21T20:37:23+00:00","schema":{"@context":"https:\/\/schema.org","@graph":[{"@type":"WebPage","@id":"https:\/\/iml.solutions\/es\/politica-de-cookies\/","url":"https:\/\/iml.solutions\/es\/politica-de-cookies\/","name":"Pol\u00edtica de cookies - IML net d.o.o.","isPartOf":{"@id":"https:\/\/iml.solutions\/es\/#website"},"datePublished":"2025-10-06T18:58:22+00:00","dateModified":"2025-10-21T20:37:23+00:00","breadcrumb":{"@id":"https:\/\/iml.solutions\/es\/politica-de-cookies\/#breadcrumb"},"inLanguage":"es","potentialAction":[{"@type":"ReadAction","target":["https:\/\/iml.solutions\/es\/politica-de-cookies\/"]}]},{"@type":"BreadcrumbList","@id":"https:\/\/iml.solutions\/es\/politica-de-cookies\/#breadcrumb","itemListElement":[{"@type":"ListItem","position":1,"name":"Home","item":"https:\/\/iml.solutions\/es\/"},{"@type":"ListItem","position":2,"name":"Pol\u00edtica de cookies"}]},{"@type":"WebSite","@id":"https:\/\/iml.solutions\/es\/#website","url":"https:\/\/iml.solutions\/es\/","name":"https:\/\/iml.solutions\/","description":"","publisher":{"@id":"https:\/\/iml.solutions\/es\/#organization"},"potentialAction":[{"@type":"SearchAction","target":{"@type":"EntryPoint","urlTemplate":"https:\/\/iml.solutions\/es\/?s={search_term_string}"},"query-input":{"@type":"PropertyValueSpecification","valueRequired":true,"valueName":"search_term_string"}}],"inLanguage":"es"},{"@type":"Organization","@id":"https:\/\/iml.solutions\/es\/#organization","name":"IML net d.o.o.","alternateName":"IML solutions","url":"https:\/\/iml.solutions\/es\/","logo":{"@type":"ImageObject","inLanguage":"es","@id":"https:\/\/iml.solutions\/es\/#\/schema\/logo\/image\/","url":"https:\/\/iml.solutions\/wp-content\/uploads\/2025\/09\/Logo-iml.png","contentUrl":"https:\/\/iml.solutions\/wp-content\/uploads\/2025\/09\/Logo-iml.png","width":1435,"height":408,"caption":"IML net d.o.o."},"image":{"@id":"https:\/\/iml.solutions\/es\/#\/schema\/logo\/image\/"}}]}},"_links":{"self":[{"href":"https:\/\/iml.solutions\/es\/wp-json\/wp\/v2\/pages\/1533","targetHints":{"allow":["GET"]}}],"collection":[{"href":"https:\/\/iml.solutions\/es\/wp-json\/wp\/v2\/pages"}],"about":[{"href":"https:\/\/iml.solutions\/es\/wp-json\/wp\/v2\/types\/page"}],"author":[{"embeddable":true,"href":"https:\/\/iml.solutions\/es\/wp-json\/wp\/v2\/users\/1"}],"replies":[{"embeddable":true,"href":"https:\/\/iml.solutions\/es\/wp-json\/wp\/v2\/comments?post=1533"}],"version-history":[{"count":4,"href":"https:\/\/iml.solutions\/es\/wp-json\/wp\/v2\/pages\/1533\/revisions"}],"predecessor-version":[{"id":1540,"href":"https:\/\/iml.solutions\/es\/wp-json\/wp\/v2\/pages\/1533\/revisions\/1540"}],"wp:attachment":[{"href":"https:\/\/iml.solutions\/es\/wp-json\/wp\/v2\/media?parent=1533"}],"curies":[{"name":"wp","href":"https:\/\/api.w.org\/{rel}","templated":true}]}}