{"id":1753,"date":"2025-10-22T18:45:17","date_gmt":"2025-10-22T16:45:17","guid":{"rendered":"https:\/\/iml.solutions\/?page_id=1753"},"modified":"2025-10-22T18:45:18","modified_gmt":"2025-10-22T16:45:18","slug":"politica-de-privacidad-2","status":"publish","type":"page","link":"https:\/\/iml.solutions\/es\/politica-de-privacidad-2\/","title":{"rendered":"Pol\u00edtica de privacidad"},"content":{"rendered":"\t\t<div data-elementor-type=\"wp-page\" data-elementor-id=\"1753\" class=\"elementor elementor-1753 elementor-1750\" data-elementor-post-type=\"page\">\n\t\t\t\t<div class=\"elementor-element elementor-element-32948f1 e-flex e-con-boxed e-con e-parent\" data-id=\"32948f1\" data-element_type=\"container\" data-e-type=\"container\">\n\t\t\t\t\t<div class=\"e-con-inner\">\n\t\t\t\t<div class=\"elementor-element elementor-element-586a14d elementor-widget elementor-widget-text-editor\" data-id=\"586a14d\" data-element_type=\"widget\" data-e-type=\"widget\" data-widget_type=\"text-editor.default\">\n\t\t\t\t\t\t\t\t\t<h2 data-start=\"203\" data-end=\"235\"><strong data-start=\"206\" data-end=\"235\">Declaraci\u00f3n de privacidad<\/strong><\/h2><p data-start=\"237\" data-end=\"992\"><strong data-start=\"237\" data-end=\"255\">IML net d.o.o.<\/strong> se compromete a proteger los datos personales de sus clientes, recopilando \u00fanicamente la informaci\u00f3n b\u00e1sica y necesaria para cumplir con nuestras obligaciones.<br data-start=\"415\" data-end=\"418\" \/>Informamos a nuestros clientes sobre la manera en que se utilizan los datos recopilados y les ofrecemos regularmente la posibilidad de decidir sobre el uso de sus datos, incluyendo la opci\u00f3n de eliminar su nombre de las listas utilizadas para campa\u00f1as de marketing.<br data-start=\"683\" data-end=\"686\" \/>Todos los datos de los usuarios se mantienen estrictamente confidenciales y solo est\u00e1n disponibles para los empleados que los necesiten para realizar su trabajo.<br data-start=\"847\" data-end=\"850\" \/>Todos los empleados de <strong data-start=\"873\" data-end=\"891\">IML net d.o.o.<\/strong> y sus socios comerciales son responsables de respetar los principios de protecci\u00f3n de la privacidad.<\/p><hr data-start=\"994\" data-end=\"997\" \/><h3 data-start=\"999\" data-end=\"1042\"><strong data-start=\"1003\" data-end=\"1042\">Tratamiento de los datos personales<\/strong><\/h3><p data-start=\"1044\" data-end=\"1326\">La recopilaci\u00f3n, el procesamiento y el uso de estos datos est\u00e1n regulados por la ley.<br data-start=\"1129\" data-end=\"1132\" \/>Recopilamos sus datos de acuerdo con el prop\u00f3sito para el cual nos los ha proporcionado, ya sea sobre la base de su consentimiento o de un contrato.<br data-start=\"1280\" data-end=\"1283\" \/>No utilizaremos los datos para otros fines.<\/p><p data-start=\"1328\" data-end=\"1512\">De acuerdo con el <strong data-start=\"1346\" data-end=\"1398\">Reglamento General de Protecci\u00f3n de Datos (RGPD)<\/strong>, usted tiene derecho a acceder a sus datos, rectificarlos, limitar su procesamiento, eliminarlos y transferirlos.<\/p><p data-start=\"1514\" data-end=\"1886\">Si se pone en contacto con nosotros a trav\u00e9s del formulario del sitio web o por correo electr\u00f3nico, su informaci\u00f3n de contacto se almacenar\u00e1 con el fin de procesar su solicitud y responder a posibles consultas posteriores.<br data-start=\"1736\" data-end=\"1739\" \/>No compartiremos esta informaci\u00f3n sin su consentimiento.<br data-start=\"1795\" data-end=\"1798\" \/>Puede enviar sus solicitudes a la direcci\u00f3n de correo electr\u00f3nico <strong data-start=\"1864\" data-end=\"1886\"><a class=\"decorated-link cursor-pointer\" rel=\"noopener\" data-start=\"1866\" data-end=\"1884\">info@iml.solutions<\/a><\/strong><\/p><hr data-start=\"1888\" data-end=\"1891\" \/><h3 data-start=\"1893\" data-end=\"1948\"><strong data-start=\"1897\" data-end=\"1948\">Periodo de conservaci\u00f3n de los datos personales<\/strong><\/h3><p data-start=\"1950\" data-end=\"2306\">Los datos personales obtenidos sobre la base de un consentimiento pueden ser tratados y almacenados hasta que se cumpla el prop\u00f3sito para el que fueron proporcionados o hasta que se retire dicho consentimiento.<br data-start=\"2160\" data-end=\"2163\" \/>Conservamos los datos personales que nos proporciona al reservar visitas o suscribirse al bolet\u00edn informativo hasta que cancele su suscripci\u00f3n.<\/p><p data-start=\"2308\" data-end=\"2743\">La protecci\u00f3n de los datos personales es muy importante para nosotros.<br data-start=\"2378\" data-end=\"2381\" \/>Por ello, tratamos sus datos exclusivamente sobre la base de las disposiciones legales vigentes.<br data-start=\"2477\" data-end=\"2480\" \/>Todos los dem\u00e1s datos personales relacionados con la cooperaci\u00f3n contractual deben conservarse de acuerdo con la ley aplicable.<br data-start=\"2607\" data-end=\"2610\" \/>En esta pol\u00edtica de privacidad le informamos sobre los aspectos m\u00e1s importantes del tratamiento de datos dentro de nuestro sitio web.<\/p><p data-start=\"2745\" data-end=\"2990\">Puede solicitar la eliminaci\u00f3n o el bloqueo de sus datos si se demuestra que su recopilaci\u00f3n, procesamiento o uso es inadmisible o ya no es necesario.<br data-start=\"2895\" data-end=\"2898\" \/>Para ejercer estos derechos, utilice los datos de contacto proporcionados en este sitio web.<\/p><hr data-start=\"2992\" data-end=\"2995\" \/><h3 data-start=\"2997\" data-end=\"3032\"><strong data-start=\"3001\" data-end=\"3032\">Uso de los datos personales<\/strong><\/h3><p data-start=\"3034\" data-end=\"3446\">Los datos personales recopilados en el sitio web de <strong data-start=\"3086\" data-end=\"3104\">IML net d.o.o.<\/strong> se utilizar\u00e1n para el funcionamiento del propio sitio y para la prestaci\u00f3n de los servicios o transacciones solicitadas o permitidas por el usuario.<br data-start=\"3253\" data-end=\"3256\" \/>Con estos fines, podemos utilizar los datos personales para ofrecer servicios m\u00e1s eficientes o mejorar el sitio web, eliminando la necesidad de introducir repetidamente la misma informaci\u00f3n.<\/p><p data-start=\"3448\" data-end=\"4226\">Podemos utilizar sus datos personales para proporcionarle informaci\u00f3n importante sobre los servicios que utiliza, incluyendo actualizaciones y notificaciones relevantes.<br data-start=\"3617\" data-end=\"3620\" \/>Adem\u00e1s, con su consentimiento, podremos enviarle informaci\u00f3n sobre otros servicios.<br data-start=\"3703\" data-end=\"3706\" \/>Si los usuarios se suscriben o aceptan recibir correos electr\u00f3nicos promocionales, el sitio web puede utilizar enlaces personalizados o tecnolog\u00edas similares para rastrear los enlaces seleccionados en dichos correos.<br data-start=\"3922\" data-end=\"3925\" \/>De esta manera, podemos vincular la informaci\u00f3n recopilada con los datos personales del usuario, con el fin de ofrecer una comunicaci\u00f3n m\u00e1s relevante o informaci\u00f3n sobre compras.<br data-start=\"4103\" data-end=\"4106\" \/>Cada mensaje de correo electr\u00f3nico que enviamos contiene un enlace que le permite dejar de recibir ese tipo de mensajes.<\/p><hr data-start=\"4228\" data-end=\"4231\" \/><h3 data-start=\"4233\" data-end=\"4284\"><strong data-start=\"4237\" data-end=\"4284\">Control y seguridad de los datos personales<\/strong><\/h3><p data-start=\"4286\" data-end=\"4653\">El sitio web puede enviar peri\u00f3dicamente correos electr\u00f3nicos para informar a los usuarios sobre problemas t\u00e9cnicos o de seguridad relacionados con los servicios\/productos solicitados o para confirmar un servicio solicitado.<br data-start=\"4510\" data-end=\"4513\" \/>En algunos casos, el contacto con los usuarios constituye una parte esencial del servicio, por lo que estos mensajes no pueden desactivarse.<\/p><p data-start=\"4655\" data-end=\"5167\">Los datos personales intercambiados entre usted y nosotros a trav\u00e9s de nuestro sitio web se transmiten mediante conexiones seguras de \u00faltima generaci\u00f3n.<br data-start=\"4807\" data-end=\"4810\" \/>Todos los sistemas inform\u00e1ticos utilizados est\u00e1n protegidos contra accesos no autorizados, y los empleados est\u00e1n obligados a mantener la confidencialidad de los datos.<br data-start=\"4977\" data-end=\"4980\" \/>Sin embargo, <strong data-start=\"4993\" data-end=\"5011\">IML net d.o.o.<\/strong> no tiene control sobre la transmisi\u00f3n de datos a trav\u00e9s de Internet y, por tanto, no puede excluir la posibilidad de un uso indebido por parte de terceros.<\/p><p data-start=\"5169\" data-end=\"5632\">Los datos transmitidos se almacenan para su posterior procesamiento.<br data-start=\"5237\" data-end=\"5240\" \/>El sitio puede recopilar cierta informaci\u00f3n sobre la visita del usuario, como el nombre del proveedor de servicios de Internet, la direcci\u00f3n IP, la fecha y la hora de acceso, as\u00ed como la direcci\u00f3n del sitio web desde el cual el usuario accedi\u00f3 directamente al nuestro.<br data-start=\"5508\" data-end=\"5511\" \/>Estos datos se utilizan para mejorar y administrar el propio sitio web, as\u00ed como para analizar tendencias y estad\u00edsticas.<\/p><hr data-start=\"5634\" data-end=\"5637\" \/><h3 data-start=\"5639\" data-end=\"5692\"><strong data-start=\"5643\" data-end=\"5692\">Actualizaci\u00f3n de la declaraci\u00f3n de privacidad<\/strong><\/h3><p data-start=\"5694\" data-end=\"6297\">Nos reservamos el derecho de actualizar esta declaraci\u00f3n de privacidad peri\u00f3dicamente.<br data-start=\"5780\" data-end=\"5783\" \/>Cuando esto ocurra, la fecha de la \u00faltima modificaci\u00f3n indicada al final de esta declaraci\u00f3n se actualizar\u00e1.<br data-start=\"5891\" data-end=\"5894\" \/>Informaremos a los usuarios sobre los cambios importantes publicando un aviso destacado en el sitio web.<br data-start=\"5998\" data-end=\"6001\" \/>Recomendamos a los usuarios que revisen peri\u00f3dicamente esta declaraci\u00f3n para mantenerse informados sobre c\u00f3mo el sitio protege la informaci\u00f3n personal que recopila.<br data-start=\"6165\" data-end=\"6168\" \/>El uso continuado de este sitio web constituye la aceptaci\u00f3n de esta declaraci\u00f3n de privacidad y de sus posibles actualizaciones.<\/p>\t\t\t\t\t\t\t\t<\/div>\n\t\t\t\t\t<\/div>\n\t\t\t\t<\/div>\n\t\t\t\t<\/div>\n\t\t","protected":false},"excerpt":{"rendered":"<p>Declaraci\u00f3n de privacidad IML net d.o.o. se compromete a proteger los datos personales de sus clientes, recopilando \u00fanicamente la informaci\u00f3n [&hellip;]<\/p>\n","protected":false},"author":1,"featured_media":0,"parent":0,"menu_order":0,"comment_status":"closed","ping_status":"closed","template":"","meta":{"site-sidebar-layout":"no-sidebar","site-content-layout":"","ast-site-content-layout":"full-width-container","site-content-style":"default","site-sidebar-style":"default","ast-global-header-display":"","ast-banner-title-visibility":"","ast-main-header-display":"","ast-hfb-above-header-display":"","ast-hfb-below-header-display":"","ast-hfb-mobile-header-display":"","site-post-title":"disabled","ast-breadcrumbs-content":"","ast-featured-img":"disabled","footer-sml-layout":"","ast-disable-related-posts":"","theme-transparent-header-meta":"default","adv-header-id-meta":"","stick-header-meta":"default","header-above-stick-meta":"","header-main-stick-meta":"","header-below-stick-meta":"","astra-migrate-meta-layouts":"set","ast-page-background-enabled":"default","ast-page-background-meta":{"desktop":{"background-color":"var(--ast-global-color-5)","background-image":"","background-repeat":"repeat","background-position":"center center","background-size":"auto","background-attachment":"scroll","background-type":"","background-media":"","overlay-type":"","overlay-color":"","overlay-opacity":"","overlay-gradient":""},"tablet":{"background-color":"","background-image":"","background-repeat":"repeat","background-position":"center center","background-size":"auto","background-attachment":"scroll","background-type":"","background-media":"","overlay-type":"","overlay-color":"","overlay-opacity":"","overlay-gradient":""},"mobile":{"background-color":"","background-image":"","background-repeat":"repeat","background-position":"center center","background-size":"auto","background-attachment":"scroll","background-type":"","background-media":"","overlay-type":"","overlay-color":"","overlay-opacity":"","overlay-gradient":""}},"ast-content-background-meta":{"desktop":{"background-color":"var(--ast-global-color-4)","background-image":"","background-repeat":"repeat","background-position":"center center","background-size":"auto","background-attachment":"scroll","background-type":"","background-media":"","overlay-type":"","overlay-color":"","overlay-opacity":"","overlay-gradient":""},"tablet":{"background-color":"var(--ast-global-color-4)","background-image":"","background-repeat":"repeat","background-position":"center center","background-size":"auto","background-attachment":"scroll","background-type":"","background-media":"","overlay-type":"","overlay-color":"","overlay-opacity":"","overlay-gradient":""},"mobile":{"background-color":"var(--ast-global-color-4)","background-image":"","background-repeat":"repeat","background-position":"center center","background-size":"auto","background-attachment":"scroll","background-type":"","background-media":"","overlay-type":"","overlay-color":"","overlay-opacity":"","overlay-gradient":""}},"footnotes":""},"class_list":["post-1753","page","type-page","status-publish","hentry"],"yoast_head":"<!-- This site is optimized with the Yoast SEO plugin v27.3 - https:\/\/yoast.com\/product\/yoast-seo-wordpress\/ -->\n<title>Pol\u00edtica de privacidad - IML net d.o.o.<\/title>\n<meta name=\"robots\" content=\"index, follow, max-snippet:-1, max-image-preview:large, max-video-preview:-1\" \/>\n<link rel=\"canonical\" href=\"https:\/\/iml.solutions\/es\/politica-de-privacidad-2\/\" \/>\n<meta property=\"og:locale\" content=\"es_ES\" \/>\n<meta property=\"og:type\" content=\"article\" \/>\n<meta property=\"og:title\" content=\"Pol\u00edtica de privacidad - IML net d.o.o.\" \/>\n<meta property=\"og:description\" content=\"Declaraci\u00f3n de privacidad IML net d.o.o. se compromete a proteger los datos personales de sus clientes, recopilando \u00fanicamente la informaci\u00f3n [&hellip;]\" \/>\n<meta property=\"og:url\" content=\"https:\/\/iml.solutions\/es\/politica-de-privacidad-2\/\" \/>\n<meta property=\"og:site_name\" content=\"IML net d.o.o.\" \/>\n<meta property=\"article:modified_time\" content=\"2025-10-22T16:45:18+00:00\" \/>\n<script type=\"application\/ld+json\" class=\"yoast-schema-graph\">{\"@context\":\"https:\\\/\\\/schema.org\",\"@graph\":[{\"@type\":\"WebPage\",\"@id\":\"https:\\\/\\\/iml.solutions\\\/es\\\/politica-de-privacidad-2\\\/\",\"url\":\"https:\\\/\\\/iml.solutions\\\/es\\\/politica-de-privacidad-2\\\/\",\"name\":\"Pol\u00edtica de privacidad - IML net d.o.o.\",\"isPartOf\":{\"@id\":\"https:\\\/\\\/iml.solutions\\\/es\\\/#website\"},\"datePublished\":\"2025-10-22T16:45:17+00:00\",\"dateModified\":\"2025-10-22T16:45:18+00:00\",\"breadcrumb\":{\"@id\":\"https:\\\/\\\/iml.solutions\\\/es\\\/politica-de-privacidad-2\\\/#breadcrumb\"},\"inLanguage\":\"es\",\"potentialAction\":[{\"@type\":\"ReadAction\",\"target\":[\"https:\\\/\\\/iml.solutions\\\/es\\\/politica-de-privacidad-2\\\/\"]}]},{\"@type\":\"BreadcrumbList\",\"@id\":\"https:\\\/\\\/iml.solutions\\\/es\\\/politica-de-privacidad-2\\\/#breadcrumb\",\"itemListElement\":[{\"@type\":\"ListItem\",\"position\":1,\"name\":\"Home\",\"item\":\"https:\\\/\\\/iml.solutions\\\/es\\\/\"},{\"@type\":\"ListItem\",\"position\":2,\"name\":\"Pol\u00edtica de privacidad\"}]},{\"@type\":\"WebSite\",\"@id\":\"https:\\\/\\\/iml.solutions\\\/es\\\/#website\",\"url\":\"https:\\\/\\\/iml.solutions\\\/es\\\/\",\"name\":\"https:\\\/\\\/iml.solutions\\\/\",\"description\":\"\",\"publisher\":{\"@id\":\"https:\\\/\\\/iml.solutions\\\/es\\\/#organization\"},\"potentialAction\":[{\"@type\":\"SearchAction\",\"target\":{\"@type\":\"EntryPoint\",\"urlTemplate\":\"https:\\\/\\\/iml.solutions\\\/es\\\/?s={search_term_string}\"},\"query-input\":{\"@type\":\"PropertyValueSpecification\",\"valueRequired\":true,\"valueName\":\"search_term_string\"}}],\"inLanguage\":\"es\"},{\"@type\":\"Organization\",\"@id\":\"https:\\\/\\\/iml.solutions\\\/es\\\/#organization\",\"name\":\"IML net d.o.o.\",\"alternateName\":\"IML solutions\",\"url\":\"https:\\\/\\\/iml.solutions\\\/es\\\/\",\"logo\":{\"@type\":\"ImageObject\",\"inLanguage\":\"es\",\"@id\":\"https:\\\/\\\/iml.solutions\\\/es\\\/#\\\/schema\\\/logo\\\/image\\\/\",\"url\":\"https:\\\/\\\/iml.solutions\\\/wp-content\\\/uploads\\\/2025\\\/09\\\/Logo-iml.png\",\"contentUrl\":\"https:\\\/\\\/iml.solutions\\\/wp-content\\\/uploads\\\/2025\\\/09\\\/Logo-iml.png\",\"width\":1435,\"height\":408,\"caption\":\"IML net d.o.o.\"},\"image\":{\"@id\":\"https:\\\/\\\/iml.solutions\\\/es\\\/#\\\/schema\\\/logo\\\/image\\\/\"}}]}<\/script>\n<!-- \/ Yoast SEO plugin. -->","yoast_head_json":{"title":"Pol\u00edtica de privacidad - IML net d.o.o.","robots":{"index":"index","follow":"follow","max-snippet":"max-snippet:-1","max-image-preview":"max-image-preview:large","max-video-preview":"max-video-preview:-1"},"canonical":"https:\/\/iml.solutions\/es\/politica-de-privacidad-2\/","og_locale":"es_ES","og_type":"article","og_title":"Pol\u00edtica de privacidad - IML net d.o.o.","og_description":"Declaraci\u00f3n de privacidad IML net d.o.o. se compromete a proteger los datos personales de sus clientes, recopilando \u00fanicamente la informaci\u00f3n [&hellip;]","og_url":"https:\/\/iml.solutions\/es\/politica-de-privacidad-2\/","og_site_name":"IML net d.o.o.","article_modified_time":"2025-10-22T16:45:18+00:00","schema":{"@context":"https:\/\/schema.org","@graph":[{"@type":"WebPage","@id":"https:\/\/iml.solutions\/es\/politica-de-privacidad-2\/","url":"https:\/\/iml.solutions\/es\/politica-de-privacidad-2\/","name":"Pol\u00edtica de privacidad - IML net d.o.o.","isPartOf":{"@id":"https:\/\/iml.solutions\/es\/#website"},"datePublished":"2025-10-22T16:45:17+00:00","dateModified":"2025-10-22T16:45:18+00:00","breadcrumb":{"@id":"https:\/\/iml.solutions\/es\/politica-de-privacidad-2\/#breadcrumb"},"inLanguage":"es","potentialAction":[{"@type":"ReadAction","target":["https:\/\/iml.solutions\/es\/politica-de-privacidad-2\/"]}]},{"@type":"BreadcrumbList","@id":"https:\/\/iml.solutions\/es\/politica-de-privacidad-2\/#breadcrumb","itemListElement":[{"@type":"ListItem","position":1,"name":"Home","item":"https:\/\/iml.solutions\/es\/"},{"@type":"ListItem","position":2,"name":"Pol\u00edtica de privacidad"}]},{"@type":"WebSite","@id":"https:\/\/iml.solutions\/es\/#website","url":"https:\/\/iml.solutions\/es\/","name":"https:\/\/iml.solutions\/","description":"","publisher":{"@id":"https:\/\/iml.solutions\/es\/#organization"},"potentialAction":[{"@type":"SearchAction","target":{"@type":"EntryPoint","urlTemplate":"https:\/\/iml.solutions\/es\/?s={search_term_string}"},"query-input":{"@type":"PropertyValueSpecification","valueRequired":true,"valueName":"search_term_string"}}],"inLanguage":"es"},{"@type":"Organization","@id":"https:\/\/iml.solutions\/es\/#organization","name":"IML net d.o.o.","alternateName":"IML solutions","url":"https:\/\/iml.solutions\/es\/","logo":{"@type":"ImageObject","inLanguage":"es","@id":"https:\/\/iml.solutions\/es\/#\/schema\/logo\/image\/","url":"https:\/\/iml.solutions\/wp-content\/uploads\/2025\/09\/Logo-iml.png","contentUrl":"https:\/\/iml.solutions\/wp-content\/uploads\/2025\/09\/Logo-iml.png","width":1435,"height":408,"caption":"IML net d.o.o."},"image":{"@id":"https:\/\/iml.solutions\/es\/#\/schema\/logo\/image\/"}}]}},"_links":{"self":[{"href":"https:\/\/iml.solutions\/es\/wp-json\/wp\/v2\/pages\/1753","targetHints":{"allow":["GET"]}}],"collection":[{"href":"https:\/\/iml.solutions\/es\/wp-json\/wp\/v2\/pages"}],"about":[{"href":"https:\/\/iml.solutions\/es\/wp-json\/wp\/v2\/types\/page"}],"author":[{"embeddable":true,"href":"https:\/\/iml.solutions\/es\/wp-json\/wp\/v2\/users\/1"}],"replies":[{"embeddable":true,"href":"https:\/\/iml.solutions\/es\/wp-json\/wp\/v2\/comments?post=1753"}],"version-history":[{"count":1,"href":"https:\/\/iml.solutions\/es\/wp-json\/wp\/v2\/pages\/1753\/revisions"}],"predecessor-version":[{"id":1757,"href":"https:\/\/iml.solutions\/es\/wp-json\/wp\/v2\/pages\/1753\/revisions\/1757"}],"wp:attachment":[{"href":"https:\/\/iml.solutions\/es\/wp-json\/wp\/v2\/media?parent=1753"}],"curies":[{"name":"wp","href":"https:\/\/api.w.org\/{rel}","templated":true}]}}