{"id":1326,"date":"2025-09-30T19:42:18","date_gmt":"2025-09-30T17:42:18","guid":{"rendered":"https:\/\/iml.solutions\/les-produits\/"},"modified":"2025-10-21T11:35:04","modified_gmt":"2025-10-21T09:35:04","slug":"les-produits","status":"publish","type":"page","link":"https:\/\/iml.solutions\/fr\/les-produits\/","title":{"rendered":"Les Produits"},"content":{"rendered":"\t\t<div data-elementor-type=\"wp-page\" data-elementor-id=\"1326\" class=\"elementor elementor-1326 elementor-476\" data-elementor-post-type=\"page\">\n\t\t\t\t<div class=\"elementor-element elementor-element-cf4acd3 e-con-full e-flex e-con e-parent\" data-id=\"cf4acd3\" data-element_type=\"container\" data-e-type=\"container\">\n\t\t\t\t<div class=\"elementor-element elementor-element-eb5747a elementor--v-position-top elementor--h-position-center elementor-widget elementor-widget-slides\" data-id=\"eb5747a\" data-element_type=\"widget\" data-e-type=\"widget\" data-settings=\"{&quot;navigation&quot;:&quot;none&quot;,&quot;transition&quot;:&quot;slide&quot;,&quot;transition_speed&quot;:500}\" data-widget_type=\"slides.default\">\n\t\t\t\t\t\t\t\t\t\t<div class=\"elementor-slides-wrapper elementor-main-swiper swiper\" role=\"region\" aria-roledescription=\"carousel\" aria-label=\"Slides\" dir=\"ltr\" data-animation=\"\">\n\t\t\t\t<div class=\"swiper-wrapper elementor-slides\">\n\t\t\t\t\t\t\t\t\t\t<div class=\"elementor-repeater-item-96a874e swiper-slide\" role=\"group\" aria-roledescription=\"slide\"><div class=\"swiper-slide-bg elementor-ken-burns elementor-ken-burns--out\" role=\"img\" aria-label=\"Cutting\"><\/div><div class=\"swiper-slide-inner\" ><div class=\"swiper-slide-contents\"><\/div><\/div><\/div>\t\t\t\t<\/div>\n\t\t\t\t\t\t\t<\/div>\n\t\t\t\t\t\t\t\t<\/div>\n\t\t\t\t<\/div>\n\t\t<div class=\"elementor-element elementor-element-d8bba72 e-flex e-con-boxed e-con e-parent\" data-id=\"d8bba72\" data-element_type=\"container\" data-e-type=\"container\">\n\t\t\t\t\t<div class=\"e-con-inner\">\n\t\t\t\t<div class=\"elementor-element elementor-element-a71cafd elementor-widget elementor-widget-heading\" data-id=\"a71cafd\" data-element_type=\"widget\" data-e-type=\"widget\" data-widget_type=\"heading.default\">\n\t\t\t\t\t<h2 class=\"elementor-heading-title elementor-size-default\">Une flexibilit\u00e9 qui stimule la croissance<\/h2>\t\t\t\t<\/div>\n\t\t\t\t<div class=\"elementor-element elementor-element-14be470 elementor-widget elementor-widget-text-editor\" data-id=\"14be470\" data-element_type=\"widget\" data-e-type=\"widget\" data-widget_type=\"text-editor.default\">\n\t\t\t\t\t\t\t\t\t<p style=\"text-align: center;\">Nous abordons chaque client individuellement, car chaque produit pr\u00e9sente des exigences uniques. C&rsquo;est pourquoi nous proposons des \u00e9tiquettes IML pr\u00e9sentant diff\u00e9rents niveaux de durabilit\u00e9 : des solutions \u00e9conomiques pour les produits \u00e0 usage unique aux \u00e9tiquettes premium extr\u00eamement durables pour faire face aux conditions les plus exigeantes. Cette approche diversifi\u00e9e vous permet d\u2019optimiser les co\u00fbts sans compromettre la qualit\u00e9.<\/p>\t\t\t\t\t\t\t\t<\/div>\n\t\t\t\t<div class=\"elementor-element elementor-element-68cdfcb elementor-widget__width-initial elementor-widget-divider--view-line elementor-widget elementor-widget-divider\" data-id=\"68cdfcb\" data-element_type=\"widget\" data-e-type=\"widget\" data-widget_type=\"divider.default\">\n\t\t\t\t\t\t\t<div class=\"elementor-divider\">\n\t\t\t<span class=\"elementor-divider-separator\">\n\t\t\t\t\t\t<\/span>\n\t\t<\/div>\n\t\t\t\t\t\t<\/div>\n\t\t\t\t\t<\/div>\n\t\t\t\t<\/div>\n\t\t<div class=\"elementor-element elementor-element-d7454d6 e-flex e-con-boxed e-con e-parent\" data-id=\"d7454d6\" data-element_type=\"container\" data-e-type=\"container\">\n\t\t\t\t\t<div class=\"e-con-inner\">\n\t\t<div class=\"elementor-element elementor-element-fecfcea e-con-full e-flex e-con e-child\" data-id=\"fecfcea\" data-element_type=\"container\" data-e-type=\"container\">\n\t\t\t\t<div class=\"elementor-element elementor-element-a359c91 elementor-widget elementor-widget-image\" data-id=\"a359c91\" data-element_type=\"widget\" data-e-type=\"widget\" data-widget_type=\"image.default\">\n\t\t\t\t\t\t\t\t\t\t\t\t\t\t\t<img fetchpriority=\"high\" decoding=\"async\" width=\"825\" height=\"1024\" src=\"https:\/\/iml.solutions\/wp-content\/uploads\/2025\/09\/icon-labels_v1-825x1024.png\" class=\"attachment-large size-large wp-image-1303\" alt=\"\" srcset=\"https:\/\/iml.solutions\/wp-content\/uploads\/2025\/09\/icon-labels_v1-825x1024.png 825w, https:\/\/iml.solutions\/wp-content\/uploads\/2025\/09\/icon-labels_v1-242x300.png 242w, https:\/\/iml.solutions\/wp-content\/uploads\/2025\/09\/icon-labels_v1-768x953.png 768w, https:\/\/iml.solutions\/wp-content\/uploads\/2025\/09\/icon-labels_v1.png 942w\" sizes=\"(max-width: 825px) 100vw, 825px\" \/>\t\t\t\t\t\t\t\t\t\t\t\t\t\t\t<\/div>\n\t\t\t\t<div class=\"elementor-element elementor-element-462edc3 elementor-widget elementor-widget-text-editor\" data-id=\"462edc3\" data-element_type=\"widget\" data-e-type=\"widget\" data-widget_type=\"text-editor.default\">\n\t\t\t\t\t\t\t\t\t<p>Les \u00e9tiquettes ECONOMIC de courte dur\u00e9e constituent une solution rentable, id\u00e9ale pour les produits destin\u00e9s \u00e0 un usage unique. Elles se distinguent par leur effet caract\u00e9ristique de \u00ab peau d\u2019orange \u00bb et sont le plus souvent utilis\u00e9es pour les emballages de glaces, de beurre ou de fromage frais. Bien qu\u2019elles ne constituent qu\u2019une partie de notre gamme compl\u00e8te, nous les proposons afin que chaque client puisse trouver une solution adapt\u00e9e \u00e0 ses besoins sp\u00e9cifiques.<\/p>\t\t\t\t\t\t\t\t<\/div>\n\t\t\t\t<div class=\"elementor-element elementor-element-b6cd2ee elementor-widget elementor-widget-spacer\" data-id=\"b6cd2ee\" data-element_type=\"widget\" data-e-type=\"widget\" data-widget_type=\"spacer.default\">\n\t\t\t\t\t\t\t<div class=\"elementor-spacer\">\n\t\t\t<div class=\"elementor-spacer-inner\"><\/div>\n\t\t<\/div>\n\t\t\t\t\t\t<\/div>\n\t\t\t\t<\/div>\n\t\t<div class=\"elementor-element elementor-element-5d36357 e-con-full e-flex e-con e-child\" data-id=\"5d36357\" data-element_type=\"container\" data-e-type=\"container\">\n\t\t\t\t<div class=\"elementor-element elementor-element-7418f2d elementor-widget elementor-widget-image\" data-id=\"7418f2d\" data-element_type=\"widget\" data-e-type=\"widget\" data-widget_type=\"image.default\">\n\t\t\t\t\t\t\t\t\t\t\t\t\t\t\t<img decoding=\"async\" width=\"825\" height=\"1024\" src=\"https:\/\/iml.solutions\/wp-content\/uploads\/2025\/09\/icon-labels_v2-825x1024.png\" class=\"attachment-large size-large wp-image-1295\" alt=\"\" srcset=\"https:\/\/iml.solutions\/wp-content\/uploads\/2025\/09\/icon-labels_v2-825x1024.png 825w, https:\/\/iml.solutions\/wp-content\/uploads\/2025\/09\/icon-labels_v2-242x300.png 242w, https:\/\/iml.solutions\/wp-content\/uploads\/2025\/09\/icon-labels_v2-768x953.png 768w, https:\/\/iml.solutions\/wp-content\/uploads\/2025\/09\/icon-labels_v2.png 942w\" sizes=\"(max-width: 825px) 100vw, 825px\" \/>\t\t\t\t\t\t\t\t\t\t\t\t\t\t\t<\/div>\n\t\t\t\t<div class=\"elementor-element elementor-element-764c00b elementor-widget elementor-widget-text-editor\" data-id=\"764c00b\" data-element_type=\"widget\" data-e-type=\"widget\" data-widget_type=\"text-editor.default\">\n\t\t\t\t\t\t\t\t\t<p>Les \u00e9tiquettes ECONOMIC \u00e0 dur\u00e9e de vie moyenne vont au-del\u00e0 des solutions de base. Elles sont vernies, r\u00e9sistantes aux rayures et conservent leurs couleurs durablement. Elles sont con\u00e7ues pour des produits n\u00e9cessitant une meilleure r\u00e9sistance tout en restant \u00e9conomiques. Des jouets pour enfants et accessoires de plage aux divers articles m\u00e9nagers, ces \u00e9tiquettes garantissent la pr\u00e9servation du design, quelle que soit la fr\u00e9quence d&rsquo;utilisation.<\/p>\t\t\t\t\t\t\t\t<\/div>\n\t\t\t\t<div class=\"elementor-element elementor-element-99c3398 elementor-widget elementor-widget-spacer\" data-id=\"99c3398\" data-element_type=\"widget\" data-e-type=\"widget\" data-widget_type=\"spacer.default\">\n\t\t\t\t\t\t\t<div class=\"elementor-spacer\">\n\t\t\t<div class=\"elementor-spacer-inner\"><\/div>\n\t\t<\/div>\n\t\t\t\t\t\t<\/div>\n\t\t\t\t<\/div>\n\t\t\t\t\t<\/div>\n\t\t\t\t<\/div>\n\t\t<div class=\"elementor-element elementor-element-9615464 e-flex e-con-boxed e-con e-parent\" data-id=\"9615464\" data-element_type=\"container\" data-e-type=\"container\">\n\t\t\t\t\t<div class=\"e-con-inner\">\n\t\t<div class=\"elementor-element elementor-element-177dc81 e-con-full e-flex e-con e-child\" data-id=\"177dc81\" data-element_type=\"container\" data-e-type=\"container\">\n\t\t\t\t<div class=\"elementor-element elementor-element-eb7b76d elementor-widget elementor-widget-image\" data-id=\"eb7b76d\" data-element_type=\"widget\" data-e-type=\"widget\" data-widget_type=\"image.default\">\n\t\t\t\t\t\t\t\t\t\t\t\t\t\t\t<img decoding=\"async\" width=\"825\" height=\"1024\" src=\"https:\/\/iml.solutions\/wp-content\/uploads\/2025\/09\/icon-labels_v3-825x1024.png\" class=\"attachment-large size-large wp-image-1296\" alt=\"\" srcset=\"https:\/\/iml.solutions\/wp-content\/uploads\/2025\/09\/icon-labels_v3-825x1024.png 825w, https:\/\/iml.solutions\/wp-content\/uploads\/2025\/09\/icon-labels_v3-242x300.png 242w, https:\/\/iml.solutions\/wp-content\/uploads\/2025\/09\/icon-labels_v3-768x953.png 768w, https:\/\/iml.solutions\/wp-content\/uploads\/2025\/09\/icon-labels_v3.png 942w\" sizes=\"(max-width: 825px) 100vw, 825px\" \/>\t\t\t\t\t\t\t\t\t\t\t\t\t\t\t<\/div>\n\t\t\t\t<div class=\"elementor-element elementor-element-3951e8e elementor-widget elementor-widget-text-editor\" data-id=\"3951e8e\" data-element_type=\"widget\" data-e-type=\"widget\" data-widget_type=\"text-editor.default\">\n\t\t\t\t\t\t\t\t\t<p><span style=\"font-weight: 400;\">Les \u00e9tiquettes PREMIUM \u00e0 dur\u00e9e de vie moyenne constituent la solution id\u00e9ale pour les produits qui mettent l\u2019accent sur la promotion et la valorisation de l\u2019identit\u00e9 visuelle de la marque. Au fil des ann\u00e9es, nous avons perfectionn\u00e9 la production d&rsquo;\u00e9tiquettes lamin\u00e9es pour garantir une durabilit\u00e9 et une fiabilit\u00e9 exceptionnelles sur des articles expos\u00e9s \u00e0 une utilisation fr\u00e9quente, tels que des articles m\u00e9nagers, des souvenirs, des gobelets en plastique destin\u00e9s \u00e0 \u00eatre utilis\u00e9s lors d\u2019\u00e9v\u00e9nements ou divers gadgets. Les \u00e9tiquettes lamin\u00e9es sont choisies lorsqu\u2019il est n\u00e9cessaire de mettre l\u2019accent est mis sur la qualit\u00e9 sup\u00e9rieure.  <\/span><\/p>\t\t\t\t\t\t\t\t<\/div>\n\t\t\t\t<div class=\"elementor-element elementor-element-fdc6fed elementor-widget elementor-widget-spacer\" data-id=\"fdc6fed\" data-element_type=\"widget\" data-e-type=\"widget\" data-widget_type=\"spacer.default\">\n\t\t\t\t\t\t\t<div class=\"elementor-spacer\">\n\t\t\t<div class=\"elementor-spacer-inner\"><\/div>\n\t\t<\/div>\n\t\t\t\t\t\t<\/div>\n\t\t\t\t<\/div>\n\t\t<div class=\"elementor-element elementor-element-8ed531b e-con-full e-flex e-con e-child\" data-id=\"8ed531b\" data-element_type=\"container\" data-e-type=\"container\">\n\t\t\t\t<div class=\"elementor-element elementor-element-71b80d8 elementor-widget elementor-widget-image\" data-id=\"71b80d8\" data-element_type=\"widget\" data-e-type=\"widget\" data-widget_type=\"image.default\">\n\t\t\t\t\t\t\t\t\t\t\t\t\t\t\t<img loading=\"lazy\" decoding=\"async\" width=\"825\" height=\"1024\" src=\"https:\/\/iml.solutions\/wp-content\/uploads\/2025\/09\/icon-labels_v4-825x1024.png\" class=\"attachment-large size-large wp-image-1297\" alt=\"\" srcset=\"https:\/\/iml.solutions\/wp-content\/uploads\/2025\/09\/icon-labels_v4-825x1024.png 825w, https:\/\/iml.solutions\/wp-content\/uploads\/2025\/09\/icon-labels_v4-242x300.png 242w, https:\/\/iml.solutions\/wp-content\/uploads\/2025\/09\/icon-labels_v4-768x953.png 768w, https:\/\/iml.solutions\/wp-content\/uploads\/2025\/09\/icon-labels_v4.png 942w\" sizes=\"(max-width: 825px) 100vw, 825px\" \/>\t\t\t\t\t\t\t\t\t\t\t\t\t\t\t<\/div>\n\t\t\t\t<div class=\"elementor-element elementor-element-c423c22 elementor-widget elementor-widget-text-editor\" data-id=\"c423c22\" data-element_type=\"widget\" data-e-type=\"widget\" data-widget_type=\"text-editor.default\">\n\t\t\t\t\t\t\t\t\t<p>Les \u00e9tiquettes PREMIUM longue dur\u00e9e sont con\u00e7ues pour r\u00e9sister aux conditions les plus exigeantes. Nous utilisons des mat\u00e9riaux plus \u00e9pais et plus durables lors de leur fabrication. En fonction des besoins de vos produits, nous pouvons \u00e9galement int\u00e9grer une protection UV \u00e0 la structure de l&rsquo;\u00e9tiquette, garantissant des couleurs riches et \u00e9clatantes malgr\u00e9 une exposition prolong\u00e9e au soleil. Ces \u00e9tiquettes sont donc id\u00e9ales pour les caisses de bi\u00e8re, les carreaux de sol et tous les produits qui n\u00e9cessitent une durabilit\u00e9 sup\u00e9rieure.<\/p>\t\t\t\t\t\t\t\t<\/div>\n\t\t\t\t<div class=\"elementor-element elementor-element-05ef76e elementor-widget elementor-widget-spacer\" data-id=\"05ef76e\" data-element_type=\"widget\" data-e-type=\"widget\" data-widget_type=\"spacer.default\">\n\t\t\t\t\t\t\t<div class=\"elementor-spacer\">\n\t\t\t<div class=\"elementor-spacer-inner\"><\/div>\n\t\t<\/div>\n\t\t\t\t\t\t<\/div>\n\t\t\t\t<\/div>\n\t\t\t\t\t<\/div>\n\t\t\t\t<\/div>\n\t\t<div class=\"elementor-element elementor-element-26d270c1 e-flex e-con-boxed e-con e-parent\" data-id=\"26d270c1\" data-element_type=\"container\" data-e-type=\"container\" data-settings=\"{&quot;background_background&quot;:&quot;classic&quot;}\">\n\t\t\t\t\t<div class=\"e-con-inner\">\n\t\t<div class=\"elementor-element elementor-element-691d13c8 e-con-full e-flex e-con e-child\" data-id=\"691d13c8\" data-element_type=\"container\" data-e-type=\"container\">\n\t\t\t\t<div class=\"elementor-element elementor-element-1dec2b2e elementor-invisible elementor-widget elementor-widget-heading\" data-id=\"1dec2b2e\" data-element_type=\"widget\" data-e-type=\"widget\" data-settings=\"{&quot;_animation&quot;:&quot;fadeIn&quot;}\" data-widget_type=\"heading.default\">\n\t\t\t\t\t<h3 class=\"elementor-heading-title elementor-size-default\">Nous sommes \u00e0 votre disposition pour toute question sur nos produits ou aide concernant une commande.<\/h3>\t\t\t\t<\/div>\n\t\t\t\t<div class=\"elementor-element elementor-element-38c3fa8c elementor-widget elementor-widget-text-editor\" data-id=\"38c3fa8c\" data-element_type=\"widget\" data-e-type=\"widget\" data-widget_type=\"text-editor.default\">\n\t\t\t\t\t\t\t\t\t<p>Contactez-nous et nous serons ravis de vous aider.<\/p>\t\t\t\t\t\t\t\t<\/div>\n\t\t\t\t<\/div>\n\t\t<div class=\"elementor-element elementor-element-f7ee182 e-con-full e-flex e-con e-child\" data-id=\"f7ee182\" data-element_type=\"container\" data-e-type=\"container\">\n\t\t\t\t<div class=\"elementor-element elementor-element-6249393 elementor-mobile-align-center elementor-widget elementor-widget-button\" data-id=\"6249393\" data-element_type=\"widget\" data-e-type=\"widget\" data-widget_type=\"button.default\">\n\t\t\t\t\t\t\t\t\t\t<a class=\"elementor-button elementor-button-link elementor-size-sm\" href=\"https:\/\/iml.solutions\/fr\/contact\/\">\n\t\t\t\t\t\t<span class=\"elementor-button-content-wrapper\">\n\t\t\t\t\t\t\t\t\t<span class=\"elementor-button-text\">Contactez-nous<\/span>\n\t\t\t\t\t<\/span>\n\t\t\t\t\t<\/a>\n\t\t\t\t\t\t\t\t<\/div>\n\t\t\t\t<\/div>\n\t\t\t\t\t<\/div>\n\t\t\t\t<\/div>\n\t\t\t\t<\/div>\n\t\t","protected":false},"excerpt":{"rendered":"<p>Une flexibilit\u00e9 qui stimule la croissance Nous abordons chaque client individuellement, car chaque produit pr\u00e9sente des exigences uniques. C&rsquo;est pourquoi [&hellip;]<\/p>\n","protected":false},"author":1,"featured_media":0,"parent":0,"menu_order":0,"comment_status":"closed","ping_status":"closed","template":"","meta":{"site-sidebar-layout":"no-sidebar","site-content-layout":"","ast-site-content-layout":"full-width-container","site-content-style":"default","site-sidebar-style":"default","ast-global-header-display":"","ast-banner-title-visibility":"","ast-main-header-display":"","ast-hfb-above-header-display":"","ast-hfb-below-header-display":"","ast-hfb-mobile-header-display":"","site-post-title":"disabled","ast-breadcrumbs-content":"","ast-featured-img":"disabled","footer-sml-layout":"","ast-disable-related-posts":"","theme-transparent-header-meta":"default","adv-header-id-meta":"","stick-header-meta":"default","header-above-stick-meta":"","header-main-stick-meta":"","header-below-stick-meta":"","astra-migrate-meta-layouts":"default","ast-page-background-enabled":"default","ast-page-background-meta":{"desktop":{"background-color":"var(--ast-global-color-5)","background-image":"","background-repeat":"repeat","background-position":"center center","background-size":"auto","background-attachment":"scroll","background-type":"","background-media":"","overlay-type":"","overlay-color":"","overlay-opacity":"","overlay-gradient":""},"tablet":{"background-color":"","background-image":"","background-repeat":"repeat","background-position":"center center","background-size":"auto","background-attachment":"scroll","background-type":"","background-media":"","overlay-type":"","overlay-color":"","overlay-opacity":"","overlay-gradient":""},"mobile":{"background-color":"","background-image":"","background-repeat":"repeat","background-position":"center center","background-size":"auto","background-attachment":"scroll","background-type":"","background-media":"","overlay-type":"","overlay-color":"","overlay-opacity":"","overlay-gradient":""}},"ast-content-background-meta":{"desktop":{"background-color":"var(--ast-global-color-4)","background-image":"","background-repeat":"repeat","background-position":"center center","background-size":"auto","background-attachment":"scroll","background-type":"","background-media":"","overlay-type":"","overlay-color":"","overlay-opacity":"","overlay-gradient":""},"tablet":{"background-color":"var(--ast-global-color-4)","background-image":"","background-repeat":"repeat","background-position":"center center","background-size":"auto","background-attachment":"scroll","background-type":"","background-media":"","overlay-type":"","overlay-color":"","overlay-opacity":"","overlay-gradient":""},"mobile":{"background-color":"var(--ast-global-color-4)","background-image":"","background-repeat":"repeat","background-position":"center center","background-size":"auto","background-attachment":"scroll","background-type":"","background-media":"","overlay-type":"","overlay-color":"","overlay-opacity":"","overlay-gradient":""}},"footnotes":""},"class_list":["post-1326","page","type-page","status-publish","hentry"],"yoast_head":"<!-- This site is optimized with the Yoast SEO plugin v27.6 - https:\/\/yoast.com\/product\/yoast-seo-wordpress\/ -->\n<title>Les Produits - IML net d.o.o.<\/title>\n<meta name=\"description\" content=\"Nous abordons chaque client individuellement, car chaque produit pr\u00e9sente des exigences uniques.\" \/>\n<meta name=\"robots\" content=\"index, follow, max-snippet:-1, max-image-preview:large, max-video-preview:-1\" \/>\n<link rel=\"canonical\" href=\"https:\/\/iml.solutions\/fr\/les-produits\/\" \/>\n<meta property=\"og:locale\" content=\"fr_FR\" \/>\n<meta property=\"og:type\" content=\"article\" \/>\n<meta property=\"og:title\" content=\"Les Produits - IML net d.o.o.\" \/>\n<meta property=\"og:description\" content=\"Nous abordons chaque client individuellement, car chaque produit pr\u00e9sente des exigences uniques.\" \/>\n<meta property=\"og:url\" content=\"https:\/\/iml.solutions\/fr\/les-produits\/\" \/>\n<meta property=\"og:site_name\" content=\"IML net d.o.o.\" \/>\n<meta property=\"article:modified_time\" content=\"2025-10-21T09:35:04+00:00\" \/>\n<meta property=\"og:image\" content=\"https:\/\/iml.solutions\/wp-content\/uploads\/2025\/09\/icon-labels_v1.png\" \/>\n\t<meta property=\"og:image:width\" content=\"942\" \/>\n\t<meta property=\"og:image:height\" content=\"1169\" \/>\n\t<meta property=\"og:image:type\" content=\"image\/png\" \/>\n<script type=\"application\/ld+json\" class=\"yoast-schema-graph\">{\"@context\":\"https:\\\/\\\/schema.org\",\"@graph\":[{\"@type\":\"WebPage\",\"@id\":\"https:\\\/\\\/iml.solutions\\\/fr\\\/les-produits\\\/\",\"url\":\"https:\\\/\\\/iml.solutions\\\/fr\\\/les-produits\\\/\",\"name\":\"Les Produits - IML net d.o.o.\",\"isPartOf\":{\"@id\":\"https:\\\/\\\/iml.solutions\\\/fr\\\/#website\"},\"primaryImageOfPage\":{\"@id\":\"https:\\\/\\\/iml.solutions\\\/fr\\\/les-produits\\\/#primaryimage\"},\"image\":{\"@id\":\"https:\\\/\\\/iml.solutions\\\/fr\\\/les-produits\\\/#primaryimage\"},\"thumbnailUrl\":\"https:\\\/\\\/iml.solutions\\\/wp-content\\\/uploads\\\/2025\\\/09\\\/icon-labels_v1-825x1024.png\",\"datePublished\":\"2025-09-30T17:42:18+00:00\",\"dateModified\":\"2025-10-21T09:35:04+00:00\",\"description\":\"Nous abordons chaque client individuellement, car chaque produit pr\u00e9sente des exigences uniques.\",\"breadcrumb\":{\"@id\":\"https:\\\/\\\/iml.solutions\\\/fr\\\/les-produits\\\/#breadcrumb\"},\"inLanguage\":\"fr-FR\",\"potentialAction\":[{\"@type\":\"ReadAction\",\"target\":[\"https:\\\/\\\/iml.solutions\\\/fr\\\/les-produits\\\/\"]}]},{\"@type\":\"ImageObject\",\"inLanguage\":\"fr-FR\",\"@id\":\"https:\\\/\\\/iml.solutions\\\/fr\\\/les-produits\\\/#primaryimage\",\"url\":\"https:\\\/\\\/iml.solutions\\\/wp-content\\\/uploads\\\/2025\\\/09\\\/icon-labels_v1-825x1024.png\",\"contentUrl\":\"https:\\\/\\\/iml.solutions\\\/wp-content\\\/uploads\\\/2025\\\/09\\\/icon-labels_v1-825x1024.png\"},{\"@type\":\"BreadcrumbList\",\"@id\":\"https:\\\/\\\/iml.solutions\\\/fr\\\/les-produits\\\/#breadcrumb\",\"itemListElement\":[{\"@type\":\"ListItem\",\"position\":1,\"name\":\"Home\",\"item\":\"https:\\\/\\\/iml.solutions\\\/fr\\\/\"},{\"@type\":\"ListItem\",\"position\":2,\"name\":\"Les Produits\"}]},{\"@type\":\"WebSite\",\"@id\":\"https:\\\/\\\/iml.solutions\\\/fr\\\/#website\",\"url\":\"https:\\\/\\\/iml.solutions\\\/fr\\\/\",\"name\":\"https:\\\/\\\/iml.solutions\\\/\",\"description\":\"\",\"publisher\":{\"@id\":\"https:\\\/\\\/iml.solutions\\\/fr\\\/#organization\"},\"potentialAction\":[{\"@type\":\"SearchAction\",\"target\":{\"@type\":\"EntryPoint\",\"urlTemplate\":\"https:\\\/\\\/iml.solutions\\\/fr\\\/?s={search_term_string}\"},\"query-input\":{\"@type\":\"PropertyValueSpecification\",\"valueRequired\":true,\"valueName\":\"search_term_string\"}}],\"inLanguage\":\"fr-FR\"},{\"@type\":\"Organization\",\"@id\":\"https:\\\/\\\/iml.solutions\\\/fr\\\/#organization\",\"name\":\"IML net d.o.o.\",\"alternateName\":\"IML solutions\",\"url\":\"https:\\\/\\\/iml.solutions\\\/fr\\\/\",\"logo\":{\"@type\":\"ImageObject\",\"inLanguage\":\"fr-FR\",\"@id\":\"https:\\\/\\\/iml.solutions\\\/fr\\\/#\\\/schema\\\/logo\\\/image\\\/\",\"url\":\"https:\\\/\\\/iml.solutions\\\/wp-content\\\/uploads\\\/2025\\\/09\\\/Logo-iml.png\",\"contentUrl\":\"https:\\\/\\\/iml.solutions\\\/wp-content\\\/uploads\\\/2025\\\/09\\\/Logo-iml.png\",\"width\":1435,\"height\":408,\"caption\":\"IML net d.o.o.\"},\"image\":{\"@id\":\"https:\\\/\\\/iml.solutions\\\/fr\\\/#\\\/schema\\\/logo\\\/image\\\/\"}}]}<\/script>\n<!-- \/ Yoast SEO plugin. -->","yoast_head_json":{"title":"Les Produits - IML net d.o.o.","description":"Nous abordons chaque client individuellement, car chaque produit pr\u00e9sente des exigences uniques.","robots":{"index":"index","follow":"follow","max-snippet":"max-snippet:-1","max-image-preview":"max-image-preview:large","max-video-preview":"max-video-preview:-1"},"canonical":"https:\/\/iml.solutions\/fr\/les-produits\/","og_locale":"fr_FR","og_type":"article","og_title":"Les Produits - IML net d.o.o.","og_description":"Nous abordons chaque client individuellement, car chaque produit pr\u00e9sente des exigences uniques.","og_url":"https:\/\/iml.solutions\/fr\/les-produits\/","og_site_name":"IML net d.o.o.","article_modified_time":"2025-10-21T09:35:04+00:00","og_image":[{"width":942,"height":1169,"url":"https:\/\/iml.solutions\/wp-content\/uploads\/2025\/09\/icon-labels_v1.png","type":"image\/png"}],"schema":{"@context":"https:\/\/schema.org","@graph":[{"@type":"WebPage","@id":"https:\/\/iml.solutions\/fr\/les-produits\/","url":"https:\/\/iml.solutions\/fr\/les-produits\/","name":"Les Produits - IML net d.o.o.","isPartOf":{"@id":"https:\/\/iml.solutions\/fr\/#website"},"primaryImageOfPage":{"@id":"https:\/\/iml.solutions\/fr\/les-produits\/#primaryimage"},"image":{"@id":"https:\/\/iml.solutions\/fr\/les-produits\/#primaryimage"},"thumbnailUrl":"https:\/\/iml.solutions\/wp-content\/uploads\/2025\/09\/icon-labels_v1-825x1024.png","datePublished":"2025-09-30T17:42:18+00:00","dateModified":"2025-10-21T09:35:04+00:00","description":"Nous abordons chaque client individuellement, car chaque produit pr\u00e9sente des exigences uniques.","breadcrumb":{"@id":"https:\/\/iml.solutions\/fr\/les-produits\/#breadcrumb"},"inLanguage":"fr-FR","potentialAction":[{"@type":"ReadAction","target":["https:\/\/iml.solutions\/fr\/les-produits\/"]}]},{"@type":"ImageObject","inLanguage":"fr-FR","@id":"https:\/\/iml.solutions\/fr\/les-produits\/#primaryimage","url":"https:\/\/iml.solutions\/wp-content\/uploads\/2025\/09\/icon-labels_v1-825x1024.png","contentUrl":"https:\/\/iml.solutions\/wp-content\/uploads\/2025\/09\/icon-labels_v1-825x1024.png"},{"@type":"BreadcrumbList","@id":"https:\/\/iml.solutions\/fr\/les-produits\/#breadcrumb","itemListElement":[{"@type":"ListItem","position":1,"name":"Home","item":"https:\/\/iml.solutions\/fr\/"},{"@type":"ListItem","position":2,"name":"Les Produits"}]},{"@type":"WebSite","@id":"https:\/\/iml.solutions\/fr\/#website","url":"https:\/\/iml.solutions\/fr\/","name":"https:\/\/iml.solutions\/","description":"","publisher":{"@id":"https:\/\/iml.solutions\/fr\/#organization"},"potentialAction":[{"@type":"SearchAction","target":{"@type":"EntryPoint","urlTemplate":"https:\/\/iml.solutions\/fr\/?s={search_term_string}"},"query-input":{"@type":"PropertyValueSpecification","valueRequired":true,"valueName":"search_term_string"}}],"inLanguage":"fr-FR"},{"@type":"Organization","@id":"https:\/\/iml.solutions\/fr\/#organization","name":"IML net d.o.o.","alternateName":"IML solutions","url":"https:\/\/iml.solutions\/fr\/","logo":{"@type":"ImageObject","inLanguage":"fr-FR","@id":"https:\/\/iml.solutions\/fr\/#\/schema\/logo\/image\/","url":"https:\/\/iml.solutions\/wp-content\/uploads\/2025\/09\/Logo-iml.png","contentUrl":"https:\/\/iml.solutions\/wp-content\/uploads\/2025\/09\/Logo-iml.png","width":1435,"height":408,"caption":"IML net d.o.o."},"image":{"@id":"https:\/\/iml.solutions\/fr\/#\/schema\/logo\/image\/"}}]}},"_links":{"self":[{"href":"https:\/\/iml.solutions\/fr\/wp-json\/wp\/v2\/pages\/1326","targetHints":{"allow":["GET"]}}],"collection":[{"href":"https:\/\/iml.solutions\/fr\/wp-json\/wp\/v2\/pages"}],"about":[{"href":"https:\/\/iml.solutions\/fr\/wp-json\/wp\/v2\/types\/page"}],"author":[{"embeddable":true,"href":"https:\/\/iml.solutions\/fr\/wp-json\/wp\/v2\/users\/1"}],"replies":[{"embeddable":true,"href":"https:\/\/iml.solutions\/fr\/wp-json\/wp\/v2\/comments?post=1326"}],"version-history":[{"count":4,"href":"https:\/\/iml.solutions\/fr\/wp-json\/wp\/v2\/pages\/1326\/revisions"}],"predecessor-version":[{"id":1406,"href":"https:\/\/iml.solutions\/fr\/wp-json\/wp\/v2\/pages\/1326\/revisions\/1406"}],"wp:attachment":[{"href":"https:\/\/iml.solutions\/fr\/wp-json\/wp\/v2\/media?parent=1326"}],"curies":[{"name":"wp","href":"https:\/\/api.w.org\/{rel}","templated":true}]}}