{"id":1352,"date":"2025-10-02T15:25:12","date_gmt":"2025-10-02T13:25:12","guid":{"rendered":"https:\/\/iml.solutions\/etiquettes-pour-caisses-de-biere\/"},"modified":"2025-10-21T11:36:08","modified_gmt":"2025-10-21T09:36:08","slug":"etiquettes-pour-caisses-de-biere","status":"publish","type":"page","link":"https:\/\/iml.solutions\/fr\/etiquettes-pour-caisses-de-biere\/","title":{"rendered":"\u00c9tiquettes pour caisses de bi\u00e8re"},"content":{"rendered":"\t\t<div data-elementor-type=\"wp-page\" data-elementor-id=\"1352\" class=\"elementor elementor-1352 elementor-854\" data-elementor-post-type=\"page\">\n\t\t\t\t<div class=\"elementor-element elementor-element-cf4acd3 e-con-full e-flex e-con e-parent\" data-id=\"cf4acd3\" data-element_type=\"container\" data-e-type=\"container\">\n\t\t\t\t<div class=\"elementor-element elementor-element-eb5747a elementor--h-position-center elementor--v-position-middle elementor-arrows-position-inside elementor-pagination-position-inside elementor-widget elementor-widget-slides\" data-id=\"eb5747a\" data-element_type=\"widget\" data-e-type=\"widget\" data-settings=\"{&quot;navigation&quot;:&quot;both&quot;,&quot;autoplay&quot;:&quot;yes&quot;,&quot;pause_on_hover&quot;:&quot;yes&quot;,&quot;pause_on_interaction&quot;:&quot;yes&quot;,&quot;autoplay_speed&quot;:5000,&quot;infinite&quot;:&quot;yes&quot;,&quot;transition&quot;:&quot;slide&quot;,&quot;transition_speed&quot;:500}\" data-widget_type=\"slides.default\">\n\t\t\t\t\t\t\t\t\t\t<div class=\"elementor-slides-wrapper elementor-main-swiper swiper\" role=\"region\" aria-roledescription=\"carousel\" aria-label=\"Slides\" dir=\"ltr\" data-animation=\"fadeInUp\">\n\t\t\t\t<div class=\"swiper-wrapper elementor-slides\">\n\t\t\t\t\t\t\t\t\t\t<div class=\"elementor-repeater-item-96a874e swiper-slide\" role=\"group\" aria-roledescription=\"slide\"><div class=\"swiper-slide-bg\" role=\"img\" aria-label=\"baner bira\"><\/div><div class=\"swiper-slide-inner\" ><div class=\"swiper-slide-contents\"><\/div><\/div><\/div>\t\t\t\t<\/div>\n\t\t\t\t\t\t\t<\/div>\n\t\t\t\t\t\t\t\t<\/div>\n\t\t\t\t<\/div>\n\t\t<div class=\"elementor-element elementor-element-73131eea e-flex e-con-boxed e-con e-parent\" data-id=\"73131eea\" data-element_type=\"container\" data-e-type=\"container\">\n\t\t\t\t\t<div class=\"e-con-inner\">\n\t\t\t\t<div class=\"elementor-element elementor-element-4aa4a2d elementor-widget elementor-widget-heading\" data-id=\"4aa4a2d\" data-element_type=\"widget\" data-e-type=\"widget\" data-widget_type=\"heading.default\">\n\t\t\t\t\t<h2 class=\"elementor-heading-title elementor-size-default\">R\u00e9sistantes aux chocs, au soleil et aux intemp\u00e9ries <\/h2>\t\t\t\t<\/div>\n\t\t\t\t\t<\/div>\n\t\t\t\t<\/div>\n\t\t<div class=\"elementor-element elementor-element-45db7d3 e-flex e-con-boxed e-con e-parent\" data-id=\"45db7d3\" data-element_type=\"container\" data-e-type=\"container\">\n\t\t\t\t\t<div class=\"e-con-inner\">\n\t\t\t\t<div class=\"elementor-element elementor-element-67a2313 elementor-widget elementor-widget-text-editor\" data-id=\"67a2313\" data-element_type=\"widget\" data-e-type=\"widget\" data-widget_type=\"text-editor.default\">\n\t\t\t\t\t\t\t\t\t<p><span style=\"font-weight: 400;\">Les caisses de bi\u00e8re et d\u2019autres boissons sont expos\u00e9es aux conditions les plus difficiles : transport constant, changements de temp\u00e9rature, chocs et soleil. C&rsquo;est pourquoi il est extr\u00eamement important que les \u00e9tiquettes soient durables et r\u00e9sistantes, afin que la marque demeure reconnaissable. Chez IML net d.o.o., nous avons d\u00e9velopp\u00e9 des \u00e9tiquettes premium durables de qualit\u00e9 exceptionnelle, cr\u00e9\u00e9es sp\u00e9cifiquement pour faire face aux conditions les plus exigeantes de l&rsquo;industrie du transport.<br><\/span><\/p>\t\t\t\t\t\t\t\t<\/div>\n\t\t\t\t\t<\/div>\n\t\t\t\t<\/div>\n\t\t<div class=\"elementor-element elementor-element-df63dc3 e-flex e-con-boxed e-con e-parent\" data-id=\"df63dc3\" data-element_type=\"container\" data-e-type=\"container\" data-settings=\"{&quot;background_background&quot;:&quot;classic&quot;}\">\n\t\t\t\t\t<div class=\"e-con-inner\">\n\t\t<div class=\"elementor-element elementor-element-d9e922c e-flex e-con-boxed e-con e-child\" data-id=\"d9e922c\" data-element_type=\"container\" data-e-type=\"container\">\n\t\t\t\t\t<div class=\"e-con-inner\">\n\t\t\t\t<div class=\"elementor-element elementor-element-fd41266 elementor-widget elementor-widget-heading\" data-id=\"fd41266\" data-element_type=\"widget\" data-e-type=\"widget\" data-widget_type=\"heading.default\">\n\t\t\t\t\t<h2 class=\"elementor-heading-title elementor-size-default\">In-Mould Labelling : Une \u00e9tiquette pour chaque d\u00e9fi<\/h2>\t\t\t\t<\/div>\n\t\t\t\t<div class=\"elementor-element elementor-element-6d40555 elementor-widget elementor-widget-text-editor\" data-id=\"6d40555\" data-element_type=\"widget\" data-e-type=\"widget\" data-widget_type=\"text-editor.default\">\n\t\t\t\t\t\t\t\t\t<p style=\"text-align: center;\">La technologie IML (In-Mould Labelling) permet \u00e0 l&rsquo;\u00e9tiquette de devenir partie int\u00e9grante de la caisse d\u00e8s le processus de production lui-m\u00eame. Au lieu d\u2019avoir une \u00e9tiquette coll\u00e9e, le plastique fondu fusionne avec l&rsquo;\u00e9tiquette, garantissant sa r\u00e9sistance aux rayures, aux fissures, aux temp\u00e9ratures \u00e9lev\u00e9es et aux conditions ext\u00e9rieures.<\/p><p>Pour fabriquer nos \u00e9tiquettes premium durables, nous utilisons des mat\u00e9riaux sp\u00e9cialement s\u00e9lectionn\u00e9s qui assurent leur durabilit\u00e9 exceptionnelle. Chaque \u00e9tiquette est lamin\u00e9e ou prot\u00e9g\u00e9e au moyen d\u2019un vernis r\u00e9sistant. Nous accordons une attention particuli\u00e8re \u00e0 la protection UV, qui peut \u00eatre int\u00e9gr\u00e9e directement dans la structure de l&rsquo;\u00e9tiquette et renforc\u00e9e par un rev\u00eatement de surface. Nous garantissons ainsi que les couleurs restent vives et persistantes, quelle que soit l\u2019exposition prolong\u00e9e au soleil.<\/p>\t\t\t\t\t\t\t\t<\/div>\n\t\t\t\t\t<\/div>\n\t\t\t\t<\/div>\n\t\t\t\t\t<\/div>\n\t\t\t\t<\/div>\n\t\t<div class=\"elementor-element elementor-element-71551a45 e-flex e-con-boxed e-con e-parent\" data-id=\"71551a45\" data-element_type=\"container\" data-e-type=\"container\">\n\t\t\t\t\t<div class=\"e-con-inner\">\n\t\t\t\t<div class=\"elementor-element elementor-element-13b719f4 elementor-widget elementor-widget-text-editor\" data-id=\"13b719f4\" data-element_type=\"widget\" data-e-type=\"widget\" data-widget_type=\"text-editor.default\">\n\t\t\t\t\t\t\t\t\t<p>Nos produits sont test\u00e9s et conformes aux normes industrielles les plus \u00e9lev\u00e9es, telles que STLB : 2010-11 et DIN EN ISO 4892-2, t\u00e9moignant de leur qualit\u00e9 et de leur durabilit\u00e9 exceptionnelles.<\/p>\t\t\t\t\t\t\t\t<\/div>\n\t\t\t\t\t<\/div>\n\t\t\t\t<\/div>\n\t\t<div class=\"elementor-element elementor-element-77996dd e-flex e-con-boxed e-con e-parent\" data-id=\"77996dd\" data-element_type=\"container\" data-e-type=\"container\" data-settings=\"{&quot;background_background&quot;:&quot;classic&quot;}\">\n\t\t\t\t\t<div class=\"e-con-inner\">\n\t\t\t\t<div class=\"elementor-element elementor-element-86ddf5f elementor-widget elementor-widget-heading\" data-id=\"86ddf5f\" data-element_type=\"widget\" data-e-type=\"widget\" data-widget_type=\"heading.default\">\n\t\t\t\t\t<h6 class=\"elementor-heading-title elementor-size-default\">Tout ce que vous devez savoir sur les \u00e9tiquettes de caisses (Q&amp;R)<\/h6>\t\t\t\t<\/div>\n\t\t\t\t<div class=\"elementor-element elementor-element-466e844 uael-faq-box-layout-yes align-at-left elementor-widget elementor-widget-uael-faq\" data-id=\"466e844\" data-element_type=\"widget\" data-e-type=\"widget\" data-widget_type=\"uael-faq.default\">\n\t\t\t\t<div class=\"elementor-widget-container\">\n\t\t\t\t\t\n\t\t\t<div id='uael-faq-wrapper-738' class=\"uael-faq-wrapper\">\n\t\t\t\t<div class=\"uael-faq-container uael-faq-layout-accordion\" data-layout=\"toggle\" >\n\t\t\t\t\t\t\t\t\t\t\t\t<div id=\"uael-accordion-2a83f30\" class=\"uael-faq-accordion\" role=\"tablist\">\n\t\t\t\t\t\t\t\t<div class= \"uael-accordion-title\" aria-expanded=\"false\" role=\"tab\">\n\t\t\t\t\t\t\t\t\t<span class=\"uael-accordion-icon uael-accordion-icon-left\">\n\t\t\t\t\t\t\t\t\t\t<span class=\"uael-accordion-icon-closed\"><\/span>\n\t\t\t\t\t\t\t\t\t\t<span class=\"uael-accordion-icon-opened\"><\/span>\n\t\t\t\t\t\t\t\t\t<\/span>\n\t\t\t\t\t\t\t\t\t<h4 class=\"uael-question-2a83f30 uael-question-span\" tabindex=\"0\" id=\"uael-faq-1-69ef84236ea2e\">Comment les \u00e9tiquettes IML r\u00e9sistent-elles aux conditions de transport extr\u00eames ?<\/h4>\n\t\t\t\t\t\t\t\t<\/div>\n\t\t\t\t\t\t\t\t<div class=\"uael-accordion-content\" role=\"tabpanel\">\n\t\t\t\t\t\t\t\t\t<span>\n\t\t\t\t\t\t\t\t\t<span><p><span style=\"font-weight: 400;\">Les \u00e9tiquettes de caisses IML sont con\u00e7ues pour \u00eatre extr\u00eamement r\u00e9sistantes aux chocs, \u00e0 l'abrasion, aux temp\u00e9ratures aussi bien \u00e9lev\u00e9es que basses et \u00e0 l'humidit\u00e9. Enti\u00e8rement int\u00e9gr\u00e9es \u00e0 l\u2019emballage en plastique, elles ne peuvent pas \u00eatre d\u00e9coll\u00e9s. Cependant, tout comme la peinture d\u2019une voiture qui peut r\u00e9sister \u00e0 beaucoup de choses sans toutefois \u00eatre indestructible, Malgr\u00e9 cela, gr\u00e2ce \u00e0 sa durabilit\u00e9 exceptionnelle, la marque reste reconnaissable et visible tout au long du cycle de vie de la caisse. Malgr\u00e9 cela, gr\u00e2ce \u00e0 sa durabilit\u00e9 exceptionnelle, la marque reste reconnaissable et visible tout au long du cycle de vie de la caisse.Despite this, their extraordinary durability ensures that the branding stays recognisable and visible throughout the crate\u2019s life cycle.<\/span><\/p><\/span>\t\t\t\t\t\t\t\t\t<\/span>\n\t\t\t\t\t\t\t\t<\/div>\n\t\t\t\t\t\t\t<\/div>\n\t\t\t\t\t\t\t\t\t\t\t\t\t\t<div id=\"uael-accordion-9e671de\" class=\"uael-faq-accordion\" role=\"tablist\">\n\t\t\t\t\t\t\t\t<div class= \"uael-accordion-title\" aria-expanded=\"false\" role=\"tab\">\n\t\t\t\t\t\t\t\t\t<span class=\"uael-accordion-icon uael-accordion-icon-left\">\n\t\t\t\t\t\t\t\t\t\t<span class=\"uael-accordion-icon-closed\"><\/span>\n\t\t\t\t\t\t\t\t\t\t<span class=\"uael-accordion-icon-opened\"><\/span>\n\t\t\t\t\t\t\t\t\t<\/span>\n\t\t\t\t\t\t\t\t\t<h4 class=\"uael-question-9e671de uael-question-span\" tabindex=\"0\" id=\"uael-faq-2-69ef84236ea5e\">Pourquoi la protection UV est-elle importante pour les \u00e9tiquettes des caisses ?<\/h4>\n\t\t\t\t\t\t\t\t<\/div>\n\t\t\t\t\t\t\t\t<div class=\"uael-accordion-content\" role=\"tabpanel\">\n\t\t\t\t\t\t\t\t\t<span>\n\t\t\t\t\t\t\t\t\t<span><p><span style=\"font-weight: 400;\">Les caisses sont souvent expos\u00e9es au soleil sur des bandes transporteuses, dans des entrep\u00f4ts ext\u00e9rieurs ou pendant le transport. Gr\u00e2ce \u00e0 sa protection UV, les couleurs de l'\u00e9tiquette ne s'estompent pas, ce qui est essentiel pour maintenir l'identit\u00e9 visuelle de la marque.<\/span><\/p><\/span>\t\t\t\t\t\t\t\t\t<\/span>\n\t\t\t\t\t\t\t\t<\/div>\n\t\t\t\t\t\t\t<\/div>\n\t\t\t\t\t\t\t\t\t\t\t\t\t\t<div id=\"uael-accordion-45a123e\" class=\"uael-faq-accordion\" role=\"tablist\">\n\t\t\t\t\t\t\t\t<div class= \"uael-accordion-title\" aria-expanded=\"false\" role=\"tab\">\n\t\t\t\t\t\t\t\t\t<span class=\"uael-accordion-icon uael-accordion-icon-left\">\n\t\t\t\t\t\t\t\t\t\t<span class=\"uael-accordion-icon-closed\"><\/span>\n\t\t\t\t\t\t\t\t\t\t<span class=\"uael-accordion-icon-opened\"><\/span>\n\t\t\t\t\t\t\t\t\t<\/span>\n\t\t\t\t\t\t\t\t\t<h4 class=\"uael-question-45a123e uael-question-span\" tabindex=\"0\" id=\"uael-faq-3-69ef84236ea75\">Les \u00e9tiquettes IML sont-elles une solution rentable pour les caisses ?<\/h4>\n\t\t\t\t\t\t\t\t<\/div>\n\t\t\t\t\t\t\t\t<div class=\"uael-accordion-content\" role=\"tabpanel\">\n\t\t\t\t\t\t\t\t\t<span>\n\t\t\t\t\t\t\t\t\t<span><p><span style=\"font-weight: 400;\">Oui, la technologie IML est rentable, en particulier dans le cadre d\u2019une production de masse. En combinant les processus de moulage et d\u2019\u00e9tiquetage, les co\u00fbts totaux sont r\u00e9duits et le besoin d\u2019\u00e9tiquetage et de r\u00e9paration ult\u00e9rieurs des \u00e9tiquettes endommag\u00e9es est \u00e9limin\u00e9.<\/span><\/p><\/span>\t\t\t\t\t\t\t\t\t<\/span>\n\t\t\t\t\t\t\t\t<\/div>\n\t\t\t\t\t\t\t<\/div>\n\t\t\t\t\t\t\t\t\t\t\t<\/div>\n\t\t\t<\/div>\n\t\t\t\t\t\t\t<\/div>\n\t\t\t\t<\/div>\n\t\t\t\t\t<\/div>\n\t\t\t\t<\/div>\n\t\t<div class=\"elementor-element elementor-element-2866484b e-flex e-con-boxed e-con e-parent\" data-id=\"2866484b\" data-element_type=\"container\" data-e-type=\"container\" data-settings=\"{&quot;background_background&quot;:&quot;classic&quot;}\">\n\t\t\t\t\t<div class=\"e-con-inner\">\n\t\t<div class=\"elementor-element elementor-element-753b185 e-con-full e-flex e-con e-child\" data-id=\"753b185\" data-element_type=\"container\" data-e-type=\"container\">\n\t\t\t\t<div class=\"elementor-element elementor-element-7a5d06c8 elementor-invisible elementor-widget elementor-widget-heading\" data-id=\"7a5d06c8\" data-element_type=\"widget\" data-e-type=\"widget\" data-settings=\"{&quot;_animation&quot;:&quot;fadeIn&quot;}\" data-widget_type=\"heading.default\">\n\t\t\t\t\t<h3 class=\"elementor-heading-title elementor-size-default\">Vous souhaitez en savoir plus sur nos solutions d\u2019\u00e9tiquetage de caisses ? Contactez-nous en toute confiance.<\/h3>\t\t\t\t<\/div>\n\t\t\t\t<\/div>\n\t\t<div class=\"elementor-element elementor-element-2eb44b79 e-con-full e-flex e-con e-child\" data-id=\"2eb44b79\" data-element_type=\"container\" data-e-type=\"container\">\n\t\t\t\t<div class=\"elementor-element elementor-element-6de51916 elementor-mobile-align-center elementor-widget elementor-widget-button\" data-id=\"6de51916\" data-element_type=\"widget\" data-e-type=\"widget\" data-widget_type=\"button.default\">\n\t\t\t\t\t\t\t\t\t\t<a class=\"elementor-button elementor-button-link elementor-size-sm\" href=\"https:\/\/iml.solutions\/fr\/contact\/\">\n\t\t\t\t\t\t<span class=\"elementor-button-content-wrapper\">\n\t\t\t\t\t\t\t\t\t<span class=\"elementor-button-text\">Contactez-nous<\/span>\n\t\t\t\t\t<\/span>\n\t\t\t\t\t<\/a>\n\t\t\t\t\t\t\t\t<\/div>\n\t\t\t\t<\/div>\n\t\t\t\t\t<\/div>\n\t\t\t\t<\/div>\n\t\t\t\t<\/div>\n\t\t","protected":false},"excerpt":{"rendered":"<p>R\u00e9sistantes aux chocs, au soleil et aux intemp\u00e9ries Les caisses de bi\u00e8re et d\u2019autres boissons sont expos\u00e9es aux conditions les [&hellip;]<\/p>\n","protected":false},"author":1,"featured_media":0,"parent":0,"menu_order":0,"comment_status":"closed","ping_status":"closed","template":"","meta":{"site-sidebar-layout":"no-sidebar","site-content-layout":"","ast-site-content-layout":"full-width-container","site-content-style":"default","site-sidebar-style":"default","ast-global-header-display":"","ast-banner-title-visibility":"","ast-main-header-display":"","ast-hfb-above-header-display":"","ast-hfb-below-header-display":"","ast-hfb-mobile-header-display":"","site-post-title":"disabled","ast-breadcrumbs-content":"","ast-featured-img":"disabled","footer-sml-layout":"","ast-disable-related-posts":"","theme-transparent-header-meta":"default","adv-header-id-meta":"","stick-header-meta":"default","header-above-stick-meta":"","header-main-stick-meta":"","header-below-stick-meta":"","astra-migrate-meta-layouts":"default","ast-page-background-enabled":"default","ast-page-background-meta":{"desktop":{"background-color":"var(--ast-global-color-5)","background-image":"","background-repeat":"repeat","background-position":"center center","background-size":"auto","background-attachment":"scroll","background-type":"","background-media":"","overlay-type":"","overlay-color":"","overlay-opacity":"","overlay-gradient":""},"tablet":{"background-color":"","background-image":"","background-repeat":"repeat","background-position":"center center","background-size":"auto","background-attachment":"scroll","background-type":"","background-media":"","overlay-type":"","overlay-color":"","overlay-opacity":"","overlay-gradient":""},"mobile":{"background-color":"","background-image":"","background-repeat":"repeat","background-position":"center center","background-size":"auto","background-attachment":"scroll","background-type":"","background-media":"","overlay-type":"","overlay-color":"","overlay-opacity":"","overlay-gradient":""}},"ast-content-background-meta":{"desktop":{"background-color":"var(--ast-global-color-4)","background-image":"","background-repeat":"repeat","background-position":"center center","background-size":"auto","background-attachment":"scroll","background-type":"","background-media":"","overlay-type":"","overlay-color":"","overlay-opacity":"","overlay-gradient":""},"tablet":{"background-color":"var(--ast-global-color-4)","background-image":"","background-repeat":"repeat","background-position":"center center","background-size":"auto","background-attachment":"scroll","background-type":"","background-media":"","overlay-type":"","overlay-color":"","overlay-opacity":"","overlay-gradient":""},"mobile":{"background-color":"var(--ast-global-color-4)","background-image":"","background-repeat":"repeat","background-position":"center center","background-size":"auto","background-attachment":"scroll","background-type":"","background-media":"","overlay-type":"","overlay-color":"","overlay-opacity":"","overlay-gradient":""}},"footnotes":""},"class_list":["post-1352","page","type-page","status-publish","hentry"],"yoast_head":"<!-- This site is optimized with the Yoast SEO plugin v27.3 - https:\/\/yoast.com\/product\/yoast-seo-wordpress\/ -->\n<title>\u00c9tiquettes pour caisses de bi\u00e8re - IML net d.o.o.<\/title>\n<meta name=\"description\" content=\"Les caisses de bi\u00e8re et d\u2019autres boissons sont expos\u00e9es aux conditions les plus difficiles : transport constant, changements de temp\u00e9rature, chocs et soleil.\" \/>\n<meta name=\"robots\" content=\"index, follow, max-snippet:-1, max-image-preview:large, max-video-preview:-1\" \/>\n<link rel=\"canonical\" href=\"https:\/\/iml.solutions\/fr\/etiquettes-pour-caisses-de-biere\/\" \/>\n<meta property=\"og:locale\" content=\"fr_FR\" \/>\n<meta property=\"og:type\" content=\"article\" \/>\n<meta property=\"og:title\" content=\"\u00c9tiquettes pour caisses de bi\u00e8re - IML net d.o.o.\" \/>\n<meta property=\"og:description\" content=\"Les caisses de bi\u00e8re et d\u2019autres boissons sont expos\u00e9es aux conditions les plus difficiles : transport constant, changements de temp\u00e9rature, chocs et soleil.\" \/>\n<meta property=\"og:url\" content=\"https:\/\/iml.solutions\/fr\/etiquettes-pour-caisses-de-biere\/\" \/>\n<meta property=\"og:site_name\" content=\"IML net d.o.o.\" \/>\n<meta property=\"article:modified_time\" content=\"2025-10-21T09:36:08+00:00\" \/>\n<script type=\"application\/ld+json\" class=\"yoast-schema-graph\">{\"@context\":\"https:\\\/\\\/schema.org\",\"@graph\":[{\"@type\":\"WebPage\",\"@id\":\"https:\\\/\\\/iml.solutions\\\/fr\\\/etiquettes-pour-caisses-de-biere\\\/\",\"url\":\"https:\\\/\\\/iml.solutions\\\/fr\\\/etiquettes-pour-caisses-de-biere\\\/\",\"name\":\"\u00c9tiquettes pour caisses de bi\u00e8re - IML net d.o.o.\",\"isPartOf\":{\"@id\":\"https:\\\/\\\/iml.solutions\\\/fr\\\/#website\"},\"datePublished\":\"2025-10-02T13:25:12+00:00\",\"dateModified\":\"2025-10-21T09:36:08+00:00\",\"description\":\"Les caisses de bi\u00e8re et d\u2019autres boissons sont expos\u00e9es aux conditions les plus difficiles : transport constant, changements de temp\u00e9rature, chocs et soleil.\",\"breadcrumb\":{\"@id\":\"https:\\\/\\\/iml.solutions\\\/fr\\\/etiquettes-pour-caisses-de-biere\\\/#breadcrumb\"},\"inLanguage\":\"fr-FR\",\"potentialAction\":[{\"@type\":\"ReadAction\",\"target\":[\"https:\\\/\\\/iml.solutions\\\/fr\\\/etiquettes-pour-caisses-de-biere\\\/\"]}]},{\"@type\":\"BreadcrumbList\",\"@id\":\"https:\\\/\\\/iml.solutions\\\/fr\\\/etiquettes-pour-caisses-de-biere\\\/#breadcrumb\",\"itemListElement\":[{\"@type\":\"ListItem\",\"position\":1,\"name\":\"Home\",\"item\":\"https:\\\/\\\/iml.solutions\\\/fr\\\/\"},{\"@type\":\"ListItem\",\"position\":2,\"name\":\"\u00c9tiquettes pour caisses de bi\u00e8re\"}]},{\"@type\":\"WebSite\",\"@id\":\"https:\\\/\\\/iml.solutions\\\/fr\\\/#website\",\"url\":\"https:\\\/\\\/iml.solutions\\\/fr\\\/\",\"name\":\"https:\\\/\\\/iml.solutions\\\/\",\"description\":\"\",\"publisher\":{\"@id\":\"https:\\\/\\\/iml.solutions\\\/fr\\\/#organization\"},\"potentialAction\":[{\"@type\":\"SearchAction\",\"target\":{\"@type\":\"EntryPoint\",\"urlTemplate\":\"https:\\\/\\\/iml.solutions\\\/fr\\\/?s={search_term_string}\"},\"query-input\":{\"@type\":\"PropertyValueSpecification\",\"valueRequired\":true,\"valueName\":\"search_term_string\"}}],\"inLanguage\":\"fr-FR\"},{\"@type\":\"Organization\",\"@id\":\"https:\\\/\\\/iml.solutions\\\/fr\\\/#organization\",\"name\":\"IML net d.o.o.\",\"alternateName\":\"IML solutions\",\"url\":\"https:\\\/\\\/iml.solutions\\\/fr\\\/\",\"logo\":{\"@type\":\"ImageObject\",\"inLanguage\":\"fr-FR\",\"@id\":\"https:\\\/\\\/iml.solutions\\\/fr\\\/#\\\/schema\\\/logo\\\/image\\\/\",\"url\":\"https:\\\/\\\/iml.solutions\\\/wp-content\\\/uploads\\\/2025\\\/09\\\/Logo-iml.png\",\"contentUrl\":\"https:\\\/\\\/iml.solutions\\\/wp-content\\\/uploads\\\/2025\\\/09\\\/Logo-iml.png\",\"width\":1435,\"height\":408,\"caption\":\"IML net d.o.o.\"},\"image\":{\"@id\":\"https:\\\/\\\/iml.solutions\\\/fr\\\/#\\\/schema\\\/logo\\\/image\\\/\"}}]}<\/script>\n<!-- \/ Yoast SEO plugin. -->","yoast_head_json":{"title":"\u00c9tiquettes pour caisses de bi\u00e8re - IML net d.o.o.","description":"Les caisses de bi\u00e8re et d\u2019autres boissons sont expos\u00e9es aux conditions les plus difficiles : transport constant, changements de temp\u00e9rature, chocs et soleil.","robots":{"index":"index","follow":"follow","max-snippet":"max-snippet:-1","max-image-preview":"max-image-preview:large","max-video-preview":"max-video-preview:-1"},"canonical":"https:\/\/iml.solutions\/fr\/etiquettes-pour-caisses-de-biere\/","og_locale":"fr_FR","og_type":"article","og_title":"\u00c9tiquettes pour caisses de bi\u00e8re - IML net d.o.o.","og_description":"Les caisses de bi\u00e8re et d\u2019autres boissons sont expos\u00e9es aux conditions les plus difficiles : transport constant, changements de temp\u00e9rature, chocs et soleil.","og_url":"https:\/\/iml.solutions\/fr\/etiquettes-pour-caisses-de-biere\/","og_site_name":"IML net d.o.o.","article_modified_time":"2025-10-21T09:36:08+00:00","schema":{"@context":"https:\/\/schema.org","@graph":[{"@type":"WebPage","@id":"https:\/\/iml.solutions\/fr\/etiquettes-pour-caisses-de-biere\/","url":"https:\/\/iml.solutions\/fr\/etiquettes-pour-caisses-de-biere\/","name":"\u00c9tiquettes pour caisses de bi\u00e8re - IML net d.o.o.","isPartOf":{"@id":"https:\/\/iml.solutions\/fr\/#website"},"datePublished":"2025-10-02T13:25:12+00:00","dateModified":"2025-10-21T09:36:08+00:00","description":"Les caisses de bi\u00e8re et d\u2019autres boissons sont expos\u00e9es aux conditions les plus difficiles : transport constant, changements de temp\u00e9rature, chocs et soleil.","breadcrumb":{"@id":"https:\/\/iml.solutions\/fr\/etiquettes-pour-caisses-de-biere\/#breadcrumb"},"inLanguage":"fr-FR","potentialAction":[{"@type":"ReadAction","target":["https:\/\/iml.solutions\/fr\/etiquettes-pour-caisses-de-biere\/"]}]},{"@type":"BreadcrumbList","@id":"https:\/\/iml.solutions\/fr\/etiquettes-pour-caisses-de-biere\/#breadcrumb","itemListElement":[{"@type":"ListItem","position":1,"name":"Home","item":"https:\/\/iml.solutions\/fr\/"},{"@type":"ListItem","position":2,"name":"\u00c9tiquettes pour caisses de bi\u00e8re"}]},{"@type":"WebSite","@id":"https:\/\/iml.solutions\/fr\/#website","url":"https:\/\/iml.solutions\/fr\/","name":"https:\/\/iml.solutions\/","description":"","publisher":{"@id":"https:\/\/iml.solutions\/fr\/#organization"},"potentialAction":[{"@type":"SearchAction","target":{"@type":"EntryPoint","urlTemplate":"https:\/\/iml.solutions\/fr\/?s={search_term_string}"},"query-input":{"@type":"PropertyValueSpecification","valueRequired":true,"valueName":"search_term_string"}}],"inLanguage":"fr-FR"},{"@type":"Organization","@id":"https:\/\/iml.solutions\/fr\/#organization","name":"IML net d.o.o.","alternateName":"IML solutions","url":"https:\/\/iml.solutions\/fr\/","logo":{"@type":"ImageObject","inLanguage":"fr-FR","@id":"https:\/\/iml.solutions\/fr\/#\/schema\/logo\/image\/","url":"https:\/\/iml.solutions\/wp-content\/uploads\/2025\/09\/Logo-iml.png","contentUrl":"https:\/\/iml.solutions\/wp-content\/uploads\/2025\/09\/Logo-iml.png","width":1435,"height":408,"caption":"IML net d.o.o."},"image":{"@id":"https:\/\/iml.solutions\/fr\/#\/schema\/logo\/image\/"}}]}},"_links":{"self":[{"href":"https:\/\/iml.solutions\/fr\/wp-json\/wp\/v2\/pages\/1352","targetHints":{"allow":["GET"]}}],"collection":[{"href":"https:\/\/iml.solutions\/fr\/wp-json\/wp\/v2\/pages"}],"about":[{"href":"https:\/\/iml.solutions\/fr\/wp-json\/wp\/v2\/types\/page"}],"author":[{"embeddable":true,"href":"https:\/\/iml.solutions\/fr\/wp-json\/wp\/v2\/users\/1"}],"replies":[{"embeddable":true,"href":"https:\/\/iml.solutions\/fr\/wp-json\/wp\/v2\/comments?post=1352"}],"version-history":[{"count":4,"href":"https:\/\/iml.solutions\/fr\/wp-json\/wp\/v2\/pages\/1352\/revisions"}],"predecessor-version":[{"id":1415,"href":"https:\/\/iml.solutions\/fr\/wp-json\/wp\/v2\/pages\/1352\/revisions\/1415"}],"wp:attachment":[{"href":"https:\/\/iml.solutions\/fr\/wp-json\/wp\/v2\/media?parent=1352"}],"curies":[{"name":"wp","href":"https:\/\/api.w.org\/{rel}","templated":true}]}}