{"id":1355,"date":"2025-10-02T15:29:14","date_gmt":"2025-10-02T13:29:14","guid":{"rendered":"https:\/\/iml.solutions\/etiquettes-promotionnelles\/"},"modified":"2025-10-21T11:36:16","modified_gmt":"2025-10-21T09:36:16","slug":"etiquettes-promotionnelles","status":"publish","type":"page","link":"https:\/\/iml.solutions\/fr\/etiquettes-promotionnelles\/","title":{"rendered":"\u00c9tiquettes promotionnelles"},"content":{"rendered":"\t\t<div data-elementor-type=\"wp-page\" data-elementor-id=\"1355\" class=\"elementor elementor-1355 elementor-867\" data-elementor-post-type=\"page\">\n\t\t\t\t<div class=\"elementor-element elementor-element-cf4acd3 e-con-full e-flex e-con e-parent\" data-id=\"cf4acd3\" data-element_type=\"container\" data-e-type=\"container\">\n\t\t\t\t<div class=\"elementor-element elementor-element-eb5747a elementor--h-position-center elementor--v-position-middle elementor-arrows-position-inside elementor-pagination-position-inside elementor-widget elementor-widget-slides\" data-id=\"eb5747a\" data-element_type=\"widget\" data-e-type=\"widget\" data-settings=\"{&quot;navigation&quot;:&quot;both&quot;,&quot;autoplay&quot;:&quot;yes&quot;,&quot;pause_on_hover&quot;:&quot;yes&quot;,&quot;pause_on_interaction&quot;:&quot;yes&quot;,&quot;autoplay_speed&quot;:5000,&quot;infinite&quot;:&quot;yes&quot;,&quot;transition&quot;:&quot;slide&quot;,&quot;transition_speed&quot;:500}\" data-widget_type=\"slides.default\">\n\t\t\t\t\t\t\t\t\t\t<div class=\"elementor-slides-wrapper elementor-main-swiper swiper\" role=\"region\" aria-roledescription=\"carousel\" aria-label=\"Slides\" dir=\"ltr\" data-animation=\"fadeInUp\">\n\t\t\t\t<div class=\"swiper-wrapper elementor-slides\">\n\t\t\t\t\t\t\t\t\t\t<div class=\"elementor-repeater-item-96a874e swiper-slide\" role=\"group\" aria-roledescription=\"slide\"><div class=\"swiper-slide-bg\" role=\"img\" aria-label=\"baner promotional\"><\/div><div class=\"swiper-slide-inner\" ><div class=\"swiper-slide-contents\"><\/div><\/div><\/div>\t\t\t\t<\/div>\n\t\t\t\t\t\t\t<\/div>\n\t\t\t\t\t\t\t\t<\/div>\n\t\t\t\t<\/div>\n\t\t<div class=\"elementor-element elementor-element-73131eea e-flex e-con-boxed e-con e-parent\" data-id=\"73131eea\" data-element_type=\"container\" data-e-type=\"container\">\n\t\t\t\t\t<div class=\"e-con-inner\">\n\t\t\t\t<div class=\"elementor-element elementor-element-4aa4a2d elementor-widget elementor-widget-heading\" data-id=\"4aa4a2d\" data-element_type=\"widget\" data-e-type=\"widget\" data-widget_type=\"heading.default\">\n\t\t\t\t\t<h2 class=\"elementor-heading-title elementor-size-default\">Des \u00e9tiquettes promotionnelles \u00e0 l'\u00e9preuve du temps<\/h2>\t\t\t\t<\/div>\n\t\t\t\t\t<\/div>\n\t\t\t\t<\/div>\n\t\t<div class=\"elementor-element elementor-element-45db7d3 e-flex e-con-boxed e-con e-parent\" data-id=\"45db7d3\" data-element_type=\"container\" data-e-type=\"container\">\n\t\t\t\t\t<div class=\"e-con-inner\">\n\t\t\t\t<div class=\"elementor-element elementor-element-67a2313 elementor-widget elementor-widget-text-editor\" data-id=\"67a2313\" data-element_type=\"widget\" data-e-type=\"widget\" data-widget_type=\"text-editor.default\">\n\t\t\t\t\t\t\t\t\t<p><span style=\"font-weight: 400;\">Les produits promotionnels sont plus qu\u2019un simple cadeau. Il s\u2019agit de l\u2019incarnation physique de votre marque. Pour bien remplir leur r\u00f4le, ils doivent \u00eatre durables, s\u00e9duisants et r\u00e9sistants \u00e0 l\u2019usage quotidien. Chez IML net d.o.o., nous avons compris que la durabilit\u00e9 est essentielle dans le monde de la promotion. <\/span><\/p><p><span style=\"font-weight: 400;\">C&rsquo;est pourquoi nous avons perfectionn\u00e9 la production d&rsquo;\u00e9tiquettes premium lamin\u00e9es ayant une dur\u00e9e de vie moyenne. Elles permettent \u00e0 votre marque de rester claire et visible, quoi qu&rsquo;il arrive.<br><\/span><\/p>\t\t\t\t\t\t\t\t<\/div>\n\t\t\t\t\t<\/div>\n\t\t\t\t<\/div>\n\t\t<div class=\"elementor-element elementor-element-df63dc3 e-flex e-con-boxed e-con e-parent\" data-id=\"df63dc3\" data-element_type=\"container\" data-e-type=\"container\" data-settings=\"{&quot;background_background&quot;:&quot;classic&quot;}\">\n\t\t\t\t\t<div class=\"e-con-inner\">\n\t\t<div class=\"elementor-element elementor-element-d9e922c e-flex e-con-boxed e-con e-child\" data-id=\"d9e922c\" data-element_type=\"container\" data-e-type=\"container\">\n\t\t\t\t\t<div class=\"e-con-inner\">\n\t\t\t\t<div class=\"elementor-element elementor-element-fd41266 elementor-widget elementor-widget-heading\" data-id=\"fd41266\" data-element_type=\"widget\" data-e-type=\"widget\" data-widget_type=\"heading.default\">\n\t\t\t\t\t<h2 class=\"elementor-heading-title elementor-size-default\">La technologie IML au service de votre marque<\/h2>\t\t\t\t<\/div>\n\t\t\t\t<div class=\"elementor-element elementor-element-6d40555 elementor-widget elementor-widget-text-editor\" data-id=\"6d40555\" data-element_type=\"widget\" data-e-type=\"widget\" data-widget_type=\"text-editor.default\">\n\t\t\t\t\t\t\t\t\t<p style=\"text-align: center;\">Imaginez que vous \u00eates dans un caf\u00e9 et assis \u00e0 une table de marque. L&rsquo;\u00e9tiquette est r\u00e9sistante aux rayures et facile \u00e0 entretenir. C&rsquo;est \u00e7a la force de la technologie IML (In-Mould Labelling). L&rsquo;\u00e9tiquette est int\u00e9gr\u00e9e de mani\u00e8re permanente au produit au cours du processus de fabrication, \u00e9vitant ainsi tout d\u00e9collement ou toute fissure.<\/p><p><span style=\"font-weight: 400;\">Nos \u00e9tiquettes pour produits promotionnels sont lamin\u00e9es, ce qui les rend extr\u00eamement r\u00e9sistantes tout en r\u00e9duisant les d\u00e9chets de production. Avec, \u00e0 la cl\u00e9, un produit dont l\u2019\u00e9tiquette a une dur\u00e9e de vie \u00e9quivalente \u00e0 celle du produit lui-m\u00eame. Cela vous permet d\u2019investir dans une \u00e9tiquette de qualit\u00e9 pour cr\u00e9er un souvenir durable de votre entreprise, quel que soit l\u2019endroit o\u00f9 le produit est utilis\u00e9.<br><\/span><\/p>\t\t\t\t\t\t\t\t<\/div>\n\t\t\t\t\t<\/div>\n\t\t\t\t<\/div>\n\t\t\t\t\t<\/div>\n\t\t\t\t<\/div>\n\t\t<div class=\"elementor-element elementor-element-7dee031 e-flex e-con-boxed e-con e-parent\" data-id=\"7dee031\" data-element_type=\"container\" data-e-type=\"container\">\n\t\t\t\t\t<div class=\"e-con-inner\">\n\t\t\t\t<div class=\"elementor-element elementor-element-fba1613 elementor-widget elementor-widget-text-editor\" data-id=\"fba1613\" data-element_type=\"widget\" data-e-type=\"widget\" data-widget_type=\"text-editor.default\">\n\t\t\t\t\t\t\t\t\t<p><span style=\"font-weight: 400;\">La technologie IML propose une large gamme d&rsquo;applications pour les produits promotionnels, des articles volumineux tels que les tables et les chaises en plastique pour les terrasses, aux petits articles que les clients emportent avec eux. Qu&rsquo;il s&rsquo;agisse de meubles de marque pour des salons professionnels ou de gadgets tels que des tasses et des porte-cl\u00e9s, votre message promotionnel r\u00e9sistera \u00e0 l&rsquo;\u00e9preuve du temps gr\u00e2ce \u00e0 la technologie IML<\/span><\/p>\t\t\t\t\t\t\t\t<\/div>\n\t\t\t\t\t<\/div>\n\t\t\t\t<\/div>\n\t\t<div class=\"elementor-element elementor-element-77996dd e-flex e-con-boxed e-con e-parent\" data-id=\"77996dd\" data-element_type=\"container\" data-e-type=\"container\" data-settings=\"{&quot;background_background&quot;:&quot;classic&quot;}\">\n\t\t\t\t\t<div class=\"e-con-inner\">\n\t\t\t\t<div class=\"elementor-element elementor-element-86ddf5f elementor-widget elementor-widget-heading\" data-id=\"86ddf5f\" data-element_type=\"widget\" data-e-type=\"widget\" data-widget_type=\"heading.default\">\n\t\t\t\t\t<h6 class=\"elementor-heading-title elementor-size-default\">Tout ce que vous devez savoir sur les \u00e9tiquettes de caisses (Q&amp;R)<\/h6>\t\t\t\t<\/div>\n\t\t\t\t<div class=\"elementor-element elementor-element-466e844 uael-faq-box-layout-yes align-at-left elementor-widget elementor-widget-uael-faq\" data-id=\"466e844\" data-element_type=\"widget\" data-e-type=\"widget\" data-widget_type=\"uael-faq.default\">\n\t\t\t\t<div class=\"elementor-widget-container\">\n\t\t\t\t\t\n\t\t\t<div id='uael-faq-wrapper-738' class=\"uael-faq-wrapper\">\n\t\t\t\t<div class=\"uael-faq-container uael-faq-layout-accordion\" data-layout=\"toggle\" >\n\t\t\t\t\t\t\t\t\t\t\t\t<div id=\"uael-accordion-2a83f30\" class=\"uael-faq-accordion\" role=\"tablist\">\n\t\t\t\t\t\t\t\t<div class= \"uael-accordion-title\" aria-expanded=\"false\" role=\"tab\">\n\t\t\t\t\t\t\t\t\t<span class=\"uael-accordion-icon uael-accordion-icon-left\">\n\t\t\t\t\t\t\t\t\t\t<span class=\"uael-accordion-icon-closed\"><\/span>\n\t\t\t\t\t\t\t\t\t\t<span class=\"uael-accordion-icon-opened\"><\/span>\n\t\t\t\t\t\t\t\t\t<\/span>\n\t\t\t\t\t\t\t\t\t<h4 class=\"uael-question-2a83f30 uael-question-span\" tabindex=\"0\" id=\"uael-faq-1-69e8d78b92dc4\">L'\u00e9tiquette sera-t-elle endommag\u00e9e par une utilisation fr\u00e9quente ?<\/h4>\n\t\t\t\t\t\t\t\t<\/div>\n\t\t\t\t\t\t\t\t<div class=\"uael-accordion-content\" role=\"tabpanel\">\n\t\t\t\t\t\t\t\t\t<span>\n\t\t\t\t\t\t\t\t\t<span><p><span style=\"font-weight: 400;\">Non. Nos \u00e9tiquettes premium lamin\u00e9es dont la dur\u00e9e de vie est moyenne sont r\u00e9sistantes aux rayures et aux d\u00e9chirures. Gr\u00e2ce au laminage, elles offrent une protection suppl\u00e9mentaire. L'\u00e9tiquette reste intacte m\u00eame en cas d'utilisation quotidienne.<\/span><\/p><\/span>\t\t\t\t\t\t\t\t\t<\/span>\n\t\t\t\t\t\t\t\t<\/div>\n\t\t\t\t\t\t\t<\/div>\n\t\t\t\t\t\t\t\t\t\t\t\t\t\t<div id=\"uael-accordion-9e671de\" class=\"uael-faq-accordion\" role=\"tablist\">\n\t\t\t\t\t\t\t\t<div class= \"uael-accordion-title\" aria-expanded=\"false\" role=\"tab\">\n\t\t\t\t\t\t\t\t\t<span class=\"uael-accordion-icon uael-accordion-icon-left\">\n\t\t\t\t\t\t\t\t\t\t<span class=\"uael-accordion-icon-closed\"><\/span>\n\t\t\t\t\t\t\t\t\t\t<span class=\"uael-accordion-icon-opened\"><\/span>\n\t\t\t\t\t\t\t\t\t<\/span>\n\t\t\t\t\t\t\t\t\t<h4 class=\"uael-question-9e671de uael-question-span\" tabindex=\"0\" id=\"uael-faq-2-69e8d78b92de3\">Les produits promotionnels IML peuvent-ils \u00eatre lav\u00e9s ?<\/h4>\n\t\t\t\t\t\t\t\t<\/div>\n\t\t\t\t\t\t\t\t<div class=\"uael-accordion-content\" role=\"tabpanel\">\n\t\t\t\t\t\t\t\t\t<span>\n\t\t\t\t\t\t\t\t\t<span><p><span style=\"font-weight: 400;\">Oui, absolument. Les \u00e9tiquettes IML sont r\u00e9sistantes \u00e0 l\u2019eau et peuvent \u00eatre facilement nettoy\u00e9es, sans crainte de dommages.<br><\/span><\/p><\/span>\t\t\t\t\t\t\t\t\t<\/span>\n\t\t\t\t\t\t\t\t<\/div>\n\t\t\t\t\t\t\t<\/div>\n\t\t\t\t\t\t\t\t\t\t\t\t\t\t<div id=\"uael-accordion-45a123e\" class=\"uael-faq-accordion\" role=\"tablist\">\n\t\t\t\t\t\t\t\t<div class= \"uael-accordion-title\" aria-expanded=\"false\" role=\"tab\">\n\t\t\t\t\t\t\t\t\t<span class=\"uael-accordion-icon uael-accordion-icon-left\">\n\t\t\t\t\t\t\t\t\t\t<span class=\"uael-accordion-icon-closed\"><\/span>\n\t\t\t\t\t\t\t\t\t\t<span class=\"uael-accordion-icon-opened\"><\/span>\n\t\t\t\t\t\t\t\t\t<\/span>\n\t\t\t\t\t\t\t\t\t<h4 class=\"uael-question-45a123e uael-question-span\" tabindex=\"0\" id=\"uael-faq-3-69e8d78b92df3\">Pourquoi les \u00e9tiquettes IML pour les produits promotionnels sont-elles lamin\u00e9es ?<\/h4>\n\t\t\t\t\t\t\t\t<\/div>\n\t\t\t\t\t\t\t\t<div class=\"uael-accordion-content\" role=\"tabpanel\">\n\t\t\t\t\t\t\t\t\t<span>\n\t\t\t\t\t\t\t\t\t<span><p><span style=\"font-weight: 400;\">Le laminage est essentiel pour augmenter la durabilit\u00e9 et la r\u00e9sistance des \u00e9tiquettes IML. Il cr\u00e9e une couche protectrice qui prot\u00e8ge l'\u00e9tiquette des rayures, des rayons UV et de l'humidit\u00e9, ce qui est essentiel dans le monde des produits promotionnels. Cette couche suppl\u00e9mentaire garantit que les couleurs restent stables et que l'\u00e9tiquette a un aspect premium, r\u00e9duisant ainsi le risque de dommages et de gaspillage potentiel. Le r\u00e9sultat final ? Un produit \u00e0 la durabilit\u00e9 exceptionnelle et visuellement attrayant qui conserve sa qualit\u00e9 sur une longue p\u00e9riode.<br><\/span><\/p><\/span>\t\t\t\t\t\t\t\t\t<\/span>\n\t\t\t\t\t\t\t\t<\/div>\n\t\t\t\t\t\t\t<\/div>\n\t\t\t\t\t\t\t\t\t\t\t<\/div>\n\t\t\t<\/div>\n\t\t\t\t\t\t\t<\/div>\n\t\t\t\t<\/div>\n\t\t\t\t\t<\/div>\n\t\t\t\t<\/div>\n\t\t<div class=\"elementor-element elementor-element-2866484b e-flex e-con-boxed e-con e-parent\" data-id=\"2866484b\" data-element_type=\"container\" data-e-type=\"container\" data-settings=\"{&quot;background_background&quot;:&quot;classic&quot;}\">\n\t\t\t\t\t<div class=\"e-con-inner\">\n\t\t<div class=\"elementor-element elementor-element-753b185 e-con-full e-flex e-con e-child\" data-id=\"753b185\" data-element_type=\"container\" data-e-type=\"container\">\n\t\t\t\t<div class=\"elementor-element elementor-element-7a5d06c8 elementor-invisible elementor-widget elementor-widget-heading\" data-id=\"7a5d06c8\" data-element_type=\"widget\" data-e-type=\"widget\" data-settings=\"{&quot;_animation&quot;:&quot;fadeIn&quot;}\" data-widget_type=\"heading.default\">\n\t\t\t\t\t<h3 class=\"elementor-heading-title elementor-size-default\">Voulez-vous que vos produits de marque durent plus longtemps ? Contactez-nous afin que nous puissions discuter de solutions pour vos produits promotionnels.<\/h3>\t\t\t\t<\/div>\n\t\t\t\t<\/div>\n\t\t<div class=\"elementor-element elementor-element-2eb44b79 e-con-full e-flex e-con e-child\" data-id=\"2eb44b79\" data-element_type=\"container\" data-e-type=\"container\">\n\t\t\t\t<div class=\"elementor-element elementor-element-6de51916 elementor-mobile-align-center elementor-widget elementor-widget-button\" data-id=\"6de51916\" data-element_type=\"widget\" data-e-type=\"widget\" data-widget_type=\"button.default\">\n\t\t\t\t\t\t\t\t\t\t<a class=\"elementor-button elementor-button-link elementor-size-sm\" href=\"https:\/\/iml.solutions\/fr\/contact\/\">\n\t\t\t\t\t\t<span class=\"elementor-button-content-wrapper\">\n\t\t\t\t\t\t\t\t\t<span class=\"elementor-button-text\">Contactez-nous<\/span>\n\t\t\t\t\t<\/span>\n\t\t\t\t\t<\/a>\n\t\t\t\t\t\t\t\t<\/div>\n\t\t\t\t<\/div>\n\t\t\t\t\t<\/div>\n\t\t\t\t<\/div>\n\t\t\t\t<\/div>\n\t\t","protected":false},"excerpt":{"rendered":"<p>Des \u00e9tiquettes promotionnelles \u00e0 l&rsquo;\u00e9preuve du temps Les produits promotionnels sont plus qu\u2019un simple cadeau. Il s\u2019agit de l\u2019incarnation physique [&hellip;]<\/p>\n","protected":false},"author":1,"featured_media":0,"parent":0,"menu_order":0,"comment_status":"closed","ping_status":"closed","template":"","meta":{"site-sidebar-layout":"no-sidebar","site-content-layout":"","ast-site-content-layout":"full-width-container","site-content-style":"default","site-sidebar-style":"default","ast-global-header-display":"","ast-banner-title-visibility":"","ast-main-header-display":"","ast-hfb-above-header-display":"","ast-hfb-below-header-display":"","ast-hfb-mobile-header-display":"","site-post-title":"disabled","ast-breadcrumbs-content":"","ast-featured-img":"disabled","footer-sml-layout":"","ast-disable-related-posts":"","theme-transparent-header-meta":"default","adv-header-id-meta":"","stick-header-meta":"default","header-above-stick-meta":"","header-main-stick-meta":"","header-below-stick-meta":"","astra-migrate-meta-layouts":"default","ast-page-background-enabled":"default","ast-page-background-meta":{"desktop":{"background-color":"var(--ast-global-color-5)","background-image":"","background-repeat":"repeat","background-position":"center center","background-size":"auto","background-attachment":"scroll","background-type":"","background-media":"","overlay-type":"","overlay-color":"","overlay-opacity":"","overlay-gradient":""},"tablet":{"background-color":"","background-image":"","background-repeat":"repeat","background-position":"center center","background-size":"auto","background-attachment":"scroll","background-type":"","background-media":"","overlay-type":"","overlay-color":"","overlay-opacity":"","overlay-gradient":""},"mobile":{"background-color":"","background-image":"","background-repeat":"repeat","background-position":"center center","background-size":"auto","background-attachment":"scroll","background-type":"","background-media":"","overlay-type":"","overlay-color":"","overlay-opacity":"","overlay-gradient":""}},"ast-content-background-meta":{"desktop":{"background-color":"var(--ast-global-color-4)","background-image":"","background-repeat":"repeat","background-position":"center center","background-size":"auto","background-attachment":"scroll","background-type":"","background-media":"","overlay-type":"","overlay-color":"","overlay-opacity":"","overlay-gradient":""},"tablet":{"background-color":"var(--ast-global-color-4)","background-image":"","background-repeat":"repeat","background-position":"center center","background-size":"auto","background-attachment":"scroll","background-type":"","background-media":"","overlay-type":"","overlay-color":"","overlay-opacity":"","overlay-gradient":""},"mobile":{"background-color":"var(--ast-global-color-4)","background-image":"","background-repeat":"repeat","background-position":"center center","background-size":"auto","background-attachment":"scroll","background-type":"","background-media":"","overlay-type":"","overlay-color":"","overlay-opacity":"","overlay-gradient":""}},"footnotes":""},"class_list":["post-1355","page","type-page","status-publish","hentry"],"yoast_head":"<!-- This site is optimized with the Yoast SEO plugin v27.3 - https:\/\/yoast.com\/product\/yoast-seo-wordpress\/ -->\n<title>\u00c9tiquettes promotionnelles - IML net d.o.o.<\/title>\n<meta name=\"description\" content=\"Pour bien remplir leur r\u00f4le, ils doivent \u00eatre durables, s\u00e9duisants et r\u00e9sistants \u00e0 l\u2019usage quotidien.\" \/>\n<meta name=\"robots\" content=\"index, follow, max-snippet:-1, max-image-preview:large, max-video-preview:-1\" \/>\n<link rel=\"canonical\" href=\"https:\/\/iml.solutions\/fr\/etiquettes-promotionnelles\/\" \/>\n<meta property=\"og:locale\" content=\"fr_FR\" \/>\n<meta property=\"og:type\" content=\"article\" \/>\n<meta property=\"og:title\" content=\"\u00c9tiquettes promotionnelles - IML net d.o.o.\" \/>\n<meta property=\"og:description\" content=\"Pour bien remplir leur r\u00f4le, ils doivent \u00eatre durables, s\u00e9duisants et r\u00e9sistants \u00e0 l\u2019usage quotidien.\" \/>\n<meta property=\"og:url\" content=\"https:\/\/iml.solutions\/fr\/etiquettes-promotionnelles\/\" \/>\n<meta property=\"og:site_name\" content=\"IML net d.o.o.\" \/>\n<meta property=\"article:modified_time\" content=\"2025-10-21T09:36:16+00:00\" \/>\n<script type=\"application\/ld+json\" class=\"yoast-schema-graph\">{\"@context\":\"https:\\\/\\\/schema.org\",\"@graph\":[{\"@type\":\"WebPage\",\"@id\":\"https:\\\/\\\/iml.solutions\\\/fr\\\/etiquettes-promotionnelles\\\/\",\"url\":\"https:\\\/\\\/iml.solutions\\\/fr\\\/etiquettes-promotionnelles\\\/\",\"name\":\"\u00c9tiquettes promotionnelles - IML net d.o.o.\",\"isPartOf\":{\"@id\":\"https:\\\/\\\/iml.solutions\\\/fr\\\/#website\"},\"datePublished\":\"2025-10-02T13:29:14+00:00\",\"dateModified\":\"2025-10-21T09:36:16+00:00\",\"description\":\"Pour bien remplir leur r\u00f4le, ils doivent \u00eatre durables, s\u00e9duisants et r\u00e9sistants \u00e0 l\u2019usage quotidien.\",\"breadcrumb\":{\"@id\":\"https:\\\/\\\/iml.solutions\\\/fr\\\/etiquettes-promotionnelles\\\/#breadcrumb\"},\"inLanguage\":\"fr-FR\",\"potentialAction\":[{\"@type\":\"ReadAction\",\"target\":[\"https:\\\/\\\/iml.solutions\\\/fr\\\/etiquettes-promotionnelles\\\/\"]}]},{\"@type\":\"BreadcrumbList\",\"@id\":\"https:\\\/\\\/iml.solutions\\\/fr\\\/etiquettes-promotionnelles\\\/#breadcrumb\",\"itemListElement\":[{\"@type\":\"ListItem\",\"position\":1,\"name\":\"Home\",\"item\":\"https:\\\/\\\/iml.solutions\\\/fr\\\/\"},{\"@type\":\"ListItem\",\"position\":2,\"name\":\"\u00c9tiquettes promotionnelles\"}]},{\"@type\":\"WebSite\",\"@id\":\"https:\\\/\\\/iml.solutions\\\/fr\\\/#website\",\"url\":\"https:\\\/\\\/iml.solutions\\\/fr\\\/\",\"name\":\"https:\\\/\\\/iml.solutions\\\/\",\"description\":\"\",\"publisher\":{\"@id\":\"https:\\\/\\\/iml.solutions\\\/fr\\\/#organization\"},\"potentialAction\":[{\"@type\":\"SearchAction\",\"target\":{\"@type\":\"EntryPoint\",\"urlTemplate\":\"https:\\\/\\\/iml.solutions\\\/fr\\\/?s={search_term_string}\"},\"query-input\":{\"@type\":\"PropertyValueSpecification\",\"valueRequired\":true,\"valueName\":\"search_term_string\"}}],\"inLanguage\":\"fr-FR\"},{\"@type\":\"Organization\",\"@id\":\"https:\\\/\\\/iml.solutions\\\/fr\\\/#organization\",\"name\":\"IML net d.o.o.\",\"alternateName\":\"IML solutions\",\"url\":\"https:\\\/\\\/iml.solutions\\\/fr\\\/\",\"logo\":{\"@type\":\"ImageObject\",\"inLanguage\":\"fr-FR\",\"@id\":\"https:\\\/\\\/iml.solutions\\\/fr\\\/#\\\/schema\\\/logo\\\/image\\\/\",\"url\":\"https:\\\/\\\/iml.solutions\\\/wp-content\\\/uploads\\\/2025\\\/09\\\/Logo-iml.png\",\"contentUrl\":\"https:\\\/\\\/iml.solutions\\\/wp-content\\\/uploads\\\/2025\\\/09\\\/Logo-iml.png\",\"width\":1435,\"height\":408,\"caption\":\"IML net d.o.o.\"},\"image\":{\"@id\":\"https:\\\/\\\/iml.solutions\\\/fr\\\/#\\\/schema\\\/logo\\\/image\\\/\"}}]}<\/script>\n<!-- \/ Yoast SEO plugin. -->","yoast_head_json":{"title":"\u00c9tiquettes promotionnelles - IML net d.o.o.","description":"Pour bien remplir leur r\u00f4le, ils doivent \u00eatre durables, s\u00e9duisants et r\u00e9sistants \u00e0 l\u2019usage quotidien.","robots":{"index":"index","follow":"follow","max-snippet":"max-snippet:-1","max-image-preview":"max-image-preview:large","max-video-preview":"max-video-preview:-1"},"canonical":"https:\/\/iml.solutions\/fr\/etiquettes-promotionnelles\/","og_locale":"fr_FR","og_type":"article","og_title":"\u00c9tiquettes promotionnelles - IML net d.o.o.","og_description":"Pour bien remplir leur r\u00f4le, ils doivent \u00eatre durables, s\u00e9duisants et r\u00e9sistants \u00e0 l\u2019usage quotidien.","og_url":"https:\/\/iml.solutions\/fr\/etiquettes-promotionnelles\/","og_site_name":"IML net d.o.o.","article_modified_time":"2025-10-21T09:36:16+00:00","schema":{"@context":"https:\/\/schema.org","@graph":[{"@type":"WebPage","@id":"https:\/\/iml.solutions\/fr\/etiquettes-promotionnelles\/","url":"https:\/\/iml.solutions\/fr\/etiquettes-promotionnelles\/","name":"\u00c9tiquettes promotionnelles - IML net d.o.o.","isPartOf":{"@id":"https:\/\/iml.solutions\/fr\/#website"},"datePublished":"2025-10-02T13:29:14+00:00","dateModified":"2025-10-21T09:36:16+00:00","description":"Pour bien remplir leur r\u00f4le, ils doivent \u00eatre durables, s\u00e9duisants et r\u00e9sistants \u00e0 l\u2019usage quotidien.","breadcrumb":{"@id":"https:\/\/iml.solutions\/fr\/etiquettes-promotionnelles\/#breadcrumb"},"inLanguage":"fr-FR","potentialAction":[{"@type":"ReadAction","target":["https:\/\/iml.solutions\/fr\/etiquettes-promotionnelles\/"]}]},{"@type":"BreadcrumbList","@id":"https:\/\/iml.solutions\/fr\/etiquettes-promotionnelles\/#breadcrumb","itemListElement":[{"@type":"ListItem","position":1,"name":"Home","item":"https:\/\/iml.solutions\/fr\/"},{"@type":"ListItem","position":2,"name":"\u00c9tiquettes promotionnelles"}]},{"@type":"WebSite","@id":"https:\/\/iml.solutions\/fr\/#website","url":"https:\/\/iml.solutions\/fr\/","name":"https:\/\/iml.solutions\/","description":"","publisher":{"@id":"https:\/\/iml.solutions\/fr\/#organization"},"potentialAction":[{"@type":"SearchAction","target":{"@type":"EntryPoint","urlTemplate":"https:\/\/iml.solutions\/fr\/?s={search_term_string}"},"query-input":{"@type":"PropertyValueSpecification","valueRequired":true,"valueName":"search_term_string"}}],"inLanguage":"fr-FR"},{"@type":"Organization","@id":"https:\/\/iml.solutions\/fr\/#organization","name":"IML net d.o.o.","alternateName":"IML solutions","url":"https:\/\/iml.solutions\/fr\/","logo":{"@type":"ImageObject","inLanguage":"fr-FR","@id":"https:\/\/iml.solutions\/fr\/#\/schema\/logo\/image\/","url":"https:\/\/iml.solutions\/wp-content\/uploads\/2025\/09\/Logo-iml.png","contentUrl":"https:\/\/iml.solutions\/wp-content\/uploads\/2025\/09\/Logo-iml.png","width":1435,"height":408,"caption":"IML net d.o.o."},"image":{"@id":"https:\/\/iml.solutions\/fr\/#\/schema\/logo\/image\/"}}]}},"_links":{"self":[{"href":"https:\/\/iml.solutions\/fr\/wp-json\/wp\/v2\/pages\/1355","targetHints":{"allow":["GET"]}}],"collection":[{"href":"https:\/\/iml.solutions\/fr\/wp-json\/wp\/v2\/pages"}],"about":[{"href":"https:\/\/iml.solutions\/fr\/wp-json\/wp\/v2\/types\/page"}],"author":[{"embeddable":true,"href":"https:\/\/iml.solutions\/fr\/wp-json\/wp\/v2\/users\/1"}],"replies":[{"embeddable":true,"href":"https:\/\/iml.solutions\/fr\/wp-json\/wp\/v2\/comments?post=1355"}],"version-history":[{"count":4,"href":"https:\/\/iml.solutions\/fr\/wp-json\/wp\/v2\/pages\/1355\/revisions"}],"predecessor-version":[{"id":1418,"href":"https:\/\/iml.solutions\/fr\/wp-json\/wp\/v2\/pages\/1355\/revisions\/1418"}],"wp:attachment":[{"href":"https:\/\/iml.solutions\/fr\/wp-json\/wp\/v2\/media?parent=1355"}],"curies":[{"name":"wp","href":"https:\/\/api.w.org\/{rel}","templated":true}]}}