{"id":1367,"date":"2025-09-22T15:40:25","date_gmt":"2025-09-22T13:40:25","guid":{"rendered":"https:\/\/iml.solutions\/politique-de-confidentialite\/"},"modified":"2025-10-21T10:35:40","modified_gmt":"2025-10-21T08:35:40","slug":"politique-de-confidentialite","status":"publish","type":"page","link":"https:\/\/iml.solutions\/fr\/politique-de-confidentialite\/","title":{"rendered":"Politique de confidentialit\u00e9"},"content":{"rendered":"\t\t<div data-elementor-type=\"wp-page\" data-elementor-id=\"1367\" class=\"elementor elementor-1367 elementor-3\" data-elementor-post-type=\"page\">\n\t\t\t\t<div class=\"elementor-element elementor-element-32948f1 e-flex e-con-boxed e-con e-parent\" data-id=\"32948f1\" data-element_type=\"container\" data-e-type=\"container\">\n\t\t\t\t\t<div class=\"e-con-inner\">\n\t\t\t\t<div class=\"elementor-element elementor-element-586a14d elementor-widget elementor-widget-text-editor\" data-id=\"586a14d\" data-element_type=\"widget\" data-e-type=\"widget\" data-widget_type=\"text-editor.default\">\n\t\t\t\t\t\t\t\t\t<h2 data-start=\"185\" data-end=\"222\"><strong data-start=\"188\" data-end=\"222\">D\u00e9claration de confidentialit\u00e9<\/strong><\/h2>\n<p data-start=\"224\" data-end=\"989\"><strong data-start=\"224\" data-end=\"242\">IML net d.o.o.<\/strong> s\u2019engage \u00e0 prot\u00e9ger les donn\u00e9es personnelles de ses clients en ne collectant que les informations essentielles et n\u00e9cessaires \u00e0 l\u2019ex\u00e9cution de nos obligations. Nous informons nos clients de la mani\u00e8re dont les donn\u00e9es collect\u00e9es sont utilis\u00e9es et leur offrons r\u00e9guli\u00e8rement la possibilit\u00e9 de choisir l\u2019utilisation de leurs donn\u00e9es, y compris la possibilit\u00e9 de demander la suppression de leur nom des listes utilis\u00e9es pour les campagnes marketing.<br data-start=\"689\" data-end=\"692\">Toutes les donn\u00e9es des utilisateurs sont strictement confidentielles et accessibles uniquement aux employ\u00e9s qui en ont besoin pour accomplir leurs t\u00e2ches.<br data-start=\"846\" data-end=\"849\">Tous les employ\u00e9s de <b>IML net d.o.o.<\/b>&nbsp;et les partenaires commerciaux sont tenus de respecter les principes de protection de la vie priv\u00e9e.<\/p>\n<hr data-start=\"991\" data-end=\"994\">\n<h3 data-start=\"996\" data-end=\"1039\"><strong data-start=\"1000\" data-end=\"1039\">Traitement des donn\u00e9es personnelles<\/strong><\/h3>\n<p data-start=\"1041\" data-end=\"1340\">La collecte, le traitement et l\u2019utilisation de ces donn\u00e9es sont g\u00e9n\u00e9ralement r\u00e9gis par la loi.<br data-start=\"1135\" data-end=\"1138\">Nous collectons vos donn\u00e9es conform\u00e9ment \u00e0 la finalit\u00e9 pour laquelle vous nous les avez fournies, sur la base de votre consentement ou d\u2019un contrat.<br data-start=\"1286\" data-end=\"1289\">Nous n\u2019utiliserons pas ces donn\u00e9es \u00e0 d\u2019autres fins.<\/p>\n<p data-start=\"1342\" data-end=\"1550\">Conform\u00e9ment au <strong data-start=\"1358\" data-end=\"1416\">R\u00e8glement g\u00e9n\u00e9ral sur la protection des donn\u00e9es (RGPD)<\/strong>, vous disposez du droit d\u2019acc\u00e9der \u00e0 vos donn\u00e9es, de les rectifier, de limiter leur traitement, de les supprimer et de les transf\u00e9rer.<\/p>\n<p data-start=\"1552\" data-end=\"1902\">Si vous nous contactez via le formulaire du site web ou par e-mail, vos informations de contact seront enregistr\u00e9es afin de traiter votre demande et de r\u00e9pondre \u00e0 d\u2019\u00e9ventuelles questions ult\u00e9rieures. Nous ne transmettrons pas ces informations sans votre consentement.<br data-start=\"1819\" data-end=\"1822\">Les demandes peuvent \u00eatre envoy\u00e9es \u00e0 l\u2019adresse suivante : <strong data-start=\"1880\" data-end=\"1902\"><a class=\"decorated-link cursor-pointer\" rel=\"noopener\" data-start=\"1882\" data-end=\"1900\">info@iml.solutions<\/a><\/strong><\/p>\n<hr data-start=\"1904\" data-end=\"1907\">\n<h3 data-start=\"1909\" data-end=\"1963\"><strong data-start=\"1913\" data-end=\"1963\">Dur\u00e9e de conservation des donn\u00e9es personnelles<\/strong><\/h3>\n<p data-start=\"1965\" data-end=\"2307\">Les donn\u00e9es personnelles obtenues sur la base d\u2019un consentement peuvent \u00eatre trait\u00e9es et conserv\u00e9es jusqu\u2019\u00e0 ce que la finalit\u00e9 soit atteinte ou que le consentement soit retir\u00e9.<br data-start=\"2141\" data-end=\"2144\">Nous conservons les donn\u00e9es personnelles fournies lors de la r\u00e9servation de visites ou de l\u2019inscription \u00e0 la newsletter jusqu\u2019\u00e0 la d\u00e9sinscription de l\u2019utilisateur.<\/p>\n<p data-start=\"2309\" data-end=\"2753\">La protection de vos donn\u00e9es personnelles est tr\u00e8s importante pour nous. Nous les traitons exclusivement conform\u00e9ment aux dispositions l\u00e9gales applicables.<br data-start=\"2464\" data-end=\"2467\">Toutes les autres donn\u00e9es personnelles collect\u00e9es dans le cadre d\u2019une coop\u00e9ration contractuelle doivent \u00eatre conserv\u00e9es conform\u00e9ment \u00e0 la loi en vigueur.<br data-start=\"2620\" data-end=\"2623\">La pr\u00e9sente politique de confidentialit\u00e9 vise \u00e0 vous informer des aspects essentiels du traitement des donn\u00e9es sur notre site web.<\/p>\n<p data-start=\"2755\" data-end=\"2989\">Vous pouvez demander la suppression ou le blocage de vos donn\u00e9es si leur collecte, traitement ou utilisation s\u2019av\u00e8re ill\u00e9gale ou n\u2019est plus n\u00e9cessaire.<br data-start=\"2906\" data-end=\"2909\">Pour exercer ces droits, veuillez utiliser les coordonn\u00e9es fournies sur ce site.<\/p>\n<hr data-start=\"2991\" data-end=\"2994\">\n<h3 data-start=\"2996\" data-end=\"3040\"><strong data-start=\"3000\" data-end=\"3040\">Utilisation des donn\u00e9es personnelles<\/strong><\/h3>\n<p data-start=\"3042\" data-end=\"3448\">Les donn\u00e9es personnelles collect\u00e9es sur le site web de <strong data-start=\"3097\" data-end=\"3115\">IML net d.o.o.<\/strong> seront utilis\u00e9es pour le bon fonctionnement du site et pour la fourniture des services ou transactions demand\u00e9s ou autoris\u00e9s par l\u2019utilisateur.<br data-start=\"3259\" data-end=\"3262\">\u00c0 ces fins, nous pouvons utiliser ces donn\u00e9es pour offrir des services plus efficaces ou pour am\u00e9liorer le site en r\u00e9duisant la n\u00e9cessit\u00e9 de saisir plusieurs fois les m\u00eames informations.<\/p>\n<p data-start=\"3450\" data-end=\"4233\">Nous pouvons utiliser vos donn\u00e9es personnelles pour vous fournir des informations importantes concernant les services que vous utilisez, y compris des mises \u00e0 jour et notifications importantes.<br data-start=\"3643\" data-end=\"3646\">De plus, nous pouvons envoyer aux utilisateurs, avec leur consentement, des informations sur d\u2019autres services.<br data-start=\"3757\" data-end=\"3760\">Si les utilisateurs s\u2019abonnent \u00e0 des e-mails promotionnels, le site peut utiliser des liens personnalis\u00e9s ou des technologies similaires pour suivre les liens s\u00e9lectionn\u00e9s dans les e-mails. Cela nous permet de relier les informations collect\u00e9es aux donn\u00e9es personnelles de l\u2019utilisateur, afin d\u2019am\u00e9liorer la communication et l\u2019exp\u00e9rience d\u2019achat.<br data-start=\"4106\" data-end=\"4109\">Chaque message \u00e9lectronique envoy\u00e9 contient un lien permettant \u00e0 l\u2019utilisateur de se d\u00e9sabonner de ce type de communication.<\/p>\n<hr data-start=\"4235\" data-end=\"4238\">\n<h3 data-start=\"4240\" data-end=\"4293\"><strong data-start=\"4244\" data-end=\"4293\">Contr\u00f4le et s\u00e9curit\u00e9 des donn\u00e9es personnelles<\/strong><\/h3>\n<p data-start=\"4295\" data-end=\"4626\">Le site peut p\u00e9riodiquement envoyer des e-mails pour informer les utilisateurs de probl\u00e8mes techniques ou de s\u00e9curit\u00e9 li\u00e9s aux services\/produits demand\u00e9s, ou pour confirmer une commande.<br data-start=\"4481\" data-end=\"4484\">Pour certains services, cette communication est essentielle et ne peut pas \u00eatre d\u00e9sactiv\u00e9e, car elle fait partie int\u00e9grante du service choisi.<\/p>\n<p data-start=\"4628\" data-end=\"5053\">Les donn\u00e9es personnelles \u00e9chang\u00e9es entre vous et nous via notre site web sont transmises \u00e0 l\u2019aide de connexions s\u00e9curis\u00e9es de derni\u00e8re g\u00e9n\u00e9ration.<br data-start=\"4774\" data-end=\"4777\">Tous nos syst\u00e8mes informatiques sont prot\u00e9g\u00e9s contre tout acc\u00e8s non autoris\u00e9, et nos employ\u00e9s sont tenus \u00e0 la confidentialit\u00e9.<br data-start=\"4903\" data-end=\"4906\">Cependant, <strong data-start=\"4917\" data-end=\"4935\">IML net d.o.o.<\/strong> n\u2019a aucun contr\u00f4le sur la transmission de donn\u00e9es via Internet et ne peut donc exclure un acc\u00e8s abusif par des tiers.<\/p>\n<p data-start=\"5055\" data-end=\"5497\">Les donn\u00e9es transmises sont conserv\u00e9es pour un traitement ult\u00e9rieur.<br data-start=\"5123\" data-end=\"5126\">Le site peut recueillir certaines informations concernant la visite de l\u2019utilisateur, telles que le nom du fournisseur d\u2019acc\u00e8s Internet, l\u2019adresse IP, la date et l\u2019heure d\u2019acc\u00e8s, ainsi que l\u2019adresse du site web \u00e0 partir duquel l\u2019utilisateur a acc\u00e9d\u00e9 au n\u00f4tre.<br data-start=\"5385\" data-end=\"5388\">Ces donn\u00e9es sont utilis\u00e9es pour am\u00e9liorer et administrer le site, analyser les tendances et les statistiques.<\/p>\n<hr data-start=\"5499\" data-end=\"5502\">\n<h3 data-start=\"5504\" data-end=\"5560\"><strong data-start=\"5508\" data-end=\"5560\">Mise \u00e0 jour de la d\u00e9claration de confidentialit\u00e9<\/strong><\/h3>\n<p data-start=\"5562\" data-end=\"6174\">Nous nous r\u00e9servons le droit de mettre \u00e0 jour cette d\u00e9claration de confidentialit\u00e9 \u00e0 tout moment.<br data-start=\"5659\" data-end=\"5662\">Lorsqu\u2019une mise \u00e0 jour est effectu\u00e9e, la date de derni\u00e8re modification indiqu\u00e9e au bas de la d\u00e9claration est modifi\u00e9e.<br data-start=\"5780\" data-end=\"5783\">Nous informerons les utilisateurs des changements importants en publiant un avis visible sur le site web.<br data-start=\"5888\" data-end=\"5891\">Nous recommandons aux utilisateurs de consulter r\u00e9guli\u00e8rement cette d\u00e9claration pour rester inform\u00e9s sur la mani\u00e8re dont leurs donn\u00e9es personnelles sont prot\u00e9g\u00e9es.<br data-start=\"6054\" data-end=\"6057\">L\u2019utilisation continue de ce site web vaut acceptation de la pr\u00e9sente d\u00e9claration et de ses \u00e9ventuelles mises \u00e0 jour.<\/p>\t\t\t\t\t\t\t\t<\/div>\n\t\t\t\t\t<\/div>\n\t\t\t\t<\/div>\n\t\t\t\t<\/div>\n\t\t","protected":false},"excerpt":{"rendered":"<p>D\u00e9claration de confidentialit\u00e9 IML net d.o.o. s\u2019engage \u00e0 prot\u00e9ger les donn\u00e9es personnelles de ses clients en ne collectant que les [&hellip;]<\/p>\n","protected":false},"author":1,"featured_media":0,"parent":0,"menu_order":0,"comment_status":"closed","ping_status":"closed","template":"","meta":{"site-sidebar-layout":"no-sidebar","site-content-layout":"","ast-site-content-layout":"full-width-container","site-content-style":"default","site-sidebar-style":"default","ast-global-header-display":"","ast-banner-title-visibility":"","ast-main-header-display":"","ast-hfb-above-header-display":"","ast-hfb-below-header-display":"","ast-hfb-mobile-header-display":"","site-post-title":"disabled","ast-breadcrumbs-content":"","ast-featured-img":"disabled","footer-sml-layout":"","ast-disable-related-posts":"","theme-transparent-header-meta":"default","adv-header-id-meta":"","stick-header-meta":"default","header-above-stick-meta":"","header-main-stick-meta":"","header-below-stick-meta":"","astra-migrate-meta-layouts":"default","ast-page-background-enabled":"default","ast-page-background-meta":{"desktop":{"background-color":"var(--ast-global-color-5)","background-image":"","background-repeat":"repeat","background-position":"center center","background-size":"auto","background-attachment":"scroll","background-type":"","background-media":"","overlay-type":"","overlay-color":"","overlay-opacity":"","overlay-gradient":""},"tablet":{"background-color":"","background-image":"","background-repeat":"repeat","background-position":"center center","background-size":"auto","background-attachment":"scroll","background-type":"","background-media":"","overlay-type":"","overlay-color":"","overlay-opacity":"","overlay-gradient":""},"mobile":{"background-color":"","background-image":"","background-repeat":"repeat","background-position":"center center","background-size":"auto","background-attachment":"scroll","background-type":"","background-media":"","overlay-type":"","overlay-color":"","overlay-opacity":"","overlay-gradient":""}},"ast-content-background-meta":{"desktop":{"background-color":"var(--ast-global-color-4)","background-image":"","background-repeat":"repeat","background-position":"center center","background-size":"auto","background-attachment":"scroll","background-type":"","background-media":"","overlay-type":"","overlay-color":"","overlay-opacity":"","overlay-gradient":""},"tablet":{"background-color":"var(--ast-global-color-4)","background-image":"","background-repeat":"repeat","background-position":"center center","background-size":"auto","background-attachment":"scroll","background-type":"","background-media":"","overlay-type":"","overlay-color":"","overlay-opacity":"","overlay-gradient":""},"mobile":{"background-color":"var(--ast-global-color-4)","background-image":"","background-repeat":"repeat","background-position":"center center","background-size":"auto","background-attachment":"scroll","background-type":"","background-media":"","overlay-type":"","overlay-color":"","overlay-opacity":"","overlay-gradient":""}},"footnotes":""},"class_list":["post-1367","page","type-page","status-publish","hentry"],"yoast_head":"<!-- This site is optimized with the Yoast SEO plugin v27.3 - https:\/\/yoast.com\/product\/yoast-seo-wordpress\/ -->\n<title>Politique de confidentialit\u00e9 - IML net d.o.o.<\/title>\n<meta name=\"robots\" content=\"index, follow, max-snippet:-1, max-image-preview:large, max-video-preview:-1\" \/>\n<link rel=\"canonical\" href=\"https:\/\/iml.solutions\/fr\/politique-de-confidentialite\/\" \/>\n<meta property=\"og:locale\" content=\"fr_FR\" \/>\n<meta property=\"og:type\" content=\"article\" \/>\n<meta property=\"og:title\" content=\"Politique de confidentialit\u00e9 - IML net d.o.o.\" \/>\n<meta property=\"og:description\" content=\"D\u00e9claration de confidentialit\u00e9 IML net d.o.o. s\u2019engage \u00e0 prot\u00e9ger les donn\u00e9es personnelles de ses clients en ne collectant que les [&hellip;]\" \/>\n<meta property=\"og:url\" content=\"https:\/\/iml.solutions\/fr\/politique-de-confidentialite\/\" \/>\n<meta property=\"og:site_name\" content=\"IML net d.o.o.\" \/>\n<meta property=\"article:modified_time\" content=\"2025-10-21T08:35:40+00:00\" \/>\n<script type=\"application\/ld+json\" class=\"yoast-schema-graph\">{\"@context\":\"https:\\\/\\\/schema.org\",\"@graph\":[{\"@type\":\"WebPage\",\"@id\":\"https:\\\/\\\/iml.solutions\\\/fr\\\/politique-de-confidentialite\\\/\",\"url\":\"https:\\\/\\\/iml.solutions\\\/fr\\\/politique-de-confidentialite\\\/\",\"name\":\"Politique de confidentialit\u00e9 - IML net d.o.o.\",\"isPartOf\":{\"@id\":\"https:\\\/\\\/iml.solutions\\\/fr\\\/#website\"},\"datePublished\":\"2025-09-22T13:40:25+00:00\",\"dateModified\":\"2025-10-21T08:35:40+00:00\",\"breadcrumb\":{\"@id\":\"https:\\\/\\\/iml.solutions\\\/fr\\\/politique-de-confidentialite\\\/#breadcrumb\"},\"inLanguage\":\"fr-FR\",\"potentialAction\":[{\"@type\":\"ReadAction\",\"target\":[\"https:\\\/\\\/iml.solutions\\\/fr\\\/politique-de-confidentialite\\\/\"]}]},{\"@type\":\"BreadcrumbList\",\"@id\":\"https:\\\/\\\/iml.solutions\\\/fr\\\/politique-de-confidentialite\\\/#breadcrumb\",\"itemListElement\":[{\"@type\":\"ListItem\",\"position\":1,\"name\":\"Home\",\"item\":\"https:\\\/\\\/iml.solutions\\\/fr\\\/\"},{\"@type\":\"ListItem\",\"position\":2,\"name\":\"Politique de confidentialit\u00e9\"}]},{\"@type\":\"WebSite\",\"@id\":\"https:\\\/\\\/iml.solutions\\\/fr\\\/#website\",\"url\":\"https:\\\/\\\/iml.solutions\\\/fr\\\/\",\"name\":\"https:\\\/\\\/iml.solutions\\\/\",\"description\":\"\",\"publisher\":{\"@id\":\"https:\\\/\\\/iml.solutions\\\/fr\\\/#organization\"},\"potentialAction\":[{\"@type\":\"SearchAction\",\"target\":{\"@type\":\"EntryPoint\",\"urlTemplate\":\"https:\\\/\\\/iml.solutions\\\/fr\\\/?s={search_term_string}\"},\"query-input\":{\"@type\":\"PropertyValueSpecification\",\"valueRequired\":true,\"valueName\":\"search_term_string\"}}],\"inLanguage\":\"fr-FR\"},{\"@type\":\"Organization\",\"@id\":\"https:\\\/\\\/iml.solutions\\\/fr\\\/#organization\",\"name\":\"IML net d.o.o.\",\"alternateName\":\"IML solutions\",\"url\":\"https:\\\/\\\/iml.solutions\\\/fr\\\/\",\"logo\":{\"@type\":\"ImageObject\",\"inLanguage\":\"fr-FR\",\"@id\":\"https:\\\/\\\/iml.solutions\\\/fr\\\/#\\\/schema\\\/logo\\\/image\\\/\",\"url\":\"https:\\\/\\\/iml.solutions\\\/wp-content\\\/uploads\\\/2025\\\/09\\\/Logo-iml.png\",\"contentUrl\":\"https:\\\/\\\/iml.solutions\\\/wp-content\\\/uploads\\\/2025\\\/09\\\/Logo-iml.png\",\"width\":1435,\"height\":408,\"caption\":\"IML net d.o.o.\"},\"image\":{\"@id\":\"https:\\\/\\\/iml.solutions\\\/fr\\\/#\\\/schema\\\/logo\\\/image\\\/\"}}]}<\/script>\n<!-- \/ Yoast SEO plugin. -->","yoast_head_json":{"title":"Politique de confidentialit\u00e9 - IML net d.o.o.","robots":{"index":"index","follow":"follow","max-snippet":"max-snippet:-1","max-image-preview":"max-image-preview:large","max-video-preview":"max-video-preview:-1"},"canonical":"https:\/\/iml.solutions\/fr\/politique-de-confidentialite\/","og_locale":"fr_FR","og_type":"article","og_title":"Politique de confidentialit\u00e9 - IML net d.o.o.","og_description":"D\u00e9claration de confidentialit\u00e9 IML net d.o.o. s\u2019engage \u00e0 prot\u00e9ger les donn\u00e9es personnelles de ses clients en ne collectant que les [&hellip;]","og_url":"https:\/\/iml.solutions\/fr\/politique-de-confidentialite\/","og_site_name":"IML net d.o.o.","article_modified_time":"2025-10-21T08:35:40+00:00","schema":{"@context":"https:\/\/schema.org","@graph":[{"@type":"WebPage","@id":"https:\/\/iml.solutions\/fr\/politique-de-confidentialite\/","url":"https:\/\/iml.solutions\/fr\/politique-de-confidentialite\/","name":"Politique de confidentialit\u00e9 - IML net d.o.o.","isPartOf":{"@id":"https:\/\/iml.solutions\/fr\/#website"},"datePublished":"2025-09-22T13:40:25+00:00","dateModified":"2025-10-21T08:35:40+00:00","breadcrumb":{"@id":"https:\/\/iml.solutions\/fr\/politique-de-confidentialite\/#breadcrumb"},"inLanguage":"fr-FR","potentialAction":[{"@type":"ReadAction","target":["https:\/\/iml.solutions\/fr\/politique-de-confidentialite\/"]}]},{"@type":"BreadcrumbList","@id":"https:\/\/iml.solutions\/fr\/politique-de-confidentialite\/#breadcrumb","itemListElement":[{"@type":"ListItem","position":1,"name":"Home","item":"https:\/\/iml.solutions\/fr\/"},{"@type":"ListItem","position":2,"name":"Politique de confidentialit\u00e9"}]},{"@type":"WebSite","@id":"https:\/\/iml.solutions\/fr\/#website","url":"https:\/\/iml.solutions\/fr\/","name":"https:\/\/iml.solutions\/","description":"","publisher":{"@id":"https:\/\/iml.solutions\/fr\/#organization"},"potentialAction":[{"@type":"SearchAction","target":{"@type":"EntryPoint","urlTemplate":"https:\/\/iml.solutions\/fr\/?s={search_term_string}"},"query-input":{"@type":"PropertyValueSpecification","valueRequired":true,"valueName":"search_term_string"}}],"inLanguage":"fr-FR"},{"@type":"Organization","@id":"https:\/\/iml.solutions\/fr\/#organization","name":"IML net d.o.o.","alternateName":"IML solutions","url":"https:\/\/iml.solutions\/fr\/","logo":{"@type":"ImageObject","inLanguage":"fr-FR","@id":"https:\/\/iml.solutions\/fr\/#\/schema\/logo\/image\/","url":"https:\/\/iml.solutions\/wp-content\/uploads\/2025\/09\/Logo-iml.png","contentUrl":"https:\/\/iml.solutions\/wp-content\/uploads\/2025\/09\/Logo-iml.png","width":1435,"height":408,"caption":"IML net d.o.o."},"image":{"@id":"https:\/\/iml.solutions\/fr\/#\/schema\/logo\/image\/"}}]}},"_links":{"self":[{"href":"https:\/\/iml.solutions\/fr\/wp-json\/wp\/v2\/pages\/1367","targetHints":{"allow":["GET"]}}],"collection":[{"href":"https:\/\/iml.solutions\/fr\/wp-json\/wp\/v2\/pages"}],"about":[{"href":"https:\/\/iml.solutions\/fr\/wp-json\/wp\/v2\/types\/page"}],"author":[{"embeddable":true,"href":"https:\/\/iml.solutions\/fr\/wp-json\/wp\/v2\/users\/1"}],"replies":[{"embeddable":true,"href":"https:\/\/iml.solutions\/fr\/wp-json\/wp\/v2\/comments?post=1367"}],"version-history":[{"count":7,"href":"https:\/\/iml.solutions\/fr\/wp-json\/wp\/v2\/pages\/1367\/revisions"}],"predecessor-version":[{"id":1376,"href":"https:\/\/iml.solutions\/fr\/wp-json\/wp\/v2\/pages\/1367\/revisions\/1376"}],"wp:attachment":[{"href":"https:\/\/iml.solutions\/fr\/wp-json\/wp\/v2\/media?parent=1367"}],"curies":[{"name":"wp","href":"https:\/\/api.w.org\/{rel}","templated":true}]}}