{"id":1369,"date":"2025-10-06T20:58:22","date_gmt":"2025-10-06T18:58:22","guid":{"rendered":"https:\/\/iml.solutions\/politique-relative-aux-cookies\/"},"modified":"2025-10-21T10:38:09","modified_gmt":"2025-10-21T08:38:09","slug":"politique-relative-aux-cookies","status":"publish","type":"page","link":"https:\/\/iml.solutions\/fr\/politique-relative-aux-cookies\/","title":{"rendered":"Politique relative aux cookies"},"content":{"rendered":"\t\t<div data-elementor-type=\"wp-page\" data-elementor-id=\"1369\" class=\"elementor elementor-1369 elementor-1101\" data-elementor-post-type=\"page\">\n\t\t\t\t<div class=\"elementor-element elementor-element-32948f1 e-flex e-con-boxed e-con e-parent\" data-id=\"32948f1\" data-element_type=\"container\" data-e-type=\"container\">\n\t\t\t\t\t<div class=\"e-con-inner\">\n\t\t\t\t<div class=\"elementor-element elementor-element-586a14d elementor-widget elementor-widget-text-editor\" data-id=\"586a14d\" data-element_type=\"widget\" data-e-type=\"widget\" data-widget_type=\"text-editor.default\">\n\t\t\t\t\t\t\t\t\t<h2 data-start=\"160\" data-end=\"189\"><strong data-start=\"163\" data-end=\"189\">Que sont les cookies ?<\/strong><\/h2><p data-start=\"191\" data-end=\"518\">Les cookies sont de petits fichiers que votre navigateur enregistre sur votre ordinateur ou votre appareil mobile lorsque vous visitez notre site web.<br data-start=\"341\" data-end=\"344\" \/>Cela permet au site de reconna\u00eetre votre ordinateur, de relier vos visites \u00e0 diff\u00e9rentes pages du site et \u00e9ventuellement de vous reconna\u00eetre lors de votre prochaine visite.<\/p><p data-start=\"520\" data-end=\"881\">Les cookies utilis\u00e9s sur notre site ne visent pas \u00e0 espionner l\u2019utilisateur, ne suivent pas toutes ses activit\u00e9s et ne contiennent aucun code malveillant ni virus.<br data-start=\"683\" data-end=\"686\" \/>Des informations telles que votre nom ou votre adresse e-mail ne sont pas enregistr\u00e9es : le site ne peut pas acc\u00e9der \u00e0 vos informations personnelles ni aux fichiers pr\u00e9sents sur votre ordinateur.<\/p><hr data-start=\"883\" data-end=\"886\" \/><h2 data-start=\"888\" data-end=\"930\"><strong data-start=\"891\" data-end=\"930\">Types de cookies selon leur origine<\/strong><\/h2><p data-start=\"932\" data-end=\"1197\"><strong data-start=\"932\" data-end=\"977\">a) Cookies internes (first party cookies)<\/strong><br data-start=\"977\" data-end=\"980\" \/>Les cookies internes proviennent du site que vous consultez et peuvent \u00eatre permanents ou temporaires.<br data-start=\"1082\" data-end=\"1085\" \/>Gr\u00e2ce \u00e0 ces cookies, le site peut enregistrer des donn\u00e9es qui seront r\u00e9utilis\u00e9es lors de votre prochaine visite.<\/p><p data-start=\"1199\" data-end=\"1505\"><strong data-start=\"1199\" data-end=\"1241\">b) Cookies tiers (third party cookies)<\/strong><br data-start=\"1241\" data-end=\"1244\" \/>Les cookies tiers proviennent d\u2019autres sites web ou services et sont plac\u00e9s sur le site que vous consultez.<br data-start=\"1351\" data-end=\"1354\" \/>Ces cookies permettent \u00e0 d\u2019autres sites ou services de suivre l\u2019utilisation d\u2019Internet sur le site que vous visitez, notamment \u00e0 des fins de marketing.<\/p><hr data-start=\"1507\" data-end=\"1510\" \/><h2 data-start=\"1512\" data-end=\"1555\"><strong data-start=\"1515\" data-end=\"1555\">Types de cookies selon leur fonction<\/strong><\/h2><p data-start=\"1557\" data-end=\"2070\"><strong data-start=\"1557\" data-end=\"1583\">a) Cookies n\u00e9cessaires<\/strong><br data-start=\"1583\" data-end=\"1586\" \/>(toujours actifs) \u2013 Ces cookies sont indispensables au bon fonctionnement de notre site web et ne peuvent pas \u00eatre d\u00e9sactiv\u00e9s.<br data-start=\"1712\" data-end=\"1715\" \/>Cela s\u2019applique, par exemple, aux cookies qui garantissent que la configuration li\u00e9e \u00e0 l\u2019utilisateur du site (langue choisie, devise, acceptation des cookies, liste de souhaits, panier d\u2019achat, etc.) est conserv\u00e9e tout au long de la session.<br data-start=\"1956\" data-end=\"1959\" \/>De plus, ces cookies ou technologies similaires contribuent \u00e0 l\u2019utilisation s\u00fbre et correcte de nos services.<\/p><p data-start=\"2072\" data-end=\"2275\">Vous pouvez configurer votre navigateur pour bloquer ces cookies ou recevoir une alerte \u00e0 leur sujet, mais dans ce cas, le site ne fonctionnera pas correctement et les achats en ligne seront impossibles.<\/p><p data-start=\"2277\" data-end=\"2479\"><strong data-start=\"2277\" data-end=\"2303\">b) Cookies analytiques<\/strong><br data-start=\"2303\" data-end=\"2306\" \/>(peuvent \u00eatre refus\u00e9s ou d\u00e9sactiv\u00e9s) \u2013 Ces cookies permettent d\u2019enregistrer les visites et les sources de trafic afin de mesurer et d\u2019am\u00e9liorer les performances du site web.<\/p><p data-start=\"2481\" data-end=\"2648\"><strong data-start=\"2481\" data-end=\"2505\">c) Cookies marketing<\/strong><br data-start=\"2505\" data-end=\"2508\" \/>(peuvent \u00eatre refus\u00e9s ou d\u00e9sactiv\u00e9s) \u2013 Ces cookies servent \u00e0 suivre les utilisateurs sur les sites web et \u00e0 afficher des publicit\u00e9s cibl\u00e9es.<\/p><hr data-start=\"2650\" data-end=\"2653\" \/><h2 data-start=\"2655\" data-end=\"2694\"><strong data-start=\"2658\" data-end=\"2694\">Cookies utilis\u00e9s sur ce site web<\/strong><\/h2><p data-start=\"2696\" data-end=\"2838\">Ce site utilise des cookies n\u00e9cessaires, analytiques et marketing.<br data-start=\"2762\" data-end=\"2765\" \/>L\u2019acceptation des cookies analytiques et marketing n\u2019est pas obligatoire.<\/p><hr data-start=\"2840\" data-end=\"2843\" \/><h2 data-start=\"2845\" data-end=\"2882\"><strong data-start=\"2848\" data-end=\"2882\">Gestion des cookies de ce site<\/strong><\/h2><p data-start=\"2884\" data-end=\"3088\">En bas de cette page, un lien intitul\u00e9 <strong data-start=\"2923\" data-end=\"2953\">\u00ab Configurer les cookies \u00bb<\/strong> vous permet de modifier \u00e0 tout moment vos pr\u00e9f\u00e9rences concernant les cookies que vous autorisez \u00e0 \u00eatre enregistr\u00e9s sur votre appareil.<\/p><hr data-start=\"3090\" data-end=\"3093\" \/><h2 data-start=\"3095\" data-end=\"3139\"><strong data-start=\"3098\" data-end=\"3139\">Suppression des cookies de l\u2019appareil<\/strong><\/h2><p data-start=\"3141\" data-end=\"3376\">Si vous supprimez l\u2019historique de navigation de votre navigateur, tous les cookies enregistr\u00e9s sur votre appareil seront \u00e9galement supprim\u00e9s.<br data-start=\"3282\" data-end=\"3285\" \/>De cette mani\u00e8re, vous pouvez effacer tous les cookies des sites web que vous avez visit\u00e9s.<\/p><p data-start=\"3378\" data-end=\"3556\">Cependant, notez que vous pouvez \u00e9galement perdre certaines donn\u00e9es enregistr\u00e9es (par exemple, les identifiants de connexion sauvegard\u00e9s ou vos pr\u00e9f\u00e9rences personnelles de site).<\/p><hr data-start=\"3558\" data-end=\"3561\" \/><h2 data-start=\"3563\" data-end=\"3606\"><strong data-start=\"3566\" data-end=\"3606\">Gestion des cookies pour chaque site<\/strong><\/h2><p data-start=\"3608\" data-end=\"3773\">Pour mieux contr\u00f4ler les cookies de chaque site web, consultez les param\u00e8tres de confidentialit\u00e9 relatifs aux cookies dans le navigateur principal que vous utilisez.<\/p><hr data-start=\"3775\" data-end=\"3778\" \/><h2 data-start=\"3780\" data-end=\"3806\"><strong data-start=\"3783\" data-end=\"3806\">Blocage des cookies<\/strong><\/h2><p data-start=\"3808\" data-end=\"4176\">Vous pouvez configurer la plupart des navigateurs modernes pour emp\u00eacher l\u2019enregistrement des cookies sur votre appareil.<br data-start=\"3929\" data-end=\"3932\" \/>Toutefois, vous devrez peut-\u00eatre ajuster manuellement certaines pr\u00e9f\u00e9rences \u00e0 chaque visite.<br data-start=\"4024\" data-end=\"4027\" \/>De plus, certains services et fonctionnalit\u00e9s risquent de ne pas fonctionner correctement (par exemple, la connexion via un profil de r\u00e9seau social).<\/p>\t\t\t\t\t\t\t\t<\/div>\n\t\t\t\t\t<\/div>\n\t\t\t\t<\/div>\n\t\t\t\t<\/div>\n\t\t","protected":false},"excerpt":{"rendered":"<p>Que sont les cookies ? Les cookies sont de petits fichiers que votre navigateur enregistre sur votre ordinateur ou votre [&hellip;]<\/p>\n","protected":false},"author":1,"featured_media":0,"parent":0,"menu_order":0,"comment_status":"closed","ping_status":"closed","template":"","meta":{"site-sidebar-layout":"no-sidebar","site-content-layout":"","ast-site-content-layout":"full-width-container","site-content-style":"default","site-sidebar-style":"default","ast-global-header-display":"","ast-banner-title-visibility":"","ast-main-header-display":"","ast-hfb-above-header-display":"","ast-hfb-below-header-display":"","ast-hfb-mobile-header-display":"","site-post-title":"disabled","ast-breadcrumbs-content":"","ast-featured-img":"disabled","footer-sml-layout":"","ast-disable-related-posts":"","theme-transparent-header-meta":"default","adv-header-id-meta":"","stick-header-meta":"default","header-above-stick-meta":"","header-main-stick-meta":"","header-below-stick-meta":"","astra-migrate-meta-layouts":"default","ast-page-background-enabled":"default","ast-page-background-meta":{"desktop":{"background-color":"var(--ast-global-color-5)","background-image":"","background-repeat":"repeat","background-position":"center center","background-size":"auto","background-attachment":"scroll","background-type":"","background-media":"","overlay-type":"","overlay-color":"","overlay-opacity":"","overlay-gradient":""},"tablet":{"background-color":"","background-image":"","background-repeat":"repeat","background-position":"center center","background-size":"auto","background-attachment":"scroll","background-type":"","background-media":"","overlay-type":"","overlay-color":"","overlay-opacity":"","overlay-gradient":""},"mobile":{"background-color":"","background-image":"","background-repeat":"repeat","background-position":"center center","background-size":"auto","background-attachment":"scroll","background-type":"","background-media":"","overlay-type":"","overlay-color":"","overlay-opacity":"","overlay-gradient":""}},"ast-content-background-meta":{"desktop":{"background-color":"var(--ast-global-color-4)","background-image":"","background-repeat":"repeat","background-position":"center center","background-size":"auto","background-attachment":"scroll","background-type":"","background-media":"","overlay-type":"","overlay-color":"","overlay-opacity":"","overlay-gradient":""},"tablet":{"background-color":"var(--ast-global-color-4)","background-image":"","background-repeat":"repeat","background-position":"center center","background-size":"auto","background-attachment":"scroll","background-type":"","background-media":"","overlay-type":"","overlay-color":"","overlay-opacity":"","overlay-gradient":""},"mobile":{"background-color":"var(--ast-global-color-4)","background-image":"","background-repeat":"repeat","background-position":"center center","background-size":"auto","background-attachment":"scroll","background-type":"","background-media":"","overlay-type":"","overlay-color":"","overlay-opacity":"","overlay-gradient":""}},"footnotes":""},"class_list":["post-1369","page","type-page","status-publish","hentry"],"yoast_head":"<!-- This site is optimized with the Yoast SEO plugin v27.3 - https:\/\/yoast.com\/product\/yoast-seo-wordpress\/ -->\n<title>Politique relative aux cookies - IML net d.o.o.<\/title>\n<meta name=\"robots\" content=\"index, follow, max-snippet:-1, max-image-preview:large, max-video-preview:-1\" \/>\n<link rel=\"canonical\" href=\"https:\/\/iml.solutions\/fr\/politique-relative-aux-cookies\/\" \/>\n<meta property=\"og:locale\" content=\"fr_FR\" \/>\n<meta property=\"og:type\" content=\"article\" \/>\n<meta property=\"og:title\" content=\"Politique relative aux cookies - IML net d.o.o.\" \/>\n<meta property=\"og:description\" content=\"Que sont les cookies ? Les cookies sont de petits fichiers que votre navigateur enregistre sur votre ordinateur ou votre [&hellip;]\" \/>\n<meta property=\"og:url\" content=\"https:\/\/iml.solutions\/fr\/politique-relative-aux-cookies\/\" \/>\n<meta property=\"og:site_name\" content=\"IML net d.o.o.\" \/>\n<meta property=\"article:modified_time\" content=\"2025-10-21T08:38:09+00:00\" \/>\n<script type=\"application\/ld+json\" class=\"yoast-schema-graph\">{\"@context\":\"https:\\\/\\\/schema.org\",\"@graph\":[{\"@type\":\"WebPage\",\"@id\":\"https:\\\/\\\/iml.solutions\\\/fr\\\/politique-relative-aux-cookies\\\/\",\"url\":\"https:\\\/\\\/iml.solutions\\\/fr\\\/politique-relative-aux-cookies\\\/\",\"name\":\"Politique relative aux cookies - IML net d.o.o.\",\"isPartOf\":{\"@id\":\"https:\\\/\\\/iml.solutions\\\/fr\\\/#website\"},\"datePublished\":\"2025-10-06T18:58:22+00:00\",\"dateModified\":\"2025-10-21T08:38:09+00:00\",\"breadcrumb\":{\"@id\":\"https:\\\/\\\/iml.solutions\\\/fr\\\/politique-relative-aux-cookies\\\/#breadcrumb\"},\"inLanguage\":\"fr-FR\",\"potentialAction\":[{\"@type\":\"ReadAction\",\"target\":[\"https:\\\/\\\/iml.solutions\\\/fr\\\/politique-relative-aux-cookies\\\/\"]}]},{\"@type\":\"BreadcrumbList\",\"@id\":\"https:\\\/\\\/iml.solutions\\\/fr\\\/politique-relative-aux-cookies\\\/#breadcrumb\",\"itemListElement\":[{\"@type\":\"ListItem\",\"position\":1,\"name\":\"Home\",\"item\":\"https:\\\/\\\/iml.solutions\\\/fr\\\/\"},{\"@type\":\"ListItem\",\"position\":2,\"name\":\"Politique relative aux cookies\"}]},{\"@type\":\"WebSite\",\"@id\":\"https:\\\/\\\/iml.solutions\\\/fr\\\/#website\",\"url\":\"https:\\\/\\\/iml.solutions\\\/fr\\\/\",\"name\":\"https:\\\/\\\/iml.solutions\\\/\",\"description\":\"\",\"publisher\":{\"@id\":\"https:\\\/\\\/iml.solutions\\\/fr\\\/#organization\"},\"potentialAction\":[{\"@type\":\"SearchAction\",\"target\":{\"@type\":\"EntryPoint\",\"urlTemplate\":\"https:\\\/\\\/iml.solutions\\\/fr\\\/?s={search_term_string}\"},\"query-input\":{\"@type\":\"PropertyValueSpecification\",\"valueRequired\":true,\"valueName\":\"search_term_string\"}}],\"inLanguage\":\"fr-FR\"},{\"@type\":\"Organization\",\"@id\":\"https:\\\/\\\/iml.solutions\\\/fr\\\/#organization\",\"name\":\"IML net d.o.o.\",\"alternateName\":\"IML solutions\",\"url\":\"https:\\\/\\\/iml.solutions\\\/fr\\\/\",\"logo\":{\"@type\":\"ImageObject\",\"inLanguage\":\"fr-FR\",\"@id\":\"https:\\\/\\\/iml.solutions\\\/fr\\\/#\\\/schema\\\/logo\\\/image\\\/\",\"url\":\"https:\\\/\\\/iml.solutions\\\/wp-content\\\/uploads\\\/2025\\\/09\\\/Logo-iml.png\",\"contentUrl\":\"https:\\\/\\\/iml.solutions\\\/wp-content\\\/uploads\\\/2025\\\/09\\\/Logo-iml.png\",\"width\":1435,\"height\":408,\"caption\":\"IML net d.o.o.\"},\"image\":{\"@id\":\"https:\\\/\\\/iml.solutions\\\/fr\\\/#\\\/schema\\\/logo\\\/image\\\/\"}}]}<\/script>\n<!-- \/ Yoast SEO plugin. -->","yoast_head_json":{"title":"Politique relative aux cookies - IML net d.o.o.","robots":{"index":"index","follow":"follow","max-snippet":"max-snippet:-1","max-image-preview":"max-image-preview:large","max-video-preview":"max-video-preview:-1"},"canonical":"https:\/\/iml.solutions\/fr\/politique-relative-aux-cookies\/","og_locale":"fr_FR","og_type":"article","og_title":"Politique relative aux cookies - IML net d.o.o.","og_description":"Que sont les cookies ? Les cookies sont de petits fichiers que votre navigateur enregistre sur votre ordinateur ou votre [&hellip;]","og_url":"https:\/\/iml.solutions\/fr\/politique-relative-aux-cookies\/","og_site_name":"IML net d.o.o.","article_modified_time":"2025-10-21T08:38:09+00:00","schema":{"@context":"https:\/\/schema.org","@graph":[{"@type":"WebPage","@id":"https:\/\/iml.solutions\/fr\/politique-relative-aux-cookies\/","url":"https:\/\/iml.solutions\/fr\/politique-relative-aux-cookies\/","name":"Politique relative aux cookies - IML net d.o.o.","isPartOf":{"@id":"https:\/\/iml.solutions\/fr\/#website"},"datePublished":"2025-10-06T18:58:22+00:00","dateModified":"2025-10-21T08:38:09+00:00","breadcrumb":{"@id":"https:\/\/iml.solutions\/fr\/politique-relative-aux-cookies\/#breadcrumb"},"inLanguage":"fr-FR","potentialAction":[{"@type":"ReadAction","target":["https:\/\/iml.solutions\/fr\/politique-relative-aux-cookies\/"]}]},{"@type":"BreadcrumbList","@id":"https:\/\/iml.solutions\/fr\/politique-relative-aux-cookies\/#breadcrumb","itemListElement":[{"@type":"ListItem","position":1,"name":"Home","item":"https:\/\/iml.solutions\/fr\/"},{"@type":"ListItem","position":2,"name":"Politique relative aux cookies"}]},{"@type":"WebSite","@id":"https:\/\/iml.solutions\/fr\/#website","url":"https:\/\/iml.solutions\/fr\/","name":"https:\/\/iml.solutions\/","description":"","publisher":{"@id":"https:\/\/iml.solutions\/fr\/#organization"},"potentialAction":[{"@type":"SearchAction","target":{"@type":"EntryPoint","urlTemplate":"https:\/\/iml.solutions\/fr\/?s={search_term_string}"},"query-input":{"@type":"PropertyValueSpecification","valueRequired":true,"valueName":"search_term_string"}}],"inLanguage":"fr-FR"},{"@type":"Organization","@id":"https:\/\/iml.solutions\/fr\/#organization","name":"IML net d.o.o.","alternateName":"IML solutions","url":"https:\/\/iml.solutions\/fr\/","logo":{"@type":"ImageObject","inLanguage":"fr-FR","@id":"https:\/\/iml.solutions\/fr\/#\/schema\/logo\/image\/","url":"https:\/\/iml.solutions\/wp-content\/uploads\/2025\/09\/Logo-iml.png","contentUrl":"https:\/\/iml.solutions\/wp-content\/uploads\/2025\/09\/Logo-iml.png","width":1435,"height":408,"caption":"IML net d.o.o."},"image":{"@id":"https:\/\/iml.solutions\/fr\/#\/schema\/logo\/image\/"}}]}},"_links":{"self":[{"href":"https:\/\/iml.solutions\/fr\/wp-json\/wp\/v2\/pages\/1369","targetHints":{"allow":["GET"]}}],"collection":[{"href":"https:\/\/iml.solutions\/fr\/wp-json\/wp\/v2\/pages"}],"about":[{"href":"https:\/\/iml.solutions\/fr\/wp-json\/wp\/v2\/types\/page"}],"author":[{"embeddable":true,"href":"https:\/\/iml.solutions\/fr\/wp-json\/wp\/v2\/users\/1"}],"replies":[{"embeddable":true,"href":"https:\/\/iml.solutions\/fr\/wp-json\/wp\/v2\/comments?post=1369"}],"version-history":[{"count":4,"href":"https:\/\/iml.solutions\/fr\/wp-json\/wp\/v2\/pages\/1369\/revisions"}],"predecessor-version":[{"id":1385,"href":"https:\/\/iml.solutions\/fr\/wp-json\/wp\/v2\/pages\/1369\/revisions\/1385"}],"wp:attachment":[{"href":"https:\/\/iml.solutions\/fr\/wp-json\/wp\/v2\/media?parent=1369"}],"curies":[{"name":"wp","href":"https:\/\/api.w.org\/{rel}","templated":true}]}}