{"id":1801,"date":"2025-09-26T14:57:37","date_gmt":"2025-09-26T12:57:37","guid":{"rendered":"https:\/\/iml.solutions\/o-nama\/"},"modified":"2026-02-27T11:14:44","modified_gmt":"2026-02-27T10:14:44","slug":"o-nama","status":"publish","type":"page","link":"https:\/\/iml.solutions\/hr\/o-nama\/","title":{"rendered":"O nama"},"content":{"rendered":"\t\t<div data-elementor-type=\"wp-page\" data-elementor-id=\"1801\" class=\"elementor elementor-1801 elementor-236\" data-elementor-post-type=\"page\">\n\t\t\t\t<div class=\"elementor-element elementor-element-cf4acd3 e-con-full e-flex e-con e-parent\" data-id=\"cf4acd3\" data-element_type=\"container\" data-e-type=\"container\">\n\t\t\t\t<div class=\"elementor-element elementor-element-eb5747a elementor--h-position-center elementor--v-position-middle elementor-arrows-position-inside elementor-pagination-position-inside elementor-widget elementor-widget-slides\" data-id=\"eb5747a\" data-element_type=\"widget\" data-e-type=\"widget\" data-settings=\"{&quot;navigation&quot;:&quot;both&quot;,&quot;autoplay&quot;:&quot;yes&quot;,&quot;pause_on_hover&quot;:&quot;yes&quot;,&quot;pause_on_interaction&quot;:&quot;yes&quot;,&quot;autoplay_speed&quot;:5000,&quot;infinite&quot;:&quot;yes&quot;,&quot;transition&quot;:&quot;slide&quot;,&quot;transition_speed&quot;:500}\" data-widget_type=\"slides.default\">\n\t\t\t\t\t\t\t\t\t\t<div class=\"elementor-slides-wrapper elementor-main-swiper swiper\" role=\"region\" aria-roledescription=\"carousel\" aria-label=\"Slides\" dir=\"ltr\" data-animation=\"fadeInUp\">\n\t\t\t\t<div class=\"swiper-wrapper elementor-slides\">\n\t\t\t\t\t\t\t\t\t\t<div class=\"elementor-repeater-item-96a874e swiper-slide\" role=\"group\" aria-roledescription=\"slide\"><div class=\"swiper-slide-bg elementor-ken-burns elementor-ken-burns--out\" role=\"img\" aria-label=\"O nama\"><\/div><div class=\"swiper-slide-inner\" ><div class=\"swiper-slide-contents\"><\/div><\/div><\/div>\t\t\t\t<\/div>\n\t\t\t\t\t\t\t<\/div>\n\t\t\t\t\t\t\t\t<\/div>\n\t\t\t\t<\/div>\n\t\t<div class=\"elementor-element elementor-element-45db7d3 e-flex e-con-boxed e-con e-parent\" data-id=\"45db7d3\" data-element_type=\"container\" data-e-type=\"container\">\n\t\t\t\t\t<div class=\"e-con-inner\">\n\t\t\t\t<div class=\"elementor-element elementor-element-bcea4b2 elementor-widget elementor-widget-heading\" data-id=\"bcea4b2\" data-element_type=\"widget\" data-e-type=\"widget\" data-widget_type=\"heading.default\">\n\t\t\t\t\t<h2 class=\"elementor-heading-title elementor-size-default\">Na\u0161a strast je va\u0161a sigurnost<\/h2>\t\t\t\t<\/div>\n\t\t\t\t<div class=\"elementor-element elementor-element-b3b1927 elementor-widget elementor-widget-spacer\" data-id=\"b3b1927\" data-element_type=\"widget\" data-e-type=\"widget\" data-widget_type=\"spacer.default\">\n\t\t\t\t\t\t\t<div class=\"elementor-spacer\">\n\t\t\t<div class=\"elementor-spacer-inner\"><\/div>\n\t\t<\/div>\n\t\t\t\t\t\t<\/div>\n\t\t\t\t<div class=\"elementor-element elementor-element-67a2313 elementor-widget elementor-widget-text-editor\" data-id=\"67a2313\" data-element_type=\"widget\" data-e-type=\"widget\" data-widget_type=\"text-editor.default\">\n\t\t\t\t\t\t\t\t\t<p class=\"p1\"><span style=\"font-weight: 400;\">U tvrtki IML net d.o.o. na\u0161a strast je va\u0161a sigurnost. Stvaramo izdr\u017eljive in-mould (IML) etikete visoke kvalitete, namijenjene za kori\u0161tenje u zahtjevnim uvjetima. <\/span><\/p><p class=\"p1\"><span style=\"font-weight: 400;\"> Kori\u0161tenjem IML tehnike, etiketa se integrira izravno u plasti\u010dnu ambala\u017eu, \u0161to joj osigurava iznimnu trajnost.<\/span><\/p>\t\t\t\t\t\t\t\t<\/div>\n\t\t\t\t\t<\/div>\n\t\t\t\t<\/div>\n\t\t<div class=\"elementor-element elementor-element-df63dc3 e-flex e-con-boxed e-con e-parent\" data-id=\"df63dc3\" data-element_type=\"container\" data-e-type=\"container\" data-settings=\"{&quot;background_background&quot;:&quot;classic&quot;}\">\n\t\t\t\t\t<div class=\"e-con-inner\">\n\t\t<div class=\"elementor-element elementor-element-605d2a8 e-con-full e-flex e-con e-child\" data-id=\"605d2a8\" data-element_type=\"container\" data-e-type=\"container\">\n\t\t\t\t<div class=\"elementor-element elementor-element-72da559 elementor-invisible elementor-widget elementor-widget-heading\" data-id=\"72da559\" data-element_type=\"widget\" data-e-type=\"widget\" data-settings=\"{&quot;_animation&quot;:&quot;fadeIn&quot;}\" data-widget_type=\"heading.default\">\n\t\t\t\t\t<h3 class=\"elementor-heading-title elementor-size-default\">Inovativnost i otpornost<\/h3>\t\t\t\t<\/div>\n\t\t\t\t<div class=\"elementor-element elementor-element-e69f19c elementor-widget-divider--view-line elementor-widget elementor-widget-divider\" data-id=\"e69f19c\" data-element_type=\"widget\" data-e-type=\"widget\" data-widget_type=\"divider.default\">\n\t\t\t\t\t\t\t<div class=\"elementor-divider\">\n\t\t\t<span class=\"elementor-divider-separator\">\n\t\t\t\t\t\t<\/span>\n\t\t<\/div>\n\t\t\t\t\t\t<\/div>\n\t\t\t\t<\/div>\n\t\t<div class=\"elementor-element elementor-element-d9e922c e-con-full e-flex e-con e-child\" data-id=\"d9e922c\" data-element_type=\"container\" data-e-type=\"container\">\n\t\t\t\t<div class=\"elementor-element elementor-element-6d40555 elementor-widget elementor-widget-text-editor\" data-id=\"6d40555\" data-element_type=\"widget\" data-e-type=\"widget\" data-widget_type=\"text-editor.default\">\n\t\t\t\t\t\t\t\t\t<p><span style=\"font-weight: 400;\">Razvili smo nekoliko vrsta proizvoda s razli\u010ditim razinama izdr\u017eljivosti. Materijale, boje i ljepila biramo pa\u017eljivo kako bismo ispunili najvi\u0161e standarde. Na\u0161e su etikete otporne na grubo rukovanje, mehani\u010dka o\u0161te\u0107enja i dugotrajno izlaganje vanjskim uvjetima. Lako podnose pranje u perilicama posu\u0111a, ekstremne temperature, kiseline, kausti\u010dnu sodu i grebanje. Zahvaljuju\u0107i tim svojstvima, idealne su za pakiranja prehrambenih proizvoda (poput mlije\u010dnih proizvoda i salata), kozmetike i kemikalija. Tako\u0111er se koriste i za razne plasti\u010dne predmete koji zahtijevaju trajno i vizualno atraktivno rje\u0161enje, kao \u0161to su \u010da\u0161e i ukrasni predmeti.     <\/span><\/p>\t\t\t\t\t\t\t\t<\/div>\n\t\t\t\t<\/div>\n\t\t\t\t\t<\/div>\n\t\t\t\t<\/div>\n\t\t<div class=\"elementor-element elementor-element-1a6d767 e-con-full e-flex e-con e-parent\" data-id=\"1a6d767\" data-element_type=\"container\" data-e-type=\"container\">\n\t\t\t\t<div class=\"elementor-element elementor-element-9f7fe21 elementor-widget elementor-widget-image\" data-id=\"9f7fe21\" data-element_type=\"widget\" data-e-type=\"widget\" data-widget_type=\"image.default\">\n\t\t\t\t\t\t\t\t\t\t\t\t\t\t\t<img fetchpriority=\"high\" decoding=\"async\" width=\"2560\" height=\"395\" src=\"https:\/\/iml.solutions\/wp-content\/uploads\/2025\/09\/DSC_2298-products-scaled.jpg\" class=\"attachment-full size-full wp-image-1799\" alt=\"Na\u0161i proizvodi\" srcset=\"https:\/\/iml.solutions\/wp-content\/uploads\/2025\/09\/DSC_2298-products-scaled.jpg 2560w, https:\/\/iml.solutions\/wp-content\/uploads\/2025\/09\/DSC_2298-products-300x46.jpg 300w, https:\/\/iml.solutions\/wp-content\/uploads\/2025\/09\/DSC_2298-products-1024x158.jpg 1024w, https:\/\/iml.solutions\/wp-content\/uploads\/2025\/09\/DSC_2298-products-768x119.jpg 768w, https:\/\/iml.solutions\/wp-content\/uploads\/2025\/09\/DSC_2298-products-1536x237.jpg 1536w, https:\/\/iml.solutions\/wp-content\/uploads\/2025\/09\/DSC_2298-products-2048x316.jpg 2048w\" sizes=\"(max-width: 2560px) 100vw, 2560px\" \/>\t\t\t\t\t\t\t\t\t\t\t\t\t\t\t<\/div>\n\t\t\t\t<\/div>\n\t\t<div class=\"elementor-element elementor-element-1072bfb e-flex e-con-boxed e-con e-parent\" data-id=\"1072bfb\" data-element_type=\"container\" data-e-type=\"container\" data-settings=\"{&quot;background_background&quot;:&quot;classic&quot;}\">\n\t\t\t\t\t<div class=\"e-con-inner\">\n\t\t<div class=\"elementor-element elementor-element-cb633d5 e-con-full e-flex e-con e-child\" data-id=\"cb633d5\" data-element_type=\"container\" data-e-type=\"container\">\n\t\t\t\t<div class=\"elementor-element elementor-element-e9bf5e6 elementor-invisible elementor-widget elementor-widget-heading\" data-id=\"e9bf5e6\" data-element_type=\"widget\" data-e-type=\"widget\" data-settings=\"{&quot;_animation&quot;:&quot;fadeIn&quot;}\" data-widget_type=\"heading.default\">\n\t\t\t\t\t<h3 class=\"elementor-heading-title elementor-size-default\">Posve\u0107enost kvaliteti i partnerstvu<\/h3>\t\t\t\t<\/div>\n\t\t\t\t<div class=\"elementor-element elementor-element-f23149a elementor-widget-divider--view-line elementor-widget elementor-widget-divider\" data-id=\"f23149a\" data-element_type=\"widget\" data-e-type=\"widget\" data-widget_type=\"divider.default\">\n\t\t\t\t\t\t\t<div class=\"elementor-divider\">\n\t\t\t<span class=\"elementor-divider-separator\">\n\t\t\t\t\t\t<\/span>\n\t\t<\/div>\n\t\t\t\t\t\t<\/div>\n\t\t\t\t<\/div>\n\t\t<div class=\"elementor-element elementor-element-0422f63 e-con-full e-flex e-con e-child\" data-id=\"0422f63\" data-element_type=\"container\" data-e-type=\"container\">\n\t\t\t\t<div class=\"elementor-element elementor-element-f5c4e80 elementor-widget elementor-widget-text-editor\" data-id=\"f5c4e80\" data-element_type=\"widget\" data-e-type=\"widget\" data-widget_type=\"text-editor.default\">\n\t\t\t\t\t\t\t\t\t<p>Fokus na tehnolo\u0161ki zahtjevne IML etikete izdvaja nas od konkurencije. Dok mnogi proizvo\u0111a\u010di ovaj proizvod shva\u0107aju kao dodatan, mi smo ga postavili u sredi\u0161te na\u0161eg poslovanja. Upravo zato, ne nudimo samo proizvod, ve\u0107 i partnerstvo u kojem se etikete isporu\u010duju s visokom precizno\u0161\u0107u i pouzdano\u0161\u0107u, prilago\u0111ene specifi\u010dnim potrebama svakog klijenta.<\/p><p>U IML netu ponosimo se onim \u0161to radimo. Tim stru\u010dnjaka pokre\u0107e tehnologiju koja osigurava da na\u0161i klijenti \u2013 proizvo\u0111a\u010di diljem Europe i svijeta \u2013 uvijek dobiju rje\u0161enja iznad industrijskih standarda.<\/p>\t\t\t\t\t\t\t\t<\/div>\n\t\t\t\t<\/div>\n\t\t\t\t\t<\/div>\n\t\t\t\t<\/div>\n\t\t<div class=\"elementor-element elementor-element-3d829b4 e-con-full e-flex e-con e-parent\" data-id=\"3d829b4\" data-element_type=\"container\" data-e-type=\"container\">\n\t\t<div class=\"elementor-element elementor-element-159a2b8 e-con-full e-flex e-con e-child\" data-id=\"159a2b8\" data-element_type=\"container\" data-e-type=\"container\">\n\t\t\t\t<\/div>\n\t\t<div class=\"elementor-element elementor-element-47dedb5 e-con-full e-flex e-con e-child\" data-id=\"47dedb5\" data-element_type=\"container\" data-e-type=\"container\">\n\t\t\t\t<div class=\"elementor-element elementor-element-9f5384b elementor-widget elementor-widget-text-editor\" data-id=\"9f5384b\" data-element_type=\"widget\" data-e-type=\"widget\" data-widget_type=\"text-editor.default\">\n\t\t\t\t\t\t\t\t\t<p>Posve\u0107eni smo vrhunskoj kvaliteti, sigurnosti i za\u0161titi okoli\u0161a. Kako bismo to dokazali, poslujemo u skladu s me\u0111unarodnim normama kao \u0161to su ISO 9001:2015, ISO 14001:2015 i HACCP. Na\u0161a proizvodnja je uskla\u0111ena s europskim regulativama REACH i CLP, a dobrovoljno slijedimo i EuPIA Exclusion Policy, nagla\u0161avaju\u0107i na\u0161u predanost odr\u017eivosti.<\/p>\t\t\t\t\t\t\t\t<\/div>\n\t\t\t\t<div class=\"elementor-element elementor-element-3d3026a elementor-widget elementor-widget-text-editor\" data-id=\"3d3026a\" data-element_type=\"widget\" data-e-type=\"widget\" data-widget_type=\"text-editor.default\">\n\t\t\t\t\t\t\t\t\t<p><span style=\"font-weight: 400;\">Predano\u0161\u0107u kvaliteti osiguravamo da dobivate proizvode koji ne samo da ispunjavaju, ve\u0107 i nadma\u0161uju industrijske standarde. S takvim temeljima, spremni smo za \u0161irenje na nova, me\u0111unarodna tr\u017ei\u0161ta.<\/span><\/p>\t\t\t\t\t\t\t\t<\/div>\n\t\t\t\t<div class=\"elementor-element elementor-element-80bce4a elementor-widget elementor-widget-image\" data-id=\"80bce4a\" data-element_type=\"widget\" data-e-type=\"widget\" data-widget_type=\"image.default\">\n\t\t\t\t\t\t\t\t\t\t\t\t\t\t\t<img decoding=\"async\" width=\"284\" height=\"284\" src=\"https:\/\/iml.solutions\/wp-content\/uploads\/2026\/02\/ISO-9001-ISO-14001_en_regular-RGB.png\" class=\"attachment-large size-large wp-image-2048\" alt=\"\" srcset=\"https:\/\/iml.solutions\/wp-content\/uploads\/2026\/02\/ISO-9001-ISO-14001_en_regular-RGB.png 284w, https:\/\/iml.solutions\/wp-content\/uploads\/2026\/02\/ISO-9001-ISO-14001_en_regular-RGB-150x150.png 150w\" sizes=\"(max-width: 284px) 100vw, 284px\" \/>\t\t\t\t\t\t\t\t\t\t\t\t\t\t\t<\/div>\n\t\t\t\t<\/div>\n\t\t\t\t<\/div>\n\t\t<div class=\"elementor-element elementor-element-2866484b e-flex e-con-boxed e-con e-parent\" data-id=\"2866484b\" data-element_type=\"container\" data-e-type=\"container\" data-settings=\"{&quot;background_background&quot;:&quot;classic&quot;}\">\n\t\t\t\t\t<div class=\"e-con-inner\">\n\t\t<div class=\"elementor-element elementor-element-753b185 e-con-full e-flex e-con e-child\" data-id=\"753b185\" data-element_type=\"container\" data-e-type=\"container\">\n\t\t\t\t<div class=\"elementor-element elementor-element-7a5d06c8 elementor-invisible elementor-widget elementor-widget-heading\" data-id=\"7a5d06c8\" data-element_type=\"widget\" data-e-type=\"widget\" data-settings=\"{&quot;_animation&quot;:&quot;fadeIn&quot;}\" data-widget_type=\"heading.default\">\n\t\t\t\t\t<h3 class=\"elementor-heading-title elementor-size-default\">Za sva pitanja o na\u0161im proizvodima ili pomo\u0107 oko narud\u017ebe, stojimo vam na raspolaganju.<\/h3>\t\t\t\t<\/div>\n\t\t\t\t<div class=\"elementor-element elementor-element-5f8a24d1 elementor-widget elementor-widget-text-editor\" data-id=\"5f8a24d1\" data-element_type=\"widget\" data-e-type=\"widget\" data-widget_type=\"text-editor.default\">\n\t\t\t\t\t\t\t\t\t<p>Kontaktirajte nas i rado \u0107emo vam pomo\u0107i.<\/p>\t\t\t\t\t\t\t\t<\/div>\n\t\t\t\t<\/div>\n\t\t<div class=\"elementor-element elementor-element-2eb44b79 e-con-full e-flex e-con e-child\" data-id=\"2eb44b79\" data-element_type=\"container\" data-e-type=\"container\">\n\t\t\t\t<div class=\"elementor-element elementor-element-6de51916 elementor-mobile-align-center elementor-widget elementor-widget-button\" data-id=\"6de51916\" data-element_type=\"widget\" data-e-type=\"widget\" data-widget_type=\"button.default\">\n\t\t\t\t\t\t\t\t\t\t<a class=\"elementor-button elementor-button-link elementor-size-sm\" href=\"https:\/\/iml.solutions\/hr\/kontakt\">\n\t\t\t\t\t\t<span class=\"elementor-button-content-wrapper\">\n\t\t\t\t\t\t\t\t\t<span class=\"elementor-button-text\">Kontaktirajte nas<\/span>\n\t\t\t\t\t<\/span>\n\t\t\t\t\t<\/a>\n\t\t\t\t\t\t\t\t<\/div>\n\t\t\t\t<\/div>\n\t\t\t\t\t<\/div>\n\t\t\t\t<\/div>\n\t\t\t\t<\/div>\n\t\t","protected":false},"excerpt":{"rendered":"<p>Na\u0161a strast je va\u0161a sigurnost U tvrtki IML net d.o.o. na\u0161a strast je va\u0161a sigurnost. Stvaramo izdr\u017eljive in-mould (IML) etikete [&hellip;]<\/p>\n","protected":false},"author":1,"featured_media":0,"parent":0,"menu_order":0,"comment_status":"closed","ping_status":"closed","template":"","meta":{"site-sidebar-layout":"no-sidebar","site-content-layout":"","ast-site-content-layout":"full-width-container","site-content-style":"default","site-sidebar-style":"default","ast-global-header-display":"","ast-banner-title-visibility":"","ast-main-header-display":"","ast-hfb-above-header-display":"","ast-hfb-below-header-display":"","ast-hfb-mobile-header-display":"","site-post-title":"disabled","ast-breadcrumbs-content":"","ast-featured-img":"disabled","footer-sml-layout":"","ast-disable-related-posts":"","theme-transparent-header-meta":"default","adv-header-id-meta":"","stick-header-meta":"default","header-above-stick-meta":"","header-main-stick-meta":"","header-below-stick-meta":"","astra-migrate-meta-layouts":"default","ast-page-background-enabled":"default","ast-page-background-meta":{"desktop":{"background-color":"var(--ast-global-color-5)","background-image":"","background-repeat":"repeat","background-position":"center center","background-size":"auto","background-attachment":"scroll","background-type":"","background-media":"","overlay-type":"","overlay-color":"","overlay-opacity":"","overlay-gradient":""},"tablet":{"background-color":"","background-image":"","background-repeat":"repeat","background-position":"center center","background-size":"auto","background-attachment":"scroll","background-type":"","background-media":"","overlay-type":"","overlay-color":"","overlay-opacity":"","overlay-gradient":""},"mobile":{"background-color":"","background-image":"","background-repeat":"repeat","background-position":"center center","background-size":"auto","background-attachment":"scroll","background-type":"","background-media":"","overlay-type":"","overlay-color":"","overlay-opacity":"","overlay-gradient":""}},"ast-content-background-meta":{"desktop":{"background-color":"var(--ast-global-color-4)","background-image":"","background-repeat":"repeat","background-position":"center center","background-size":"auto","background-attachment":"scroll","background-type":"","background-media":"","overlay-type":"","overlay-color":"","overlay-opacity":"","overlay-gradient":""},"tablet":{"background-color":"var(--ast-global-color-4)","background-image":"","background-repeat":"repeat","background-position":"center center","background-size":"auto","background-attachment":"scroll","background-type":"","background-media":"","overlay-type":"","overlay-color":"","overlay-opacity":"","overlay-gradient":""},"mobile":{"background-color":"var(--ast-global-color-4)","background-image":"","background-repeat":"repeat","background-position":"center center","background-size":"auto","background-attachment":"scroll","background-type":"","background-media":"","overlay-type":"","overlay-color":"","overlay-opacity":"","overlay-gradient":""}},"footnotes":""},"class_list":["post-1801","page","type-page","status-publish","hentry"],"yoast_head":"<!-- This site is optimized with the Yoast SEO plugin v27.6 - https:\/\/yoast.com\/product\/yoast-seo-wordpress\/ -->\n<title>O nama - IML net d.o.o.<\/title>\n<meta name=\"description\" content=\"Kori\u0161tenjem IML tehnike, etiketa se integrira izravno u plasti\u010dnu ambala\u017eu, \u0161to joj osigurava iznimnu trajnost.\" \/>\n<meta name=\"robots\" content=\"index, follow, max-snippet:-1, max-image-preview:large, max-video-preview:-1\" \/>\n<link rel=\"canonical\" href=\"https:\/\/iml.solutions\/hr\/o-nama\/\" \/>\n<meta property=\"og:locale\" content=\"hr_HR\" \/>\n<meta property=\"og:type\" content=\"article\" \/>\n<meta property=\"og:title\" content=\"O nama - IML net d.o.o.\" \/>\n<meta property=\"og:description\" content=\"Kori\u0161tenjem IML tehnike, etiketa se integrira izravno u plasti\u010dnu ambala\u017eu, \u0161to joj osigurava iznimnu trajnost.\" \/>\n<meta property=\"og:url\" content=\"https:\/\/iml.solutions\/hr\/o-nama\/\" \/>\n<meta property=\"og:site_name\" content=\"IML net d.o.o.\" \/>\n<meta property=\"article:modified_time\" content=\"2026-02-27T10:14:44+00:00\" \/>\n<meta property=\"og:image\" content=\"https:\/\/iml.solutions\/wp-content\/uploads\/2025\/09\/DSC_2298-products-scaled.jpg\" \/>\n\t<meta property=\"og:image:width\" content=\"2560\" \/>\n\t<meta property=\"og:image:height\" content=\"395\" \/>\n\t<meta property=\"og:image:type\" content=\"image\/jpeg\" \/>\n<script type=\"application\/ld+json\" class=\"yoast-schema-graph\">{\"@context\":\"https:\\\/\\\/schema.org\",\"@graph\":[{\"@type\":\"WebPage\",\"@id\":\"https:\\\/\\\/iml.solutions\\\/hr\\\/o-nama\\\/\",\"url\":\"https:\\\/\\\/iml.solutions\\\/hr\\\/o-nama\\\/\",\"name\":\"O nama - IML net d.o.o.\",\"isPartOf\":{\"@id\":\"https:\\\/\\\/iml.solutions\\\/hr\\\/#website\"},\"primaryImageOfPage\":{\"@id\":\"https:\\\/\\\/iml.solutions\\\/hr\\\/o-nama\\\/#primaryimage\"},\"image\":{\"@id\":\"https:\\\/\\\/iml.solutions\\\/hr\\\/o-nama\\\/#primaryimage\"},\"thumbnailUrl\":\"https:\\\/\\\/iml.solutions\\\/wp-content\\\/uploads\\\/2025\\\/09\\\/DSC_2298-products-scaled.jpg\",\"datePublished\":\"2025-09-26T12:57:37+00:00\",\"dateModified\":\"2026-02-27T10:14:44+00:00\",\"description\":\"Kori\u0161tenjem IML tehnike, etiketa se integrira izravno u plasti\u010dnu ambala\u017eu, \u0161to joj osigurava iznimnu trajnost.\",\"breadcrumb\":{\"@id\":\"https:\\\/\\\/iml.solutions\\\/hr\\\/o-nama\\\/#breadcrumb\"},\"inLanguage\":\"hr\",\"potentialAction\":[{\"@type\":\"ReadAction\",\"target\":[\"https:\\\/\\\/iml.solutions\\\/hr\\\/o-nama\\\/\"]}]},{\"@type\":\"ImageObject\",\"inLanguage\":\"hr\",\"@id\":\"https:\\\/\\\/iml.solutions\\\/hr\\\/o-nama\\\/#primaryimage\",\"url\":\"https:\\\/\\\/iml.solutions\\\/wp-content\\\/uploads\\\/2025\\\/09\\\/DSC_2298-products-scaled.jpg\",\"contentUrl\":\"https:\\\/\\\/iml.solutions\\\/wp-content\\\/uploads\\\/2025\\\/09\\\/DSC_2298-products-scaled.jpg\"},{\"@type\":\"BreadcrumbList\",\"@id\":\"https:\\\/\\\/iml.solutions\\\/hr\\\/o-nama\\\/#breadcrumb\",\"itemListElement\":[{\"@type\":\"ListItem\",\"position\":1,\"name\":\"Home\",\"item\":\"https:\\\/\\\/iml.solutions\\\/hr\\\/\"},{\"@type\":\"ListItem\",\"position\":2,\"name\":\"O nama\"}]},{\"@type\":\"WebSite\",\"@id\":\"https:\\\/\\\/iml.solutions\\\/hr\\\/#website\",\"url\":\"https:\\\/\\\/iml.solutions\\\/hr\\\/\",\"name\":\"https:\\\/\\\/iml.solutions\\\/\",\"description\":\"\",\"publisher\":{\"@id\":\"https:\\\/\\\/iml.solutions\\\/hr\\\/#organization\"},\"potentialAction\":[{\"@type\":\"SearchAction\",\"target\":{\"@type\":\"EntryPoint\",\"urlTemplate\":\"https:\\\/\\\/iml.solutions\\\/hr\\\/?s={search_term_string}\"},\"query-input\":{\"@type\":\"PropertyValueSpecification\",\"valueRequired\":true,\"valueName\":\"search_term_string\"}}],\"inLanguage\":\"hr\"},{\"@type\":\"Organization\",\"@id\":\"https:\\\/\\\/iml.solutions\\\/hr\\\/#organization\",\"name\":\"IML net d.o.o.\",\"alternateName\":\"IML solutions\",\"url\":\"https:\\\/\\\/iml.solutions\\\/hr\\\/\",\"logo\":{\"@type\":\"ImageObject\",\"inLanguage\":\"hr\",\"@id\":\"https:\\\/\\\/iml.solutions\\\/hr\\\/#\\\/schema\\\/logo\\\/image\\\/\",\"url\":\"https:\\\/\\\/iml.solutions\\\/wp-content\\\/uploads\\\/2025\\\/09\\\/Logo-iml.png\",\"contentUrl\":\"https:\\\/\\\/iml.solutions\\\/wp-content\\\/uploads\\\/2025\\\/09\\\/Logo-iml.png\",\"width\":1435,\"height\":408,\"caption\":\"IML net d.o.o.\"},\"image\":{\"@id\":\"https:\\\/\\\/iml.solutions\\\/hr\\\/#\\\/schema\\\/logo\\\/image\\\/\"}}]}<\/script>\n<!-- \/ Yoast SEO plugin. -->","yoast_head_json":{"title":"O nama - IML net d.o.o.","description":"Kori\u0161tenjem IML tehnike, etiketa se integrira izravno u plasti\u010dnu ambala\u017eu, \u0161to joj osigurava iznimnu trajnost.","robots":{"index":"index","follow":"follow","max-snippet":"max-snippet:-1","max-image-preview":"max-image-preview:large","max-video-preview":"max-video-preview:-1"},"canonical":"https:\/\/iml.solutions\/hr\/o-nama\/","og_locale":"hr_HR","og_type":"article","og_title":"O nama - IML net d.o.o.","og_description":"Kori\u0161tenjem IML tehnike, etiketa se integrira izravno u plasti\u010dnu ambala\u017eu, \u0161to joj osigurava iznimnu trajnost.","og_url":"https:\/\/iml.solutions\/hr\/o-nama\/","og_site_name":"IML net d.o.o.","article_modified_time":"2026-02-27T10:14:44+00:00","og_image":[{"width":2560,"height":395,"url":"https:\/\/iml.solutions\/wp-content\/uploads\/2025\/09\/DSC_2298-products-scaled.jpg","type":"image\/jpeg"}],"schema":{"@context":"https:\/\/schema.org","@graph":[{"@type":"WebPage","@id":"https:\/\/iml.solutions\/hr\/o-nama\/","url":"https:\/\/iml.solutions\/hr\/o-nama\/","name":"O nama - IML net d.o.o.","isPartOf":{"@id":"https:\/\/iml.solutions\/hr\/#website"},"primaryImageOfPage":{"@id":"https:\/\/iml.solutions\/hr\/o-nama\/#primaryimage"},"image":{"@id":"https:\/\/iml.solutions\/hr\/o-nama\/#primaryimage"},"thumbnailUrl":"https:\/\/iml.solutions\/wp-content\/uploads\/2025\/09\/DSC_2298-products-scaled.jpg","datePublished":"2025-09-26T12:57:37+00:00","dateModified":"2026-02-27T10:14:44+00:00","description":"Kori\u0161tenjem IML tehnike, etiketa se integrira izravno u plasti\u010dnu ambala\u017eu, \u0161to joj osigurava iznimnu trajnost.","breadcrumb":{"@id":"https:\/\/iml.solutions\/hr\/o-nama\/#breadcrumb"},"inLanguage":"hr","potentialAction":[{"@type":"ReadAction","target":["https:\/\/iml.solutions\/hr\/o-nama\/"]}]},{"@type":"ImageObject","inLanguage":"hr","@id":"https:\/\/iml.solutions\/hr\/o-nama\/#primaryimage","url":"https:\/\/iml.solutions\/wp-content\/uploads\/2025\/09\/DSC_2298-products-scaled.jpg","contentUrl":"https:\/\/iml.solutions\/wp-content\/uploads\/2025\/09\/DSC_2298-products-scaled.jpg"},{"@type":"BreadcrumbList","@id":"https:\/\/iml.solutions\/hr\/o-nama\/#breadcrumb","itemListElement":[{"@type":"ListItem","position":1,"name":"Home","item":"https:\/\/iml.solutions\/hr\/"},{"@type":"ListItem","position":2,"name":"O nama"}]},{"@type":"WebSite","@id":"https:\/\/iml.solutions\/hr\/#website","url":"https:\/\/iml.solutions\/hr\/","name":"https:\/\/iml.solutions\/","description":"","publisher":{"@id":"https:\/\/iml.solutions\/hr\/#organization"},"potentialAction":[{"@type":"SearchAction","target":{"@type":"EntryPoint","urlTemplate":"https:\/\/iml.solutions\/hr\/?s={search_term_string}"},"query-input":{"@type":"PropertyValueSpecification","valueRequired":true,"valueName":"search_term_string"}}],"inLanguage":"hr"},{"@type":"Organization","@id":"https:\/\/iml.solutions\/hr\/#organization","name":"IML net d.o.o.","alternateName":"IML solutions","url":"https:\/\/iml.solutions\/hr\/","logo":{"@type":"ImageObject","inLanguage":"hr","@id":"https:\/\/iml.solutions\/hr\/#\/schema\/logo\/image\/","url":"https:\/\/iml.solutions\/wp-content\/uploads\/2025\/09\/Logo-iml.png","contentUrl":"https:\/\/iml.solutions\/wp-content\/uploads\/2025\/09\/Logo-iml.png","width":1435,"height":408,"caption":"IML net d.o.o."},"image":{"@id":"https:\/\/iml.solutions\/hr\/#\/schema\/logo\/image\/"}}]}},"_links":{"self":[{"href":"https:\/\/iml.solutions\/hr\/wp-json\/wp\/v2\/pages\/1801","targetHints":{"allow":["GET"]}}],"collection":[{"href":"https:\/\/iml.solutions\/hr\/wp-json\/wp\/v2\/pages"}],"about":[{"href":"https:\/\/iml.solutions\/hr\/wp-json\/wp\/v2\/types\/page"}],"author":[{"embeddable":true,"href":"https:\/\/iml.solutions\/hr\/wp-json\/wp\/v2\/users\/1"}],"replies":[{"embeddable":true,"href":"https:\/\/iml.solutions\/hr\/wp-json\/wp\/v2\/comments?post=1801"}],"version-history":[{"count":25,"href":"https:\/\/iml.solutions\/hr\/wp-json\/wp\/v2\/pages\/1801\/revisions"}],"predecessor-version":[{"id":2067,"href":"https:\/\/iml.solutions\/hr\/wp-json\/wp\/v2\/pages\/1801\/revisions\/2067"}],"wp:attachment":[{"href":"https:\/\/iml.solutions\/hr\/wp-json\/wp\/v2\/media?parent=1801"}],"curies":[{"name":"wp","href":"https:\/\/api.w.org\/{rel}","templated":true}]}}