{"id":1815,"date":"2025-09-30T19:42:18","date_gmt":"2025-09-30T17:42:18","guid":{"rendered":"https:\/\/iml.solutions\/proizvodi\/"},"modified":"2025-10-22T19:14:47","modified_gmt":"2025-10-22T17:14:47","slug":"proizvodi","status":"publish","type":"page","link":"https:\/\/iml.solutions\/hr\/proizvodi\/","title":{"rendered":"Proizvodi"},"content":{"rendered":"\t\t<div data-elementor-type=\"wp-page\" data-elementor-id=\"1815\" class=\"elementor elementor-1815 elementor-476\" data-elementor-post-type=\"page\">\n\t\t\t\t<div class=\"elementor-element elementor-element-cf4acd3 e-con-full e-flex e-con e-parent\" data-id=\"cf4acd3\" data-element_type=\"container\" data-e-type=\"container\">\n\t\t\t\t<div class=\"elementor-element elementor-element-eb5747a elementor--v-position-top elementor--h-position-center elementor-widget elementor-widget-slides\" data-id=\"eb5747a\" data-element_type=\"widget\" data-e-type=\"widget\" data-settings=\"{&quot;navigation&quot;:&quot;none&quot;,&quot;transition&quot;:&quot;slide&quot;,&quot;transition_speed&quot;:500}\" data-widget_type=\"slides.default\">\n\t\t\t\t\t\t\t\t\t\t<div class=\"elementor-slides-wrapper elementor-main-swiper swiper\" role=\"region\" aria-roledescription=\"carousel\" aria-label=\"Slides\" dir=\"ltr\" data-animation=\"\">\n\t\t\t\t<div class=\"swiper-wrapper elementor-slides\">\n\t\t\t\t\t\t\t\t\t\t<div class=\"elementor-repeater-item-96a874e swiper-slide\" role=\"group\" aria-roledescription=\"slide\"><div class=\"swiper-slide-bg elementor-ken-burns elementor-ken-burns--out\" role=\"img\" aria-label=\"Cutting\"><\/div><div class=\"swiper-slide-inner\" ><div class=\"swiper-slide-contents\"><\/div><\/div><\/div>\t\t\t\t<\/div>\n\t\t\t\t\t\t\t<\/div>\n\t\t\t\t\t\t\t\t<\/div>\n\t\t\t\t<\/div>\n\t\t<div class=\"elementor-element elementor-element-d8bba72 e-flex e-con-boxed e-con e-parent\" data-id=\"d8bba72\" data-element_type=\"container\" data-e-type=\"container\">\n\t\t\t\t\t<div class=\"e-con-inner\">\n\t\t\t\t<div class=\"elementor-element elementor-element-a71cafd elementor-widget elementor-widget-heading\" data-id=\"a71cafd\" data-element_type=\"widget\" data-e-type=\"widget\" data-widget_type=\"heading.default\">\n\t\t\t\t\t<h2 class=\"elementor-heading-title elementor-size-default\">Fleksibilnost koja pokre\u0107e rast<\/h2>\t\t\t\t<\/div>\n\t\t\t\t<div class=\"elementor-element elementor-element-14be470 elementor-widget elementor-widget-text-editor\" data-id=\"14be470\" data-element_type=\"widget\" data-e-type=\"widget\" data-widget_type=\"text-editor.default\">\n\t\t\t\t\t\t\t\t\t<p style=\"text-align: center;\">Svim klijentima pristupamo individualno, jer svaki proizvod ima jedinstvene zahtjeve. Zato nudimo IML etikete razli\u010ditih razina trajnosti: od isplativih rje\u0161enja za proizvode jednokratne upotrebe do iznimno izdr\u017eljivih, premium etiketa za najzahtjevnije uvjete. Ovakav raznolik pristup omogu\u0107uje vam optimizaciju tro\u0161kova bez kompromisa na kvaliteti.<br><\/p>\t\t\t\t\t\t\t\t<\/div>\n\t\t\t\t<div class=\"elementor-element elementor-element-68cdfcb elementor-widget__width-initial elementor-widget-divider--view-line elementor-widget elementor-widget-divider\" data-id=\"68cdfcb\" data-element_type=\"widget\" data-e-type=\"widget\" data-widget_type=\"divider.default\">\n\t\t\t\t\t\t\t<div class=\"elementor-divider\">\n\t\t\t<span class=\"elementor-divider-separator\">\n\t\t\t\t\t\t<\/span>\n\t\t<\/div>\n\t\t\t\t\t\t<\/div>\n\t\t\t\t\t<\/div>\n\t\t\t\t<\/div>\n\t\t<div class=\"elementor-element elementor-element-d7454d6 e-flex e-con-boxed e-con e-parent\" data-id=\"d7454d6\" data-element_type=\"container\" data-e-type=\"container\">\n\t\t\t\t\t<div class=\"e-con-inner\">\n\t\t<div class=\"elementor-element elementor-element-fecfcea e-con-full e-flex e-con e-child\" data-id=\"fecfcea\" data-element_type=\"container\" data-e-type=\"container\">\n\t\t\t\t<div class=\"elementor-element elementor-element-a359c91 elementor-widget elementor-widget-image\" data-id=\"a359c91\" data-element_type=\"widget\" data-e-type=\"widget\" data-widget_type=\"image.default\">\n\t\t\t\t\t\t\t\t\t\t\t\t\t\t\t<img fetchpriority=\"high\" decoding=\"async\" width=\"825\" height=\"1024\" src=\"https:\/\/iml.solutions\/wp-content\/uploads\/2025\/09\/icon-labels_v1-825x1024.png\" class=\"attachment-large size-large wp-image-1794\" alt=\"\" srcset=\"https:\/\/iml.solutions\/wp-content\/uploads\/2025\/09\/icon-labels_v1-825x1024.png 825w, https:\/\/iml.solutions\/wp-content\/uploads\/2025\/09\/icon-labels_v1-242x300.png 242w, https:\/\/iml.solutions\/wp-content\/uploads\/2025\/09\/icon-labels_v1-768x953.png 768w, https:\/\/iml.solutions\/wp-content\/uploads\/2025\/09\/icon-labels_v1.png 942w\" sizes=\"(max-width: 825px) 100vw, 825px\" \/>\t\t\t\t\t\t\t\t\t\t\t\t\t\t\t<\/div>\n\t\t\t\t<div class=\"elementor-element elementor-element-462edc3 elementor-widget elementor-widget-text-editor\" data-id=\"462edc3\" data-element_type=\"widget\" data-e-type=\"widget\" data-widget_type=\"text-editor.default\">\n\t\t\t\t\t\t\t\t\t<p>ECONOMIC etikete kratke trajnosti su ekonomi\u010dno rje\u0161enje, idealno za proizvode namijenjene jednokratnoj upotrebi. Isti\u010du se svojim prepoznatljivim efektom &#8220;naran\u010dine kore&#8221; te se naj\u010de\u0161\u0107e koriste na ambala\u017ei za sladolede, maslac i svje\u017ei sir. Iako su dio na\u0161eg sveobuhvatnog asortimana, nudimo ih kako bismo osigurali da svaki klijent prona\u0111e rje\u0161enje prilago\u0111eno svojim specifi\u010dnim potrebama.<br><\/p>\t\t\t\t\t\t\t\t<\/div>\n\t\t\t\t<div class=\"elementor-element elementor-element-b6cd2ee elementor-widget elementor-widget-spacer\" data-id=\"b6cd2ee\" data-element_type=\"widget\" data-e-type=\"widget\" data-widget_type=\"spacer.default\">\n\t\t\t\t\t\t\t<div class=\"elementor-spacer\">\n\t\t\t<div class=\"elementor-spacer-inner\"><\/div>\n\t\t<\/div>\n\t\t\t\t\t\t<\/div>\n\t\t\t\t<\/div>\n\t\t<div class=\"elementor-element elementor-element-5d36357 e-con-full e-flex e-con e-child\" data-id=\"5d36357\" data-element_type=\"container\" data-e-type=\"container\">\n\t\t\t\t<div class=\"elementor-element elementor-element-7418f2d elementor-widget elementor-widget-image\" data-id=\"7418f2d\" data-element_type=\"widget\" data-e-type=\"widget\" data-widget_type=\"image.default\">\n\t\t\t\t\t\t\t\t\t\t\t\t\t\t\t<img decoding=\"async\" width=\"825\" height=\"1024\" src=\"https:\/\/iml.solutions\/wp-content\/uploads\/2025\/09\/icon-labels_v2-825x1024.png\" class=\"attachment-large size-large wp-image-1786\" alt=\"\" srcset=\"https:\/\/iml.solutions\/wp-content\/uploads\/2025\/09\/icon-labels_v2-825x1024.png 825w, https:\/\/iml.solutions\/wp-content\/uploads\/2025\/09\/icon-labels_v2-242x300.png 242w, https:\/\/iml.solutions\/wp-content\/uploads\/2025\/09\/icon-labels_v2-768x953.png 768w, https:\/\/iml.solutions\/wp-content\/uploads\/2025\/09\/icon-labels_v2.png 942w\" sizes=\"(max-width: 825px) 100vw, 825px\" \/>\t\t\t\t\t\t\t\t\t\t\t\t\t\t\t<\/div>\n\t\t\t\t<div class=\"elementor-element elementor-element-764c00b elementor-widget elementor-widget-text-editor\" data-id=\"764c00b\" data-element_type=\"widget\" data-e-type=\"widget\" data-widget_type=\"text-editor.default\">\n\t\t\t\t\t\t\t\t\t<p>ECONOMIC etikete srednje trajnosti pru\u017eaju vi\u0161e od osnovne opcije. One su lakirane i otporne na grebanje, s bojama koje dugo traju. Stvorene su za proizvode koji zahtijevaju ve\u0107u izdr\u017eljivost, ali su i dalje isplativi. Od dje\u010djih igra\u010daka i modnih dodataka za pla\u017eu do raznih ku\u0107anskih potrep\u0161tina, ove etikete osiguravaju da se dizajn ne\u0107e o\u0161tetiti, bez obzira na u\u010destalost kori\u0161tenja.<br><\/p>\t\t\t\t\t\t\t\t<\/div>\n\t\t\t\t<div class=\"elementor-element elementor-element-99c3398 elementor-widget elementor-widget-spacer\" data-id=\"99c3398\" data-element_type=\"widget\" data-e-type=\"widget\" data-widget_type=\"spacer.default\">\n\t\t\t\t\t\t\t<div class=\"elementor-spacer\">\n\t\t\t<div class=\"elementor-spacer-inner\"><\/div>\n\t\t<\/div>\n\t\t\t\t\t\t<\/div>\n\t\t\t\t<\/div>\n\t\t\t\t\t<\/div>\n\t\t\t\t<\/div>\n\t\t<div class=\"elementor-element elementor-element-9615464 e-flex e-con-boxed e-con e-parent\" data-id=\"9615464\" data-element_type=\"container\" data-e-type=\"container\">\n\t\t\t\t\t<div class=\"e-con-inner\">\n\t\t<div class=\"elementor-element elementor-element-177dc81 e-con-full e-flex e-con e-child\" data-id=\"177dc81\" data-element_type=\"container\" data-e-type=\"container\">\n\t\t\t\t<div class=\"elementor-element elementor-element-eb7b76d elementor-widget elementor-widget-image\" data-id=\"eb7b76d\" data-element_type=\"widget\" data-e-type=\"widget\" data-widget_type=\"image.default\">\n\t\t\t\t\t\t\t\t\t\t\t\t\t\t\t<img decoding=\"async\" width=\"825\" height=\"1024\" src=\"https:\/\/iml.solutions\/wp-content\/uploads\/2025\/09\/icon-labels_v3-825x1024.png\" class=\"attachment-large size-large wp-image-1787\" alt=\"\" srcset=\"https:\/\/iml.solutions\/wp-content\/uploads\/2025\/09\/icon-labels_v3-825x1024.png 825w, https:\/\/iml.solutions\/wp-content\/uploads\/2025\/09\/icon-labels_v3-242x300.png 242w, https:\/\/iml.solutions\/wp-content\/uploads\/2025\/09\/icon-labels_v3-768x953.png 768w, https:\/\/iml.solutions\/wp-content\/uploads\/2025\/09\/icon-labels_v3.png 942w\" sizes=\"(max-width: 825px) 100vw, 825px\" \/>\t\t\t\t\t\t\t\t\t\t\t\t\t\t\t<\/div>\n\t\t\t\t<div class=\"elementor-element elementor-element-3951e8e elementor-widget elementor-widget-text-editor\" data-id=\"3951e8e\" data-element_type=\"widget\" data-e-type=\"widget\" data-widget_type=\"text-editor.default\">\n\t\t\t\t\t\t\t\t\t<p><span style=\"font-weight: 400;\">PREMIUM etikete srednje trajnosti savr\u0161en su izbor za proizvode koji imaju funkciju promocije i isticanja vizualnog identiteta brenda. Kroz godine smo usavr\u0161ili izradu laminiranih etiketa kako bismo osigurali iznimnu izdr\u017eljivost i pouzdanost na predmetima izlo\u017eenim \u010destoj uporabi, poput ku\u0107anskih potrep\u0161tina, suvenira, plasti\u010dnih \u010da\u0161a za doga\u0111anja ili raznih gadgeta. Laminirane etikete biraju se kada je naglasak na premium kvaliteti.<br>  <\/span><\/p>\t\t\t\t\t\t\t\t<\/div>\n\t\t\t\t<div class=\"elementor-element elementor-element-fdc6fed elementor-widget elementor-widget-spacer\" data-id=\"fdc6fed\" data-element_type=\"widget\" data-e-type=\"widget\" data-widget_type=\"spacer.default\">\n\t\t\t\t\t\t\t<div class=\"elementor-spacer\">\n\t\t\t<div class=\"elementor-spacer-inner\"><\/div>\n\t\t<\/div>\n\t\t\t\t\t\t<\/div>\n\t\t\t\t<\/div>\n\t\t<div class=\"elementor-element elementor-element-8ed531b e-con-full e-flex e-con e-child\" data-id=\"8ed531b\" data-element_type=\"container\" data-e-type=\"container\">\n\t\t\t\t<div class=\"elementor-element elementor-element-71b80d8 elementor-widget elementor-widget-image\" data-id=\"71b80d8\" data-element_type=\"widget\" data-e-type=\"widget\" data-widget_type=\"image.default\">\n\t\t\t\t\t\t\t\t\t\t\t\t\t\t\t<img loading=\"lazy\" decoding=\"async\" width=\"825\" height=\"1024\" src=\"https:\/\/iml.solutions\/wp-content\/uploads\/2025\/09\/icon-labels_v4-825x1024.png\" class=\"attachment-large size-large wp-image-1788\" alt=\"\" srcset=\"https:\/\/iml.solutions\/wp-content\/uploads\/2025\/09\/icon-labels_v4-825x1024.png 825w, https:\/\/iml.solutions\/wp-content\/uploads\/2025\/09\/icon-labels_v4-242x300.png 242w, https:\/\/iml.solutions\/wp-content\/uploads\/2025\/09\/icon-labels_v4-768x953.png 768w, https:\/\/iml.solutions\/wp-content\/uploads\/2025\/09\/icon-labels_v4.png 942w\" sizes=\"(max-width: 825px) 100vw, 825px\" \/>\t\t\t\t\t\t\t\t\t\t\t\t\t\t\t<\/div>\n\t\t\t\t<div class=\"elementor-element elementor-element-c423c22 elementor-widget elementor-widget-text-editor\" data-id=\"c423c22\" data-element_type=\"widget\" data-e-type=\"widget\" data-widget_type=\"text-editor.default\">\n\t\t\t\t\t\t\t\t\t<p>PREMIUM etikete duge trajnosti stvorene su da izdr\u017ee najzahtjevnije uvjete. Pri njihovoj izradi koristimo deblje i trajnije materijale. Prema potrebama va\u0161ih proizvoda, u strukturu etikete mo\u017eemo ugraditi i UV za\u0161titu, \u0161to osigurava bogate i jarke boje unato\u010d dugotrajnoj izlo\u017eenosti suncu. Ove etikete stoga su idealne za gajbe za pivo, podne plo\u010dice i sve proizvode koji zahtijevaju vrhunsku izdr\u017eljivost.<br><\/p>\t\t\t\t\t\t\t\t<\/div>\n\t\t\t\t<div class=\"elementor-element elementor-element-05ef76e elementor-widget elementor-widget-spacer\" data-id=\"05ef76e\" data-element_type=\"widget\" data-e-type=\"widget\" data-widget_type=\"spacer.default\">\n\t\t\t\t\t\t\t<div class=\"elementor-spacer\">\n\t\t\t<div class=\"elementor-spacer-inner\"><\/div>\n\t\t<\/div>\n\t\t\t\t\t\t<\/div>\n\t\t\t\t<\/div>\n\t\t\t\t\t<\/div>\n\t\t\t\t<\/div>\n\t\t<div class=\"elementor-element elementor-element-26d270c1 e-flex e-con-boxed e-con e-parent\" data-id=\"26d270c1\" data-element_type=\"container\" data-e-type=\"container\" data-settings=\"{&quot;background_background&quot;:&quot;classic&quot;}\">\n\t\t\t\t\t<div class=\"e-con-inner\">\n\t\t<div class=\"elementor-element elementor-element-691d13c8 e-con-full e-flex e-con e-child\" data-id=\"691d13c8\" data-element_type=\"container\" data-e-type=\"container\">\n\t\t\t\t<div class=\"elementor-element elementor-element-1dec2b2e elementor-invisible elementor-widget elementor-widget-heading\" data-id=\"1dec2b2e\" data-element_type=\"widget\" data-e-type=\"widget\" data-settings=\"{&quot;_animation&quot;:&quot;fadeIn&quot;}\" data-widget_type=\"heading.default\">\n\t\t\t\t\t<h3 class=\"elementor-heading-title elementor-size-default\">Za sva pitanja o na\u0161im proizvodima ili pomo\u0107 oko narud\u017ebe, stojimo vam na raspolaganju.<\/h3>\t\t\t\t<\/div>\n\t\t\t\t<div class=\"elementor-element elementor-element-38c3fa8c elementor-widget elementor-widget-text-editor\" data-id=\"38c3fa8c\" data-element_type=\"widget\" data-e-type=\"widget\" data-widget_type=\"text-editor.default\">\n\t\t\t\t\t\t\t\t\t<p>Kontaktirajte nas i rado \u0107emo vam pomo\u0107i.<\/p>\t\t\t\t\t\t\t\t<\/div>\n\t\t\t\t<\/div>\n\t\t<div class=\"elementor-element elementor-element-f7ee182 e-con-full e-flex e-con e-child\" data-id=\"f7ee182\" data-element_type=\"container\" data-e-type=\"container\">\n\t\t\t\t<div class=\"elementor-element elementor-element-6249393 elementor-mobile-align-center elementor-widget elementor-widget-button\" data-id=\"6249393\" data-element_type=\"widget\" data-e-type=\"widget\" data-widget_type=\"button.default\">\n\t\t\t\t\t\t\t\t\t\t<a class=\"elementor-button elementor-button-link elementor-size-sm\" href=\"https:\/\/iml.solutions\/hr\/kontakt\">\n\t\t\t\t\t\t<span class=\"elementor-button-content-wrapper\">\n\t\t\t\t\t\t\t\t\t<span class=\"elementor-button-text\">Kontaktirajte nas<\/span>\n\t\t\t\t\t<\/span>\n\t\t\t\t\t<\/a>\n\t\t\t\t\t\t\t\t<\/div>\n\t\t\t\t<\/div>\n\t\t\t\t\t<\/div>\n\t\t\t\t<\/div>\n\t\t\t\t<\/div>\n\t\t","protected":false},"excerpt":{"rendered":"<p>Fleksibilnost koja pokre\u0107e rast Svim klijentima pristupamo individualno, jer svaki proizvod ima jedinstvene zahtjeve. Zato nudimo IML etikete razli\u010ditih razina [&hellip;]<\/p>\n","protected":false},"author":1,"featured_media":0,"parent":0,"menu_order":0,"comment_status":"closed","ping_status":"closed","template":"","meta":{"site-sidebar-layout":"no-sidebar","site-content-layout":"","ast-site-content-layout":"full-width-container","site-content-style":"default","site-sidebar-style":"default","ast-global-header-display":"","ast-banner-title-visibility":"","ast-main-header-display":"","ast-hfb-above-header-display":"","ast-hfb-below-header-display":"","ast-hfb-mobile-header-display":"","site-post-title":"disabled","ast-breadcrumbs-content":"","ast-featured-img":"disabled","footer-sml-layout":"","ast-disable-related-posts":"","theme-transparent-header-meta":"default","adv-header-id-meta":"","stick-header-meta":"default","header-above-stick-meta":"","header-main-stick-meta":"","header-below-stick-meta":"","astra-migrate-meta-layouts":"default","ast-page-background-enabled":"default","ast-page-background-meta":{"desktop":{"background-color":"var(--ast-global-color-5)","background-image":"","background-repeat":"repeat","background-position":"center center","background-size":"auto","background-attachment":"scroll","background-type":"","background-media":"","overlay-type":"","overlay-color":"","overlay-opacity":"","overlay-gradient":""},"tablet":{"background-color":"","background-image":"","background-repeat":"repeat","background-position":"center center","background-size":"auto","background-attachment":"scroll","background-type":"","background-media":"","overlay-type":"","overlay-color":"","overlay-opacity":"","overlay-gradient":""},"mobile":{"background-color":"","background-image":"","background-repeat":"repeat","background-position":"center center","background-size":"auto","background-attachment":"scroll","background-type":"","background-media":"","overlay-type":"","overlay-color":"","overlay-opacity":"","overlay-gradient":""}},"ast-content-background-meta":{"desktop":{"background-color":"var(--ast-global-color-4)","background-image":"","background-repeat":"repeat","background-position":"center center","background-size":"auto","background-attachment":"scroll","background-type":"","background-media":"","overlay-type":"","overlay-color":"","overlay-opacity":"","overlay-gradient":""},"tablet":{"background-color":"var(--ast-global-color-4)","background-image":"","background-repeat":"repeat","background-position":"center center","background-size":"auto","background-attachment":"scroll","background-type":"","background-media":"","overlay-type":"","overlay-color":"","overlay-opacity":"","overlay-gradient":""},"mobile":{"background-color":"var(--ast-global-color-4)","background-image":"","background-repeat":"repeat","background-position":"center center","background-size":"auto","background-attachment":"scroll","background-type":"","background-media":"","overlay-type":"","overlay-color":"","overlay-opacity":"","overlay-gradient":""}},"footnotes":""},"class_list":["post-1815","page","type-page","status-publish","hentry"],"yoast_head":"<!-- This site is optimized with the Yoast SEO plugin v27.3 - https:\/\/yoast.com\/product\/yoast-seo-wordpress\/ -->\n<title>Proizvodi - IML net d.o.o.<\/title>\n<meta name=\"description\" content=\"Svim klijentima pristupamo individualno, jer svaki proizvod ima jedinstvene zahtjeve.\" \/>\n<meta name=\"robots\" content=\"index, follow, max-snippet:-1, max-image-preview:large, max-video-preview:-1\" \/>\n<link rel=\"canonical\" href=\"https:\/\/iml.solutions\/hr\/proizvodi\/\" \/>\n<meta property=\"og:locale\" content=\"hr_HR\" \/>\n<meta property=\"og:type\" content=\"article\" \/>\n<meta property=\"og:title\" content=\"Proizvodi - IML net d.o.o.\" \/>\n<meta property=\"og:description\" content=\"Svim klijentima pristupamo individualno, jer svaki proizvod ima jedinstvene zahtjeve.\" \/>\n<meta property=\"og:url\" content=\"https:\/\/iml.solutions\/hr\/proizvodi\/\" \/>\n<meta property=\"og:site_name\" content=\"IML net d.o.o.\" \/>\n<meta property=\"article:modified_time\" content=\"2025-10-22T17:14:47+00:00\" \/>\n<meta property=\"og:image\" content=\"https:\/\/iml.solutions\/wp-content\/uploads\/2025\/09\/icon-labels_v1.png\" \/>\n\t<meta property=\"og:image:width\" content=\"942\" \/>\n\t<meta property=\"og:image:height\" content=\"1169\" \/>\n\t<meta property=\"og:image:type\" content=\"image\/png\" \/>\n<script type=\"application\/ld+json\" class=\"yoast-schema-graph\">{\"@context\":\"https:\\\/\\\/schema.org\",\"@graph\":[{\"@type\":\"WebPage\",\"@id\":\"https:\\\/\\\/iml.solutions\\\/hr\\\/proizvodi\\\/\",\"url\":\"https:\\\/\\\/iml.solutions\\\/hr\\\/proizvodi\\\/\",\"name\":\"Proizvodi - IML net d.o.o.\",\"isPartOf\":{\"@id\":\"https:\\\/\\\/iml.solutions\\\/hr\\\/#website\"},\"primaryImageOfPage\":{\"@id\":\"https:\\\/\\\/iml.solutions\\\/hr\\\/proizvodi\\\/#primaryimage\"},\"image\":{\"@id\":\"https:\\\/\\\/iml.solutions\\\/hr\\\/proizvodi\\\/#primaryimage\"},\"thumbnailUrl\":\"https:\\\/\\\/iml.solutions\\\/wp-content\\\/uploads\\\/2025\\\/09\\\/icon-labels_v1-825x1024.png\",\"datePublished\":\"2025-09-30T17:42:18+00:00\",\"dateModified\":\"2025-10-22T17:14:47+00:00\",\"description\":\"Svim klijentima pristupamo individualno, jer svaki proizvod ima jedinstvene zahtjeve.\",\"breadcrumb\":{\"@id\":\"https:\\\/\\\/iml.solutions\\\/hr\\\/proizvodi\\\/#breadcrumb\"},\"inLanguage\":\"hr\",\"potentialAction\":[{\"@type\":\"ReadAction\",\"target\":[\"https:\\\/\\\/iml.solutions\\\/hr\\\/proizvodi\\\/\"]}]},{\"@type\":\"ImageObject\",\"inLanguage\":\"hr\",\"@id\":\"https:\\\/\\\/iml.solutions\\\/hr\\\/proizvodi\\\/#primaryimage\",\"url\":\"https:\\\/\\\/iml.solutions\\\/wp-content\\\/uploads\\\/2025\\\/09\\\/icon-labels_v1-825x1024.png\",\"contentUrl\":\"https:\\\/\\\/iml.solutions\\\/wp-content\\\/uploads\\\/2025\\\/09\\\/icon-labels_v1-825x1024.png\"},{\"@type\":\"BreadcrumbList\",\"@id\":\"https:\\\/\\\/iml.solutions\\\/hr\\\/proizvodi\\\/#breadcrumb\",\"itemListElement\":[{\"@type\":\"ListItem\",\"position\":1,\"name\":\"Home\",\"item\":\"https:\\\/\\\/iml.solutions\\\/hr\\\/\"},{\"@type\":\"ListItem\",\"position\":2,\"name\":\"Proizvodi\"}]},{\"@type\":\"WebSite\",\"@id\":\"https:\\\/\\\/iml.solutions\\\/hr\\\/#website\",\"url\":\"https:\\\/\\\/iml.solutions\\\/hr\\\/\",\"name\":\"https:\\\/\\\/iml.solutions\\\/\",\"description\":\"\",\"publisher\":{\"@id\":\"https:\\\/\\\/iml.solutions\\\/hr\\\/#organization\"},\"potentialAction\":[{\"@type\":\"SearchAction\",\"target\":{\"@type\":\"EntryPoint\",\"urlTemplate\":\"https:\\\/\\\/iml.solutions\\\/hr\\\/?s={search_term_string}\"},\"query-input\":{\"@type\":\"PropertyValueSpecification\",\"valueRequired\":true,\"valueName\":\"search_term_string\"}}],\"inLanguage\":\"hr\"},{\"@type\":\"Organization\",\"@id\":\"https:\\\/\\\/iml.solutions\\\/hr\\\/#organization\",\"name\":\"IML net d.o.o.\",\"alternateName\":\"IML solutions\",\"url\":\"https:\\\/\\\/iml.solutions\\\/hr\\\/\",\"logo\":{\"@type\":\"ImageObject\",\"inLanguage\":\"hr\",\"@id\":\"https:\\\/\\\/iml.solutions\\\/hr\\\/#\\\/schema\\\/logo\\\/image\\\/\",\"url\":\"https:\\\/\\\/iml.solutions\\\/wp-content\\\/uploads\\\/2025\\\/09\\\/Logo-iml.png\",\"contentUrl\":\"https:\\\/\\\/iml.solutions\\\/wp-content\\\/uploads\\\/2025\\\/09\\\/Logo-iml.png\",\"width\":1435,\"height\":408,\"caption\":\"IML net d.o.o.\"},\"image\":{\"@id\":\"https:\\\/\\\/iml.solutions\\\/hr\\\/#\\\/schema\\\/logo\\\/image\\\/\"}}]}<\/script>\n<!-- \/ Yoast SEO plugin. -->","yoast_head_json":{"title":"Proizvodi - IML net d.o.o.","description":"Svim klijentima pristupamo individualno, jer svaki proizvod ima jedinstvene zahtjeve.","robots":{"index":"index","follow":"follow","max-snippet":"max-snippet:-1","max-image-preview":"max-image-preview:large","max-video-preview":"max-video-preview:-1"},"canonical":"https:\/\/iml.solutions\/hr\/proizvodi\/","og_locale":"hr_HR","og_type":"article","og_title":"Proizvodi - IML net d.o.o.","og_description":"Svim klijentima pristupamo individualno, jer svaki proizvod ima jedinstvene zahtjeve.","og_url":"https:\/\/iml.solutions\/hr\/proizvodi\/","og_site_name":"IML net d.o.o.","article_modified_time":"2025-10-22T17:14:47+00:00","og_image":[{"width":942,"height":1169,"url":"https:\/\/iml.solutions\/wp-content\/uploads\/2025\/09\/icon-labels_v1.png","type":"image\/png"}],"schema":{"@context":"https:\/\/schema.org","@graph":[{"@type":"WebPage","@id":"https:\/\/iml.solutions\/hr\/proizvodi\/","url":"https:\/\/iml.solutions\/hr\/proizvodi\/","name":"Proizvodi - IML net d.o.o.","isPartOf":{"@id":"https:\/\/iml.solutions\/hr\/#website"},"primaryImageOfPage":{"@id":"https:\/\/iml.solutions\/hr\/proizvodi\/#primaryimage"},"image":{"@id":"https:\/\/iml.solutions\/hr\/proizvodi\/#primaryimage"},"thumbnailUrl":"https:\/\/iml.solutions\/wp-content\/uploads\/2025\/09\/icon-labels_v1-825x1024.png","datePublished":"2025-09-30T17:42:18+00:00","dateModified":"2025-10-22T17:14:47+00:00","description":"Svim klijentima pristupamo individualno, jer svaki proizvod ima jedinstvene zahtjeve.","breadcrumb":{"@id":"https:\/\/iml.solutions\/hr\/proizvodi\/#breadcrumb"},"inLanguage":"hr","potentialAction":[{"@type":"ReadAction","target":["https:\/\/iml.solutions\/hr\/proizvodi\/"]}]},{"@type":"ImageObject","inLanguage":"hr","@id":"https:\/\/iml.solutions\/hr\/proizvodi\/#primaryimage","url":"https:\/\/iml.solutions\/wp-content\/uploads\/2025\/09\/icon-labels_v1-825x1024.png","contentUrl":"https:\/\/iml.solutions\/wp-content\/uploads\/2025\/09\/icon-labels_v1-825x1024.png"},{"@type":"BreadcrumbList","@id":"https:\/\/iml.solutions\/hr\/proizvodi\/#breadcrumb","itemListElement":[{"@type":"ListItem","position":1,"name":"Home","item":"https:\/\/iml.solutions\/hr\/"},{"@type":"ListItem","position":2,"name":"Proizvodi"}]},{"@type":"WebSite","@id":"https:\/\/iml.solutions\/hr\/#website","url":"https:\/\/iml.solutions\/hr\/","name":"https:\/\/iml.solutions\/","description":"","publisher":{"@id":"https:\/\/iml.solutions\/hr\/#organization"},"potentialAction":[{"@type":"SearchAction","target":{"@type":"EntryPoint","urlTemplate":"https:\/\/iml.solutions\/hr\/?s={search_term_string}"},"query-input":{"@type":"PropertyValueSpecification","valueRequired":true,"valueName":"search_term_string"}}],"inLanguage":"hr"},{"@type":"Organization","@id":"https:\/\/iml.solutions\/hr\/#organization","name":"IML net d.o.o.","alternateName":"IML solutions","url":"https:\/\/iml.solutions\/hr\/","logo":{"@type":"ImageObject","inLanguage":"hr","@id":"https:\/\/iml.solutions\/hr\/#\/schema\/logo\/image\/","url":"https:\/\/iml.solutions\/wp-content\/uploads\/2025\/09\/Logo-iml.png","contentUrl":"https:\/\/iml.solutions\/wp-content\/uploads\/2025\/09\/Logo-iml.png","width":1435,"height":408,"caption":"IML net d.o.o."},"image":{"@id":"https:\/\/iml.solutions\/hr\/#\/schema\/logo\/image\/"}}]}},"_links":{"self":[{"href":"https:\/\/iml.solutions\/hr\/wp-json\/wp\/v2\/pages\/1815","targetHints":{"allow":["GET"]}}],"collection":[{"href":"https:\/\/iml.solutions\/hr\/wp-json\/wp\/v2\/pages"}],"about":[{"href":"https:\/\/iml.solutions\/hr\/wp-json\/wp\/v2\/types\/page"}],"author":[{"embeddable":true,"href":"https:\/\/iml.solutions\/hr\/wp-json\/wp\/v2\/users\/1"}],"replies":[{"embeddable":true,"href":"https:\/\/iml.solutions\/hr\/wp-json\/wp\/v2\/comments?post=1815"}],"version-history":[{"count":1,"href":"https:\/\/iml.solutions\/hr\/wp-json\/wp\/v2\/pages\/1815\/revisions"}],"predecessor-version":[{"id":1819,"href":"https:\/\/iml.solutions\/hr\/wp-json\/wp\/v2\/pages\/1815\/revisions\/1819"}],"wp:attachment":[{"href":"https:\/\/iml.solutions\/hr\/wp-json\/wp\/v2\/media?parent=1815"}],"curies":[{"name":"wp","href":"https:\/\/api.w.org\/{rel}","templated":true}]}}