{"id":1624,"date":"2025-09-30T19:42:18","date_gmt":"2025-09-30T17:42:18","guid":{"rendered":"https:\/\/iml.solutions\/i-prodotti\/"},"modified":"2025-10-21T23:07:08","modified_gmt":"2025-10-21T21:07:08","slug":"i-prodotti","status":"publish","type":"page","link":"https:\/\/iml.solutions\/it\/i-prodotti\/","title":{"rendered":"I prodotti"},"content":{"rendered":"\t\t<div data-elementor-type=\"wp-page\" data-elementor-id=\"1624\" class=\"elementor elementor-1624 elementor-476\" data-elementor-post-type=\"page\">\n\t\t\t\t<div class=\"elementor-element elementor-element-cf4acd3 e-con-full e-flex e-con e-parent\" data-id=\"cf4acd3\" data-element_type=\"container\" data-e-type=\"container\">\n\t\t\t\t<div class=\"elementor-element elementor-element-eb5747a elementor--v-position-top elementor--h-position-center elementor-widget elementor-widget-slides\" data-id=\"eb5747a\" data-element_type=\"widget\" data-e-type=\"widget\" data-settings=\"{&quot;navigation&quot;:&quot;none&quot;,&quot;transition&quot;:&quot;slide&quot;,&quot;transition_speed&quot;:500}\" data-widget_type=\"slides.default\">\n\t\t\t\t\t\t\t\t\t\t<div class=\"elementor-slides-wrapper elementor-main-swiper swiper\" role=\"region\" aria-roledescription=\"carousel\" aria-label=\"Slides\" dir=\"ltr\" data-animation=\"\">\n\t\t\t\t<div class=\"swiper-wrapper elementor-slides\">\n\t\t\t\t\t\t\t\t\t\t<div class=\"elementor-repeater-item-96a874e swiper-slide\" role=\"group\" aria-roledescription=\"slide\"><div class=\"swiper-slide-bg elementor-ken-burns elementor-ken-burns--out\" role=\"img\" aria-label=\"Cutting\"><\/div><div class=\"swiper-slide-inner\" ><div class=\"swiper-slide-contents\"><\/div><\/div><\/div>\t\t\t\t<\/div>\n\t\t\t\t\t\t\t<\/div>\n\t\t\t\t\t\t\t\t<\/div>\n\t\t\t\t<\/div>\n\t\t<div class=\"elementor-element elementor-element-d8bba72 e-flex e-con-boxed e-con e-parent\" data-id=\"d8bba72\" data-element_type=\"container\" data-e-type=\"container\">\n\t\t\t\t\t<div class=\"e-con-inner\">\n\t\t\t\t<div class=\"elementor-element elementor-element-a71cafd elementor-widget elementor-widget-heading\" data-id=\"a71cafd\" data-element_type=\"widget\" data-e-type=\"widget\" data-widget_type=\"heading.default\">\n\t\t\t\t\t<h2 class=\"elementor-heading-title elementor-size-default\">La flessibilit\u00e0 che sostiene la vostra crescita<\/h2>\t\t\t\t<\/div>\n\t\t\t\t<div class=\"elementor-element elementor-element-14be470 elementor-widget elementor-widget-text-editor\" data-id=\"14be470\" data-element_type=\"widget\" data-e-type=\"widget\" data-widget_type=\"text-editor.default\">\n\t\t\t\t\t\t\t\t\t<p style=\"text-align: center;\">Ci avviciniamo a ogni cliente con un approccio personalizzato perch\u00e9 ogni prodotto ha esigenze uniche. Ecco perch\u00e9 offriamo etichette IML con diversi livelli di durata: dalle soluzioni pi\u00f9 convenienti per i prodotti monouso alle etichette premium, estremamente resistenti e ideali per le condizioni pi\u00f9 impegnative. Questo approccio multisfaccettato vi consente di ottimizzare i costi e di ottenere sempre una qualit\u00e0 senza compromessi.<\/p>\t\t\t\t\t\t\t\t<\/div>\n\t\t\t\t<div class=\"elementor-element elementor-element-68cdfcb elementor-widget__width-initial elementor-widget-divider--view-line elementor-widget elementor-widget-divider\" data-id=\"68cdfcb\" data-element_type=\"widget\" data-e-type=\"widget\" data-widget_type=\"divider.default\">\n\t\t\t\t\t\t\t<div class=\"elementor-divider\">\n\t\t\t<span class=\"elementor-divider-separator\">\n\t\t\t\t\t\t<\/span>\n\t\t<\/div>\n\t\t\t\t\t\t<\/div>\n\t\t\t\t\t<\/div>\n\t\t\t\t<\/div>\n\t\t<div class=\"elementor-element elementor-element-d7454d6 e-flex e-con-boxed e-con e-parent\" data-id=\"d7454d6\" data-element_type=\"container\" data-e-type=\"container\">\n\t\t\t\t\t<div class=\"e-con-inner\">\n\t\t<div class=\"elementor-element elementor-element-fecfcea e-con-full e-flex e-con e-child\" data-id=\"fecfcea\" data-element_type=\"container\" data-e-type=\"container\">\n\t\t\t\t<div class=\"elementor-element elementor-element-a359c91 elementor-widget elementor-widget-image\" data-id=\"a359c91\" data-element_type=\"widget\" data-e-type=\"widget\" data-widget_type=\"image.default\">\n\t\t\t\t\t\t\t\t\t\t\t\t\t\t\t<img fetchpriority=\"high\" decoding=\"async\" width=\"825\" height=\"1024\" src=\"https:\/\/iml.solutions\/wp-content\/uploads\/2025\/09\/icon-labels_v1-825x1024.png\" class=\"attachment-large size-large wp-image-1603\" alt=\"\" srcset=\"https:\/\/iml.solutions\/wp-content\/uploads\/2025\/09\/icon-labels_v1-825x1024.png 825w, https:\/\/iml.solutions\/wp-content\/uploads\/2025\/09\/icon-labels_v1-242x300.png 242w, https:\/\/iml.solutions\/wp-content\/uploads\/2025\/09\/icon-labels_v1-768x953.png 768w, https:\/\/iml.solutions\/wp-content\/uploads\/2025\/09\/icon-labels_v1.png 942w\" sizes=\"(max-width: 825px) 100vw, 825px\" \/>\t\t\t\t\t\t\t\t\t\t\t\t\t\t\t<\/div>\n\t\t\t\t<div class=\"elementor-element elementor-element-462edc3 elementor-widget elementor-widget-text-editor\" data-id=\"462edc3\" data-element_type=\"widget\" data-e-type=\"widget\" data-widget_type=\"text-editor.default\">\n\t\t\t\t\t\t\t\t\t<p>Le etichette ECONOMIC di breve durata sono una soluzione conveniente, ideale per i prodotti monouso. Si distinguono per il loro caratteristico effetto \u201ca buccia d\u2019arancia\u201d e sono spesso usate per confezionare gelati, burri e formaggi freschi. Sebbene costituiscano una parte minore del nostro ampio assortimento, offriamo anche questo tipo di etichette per garantire che ogni cliente trovi una soluzione su misura per le proprie esigenze specifiche.<\/p>\t\t\t\t\t\t\t\t<\/div>\n\t\t\t\t<div class=\"elementor-element elementor-element-b6cd2ee elementor-widget elementor-widget-spacer\" data-id=\"b6cd2ee\" data-element_type=\"widget\" data-e-type=\"widget\" data-widget_type=\"spacer.default\">\n\t\t\t\t\t\t\t<div class=\"elementor-spacer\">\n\t\t\t<div class=\"elementor-spacer-inner\"><\/div>\n\t\t<\/div>\n\t\t\t\t\t\t<\/div>\n\t\t\t\t<\/div>\n\t\t<div class=\"elementor-element elementor-element-5d36357 e-con-full e-flex e-con e-child\" data-id=\"5d36357\" data-element_type=\"container\" data-e-type=\"container\">\n\t\t\t\t<div class=\"elementor-element elementor-element-7418f2d elementor-widget elementor-widget-image\" data-id=\"7418f2d\" data-element_type=\"widget\" data-e-type=\"widget\" data-widget_type=\"image.default\">\n\t\t\t\t\t\t\t\t\t\t\t\t\t\t\t<img decoding=\"async\" width=\"825\" height=\"1024\" src=\"https:\/\/iml.solutions\/wp-content\/uploads\/2025\/09\/icon-labels_v2-825x1024.png\" class=\"attachment-large size-large wp-image-1595\" alt=\"\" srcset=\"https:\/\/iml.solutions\/wp-content\/uploads\/2025\/09\/icon-labels_v2-825x1024.png 825w, https:\/\/iml.solutions\/wp-content\/uploads\/2025\/09\/icon-labels_v2-242x300.png 242w, https:\/\/iml.solutions\/wp-content\/uploads\/2025\/09\/icon-labels_v2-768x953.png 768w, https:\/\/iml.solutions\/wp-content\/uploads\/2025\/09\/icon-labels_v2.png 942w\" sizes=\"(max-width: 825px) 100vw, 825px\" \/>\t\t\t\t\t\t\t\t\t\t\t\t\t\t\t<\/div>\n\t\t\t\t<div class=\"elementor-element elementor-element-764c00b elementor-widget elementor-widget-text-editor\" data-id=\"764c00b\" data-element_type=\"widget\" data-e-type=\"widget\" data-widget_type=\"text-editor.default\">\n\t\t\t\t\t\t\t\t\t<p>Le etichette ECONOMIC di media durata offrono di pi\u00f9 dell\u2019opzione di base. Sono verniciate e resistenti ai graffi, con colori che durano a lungo. Sono pensate per prodotti che richiedono una durata maggiore, ma rimangono comunque pi\u00f9 convenienti. Dai giocattoli per bambini agli accessori per la spiaggia, passando per i vari articoli per la casa, queste etichette garantiscono che il design rimarr\u00e0 intatto indipendentemente dalla frequenza d\u2019uso.<\/p>\t\t\t\t\t\t\t\t<\/div>\n\t\t\t\t<div class=\"elementor-element elementor-element-99c3398 elementor-widget elementor-widget-spacer\" data-id=\"99c3398\" data-element_type=\"widget\" data-e-type=\"widget\" data-widget_type=\"spacer.default\">\n\t\t\t\t\t\t\t<div class=\"elementor-spacer\">\n\t\t\t<div class=\"elementor-spacer-inner\"><\/div>\n\t\t<\/div>\n\t\t\t\t\t\t<\/div>\n\t\t\t\t<\/div>\n\t\t\t\t\t<\/div>\n\t\t\t\t<\/div>\n\t\t<div class=\"elementor-element elementor-element-9615464 e-flex e-con-boxed e-con e-parent\" data-id=\"9615464\" data-element_type=\"container\" data-e-type=\"container\">\n\t\t\t\t\t<div class=\"e-con-inner\">\n\t\t<div class=\"elementor-element elementor-element-177dc81 e-con-full e-flex e-con e-child\" data-id=\"177dc81\" data-element_type=\"container\" data-e-type=\"container\">\n\t\t\t\t<div class=\"elementor-element elementor-element-eb7b76d elementor-widget elementor-widget-image\" data-id=\"eb7b76d\" data-element_type=\"widget\" data-e-type=\"widget\" data-widget_type=\"image.default\">\n\t\t\t\t\t\t\t\t\t\t\t\t\t\t\t<img decoding=\"async\" width=\"825\" height=\"1024\" src=\"https:\/\/iml.solutions\/wp-content\/uploads\/2025\/09\/icon-labels_v3-825x1024.png\" class=\"attachment-large size-large wp-image-1596\" alt=\"\" srcset=\"https:\/\/iml.solutions\/wp-content\/uploads\/2025\/09\/icon-labels_v3-825x1024.png 825w, https:\/\/iml.solutions\/wp-content\/uploads\/2025\/09\/icon-labels_v3-242x300.png 242w, https:\/\/iml.solutions\/wp-content\/uploads\/2025\/09\/icon-labels_v3-768x953.png 768w, https:\/\/iml.solutions\/wp-content\/uploads\/2025\/09\/icon-labels_v3.png 942w\" sizes=\"(max-width: 825px) 100vw, 825px\" \/>\t\t\t\t\t\t\t\t\t\t\t\t\t\t\t<\/div>\n\t\t\t\t<div class=\"elementor-element elementor-element-3951e8e elementor-widget elementor-widget-text-editor\" data-id=\"3951e8e\" data-element_type=\"widget\" data-e-type=\"widget\" data-widget_type=\"text-editor.default\">\n\t\t\t\t\t\t\t\t\t<p><span style=\"font-weight: 400;\">Le etichette PREMIUM di media durata sono la scelta perfetta per i prodotti aventi lo scopo di promuovere e mettere in risalto l\u2019identit\u00e0 visiva del marchio. Nel corso degli anni abbiamo perfezionato la realizzazione delle etichette laminate per garantire un\u2019eccezionale durata e affidabilit\u00e0 su articoli di uso frequente, come articoli per la casa, souvenir, bicchieri di plastica per eventi o gadget vari. Le etichette laminate vengono scelte quando si punta a una qualit\u00e0 d\u2019eccezione.  <\/span><\/p>\t\t\t\t\t\t\t\t<\/div>\n\t\t\t\t<div class=\"elementor-element elementor-element-fdc6fed elementor-widget elementor-widget-spacer\" data-id=\"fdc6fed\" data-element_type=\"widget\" data-e-type=\"widget\" data-widget_type=\"spacer.default\">\n\t\t\t\t\t\t\t<div class=\"elementor-spacer\">\n\t\t\t<div class=\"elementor-spacer-inner\"><\/div>\n\t\t<\/div>\n\t\t\t\t\t\t<\/div>\n\t\t\t\t<\/div>\n\t\t<div class=\"elementor-element elementor-element-8ed531b e-con-full e-flex e-con e-child\" data-id=\"8ed531b\" data-element_type=\"container\" data-e-type=\"container\">\n\t\t\t\t<div class=\"elementor-element elementor-element-71b80d8 elementor-widget elementor-widget-image\" data-id=\"71b80d8\" data-element_type=\"widget\" data-e-type=\"widget\" data-widget_type=\"image.default\">\n\t\t\t\t\t\t\t\t\t\t\t\t\t\t\t<img loading=\"lazy\" decoding=\"async\" width=\"825\" height=\"1024\" src=\"https:\/\/iml.solutions\/wp-content\/uploads\/2025\/09\/icon-labels_v4-825x1024.png\" class=\"attachment-large size-large wp-image-1597\" alt=\"\" srcset=\"https:\/\/iml.solutions\/wp-content\/uploads\/2025\/09\/icon-labels_v4-825x1024.png 825w, https:\/\/iml.solutions\/wp-content\/uploads\/2025\/09\/icon-labels_v4-242x300.png 242w, https:\/\/iml.solutions\/wp-content\/uploads\/2025\/09\/icon-labels_v4-768x953.png 768w, https:\/\/iml.solutions\/wp-content\/uploads\/2025\/09\/icon-labels_v4.png 942w\" sizes=\"(max-width: 825px) 100vw, 825px\" \/>\t\t\t\t\t\t\t\t\t\t\t\t\t\t\t<\/div>\n\t\t\t\t<div class=\"elementor-element elementor-element-c423c22 elementor-widget elementor-widget-text-editor\" data-id=\"c423c22\" data-element_type=\"widget\" data-e-type=\"widget\" data-widget_type=\"text-editor.default\">\n\t\t\t\t\t\t\t\t\t<p>Le etichette PREMIUM di lunga durata sono progettate per resistere alle condizioni pi\u00f9 estreme. Per la loro produzione usiamo materiali pi\u00f9 spessi e resistenti. A seconda delle esigenze dei vostri prodotti, possiamo anche integrare la protezione contro i raggi UV nella struttura dell\u2019etichetta, garantendo colori intensi e brillanti anche dopo una prolungata esposizione alla luce solare. Queste etichette sono quindi la scelta ideale per le casse di birra, le ceramiche per i pavimenti e tutti i prodotti che richiedono una resistenza superiore.<\/p>\t\t\t\t\t\t\t\t<\/div>\n\t\t\t\t<div class=\"elementor-element elementor-element-05ef76e elementor-widget elementor-widget-spacer\" data-id=\"05ef76e\" data-element_type=\"widget\" data-e-type=\"widget\" data-widget_type=\"spacer.default\">\n\t\t\t\t\t\t\t<div class=\"elementor-spacer\">\n\t\t\t<div class=\"elementor-spacer-inner\"><\/div>\n\t\t<\/div>\n\t\t\t\t\t\t<\/div>\n\t\t\t\t<\/div>\n\t\t\t\t\t<\/div>\n\t\t\t\t<\/div>\n\t\t<div class=\"elementor-element elementor-element-26d270c1 e-flex e-con-boxed e-con e-parent\" data-id=\"26d270c1\" data-element_type=\"container\" data-e-type=\"container\" data-settings=\"{&quot;background_background&quot;:&quot;classic&quot;}\">\n\t\t\t\t\t<div class=\"e-con-inner\">\n\t\t<div class=\"elementor-element elementor-element-691d13c8 e-con-full e-flex e-con e-child\" data-id=\"691d13c8\" data-element_type=\"container\" data-e-type=\"container\">\n\t\t\t\t<div class=\"elementor-element elementor-element-1dec2b2e elementor-invisible elementor-widget elementor-widget-heading\" data-id=\"1dec2b2e\" data-element_type=\"widget\" data-e-type=\"widget\" data-settings=\"{&quot;_animation&quot;:&quot;fadeIn&quot;}\" data-widget_type=\"heading.default\">\n\t\t\t\t\t<h3 class=\"elementor-heading-title elementor-size-default\">Siamo a vostra disposizione per qualsiasi domanda possiate avere sui nostri prodotti o per assistervi con il vostro ordine.<\/h3>\t\t\t\t<\/div>\n\t\t\t\t<div class=\"elementor-element elementor-element-38c3fa8c elementor-widget elementor-widget-text-editor\" data-id=\"38c3fa8c\" data-element_type=\"widget\" data-e-type=\"widget\" data-widget_type=\"text-editor.default\">\n\t\t\t\t\t\t\t\t\t<p>Contattateci e vi aiuteremo con piacere.<\/p>\t\t\t\t\t\t\t\t<\/div>\n\t\t\t\t<\/div>\n\t\t<div class=\"elementor-element elementor-element-f7ee182 e-con-full e-flex e-con e-child\" data-id=\"f7ee182\" data-element_type=\"container\" data-e-type=\"container\">\n\t\t\t\t<div class=\"elementor-element elementor-element-6249393 elementor-mobile-align-center elementor-widget elementor-widget-button\" data-id=\"6249393\" data-element_type=\"widget\" data-e-type=\"widget\" data-widget_type=\"button.default\">\n\t\t\t\t\t\t\t\t\t\t<a class=\"elementor-button elementor-button-link elementor-size-sm\" href=\"https:\/\/iml.solutions\/it\/contatto\">\n\t\t\t\t\t\t<span class=\"elementor-button-content-wrapper\">\n\t\t\t\t\t\t\t\t\t<span class=\"elementor-button-text\">Contattaci ora<\/span>\n\t\t\t\t\t<\/span>\n\t\t\t\t\t<\/a>\n\t\t\t\t\t\t\t\t<\/div>\n\t\t\t\t<\/div>\n\t\t\t\t\t<\/div>\n\t\t\t\t<\/div>\n\t\t\t\t<\/div>\n\t\t","protected":false},"excerpt":{"rendered":"<p>La flessibilit\u00e0 che sostiene la vostra crescita Ci avviciniamo a ogni cliente con un approccio personalizzato perch\u00e9 ogni prodotto ha [&hellip;]<\/p>\n","protected":false},"author":1,"featured_media":0,"parent":0,"menu_order":0,"comment_status":"closed","ping_status":"closed","template":"","meta":{"site-sidebar-layout":"no-sidebar","site-content-layout":"","ast-site-content-layout":"full-width-container","site-content-style":"default","site-sidebar-style":"default","ast-global-header-display":"","ast-banner-title-visibility":"","ast-main-header-display":"","ast-hfb-above-header-display":"","ast-hfb-below-header-display":"","ast-hfb-mobile-header-display":"","site-post-title":"disabled","ast-breadcrumbs-content":"","ast-featured-img":"disabled","footer-sml-layout":"","ast-disable-related-posts":"","theme-transparent-header-meta":"default","adv-header-id-meta":"","stick-header-meta":"default","header-above-stick-meta":"","header-main-stick-meta":"","header-below-stick-meta":"","astra-migrate-meta-layouts":"default","ast-page-background-enabled":"default","ast-page-background-meta":{"desktop":{"background-color":"var(--ast-global-color-5)","background-image":"","background-repeat":"repeat","background-position":"center center","background-size":"auto","background-attachment":"scroll","background-type":"","background-media":"","overlay-type":"","overlay-color":"","overlay-opacity":"","overlay-gradient":""},"tablet":{"background-color":"","background-image":"","background-repeat":"repeat","background-position":"center center","background-size":"auto","background-attachment":"scroll","background-type":"","background-media":"","overlay-type":"","overlay-color":"","overlay-opacity":"","overlay-gradient":""},"mobile":{"background-color":"","background-image":"","background-repeat":"repeat","background-position":"center center","background-size":"auto","background-attachment":"scroll","background-type":"","background-media":"","overlay-type":"","overlay-color":"","overlay-opacity":"","overlay-gradient":""}},"ast-content-background-meta":{"desktop":{"background-color":"var(--ast-global-color-4)","background-image":"","background-repeat":"repeat","background-position":"center center","background-size":"auto","background-attachment":"scroll","background-type":"","background-media":"","overlay-type":"","overlay-color":"","overlay-opacity":"","overlay-gradient":""},"tablet":{"background-color":"var(--ast-global-color-4)","background-image":"","background-repeat":"repeat","background-position":"center center","background-size":"auto","background-attachment":"scroll","background-type":"","background-media":"","overlay-type":"","overlay-color":"","overlay-opacity":"","overlay-gradient":""},"mobile":{"background-color":"var(--ast-global-color-4)","background-image":"","background-repeat":"repeat","background-position":"center center","background-size":"auto","background-attachment":"scroll","background-type":"","background-media":"","overlay-type":"","overlay-color":"","overlay-opacity":"","overlay-gradient":""}},"footnotes":""},"class_list":["post-1624","page","type-page","status-publish","hentry"],"yoast_head":"<!-- This site is optimized with the Yoast SEO plugin v27.6 - https:\/\/yoast.com\/product\/yoast-seo-wordpress\/ -->\n<title>I prodotti - IML net d.o.o.<\/title>\n<meta name=\"description\" content=\"Ci avviciniamo a ogni cliente con un approccio personalizzato perch\u00e9 ogni prodotto ha esigenze uniche.\" \/>\n<meta name=\"robots\" content=\"index, follow, max-snippet:-1, max-image-preview:large, max-video-preview:-1\" \/>\n<link rel=\"canonical\" href=\"https:\/\/iml.solutions\/it\/i-prodotti\/\" \/>\n<meta property=\"og:locale\" content=\"it_IT\" \/>\n<meta property=\"og:type\" content=\"article\" \/>\n<meta property=\"og:title\" content=\"I prodotti - IML net d.o.o.\" \/>\n<meta property=\"og:description\" content=\"Ci avviciniamo a ogni cliente con un approccio personalizzato perch\u00e9 ogni prodotto ha esigenze uniche.\" \/>\n<meta property=\"og:url\" content=\"https:\/\/iml.solutions\/it\/i-prodotti\/\" \/>\n<meta property=\"og:site_name\" content=\"IML net d.o.o.\" \/>\n<meta property=\"article:modified_time\" content=\"2025-10-21T21:07:08+00:00\" \/>\n<meta property=\"og:image\" content=\"https:\/\/iml.solutions\/wp-content\/uploads\/2025\/09\/icon-labels_v1.png\" \/>\n\t<meta property=\"og:image:width\" content=\"942\" \/>\n\t<meta property=\"og:image:height\" content=\"1169\" \/>\n\t<meta property=\"og:image:type\" content=\"image\/png\" \/>\n<script type=\"application\/ld+json\" class=\"yoast-schema-graph\">{\"@context\":\"https:\\\/\\\/schema.org\",\"@graph\":[{\"@type\":\"WebPage\",\"@id\":\"https:\\\/\\\/iml.solutions\\\/it\\\/i-prodotti\\\/\",\"url\":\"https:\\\/\\\/iml.solutions\\\/it\\\/i-prodotti\\\/\",\"name\":\"I prodotti - IML net d.o.o.\",\"isPartOf\":{\"@id\":\"https:\\\/\\\/iml.solutions\\\/it\\\/#website\"},\"primaryImageOfPage\":{\"@id\":\"https:\\\/\\\/iml.solutions\\\/it\\\/i-prodotti\\\/#primaryimage\"},\"image\":{\"@id\":\"https:\\\/\\\/iml.solutions\\\/it\\\/i-prodotti\\\/#primaryimage\"},\"thumbnailUrl\":\"https:\\\/\\\/iml.solutions\\\/wp-content\\\/uploads\\\/2025\\\/09\\\/icon-labels_v1-825x1024.png\",\"datePublished\":\"2025-09-30T17:42:18+00:00\",\"dateModified\":\"2025-10-21T21:07:08+00:00\",\"description\":\"Ci avviciniamo a ogni cliente con un approccio personalizzato perch\u00e9 ogni prodotto ha esigenze uniche.\",\"breadcrumb\":{\"@id\":\"https:\\\/\\\/iml.solutions\\\/it\\\/i-prodotti\\\/#breadcrumb\"},\"inLanguage\":\"it-IT\",\"potentialAction\":[{\"@type\":\"ReadAction\",\"target\":[\"https:\\\/\\\/iml.solutions\\\/it\\\/i-prodotti\\\/\"]}]},{\"@type\":\"ImageObject\",\"inLanguage\":\"it-IT\",\"@id\":\"https:\\\/\\\/iml.solutions\\\/it\\\/i-prodotti\\\/#primaryimage\",\"url\":\"https:\\\/\\\/iml.solutions\\\/wp-content\\\/uploads\\\/2025\\\/09\\\/icon-labels_v1-825x1024.png\",\"contentUrl\":\"https:\\\/\\\/iml.solutions\\\/wp-content\\\/uploads\\\/2025\\\/09\\\/icon-labels_v1-825x1024.png\"},{\"@type\":\"BreadcrumbList\",\"@id\":\"https:\\\/\\\/iml.solutions\\\/it\\\/i-prodotti\\\/#breadcrumb\",\"itemListElement\":[{\"@type\":\"ListItem\",\"position\":1,\"name\":\"Home\",\"item\":\"https:\\\/\\\/iml.solutions\\\/it\\\/\"},{\"@type\":\"ListItem\",\"position\":2,\"name\":\"I prodotti\"}]},{\"@type\":\"WebSite\",\"@id\":\"https:\\\/\\\/iml.solutions\\\/it\\\/#website\",\"url\":\"https:\\\/\\\/iml.solutions\\\/it\\\/\",\"name\":\"https:\\\/\\\/iml.solutions\\\/\",\"description\":\"\",\"publisher\":{\"@id\":\"https:\\\/\\\/iml.solutions\\\/it\\\/#organization\"},\"potentialAction\":[{\"@type\":\"SearchAction\",\"target\":{\"@type\":\"EntryPoint\",\"urlTemplate\":\"https:\\\/\\\/iml.solutions\\\/it\\\/?s={search_term_string}\"},\"query-input\":{\"@type\":\"PropertyValueSpecification\",\"valueRequired\":true,\"valueName\":\"search_term_string\"}}],\"inLanguage\":\"it-IT\"},{\"@type\":\"Organization\",\"@id\":\"https:\\\/\\\/iml.solutions\\\/it\\\/#organization\",\"name\":\"IML net d.o.o.\",\"alternateName\":\"IML solutions\",\"url\":\"https:\\\/\\\/iml.solutions\\\/it\\\/\",\"logo\":{\"@type\":\"ImageObject\",\"inLanguage\":\"it-IT\",\"@id\":\"https:\\\/\\\/iml.solutions\\\/it\\\/#\\\/schema\\\/logo\\\/image\\\/\",\"url\":\"https:\\\/\\\/iml.solutions\\\/wp-content\\\/uploads\\\/2025\\\/09\\\/Logo-iml.png\",\"contentUrl\":\"https:\\\/\\\/iml.solutions\\\/wp-content\\\/uploads\\\/2025\\\/09\\\/Logo-iml.png\",\"width\":1435,\"height\":408,\"caption\":\"IML net d.o.o.\"},\"image\":{\"@id\":\"https:\\\/\\\/iml.solutions\\\/it\\\/#\\\/schema\\\/logo\\\/image\\\/\"}}]}<\/script>\n<!-- \/ Yoast SEO plugin. -->","yoast_head_json":{"title":"I prodotti - IML net d.o.o.","description":"Ci avviciniamo a ogni cliente con un approccio personalizzato perch\u00e9 ogni prodotto ha esigenze uniche.","robots":{"index":"index","follow":"follow","max-snippet":"max-snippet:-1","max-image-preview":"max-image-preview:large","max-video-preview":"max-video-preview:-1"},"canonical":"https:\/\/iml.solutions\/it\/i-prodotti\/","og_locale":"it_IT","og_type":"article","og_title":"I prodotti - IML net d.o.o.","og_description":"Ci avviciniamo a ogni cliente con un approccio personalizzato perch\u00e9 ogni prodotto ha esigenze uniche.","og_url":"https:\/\/iml.solutions\/it\/i-prodotti\/","og_site_name":"IML net d.o.o.","article_modified_time":"2025-10-21T21:07:08+00:00","og_image":[{"width":942,"height":1169,"url":"https:\/\/iml.solutions\/wp-content\/uploads\/2025\/09\/icon-labels_v1.png","type":"image\/png"}],"schema":{"@context":"https:\/\/schema.org","@graph":[{"@type":"WebPage","@id":"https:\/\/iml.solutions\/it\/i-prodotti\/","url":"https:\/\/iml.solutions\/it\/i-prodotti\/","name":"I prodotti - IML net d.o.o.","isPartOf":{"@id":"https:\/\/iml.solutions\/it\/#website"},"primaryImageOfPage":{"@id":"https:\/\/iml.solutions\/it\/i-prodotti\/#primaryimage"},"image":{"@id":"https:\/\/iml.solutions\/it\/i-prodotti\/#primaryimage"},"thumbnailUrl":"https:\/\/iml.solutions\/wp-content\/uploads\/2025\/09\/icon-labels_v1-825x1024.png","datePublished":"2025-09-30T17:42:18+00:00","dateModified":"2025-10-21T21:07:08+00:00","description":"Ci avviciniamo a ogni cliente con un approccio personalizzato perch\u00e9 ogni prodotto ha esigenze uniche.","breadcrumb":{"@id":"https:\/\/iml.solutions\/it\/i-prodotti\/#breadcrumb"},"inLanguage":"it-IT","potentialAction":[{"@type":"ReadAction","target":["https:\/\/iml.solutions\/it\/i-prodotti\/"]}]},{"@type":"ImageObject","inLanguage":"it-IT","@id":"https:\/\/iml.solutions\/it\/i-prodotti\/#primaryimage","url":"https:\/\/iml.solutions\/wp-content\/uploads\/2025\/09\/icon-labels_v1-825x1024.png","contentUrl":"https:\/\/iml.solutions\/wp-content\/uploads\/2025\/09\/icon-labels_v1-825x1024.png"},{"@type":"BreadcrumbList","@id":"https:\/\/iml.solutions\/it\/i-prodotti\/#breadcrumb","itemListElement":[{"@type":"ListItem","position":1,"name":"Home","item":"https:\/\/iml.solutions\/it\/"},{"@type":"ListItem","position":2,"name":"I prodotti"}]},{"@type":"WebSite","@id":"https:\/\/iml.solutions\/it\/#website","url":"https:\/\/iml.solutions\/it\/","name":"https:\/\/iml.solutions\/","description":"","publisher":{"@id":"https:\/\/iml.solutions\/it\/#organization"},"potentialAction":[{"@type":"SearchAction","target":{"@type":"EntryPoint","urlTemplate":"https:\/\/iml.solutions\/it\/?s={search_term_string}"},"query-input":{"@type":"PropertyValueSpecification","valueRequired":true,"valueName":"search_term_string"}}],"inLanguage":"it-IT"},{"@type":"Organization","@id":"https:\/\/iml.solutions\/it\/#organization","name":"IML net d.o.o.","alternateName":"IML solutions","url":"https:\/\/iml.solutions\/it\/","logo":{"@type":"ImageObject","inLanguage":"it-IT","@id":"https:\/\/iml.solutions\/it\/#\/schema\/logo\/image\/","url":"https:\/\/iml.solutions\/wp-content\/uploads\/2025\/09\/Logo-iml.png","contentUrl":"https:\/\/iml.solutions\/wp-content\/uploads\/2025\/09\/Logo-iml.png","width":1435,"height":408,"caption":"IML net d.o.o."},"image":{"@id":"https:\/\/iml.solutions\/it\/#\/schema\/logo\/image\/"}}]}},"_links":{"self":[{"href":"https:\/\/iml.solutions\/it\/wp-json\/wp\/v2\/pages\/1624","targetHints":{"allow":["GET"]}}],"collection":[{"href":"https:\/\/iml.solutions\/it\/wp-json\/wp\/v2\/pages"}],"about":[{"href":"https:\/\/iml.solutions\/it\/wp-json\/wp\/v2\/types\/page"}],"author":[{"embeddable":true,"href":"https:\/\/iml.solutions\/it\/wp-json\/wp\/v2\/users\/1"}],"replies":[{"embeddable":true,"href":"https:\/\/iml.solutions\/it\/wp-json\/wp\/v2\/comments?post=1624"}],"version-history":[{"count":1,"href":"https:\/\/iml.solutions\/it\/wp-json\/wp\/v2\/pages\/1624\/revisions"}],"predecessor-version":[{"id":1628,"href":"https:\/\/iml.solutions\/it\/wp-json\/wp\/v2\/pages\/1624\/revisions\/1628"}],"wp:attachment":[{"href":"https:\/\/iml.solutions\/it\/wp-json\/wp\/v2\/media?parent=1624"}],"curies":[{"name":"wp","href":"https:\/\/api.w.org\/{rel}","templated":true}]}}