{"id":1754,"date":"2025-10-22T18:45:17","date_gmt":"2025-10-22T16:45:17","guid":{"rendered":"https:\/\/iml.solutions\/?page_id=1754"},"modified":"2025-10-22T18:45:18","modified_gmt":"2025-10-22T16:45:18","slug":"informativa-sulla-privacy-2","status":"publish","type":"page","link":"https:\/\/iml.solutions\/it\/informativa-sulla-privacy-2\/","title":{"rendered":"Informativa sulla privacy"},"content":{"rendered":"\t\t<div data-elementor-type=\"wp-page\" data-elementor-id=\"1754\" class=\"elementor elementor-1754 elementor-1750\" data-elementor-post-type=\"page\">\n\t\t\t\t<div class=\"elementor-element elementor-element-32948f1 e-flex e-con-boxed e-con e-parent\" data-id=\"32948f1\" data-element_type=\"container\" data-e-type=\"container\">\n\t\t\t\t\t<div class=\"e-con-inner\">\n\t\t\t\t<div class=\"elementor-element elementor-element-586a14d elementor-widget elementor-widget-text-editor\" data-id=\"586a14d\" data-element_type=\"widget\" data-e-type=\"widget\" data-widget_type=\"text-editor.default\">\n\t\t\t\t\t\t\t\t\t<h2 data-start=\"206\" data-end=\"238\"><strong data-start=\"209\" data-end=\"238\">Informativa sulla privacy<\/strong><\/h2><p data-start=\"240\" data-end=\"1001\"><strong data-start=\"240\" data-end=\"258\">IML net d.o.o.<\/strong> si impegna a proteggere i dati personali dei propri clienti, raccogliendo solo le informazioni necessarie e fondamentali per adempiere ai nostri obblighi.<br data-start=\"413\" data-end=\"416\" \/>Informiamo i clienti sulle modalit\u00e0 di utilizzo dei dati raccolti e offriamo loro regolarmente la possibilit\u00e0 di scegliere come desiderano che i loro dati vengano utilizzati, incluso il diritto di chiedere la rimozione del proprio nome dalle liste utilizzate per campagne di marketing.<br data-start=\"701\" data-end=\"704\" \/>Tutti i dati degli utenti sono conservati in modo strettamente riservato e sono accessibili solo ai dipendenti che ne hanno bisogno per svolgere le proprie mansioni.<br data-start=\"869\" data-end=\"872\" \/>Tutti i dipendenti di <strong data-start=\"894\" data-end=\"912\">IML net d.o.o.<\/strong> e i partner commerciali sono tenuti a rispettare i principi di protezione della privacy.<\/p><hr data-start=\"1003\" data-end=\"1006\" \/><h3 data-start=\"1008\" data-end=\"1046\"><strong data-start=\"1012\" data-end=\"1046\">Trattamento dei dati personali<\/strong><\/h3><p data-start=\"1048\" data-end=\"1322\">La raccolta, il trattamento e l\u2019utilizzo dei dati personali sono generalmente regolati dalla legge.<br data-start=\"1147\" data-end=\"1150\" \/>Raccogliamo i tuoi dati in conformit\u00e0 alla finalit\u00e0 per cui ci sono stati forniti, sulla base del tuo consenso o di un contratto.<br data-start=\"1279\" data-end=\"1282\" \/>Non utilizzeremo i dati per altri scopi.<\/p><p data-start=\"1324\" data-end=\"1558\">In base al <strong data-start=\"1335\" data-end=\"1397\">Regolamento Generale sulla Protezione dei Dati (RGPD\/GDPR)<\/strong>, hai il diritto di accedere ai dati che ti riguardano, di correggerli, di limitarne il trattamento, di chiederne la cancellazione e di ottenerne la portabilit\u00e0.<\/p><p data-start=\"1560\" data-end=\"1908\">Se ci contatti tramite il modulo presente sul sito web o via e-mail, le tue informazioni di contatto saranno conservate al fine di elaborare la tua richiesta e rispondere ad eventuali domande successive.<br data-start=\"1763\" data-end=\"1766\" \/>Non condivideremo queste informazioni senza il tuo consenso.<br data-start=\"1826\" data-end=\"1829\" \/>Le richieste possono essere inviate all\u2019indirizzo e-mail <strong data-start=\"1886\" data-end=\"1908\"><a class=\"decorated-link cursor-pointer\" rel=\"noopener\" data-start=\"1888\" data-end=\"1906\">info@iml.solutions<\/a><\/strong><\/p><hr data-start=\"1910\" data-end=\"1913\" \/><h3 data-start=\"1915\" data-end=\"1966\"><strong data-start=\"1919\" data-end=\"1966\">Periodo di conservazione dei dati personali<\/strong><\/h3><p data-start=\"1968\" data-end=\"2316\">I dati personali ottenuti sulla base del consenso possono essere trattati e conservati fino al raggiungimento della finalit\u00e0 per la quale sono stati forniti o fino alla revoca del consenso.<br data-start=\"2157\" data-end=\"2160\" \/>Conserviamo i dati personali forniti al momento della prenotazione di tour o dell\u2019iscrizione alla newsletter fino a quando non annullerai la tua iscrizione.<\/p><p data-start=\"2318\" data-end=\"2770\">La protezione dei dati personali \u00e8 per noi di fondamentale importanza.<br data-start=\"2388\" data-end=\"2391\" \/>Pertanto, trattiamo i tuoi dati esclusivamente sulla base delle disposizioni di legge vigenti.<br data-start=\"2485\" data-end=\"2488\" \/>Tutti gli altri dati personali raccolti nell\u2019ambito della cooperazione contrattuale devono essere conservati in conformit\u00e0 alla normativa applicabile.<br data-start=\"2638\" data-end=\"2641\" \/>Con la presente informativa, ti informiamo sugli aspetti pi\u00f9 importanti del trattamento dei dati all\u2019interno del nostro sito web.<\/p><p data-start=\"2772\" data-end=\"3003\">Puoi richiedere la cancellazione o il blocco dei tuoi dati se la loro raccolta, trattamento o utilizzo risulta illecito o non pi\u00f9 necessario.<br data-start=\"2913\" data-end=\"2916\" \/>Per esercitare questi diritti, utilizza i dati di contatto presenti su questo sito web.<\/p><hr data-start=\"3005\" data-end=\"3008\" \/><h3 data-start=\"3010\" data-end=\"3040\"><strong data-start=\"3014\" data-end=\"3040\">Uso dei dati personali<\/strong><\/h3><p data-start=\"3042\" data-end=\"3426\">I dati personali raccolti sul sito web di <strong data-start=\"3084\" data-end=\"3102\">IML net d.o.o.<\/strong> saranno utilizzati per il funzionamento del sito stesso e per l\u2019esecuzione dei servizi o delle transazioni richieste o autorizzate dall\u2019utente.<br data-start=\"3246\" data-end=\"3249\" \/>A tal fine, possiamo utilizzare i dati personali per offrire servizi pi\u00f9 efficienti o per migliorare il sito, evitando la necessit\u00e0 di inserire pi\u00f9 volte le stesse informazioni.<\/p><p data-start=\"3428\" data-end=\"4118\">Potremmo utilizzare i tuoi dati personali per fornirti informazioni importanti sui servizi che utilizzi, incluse notifiche e aggiornamenti rilevanti.<br data-start=\"3577\" data-end=\"3580\" \/>Inoltre, potremmo inviare informazioni su altri servizi, previo tuo consenso.<br data-start=\"3657\" data-end=\"3660\" \/>Se l\u2019utente si iscrive o acconsente a ricevere e-mail promozionali, il sito pu\u00f2 utilizzare link personalizzati o tecnologie simili per monitorare i collegamenti selezionati nei messaggi.<br data-start=\"3846\" data-end=\"3849\" \/>In questo modo possiamo collegare le informazioni raccolte ai dati personali dell\u2019utente, per offrire una comunicazione pi\u00f9 personalizzata o informazioni sugli acquisti.<br data-start=\"4018\" data-end=\"4021\" \/>Ogni e-mail inviata contiene un link che consente di annullare l\u2019iscrizione a tali comunicazioni.<\/p><hr data-start=\"4120\" data-end=\"4123\" \/><h3 data-start=\"4125\" data-end=\"4173\"><strong data-start=\"4129\" data-end=\"4173\">Controllo e sicurezza dei dati personali<\/strong><\/h3><p data-start=\"4175\" data-end=\"4493\">Il sito web pu\u00f2 inviare periodicamente messaggi e-mail per informare gli utenti su problemi tecnici o di sicurezza relativi ai servizi\/prodotti richiesti o per confermare un servizio.<br data-start=\"4358\" data-end=\"4361\" \/>Per alcuni servizi, la comunicazione con l\u2019utente costituisce una parte essenziale del servizio stesso e non pu\u00f2 essere disattivata.<\/p><p data-start=\"4495\" data-end=\"4955\">I dati personali scambiati tra te e noi attraverso il nostro sito web vengono trasmessi tramite connessioni sicure di ultima generazione.<br data-start=\"4632\" data-end=\"4635\" \/>Tutti i sistemi informatici utilizzati sono protetti contro accessi non autorizzati e i dipendenti sono tenuti a mantenere la riservatezza dei dati.<br data-start=\"4783\" data-end=\"4786\" \/>Tuttavia, <strong data-start=\"4796\" data-end=\"4814\">IML net d.o.o.<\/strong> non ha alcun controllo sulla trasmissione dei dati via Internet e, pertanto, non pu\u00f2 escludere un possibile uso improprio da parte di terzi.<\/p><p data-start=\"4957\" data-end=\"5342\">I dati trasmessi vengono conservati per ulteriori elaborazioni.<br data-start=\"5020\" data-end=\"5023\" \/>Il sito pu\u00f2 raccogliere alcune informazioni sulla visita dell\u2019utente, come il nome del provider di servizi Internet, l\u2019indirizzo IP, la data e l\u2019ora di accesso e l\u2019indirizzo del sito web di provenienza.<br data-start=\"5225\" data-end=\"5228\" \/>Questi dati vengono utilizzati per migliorare e gestire il sito web, nonch\u00e9 per analizzare tendenze e statistiche.<\/p><hr data-start=\"5344\" data-end=\"5347\" \/><h3 data-start=\"5349\" data-end=\"5401\"><strong data-start=\"5353\" data-end=\"5401\">Aggiornamento dell\u2019informativa sulla privacy<\/strong><\/h3><p data-start=\"5403\" data-end=\"5966\">Ci riserviamo il diritto di aggiornare periodicamente la presente informativa sulla privacy.<br data-start=\"5495\" data-end=\"5498\" \/>Quando ci\u00f2 avviene, la data dell\u2019ultima modifica indicata in fondo alla pagina viene aggiornata.<br data-start=\"5594\" data-end=\"5597\" \/>Informeremo gli utenti delle modifiche significative pubblicando un avviso ben visibile sul sito web.<br data-start=\"5698\" data-end=\"5701\" \/>Raccomandiamo agli utenti di consultare regolarmente questa informativa per rimanere informati su come proteggiamo i dati personali raccolti.<br data-start=\"5842\" data-end=\"5845\" \/>L\u2019uso continuato di questo sito web implica l\u2019accettazione della presente informativa e dei suoi eventuali aggiornamenti.<\/p>\t\t\t\t\t\t\t\t<\/div>\n\t\t\t\t\t<\/div>\n\t\t\t\t<\/div>\n\t\t\t\t<\/div>\n\t\t","protected":false},"excerpt":{"rendered":"<p>Informativa sulla privacy IML net d.o.o. si impegna a proteggere i dati personali dei propri clienti, raccogliendo solo le informazioni [&hellip;]<\/p>\n","protected":false},"author":1,"featured_media":0,"parent":0,"menu_order":0,"comment_status":"closed","ping_status":"closed","template":"","meta":{"site-sidebar-layout":"no-sidebar","site-content-layout":"","ast-site-content-layout":"full-width-container","site-content-style":"default","site-sidebar-style":"default","ast-global-header-display":"","ast-banner-title-visibility":"","ast-main-header-display":"","ast-hfb-above-header-display":"","ast-hfb-below-header-display":"","ast-hfb-mobile-header-display":"","site-post-title":"disabled","ast-breadcrumbs-content":"","ast-featured-img":"disabled","footer-sml-layout":"","ast-disable-related-posts":"","theme-transparent-header-meta":"default","adv-header-id-meta":"","stick-header-meta":"default","header-above-stick-meta":"","header-main-stick-meta":"","header-below-stick-meta":"","astra-migrate-meta-layouts":"set","ast-page-background-enabled":"default","ast-page-background-meta":{"desktop":{"background-color":"var(--ast-global-color-5)","background-image":"","background-repeat":"repeat","background-position":"center center","background-size":"auto","background-attachment":"scroll","background-type":"","background-media":"","overlay-type":"","overlay-color":"","overlay-opacity":"","overlay-gradient":""},"tablet":{"background-color":"","background-image":"","background-repeat":"repeat","background-position":"center center","background-size":"auto","background-attachment":"scroll","background-type":"","background-media":"","overlay-type":"","overlay-color":"","overlay-opacity":"","overlay-gradient":""},"mobile":{"background-color":"","background-image":"","background-repeat":"repeat","background-position":"center center","background-size":"auto","background-attachment":"scroll","background-type":"","background-media":"","overlay-type":"","overlay-color":"","overlay-opacity":"","overlay-gradient":""}},"ast-content-background-meta":{"desktop":{"background-color":"var(--ast-global-color-4)","background-image":"","background-repeat":"repeat","background-position":"center center","background-size":"auto","background-attachment":"scroll","background-type":"","background-media":"","overlay-type":"","overlay-color":"","overlay-opacity":"","overlay-gradient":""},"tablet":{"background-color":"var(--ast-global-color-4)","background-image":"","background-repeat":"repeat","background-position":"center center","background-size":"auto","background-attachment":"scroll","background-type":"","background-media":"","overlay-type":"","overlay-color":"","overlay-opacity":"","overlay-gradient":""},"mobile":{"background-color":"var(--ast-global-color-4)","background-image":"","background-repeat":"repeat","background-position":"center center","background-size":"auto","background-attachment":"scroll","background-type":"","background-media":"","overlay-type":"","overlay-color":"","overlay-opacity":"","overlay-gradient":""}},"footnotes":""},"class_list":["post-1754","page","type-page","status-publish","hentry"],"yoast_head":"<!-- This site is optimized with the Yoast SEO plugin v27.3 - https:\/\/yoast.com\/product\/yoast-seo-wordpress\/ -->\n<title>Informativa sulla privacy - IML net d.o.o.<\/title>\n<meta name=\"robots\" content=\"index, follow, max-snippet:-1, max-image-preview:large, max-video-preview:-1\" \/>\n<link rel=\"canonical\" href=\"https:\/\/iml.solutions\/it\/informativa-sulla-privacy-2\/\" \/>\n<meta property=\"og:locale\" content=\"it_IT\" \/>\n<meta property=\"og:type\" content=\"article\" \/>\n<meta property=\"og:title\" content=\"Informativa sulla privacy - IML net d.o.o.\" \/>\n<meta property=\"og:description\" content=\"Informativa sulla privacy IML net d.o.o. si impegna a proteggere i dati personali dei propri clienti, raccogliendo solo le informazioni [&hellip;]\" \/>\n<meta property=\"og:url\" content=\"https:\/\/iml.solutions\/it\/informativa-sulla-privacy-2\/\" \/>\n<meta property=\"og:site_name\" content=\"IML net d.o.o.\" \/>\n<meta property=\"article:modified_time\" content=\"2025-10-22T16:45:18+00:00\" \/>\n<script type=\"application\/ld+json\" class=\"yoast-schema-graph\">{\"@context\":\"https:\\\/\\\/schema.org\",\"@graph\":[{\"@type\":\"WebPage\",\"@id\":\"https:\\\/\\\/iml.solutions\\\/it\\\/informativa-sulla-privacy-2\\\/\",\"url\":\"https:\\\/\\\/iml.solutions\\\/it\\\/informativa-sulla-privacy-2\\\/\",\"name\":\"Informativa sulla privacy - IML net d.o.o.\",\"isPartOf\":{\"@id\":\"https:\\\/\\\/iml.solutions\\\/it\\\/#website\"},\"datePublished\":\"2025-10-22T16:45:17+00:00\",\"dateModified\":\"2025-10-22T16:45:18+00:00\",\"breadcrumb\":{\"@id\":\"https:\\\/\\\/iml.solutions\\\/it\\\/informativa-sulla-privacy-2\\\/#breadcrumb\"},\"inLanguage\":\"it-IT\",\"potentialAction\":[{\"@type\":\"ReadAction\",\"target\":[\"https:\\\/\\\/iml.solutions\\\/it\\\/informativa-sulla-privacy-2\\\/\"]}]},{\"@type\":\"BreadcrumbList\",\"@id\":\"https:\\\/\\\/iml.solutions\\\/it\\\/informativa-sulla-privacy-2\\\/#breadcrumb\",\"itemListElement\":[{\"@type\":\"ListItem\",\"position\":1,\"name\":\"Home\",\"item\":\"https:\\\/\\\/iml.solutions\\\/it\\\/\"},{\"@type\":\"ListItem\",\"position\":2,\"name\":\"Informativa sulla privacy\"}]},{\"@type\":\"WebSite\",\"@id\":\"https:\\\/\\\/iml.solutions\\\/it\\\/#website\",\"url\":\"https:\\\/\\\/iml.solutions\\\/it\\\/\",\"name\":\"https:\\\/\\\/iml.solutions\\\/\",\"description\":\"\",\"publisher\":{\"@id\":\"https:\\\/\\\/iml.solutions\\\/it\\\/#organization\"},\"potentialAction\":[{\"@type\":\"SearchAction\",\"target\":{\"@type\":\"EntryPoint\",\"urlTemplate\":\"https:\\\/\\\/iml.solutions\\\/it\\\/?s={search_term_string}\"},\"query-input\":{\"@type\":\"PropertyValueSpecification\",\"valueRequired\":true,\"valueName\":\"search_term_string\"}}],\"inLanguage\":\"it-IT\"},{\"@type\":\"Organization\",\"@id\":\"https:\\\/\\\/iml.solutions\\\/it\\\/#organization\",\"name\":\"IML net d.o.o.\",\"alternateName\":\"IML solutions\",\"url\":\"https:\\\/\\\/iml.solutions\\\/it\\\/\",\"logo\":{\"@type\":\"ImageObject\",\"inLanguage\":\"it-IT\",\"@id\":\"https:\\\/\\\/iml.solutions\\\/it\\\/#\\\/schema\\\/logo\\\/image\\\/\",\"url\":\"https:\\\/\\\/iml.solutions\\\/wp-content\\\/uploads\\\/2025\\\/09\\\/Logo-iml.png\",\"contentUrl\":\"https:\\\/\\\/iml.solutions\\\/wp-content\\\/uploads\\\/2025\\\/09\\\/Logo-iml.png\",\"width\":1435,\"height\":408,\"caption\":\"IML net d.o.o.\"},\"image\":{\"@id\":\"https:\\\/\\\/iml.solutions\\\/it\\\/#\\\/schema\\\/logo\\\/image\\\/\"}}]}<\/script>\n<!-- \/ Yoast SEO plugin. -->","yoast_head_json":{"title":"Informativa sulla privacy - IML net d.o.o.","robots":{"index":"index","follow":"follow","max-snippet":"max-snippet:-1","max-image-preview":"max-image-preview:large","max-video-preview":"max-video-preview:-1"},"canonical":"https:\/\/iml.solutions\/it\/informativa-sulla-privacy-2\/","og_locale":"it_IT","og_type":"article","og_title":"Informativa sulla privacy - IML net d.o.o.","og_description":"Informativa sulla privacy IML net d.o.o. si impegna a proteggere i dati personali dei propri clienti, raccogliendo solo le informazioni [&hellip;]","og_url":"https:\/\/iml.solutions\/it\/informativa-sulla-privacy-2\/","og_site_name":"IML net d.o.o.","article_modified_time":"2025-10-22T16:45:18+00:00","schema":{"@context":"https:\/\/schema.org","@graph":[{"@type":"WebPage","@id":"https:\/\/iml.solutions\/it\/informativa-sulla-privacy-2\/","url":"https:\/\/iml.solutions\/it\/informativa-sulla-privacy-2\/","name":"Informativa sulla privacy - IML net d.o.o.","isPartOf":{"@id":"https:\/\/iml.solutions\/it\/#website"},"datePublished":"2025-10-22T16:45:17+00:00","dateModified":"2025-10-22T16:45:18+00:00","breadcrumb":{"@id":"https:\/\/iml.solutions\/it\/informativa-sulla-privacy-2\/#breadcrumb"},"inLanguage":"it-IT","potentialAction":[{"@type":"ReadAction","target":["https:\/\/iml.solutions\/it\/informativa-sulla-privacy-2\/"]}]},{"@type":"BreadcrumbList","@id":"https:\/\/iml.solutions\/it\/informativa-sulla-privacy-2\/#breadcrumb","itemListElement":[{"@type":"ListItem","position":1,"name":"Home","item":"https:\/\/iml.solutions\/it\/"},{"@type":"ListItem","position":2,"name":"Informativa sulla privacy"}]},{"@type":"WebSite","@id":"https:\/\/iml.solutions\/it\/#website","url":"https:\/\/iml.solutions\/it\/","name":"https:\/\/iml.solutions\/","description":"","publisher":{"@id":"https:\/\/iml.solutions\/it\/#organization"},"potentialAction":[{"@type":"SearchAction","target":{"@type":"EntryPoint","urlTemplate":"https:\/\/iml.solutions\/it\/?s={search_term_string}"},"query-input":{"@type":"PropertyValueSpecification","valueRequired":true,"valueName":"search_term_string"}}],"inLanguage":"it-IT"},{"@type":"Organization","@id":"https:\/\/iml.solutions\/it\/#organization","name":"IML net d.o.o.","alternateName":"IML solutions","url":"https:\/\/iml.solutions\/it\/","logo":{"@type":"ImageObject","inLanguage":"it-IT","@id":"https:\/\/iml.solutions\/it\/#\/schema\/logo\/image\/","url":"https:\/\/iml.solutions\/wp-content\/uploads\/2025\/09\/Logo-iml.png","contentUrl":"https:\/\/iml.solutions\/wp-content\/uploads\/2025\/09\/Logo-iml.png","width":1435,"height":408,"caption":"IML net d.o.o."},"image":{"@id":"https:\/\/iml.solutions\/it\/#\/schema\/logo\/image\/"}}]}},"_links":{"self":[{"href":"https:\/\/iml.solutions\/it\/wp-json\/wp\/v2\/pages\/1754","targetHints":{"allow":["GET"]}}],"collection":[{"href":"https:\/\/iml.solutions\/it\/wp-json\/wp\/v2\/pages"}],"about":[{"href":"https:\/\/iml.solutions\/it\/wp-json\/wp\/v2\/types\/page"}],"author":[{"embeddable":true,"href":"https:\/\/iml.solutions\/it\/wp-json\/wp\/v2\/users\/1"}],"replies":[{"embeddable":true,"href":"https:\/\/iml.solutions\/it\/wp-json\/wp\/v2\/comments?post=1754"}],"version-history":[{"count":1,"href":"https:\/\/iml.solutions\/it\/wp-json\/wp\/v2\/pages\/1754\/revisions"}],"predecessor-version":[{"id":1758,"href":"https:\/\/iml.solutions\/it\/wp-json\/wp\/v2\/pages\/1754\/revisions\/1758"}],"wp:attachment":[{"href":"https:\/\/iml.solutions\/it\/wp-json\/wp\/v2\/media?parent=1754"}],"curies":[{"name":"wp","href":"https:\/\/api.w.org\/{rel}","templated":true}]}}